{"id":1005,"date":"2021-01-04T13:49:16","date_gmt":"2021-01-04T12:49:16","guid":{"rendered":"http:\/\/lyceejeanbart.fr\/?page_id=1005"},"modified":"2023-05-22T16:49:05","modified_gmt":"2023-05-22T14:49:05","slug":"pyschologue-en","status":"publish","type":"page","link":"https:\/\/www.lyceejeanbart.fr\/index.php\/pyschologue-en\/","title":{"rendered":"Psychologue de l&rsquo;\u00e9ducation nationale"},"content":{"rendered":"<div class=\"texte surlignable clearfix\">\n<p>Mme Nathalie Vandenbussche et Mme Elisabeth Pilard, Psychologues EN, se tiennent \u00e0 la disposition des \u00e9l\u00e8ves du Lyc\u00e9e Jean Bart et de leurs familles pour tout ce qui concerne les choix d\u2019\u00e9tudes et de carri\u00e8res, et l\u2019aide \u00e0 l\u2019\u00e9laboration des projets scolaires et professionnels.<\/p>\n<table style=\"border-collapse: collapse; width: 100%;\">\n<tbody>\n<tr>\n<td style=\"text-align: center; vertical-align: middle; width: 10%;\"><\/td>\n<td style=\"text-align: center; vertical-align: middle; width: 35%;\">\n<h2>Mme Vandenbussche<\/h2>\n<\/td>\n<td style=\"text-align: center; vertical-align: middle; width: 10%;\"><\/td>\n<td style=\"text-align: center; vertical-align: middle; width: 17%;\" colspan=\"2\">\n<h2>Mme Pilard<\/h2>\n<\/td>\n<td style=\"text-align: center; vertical-align: middle; width: 5%;\"><\/td>\n<\/tr>\n<tr>\n<td style=\"text-align: center; vertical-align: middle; width: 10%;\"><\/td>\n<td style=\"width: 35%; background-color: #000000; text-align: center; vertical-align: middle;\"><strong><span style=\"color: #ffffff;\">Lundi<\/span><\/strong><\/td>\n<td style=\"text-align: center; vertical-align: middle; width: 10%;\"><\/td>\n<td style=\"text-align: center; vertical-align: middle; width: 17%; background-color: #000000;\"><strong><span style=\"color: #ffffff;\">Mardi<\/span><\/strong><\/td>\n<td style=\"text-align: center; vertical-align: middle; width: 17%; background-color: #000000;\"><strong><span style=\"color: #ffffff;\">Jeudi<\/span><\/strong><\/td>\n<td style=\"text-align: center; vertical-align: middle; width: 5%;\"><\/td>\n<\/tr>\n<tr>\n<td style=\"text-align: center; vertical-align: middle; width: 10%;\"><\/td>\n<td style=\"width: 35%; background-color: #abb8d9; text-align: center; vertical-align: middle;\"><strong>9h \u00e0 12h &#8211; 13h \u00e0 18h<\/strong><\/td>\n<td style=\"text-align: center; vertical-align: middle; width: 10%;\"><\/td>\n<td style=\"text-align: center; vertical-align: middle; width: 17%; background-color: #abb8d9;\"><strong>14h \u00e0 18h<\/strong><\/td>\n<td style=\"text-align: center; vertical-align: middle; width: 17%; background-color: #abb8d9;\"><strong>14h \u00e0 18h<\/strong><\/td>\n<td style=\"text-align: center; vertical-align: middle; width: 5%;\"><\/td>\n<\/tr>\n<\/tbody>\n<\/table>\n<p style=\"text-align: center;\" align=\"left\"><strong><span style=\"text-decoration: underline;\">Lieu\u00a0:<\/span><\/strong> Bureau \u00e0 c\u00f4t\u00e9 de la salle A 110<\/p>\n<p style=\"text-align: center;\" align=\"left\"><strong><span style=\"text-decoration: underline;\">Dur\u00e9e d\u2019un entretien\u00a0:<\/span><\/strong> 45 minutes (1 \u00e9l\u00e8ve \u00e0 la fois)<\/p>\n<p style=\"text-align: center;\" align=\"left\">Les rendez-vous se prennent au bureau des surveillants.<\/p>\n<p style=\"text-align: center;\" align=\"justify\">Les rendez-vous doivent \u00eatre pris de pr\u00e9f\u00e9rence en dehors des heures de cours\u00a0; les parents sont les bienvenus lors des entretiens.<\/p>\n<\/div>\n<p>&nbsp;<\/p>\n<div class=\"texte surlignable clearfix\">\n<p align=\"justify\">Les conseill\u00e8res d\u2019orientation assurent \u00e9galement des permanences au CIO (Centre d\u2019Information d\u2019orientation)\u00a0:<\/p>\n<\/div>\n<h3 style=\"text-align: center;\"><span style=\"color: #ff6600;\"><strong>CENTRE D\u2019INFORMATION et D\u2019ORIENTATION<\/strong><\/span><\/h3>\n<h3 style=\"text-align: center;\"><span style=\"color: #ff6600;\"><strong>DE <\/strong><\/span><span style=\"color: #ff6600;\"><strong>DUNKERQUE &#8211; SAINT POL\/MER<\/strong><\/span><\/h3>\n<h3 style=\"text-align: center;\"><span style=\"color: #ff6600;\"><strong>BOULEVARD DE L\u2019AURORE<\/strong><\/span><\/h3>\n<h3 style=\"text-align: center;\"><span style=\"color: #ff6600;\"><strong>59430 SAINT POL\/MER<\/strong><\/span><\/h3>\n<h3 style=\"text-align: center;\"><span style=\"color: #ff6600;\"><strong>(A proximit\u00e9 du centre commercial)<\/strong><\/span><\/h3>\n<h3 style=\"text-align: center;\"><span style=\"color: #ff6600;\"><strong>Tel : 03 28 60 27 30<\/strong><\/span><\/h3>\n<table style=\"border-collapse: collapse; width: 100%;\">\n<tbody>\n<tr>\n<td style=\"text-align: center; vertical-align: middle; width: 10%;\"><\/td>\n<td style=\"text-align: center; vertical-align: middle; width: 35%;\">\n<h2>Mme Vandenbussche<\/h2>\n<\/td>\n<td style=\"text-align: center; vertical-align: middle; width: 10%;\"><\/td>\n<td style=\"text-align: center; vertical-align: middle; width: 17%;\" colspan=\"2\">\n<h2>Mme Pilard<\/h2>\n<\/td>\n<td style=\"text-align: center; vertical-align: middle; width: 5%;\"><\/td>\n<\/tr>\n<tr>\n<td style=\"text-align: center; vertical-align: middle; width: 10%;\"><\/td>\n<td style=\"width: 35%; background-color: #000000; text-align: center; vertical-align: middle;\"><strong><span style=\"color: #ffffff;\">Mercredi<\/span><\/strong><\/td>\n<td style=\"text-align: center; vertical-align: middle; width: 10%;\"><\/td>\n<td style=\"text-align: center; vertical-align: middle; width: 17%; background-color: #000000;\"><strong><span style=\"color: #ffffff;\">Mardi<\/span><\/strong><\/td>\n<td style=\"text-align: center; vertical-align: middle; width: 17%; background-color: #000000;\"><strong><span style=\"color: #ffffff;\">Vendredi<\/span><\/strong><\/td>\n<td style=\"text-align: center; vertical-align: middle; width: 5%;\"><\/td>\n<\/tr>\n<tr>\n<td style=\"text-align: center; vertical-align: middle; width: 10%;\"><\/td>\n<td style=\"width: 35%; background-color: #abb8d9; text-align: center; vertical-align: middle;\"><strong>9h \u00e0 12h &#8211; 13h30 \u00e0 17h30<\/strong><\/td>\n<td style=\"text-align: center; vertical-align: middle; width: 10%;\"><\/td>\n<td style=\"text-align: center; vertical-align: middle; width: 17%; background-color: #abb8d9;\"><strong>9h \u00e0 12h<\/strong><\/td>\n<td style=\"text-align: center; vertical-align: middle; width: 17%; background-color: #abb8d9;\"><strong>13h30 \u00e0 17h30<\/strong><\/td>\n<td style=\"text-align: center; vertical-align: middle; width: 5%;\"><\/td>\n<\/tr>\n<\/tbody>\n<\/table>\n<div id=\"documents_joints\" class=\"menu\">\n<h2>Documents joints<\/h2>\n<p><span style=\"color: #0000ff;\"><a style=\"color: #0000ff;\" href=\"http:\/\/www.lyceejeanbart.fr\/wp-content\/uploads\/2021\/01\/Role-des-Psychologue-de-leducation-nationale.pdf\" target=\"_blank\" rel=\"noopener\" download=\"Role_des_Psychologue_EN\">Roles des psychologues EN<\/a><\/span><\/p>\n<\/div>\n","protected":false},"excerpt":{"rendered":"<p>Mme Nathalie Vandenbussche et Mme Elisabeth Pilard, Psychologues EN, se tiennent \u00e0 la disposition des \u00e9l\u00e8ves du Lyc\u00e9e Jean Bart et de leurs familles pour tout ce qui concerne les choix d\u2019\u00e9tudes et de carri\u00e8res, et l\u2019aide \u00e0 l\u2019\u00e9laboration des projets scolaires et professionnels. Mme Vandenbussche Mme Pilard Lundi Mardi Jeudi 9h \u00e0 12h &#8211; [&hellip;]<\/p>\n","protected":false},"author":11,"featured_media":0,"parent":0,"menu_order":0,"comment_status":"closed","ping_status":"closed","template":"","meta":{"ocean_post_layout":"","ocean_both_sidebars_style":"","ocean_both_sidebars_content_width":0,"ocean_both_sidebars_sidebars_width":0,"ocean_sidebar":"0","ocean_second_sidebar":"0","ocean_disable_margins":"enable","ocean_add_body_class":"","ocean_shortcode_before_top_bar":"","ocean_shortcode_after_top_bar":"","ocean_shortcode_before_header":"","ocean_shortcode_after_header":"","ocean_has_shortcode":"","ocean_shortcode_after_title":"","ocean_shortcode_before_footer_widgets":"","ocean_shortcode_after_footer_widgets":"","ocean_shortcode_before_footer_bottom":"","ocean_shortcode_after_footer_bottom":"","ocean_display_top_bar":"default","ocean_display_header":"default","ocean_header_style":"","ocean_center_header_left_menu":"0","ocean_custom_header_template":"0","ocean_custom_logo":0,"ocean_custom_retina_logo":0,"ocean_custom_logo_max_width":0,"ocean_custom_logo_tablet_max_width":0,"ocean_custom_logo_mobile_max_width":0,"ocean_custom_logo_max_height":0,"ocean_custom_logo_tablet_max_height":0,"ocean_custom_logo_mobile_max_height":0,"ocean_header_custom_menu":"0","ocean_menu_typo_font_family":"0","ocean_menu_typo_font_subset":"","ocean_menu_typo_font_size":0,"ocean_menu_typo_font_size_tablet":0,"ocean_menu_typo_font_size_mobile":0,"ocean_menu_typo_font_size_unit":"px","ocean_menu_typo_font_weight":"","ocean_menu_typo_font_weight_tablet":"","ocean_menu_typo_font_weight_mobile":"","ocean_menu_typo_transform":"","ocean_menu_typo_transform_tablet":"","ocean_menu_typo_transform_mobile":"","ocean_menu_typo_line_height":0,"ocean_menu_typo_line_height_tablet":0,"ocean_menu_typo_line_height_mobile":0,"ocean_menu_typo_line_height_unit":"","ocean_menu_typo_spacing":0,"ocean_menu_typo_spacing_tablet":0,"ocean_menu_typo_spacing_mobile":0,"ocean_menu_typo_spacing_unit":"","ocean_menu_link_color":"","ocean_menu_link_color_hover":"","ocean_menu_link_color_active":"","ocean_menu_link_background":"","ocean_menu_link_hover_background":"","ocean_menu_link_active_background":"","ocean_menu_social_links_bg":"","ocean_menu_social_hover_links_bg":"","ocean_menu_social_links_color":"","ocean_menu_social_hover_links_color":"","ocean_disable_title":"default","ocean_disable_heading":"default","ocean_post_title":"","ocean_post_subheading":"","ocean_post_title_style":"","ocean_post_title_background_color":"","ocean_post_title_background":0,"ocean_post_title_bg_image_position":"","ocean_post_title_bg_image_attachment":"","ocean_post_title_bg_image_repeat":"","ocean_post_title_bg_image_size":"","ocean_post_title_height":0,"ocean_post_title_bg_overlay":0.5,"ocean_post_title_bg_overlay_color":"","ocean_disable_breadcrumbs":"default","ocean_breadcrumbs_color":"","ocean_breadcrumbs_separator_color":"","ocean_breadcrumbs_links_color":"","ocean_breadcrumbs_links_hover_color":"","ocean_display_footer_widgets":"default","ocean_display_footer_bottom":"default","ocean_custom_footer_template":"0","footnotes":""},"_links":{"self":[{"href":"https:\/\/www.lyceejeanbart.fr\/index.php\/wp-json\/wp\/v2\/pages\/1005"}],"collection":[{"href":"https:\/\/www.lyceejeanbart.fr\/index.php\/wp-json\/wp\/v2\/pages"}],"about":[{"href":"https:\/\/www.lyceejeanbart.fr\/index.php\/wp-json\/wp\/v2\/types\/page"}],"author":[{"embeddable":true,"href":"https:\/\/www.lyceejeanbart.fr\/index.php\/wp-json\/wp\/v2\/users\/11"}],"replies":[{"embeddable":true,"href":"https:\/\/www.lyceejeanbart.fr\/index.php\/wp-json\/wp\/v2\/comments?post=1005"}],"version-history":[{"count":33,"href":"https:\/\/www.lyceejeanbart.fr\/index.php\/wp-json\/wp\/v2\/pages\/1005\/revisions"}],"predecessor-version":[{"id":6267,"href":"https:\/\/www.lyceejeanbart.fr\/index.php\/wp-json\/wp\/v2\/pages\/1005\/revisions\/6267"}],"wp:attachment":[{"href":"https:\/\/www.lyceejeanbart.fr\/index.php\/wp-json\/wp\/v2\/media?parent=1005"}],"curies":[{"name":"wp","href":"https:\/\/api.w.org\/{rel}","templated":true}]}}