{"id":1023,"date":"2021-01-18T09:36:05","date_gmt":"2021-01-18T08:36:05","guid":{"rendered":"http:\/\/lyceejeanbart.fr\/?page_id=1023"},"modified":"2022-01-06T09:57:12","modified_gmt":"2022-01-06T08:57:12","slug":"prix-litteraire","status":"publish","type":"page","link":"https:\/\/www.lyceejeanbart.fr\/index.php\/prix-litteraire\/","title":{"rendered":"Prix litt\u00e9raire"},"content":{"rendered":"<div class=\"surlignable\">\n<p class=\"entry-title\"><span style=\"font-size: 16px;\">Nous sommes des \u00e9l\u00e8ves de Premi\u00e8re et de Terminale et, avec deux de nos enseignants (professeur de fran\u00e7ais et professeur documentaliste), nous avons d\u00e9cid\u00e9 cette ann\u00e9e de nous lancer dans la cr\u00e9ation d\u2019un Prix litt\u00e9raire. Le but \u00e9tant de partager notre go\u00fbt pour la lecture et en particulier les polars. Ce Prix, nous le construisons \u00e9tape par \u00e9tape : le choix du nom, le logo, la s\u00e9lection des livres, la communication ainsi que la publicit\u00e9, etc. Nous avons choisi d\u2019appeler notre Prix : \u00ab Crime de l\u2019Ann\u00e9e \u00bb car il correspond bien aux crit\u00e8res \u00e0 remplir par un livre pour \u00eatre s\u00e9lectionn\u00e9, c\u2019est-\u00e0-dire \u00eatre un roman policier, d\u2019un auteur francophone et paru en poche dans l\u2019ann\u00e9e courante.<\/span><\/p>\n<\/div>\n<div class=\"texte surlignable clearfix\">\n<p>N\u2019h\u00e9sitez pas \u00e0 nous suivre sur notre compte Instagram (\u00ab\u00a0prix_crime.de.l.annee\u00a0\u00bb) pour d\u00e9couvrir notre projet et voir les cr\u00e9ations que nous r\u00e9alisons autour de chaque livre de notre s\u00e9lection !<\/p>\n<p>L\u2019\u00e9quipe du Prix \u00ab\u00a0Crime de l\u2019ann\u00e9e\u00a0\u00bb\u00a0!<\/p>\n<p>&nbsp;<\/p>\n<p><strong>Palmar\u00e8s<\/strong><\/p>\n<ul>\n<li>2021 : J\u00e9r\u00f4me LOUBRY pour <em>Les refuges<\/em><\/li>\n<\/ul>\n<p>&nbsp;<\/p>\n<p><a href=\"https:\/\/www.instagram.com\/prix_crime.de.l.annee\/\"><img decoding=\"async\" class=\"alignleft wp-image-1084\" src=\"http:\/\/lyceejeanbart.fr\/wp-content\/uploads\/2021\/01\/instagram-4748001__340-261x300.png\" alt=\"\" width=\"50\" height=\"57\" \/><\/a><span style=\"color: #0000ff;\"><a class=\"spip_url spip_out\" style=\"color: #0000ff;\" href=\"https:\/\/www.instagram.com\/prix_crime.de.l.annee\/\" target=\"_blank\" rel=\"external noopener\">instagram<\/a><\/span><\/p>\n<\/div>\n<p>&nbsp;<\/p>\n","protected":false},"excerpt":{"rendered":"<p>Nous sommes des \u00e9l\u00e8ves de Premi\u00e8re et de Terminale et, avec deux de nos enseignants (professeur de fran\u00e7ais et professeur documentaliste), nous avons d\u00e9cid\u00e9 cette ann\u00e9e de nous lancer dans la cr\u00e9ation d\u2019un Prix litt\u00e9raire. Le but \u00e9tant de partager notre go\u00fbt pour la lecture et en particulier les polars. Ce Prix, nous le construisons [&hellip;]<\/p>\n","protected":false},"author":11,"featured_media":0,"parent":0,"menu_order":0,"comment_status":"closed","ping_status":"closed","template":"","meta":{"ocean_post_layout":"","ocean_both_sidebars_style":"","ocean_both_sidebars_content_width":0,"ocean_both_sidebars_sidebars_width":0,"ocean_sidebar":"0","ocean_second_sidebar":"0","ocean_disable_margins":"enable","ocean_add_body_class":"","ocean_shortcode_before_top_bar":"","ocean_shortcode_after_top_bar":"","ocean_shortcode_before_header":"","ocean_shortcode_after_header":"","ocean_has_shortcode":"","ocean_shortcode_after_title":"","ocean_shortcode_before_footer_widgets":"","ocean_shortcode_after_footer_widgets":"","ocean_shortcode_before_footer_bottom":"","ocean_shortcode_after_footer_bottom":"","ocean_display_top_bar":"default","ocean_display_header":"default","ocean_header_style":"","ocean_center_header_left_menu":"0","ocean_custom_header_template":"0","ocean_custom_logo":0,"ocean_custom_retina_logo":0,"ocean_custom_logo_max_width":0,"ocean_custom_logo_tablet_max_width":0,"ocean_custom_logo_mobile_max_width":0,"ocean_custom_logo_max_height":0,"ocean_custom_logo_tablet_max_height":0,"ocean_custom_logo_mobile_max_height":0,"ocean_header_custom_menu":"0","ocean_menu_typo_font_family":"0","ocean_menu_typo_font_subset":"","ocean_menu_typo_font_size":0,"ocean_menu_typo_font_size_tablet":0,"ocean_menu_typo_font_size_mobile":0,"ocean_menu_typo_font_size_unit":"px","ocean_menu_typo_font_weight":"","ocean_menu_typo_font_weight_tablet":"","ocean_menu_typo_font_weight_mobile":"","ocean_menu_typo_transform":"","ocean_menu_typo_transform_tablet":"","ocean_menu_typo_transform_mobile":"","ocean_menu_typo_line_height":0,"ocean_menu_typo_line_height_tablet":0,"ocean_menu_typo_line_height_mobile":0,"ocean_menu_typo_line_height_unit":"","ocean_menu_typo_spacing":0,"ocean_menu_typo_spacing_tablet":0,"ocean_menu_typo_spacing_mobile":0,"ocean_menu_typo_spacing_unit":"","ocean_menu_link_color":"","ocean_menu_link_color_hover":"","ocean_menu_link_color_active":"","ocean_menu_link_background":"","ocean_menu_link_hover_background":"","ocean_menu_link_active_background":"","ocean_menu_social_links_bg":"","ocean_menu_social_hover_links_bg":"","ocean_menu_social_links_color":"","ocean_menu_social_hover_links_color":"","ocean_disable_title":"default","ocean_disable_heading":"default","ocean_post_title":"","ocean_post_subheading":"","ocean_post_title_style":"","ocean_post_title_background_color":"","ocean_post_title_background":0,"ocean_post_title_bg_image_position":"","ocean_post_title_bg_image_attachment":"","ocean_post_title_bg_image_repeat":"","ocean_post_title_bg_image_size":"","ocean_post_title_height":0,"ocean_post_title_bg_overlay":0.5,"ocean_post_title_bg_overlay_color":"","ocean_disable_breadcrumbs":"default","ocean_breadcrumbs_color":"","ocean_breadcrumbs_separator_color":"","ocean_breadcrumbs_links_color":"","ocean_breadcrumbs_links_hover_color":"","ocean_display_footer_widgets":"default","ocean_display_footer_bottom":"default","ocean_custom_footer_template":"0","footnotes":""},"_links":{"self":[{"href":"https:\/\/www.lyceejeanbart.fr\/index.php\/wp-json\/wp\/v2\/pages\/1023"}],"collection":[{"href":"https:\/\/www.lyceejeanbart.fr\/index.php\/wp-json\/wp\/v2\/pages"}],"about":[{"href":"https:\/\/www.lyceejeanbart.fr\/index.php\/wp-json\/wp\/v2\/types\/page"}],"author":[{"embeddable":true,"href":"https:\/\/www.lyceejeanbart.fr\/index.php\/wp-json\/wp\/v2\/users\/11"}],"replies":[{"embeddable":true,"href":"https:\/\/www.lyceejeanbart.fr\/index.php\/wp-json\/wp\/v2\/comments?post=1023"}],"version-history":[{"count":14,"href":"https:\/\/www.lyceejeanbart.fr\/index.php\/wp-json\/wp\/v2\/pages\/1023\/revisions"}],"predecessor-version":[{"id":4144,"href":"https:\/\/www.lyceejeanbart.fr\/index.php\/wp-json\/wp\/v2\/pages\/1023\/revisions\/4144"}],"wp:attachment":[{"href":"https:\/\/www.lyceejeanbart.fr\/index.php\/wp-json\/wp\/v2\/media?parent=1023"}],"curies":[{"name":"wp","href":"https:\/\/api.w.org\/{rel}","templated":true}]}}