{"id":1030,"date":"2021-01-18T10:52:41","date_gmt":"2021-01-18T09:52:41","guid":{"rendered":"http:\/\/lyceejeanbart.fr\/?page_id=1030"},"modified":"2024-09-19T15:00:13","modified_gmt":"2024-09-19T13:00:13","slug":"cloud-du-lycee-jean-bart","status":"publish","type":"page","link":"https:\/\/www.lyceejeanbart.fr\/index.php\/cloud-du-lycee-jean-bart\/","title":{"rendered":"CLOUD du Lyc\u00e9e Jean Bart"},"content":{"rendered":"<h1>CLOUD du Lyc\u00e9e Jean Bart<\/h1>\n<div class=\"texte surlignable clearfix\">\n<p>Le CLOUD du lyc\u00e9e Jean Bart offre \u00e0 chacune et \u00e0 chacun l\u2019acc\u00e8s \u00e0 distance \u00e0 son espace de travail (dans la limite des quotas, pour la capacit\u00e9 disque).<\/p>\n<p>L\u2019acc\u00e8s se fait de deux fa\u00e7ons diff\u00e9rentes, selon qu\u2019on est \u00e0 l\u2019int\u00e9rieur du r\u00e9seau p\u00e9dagogique du lyc\u00e9e, ou ailleurs (depuis chez soi ou depuis un t\u00e9l\u00e9phone)\u00a0:<\/p>\n<ul class=\"spip\">\n<li><strong>Acc\u00e8s depuis l\u2019ext\u00e9rieur\u00a0:<\/strong>\u00a0<span style=\"color: #0000ff;\"><a class=\"spip_out\" style=\"color: #0000ff;\" href=\"http:\/\/kwartz.lyceejeanbart.fr\" target=\"_blank\" rel=\"external noopener\">cliquez ici<\/a><\/span><\/li>\n<li><strong>Acc\u00e8s depuis le r\u00e9seau p\u00e9dagogique interne\u00a0:<\/strong>\u00a0<span style=\"color: #0000ff;\"><a class=\"spip_out\" style=\"color: #0000ff;\" href=\"https:\/\/serveur.lycee.jb:8443\/\" target=\"_blank\" rel=\"external noopener\">cliquez ici<\/a><\/span><\/li>\n<\/ul>\n<h2 class=\"spip\">Il faut s\u2019authentifier pour acc\u00e9der au CLOUD<\/h2>\n<p>Dans les deux cas, l\u2019authentification se fait \u00e0 l\u2019aide de l\u2019accr\u00e9ditation au r\u00e9seau p\u00e9dagogique\u00a0: login = &lt;<tt>prenom.nom<\/tt>&gt;, mot de passe = &lt;<i>celui que vous m\u00e9morisez<\/i>&gt;.<\/p>\n<h2 class=\"spip\">Bug connu<\/h2>\n<p>\u00c0 la date de cr\u00e9ation de cet article, le certificat de s\u00e9curit\u00e9 du site web du cloud est invalide. \u00c7a ne pose pas de probl\u00e8me particulier pour\u00a0<i>votre s\u00e9curit\u00e9<\/i>, mais &#8230;<\/p>\n<p>&#8230; la premi\u00e8re fois, vous devrez\u00a0<strong>autoriser manuellement le certificat<\/strong>\u00a0de s\u00e9curit\u00e9 de ce service Cloud. Voici deux copies d\u2019\u00e9cran qui illustrent comment on accepte le certificat de s\u00e9curit\u00e9, sous Firefox\u00a0:<\/p>\n<h2 class=\"spip\">premi\u00e8re capture d\u2019\u00e9cran<\/h2>\n<p><span class=\"spip_document_2435 spip_documents spip_documents_center\"><img fetchpriority=\"high\" decoding=\"async\" src=\"https:\/\/www.lyceejeanbart.fr\/local\/cache-vignettes\/L500xH162\/sc1-6c5cb.png?1598949246\" alt=\"\" width=\"500\" height=\"162\" \/><\/span><\/p>\n<h2 class=\"spip\">deuxi\u00e8me capture d\u2019\u00e9cran<\/h2>\n<p><span class=\"spip_document_2436 spip_documents spip_documents_center\"><img decoding=\"async\" src=\"https:\/\/www.lyceejeanbart.fr\/local\/cache-vignettes\/L500xH226\/sc2-f69e3.png?1598949246\" alt=\"\" width=\"500\" height=\"226\" \/><\/span><\/p>\n<\/div>\n","protected":false},"excerpt":{"rendered":"<p>CLOUD du Lyc\u00e9e Jean Bart Le CLOUD du lyc\u00e9e Jean Bart offre \u00e0 chacune et \u00e0 chacun l\u2019acc\u00e8s \u00e0 distance \u00e0 son espace de travail (dans la limite des quotas, pour la capacit\u00e9 disque). L\u2019acc\u00e8s se fait de deux fa\u00e7ons diff\u00e9rentes, selon qu\u2019on est \u00e0 l\u2019int\u00e9rieur du r\u00e9seau p\u00e9dagogique du lyc\u00e9e, ou ailleurs (depuis chez [&hellip;]<\/p>\n","protected":false},"author":11,"featured_media":0,"parent":0,"menu_order":0,"comment_status":"closed","ping_status":"closed","template":"","meta":{"ocean_post_layout":"","ocean_both_sidebars_style":"","ocean_both_sidebars_content_width":0,"ocean_both_sidebars_sidebars_width":0,"ocean_sidebar":"0","ocean_second_sidebar":"0","ocean_disable_margins":"enable","ocean_add_body_class":"","ocean_shortcode_before_top_bar":"","ocean_shortcode_after_top_bar":"","ocean_shortcode_before_header":"","ocean_shortcode_after_header":"","ocean_has_shortcode":"","ocean_shortcode_after_title":"","ocean_shortcode_before_footer_widgets":"","ocean_shortcode_after_footer_widgets":"","ocean_shortcode_before_footer_bottom":"","ocean_shortcode_after_footer_bottom":"","ocean_display_top_bar":"default","ocean_display_header":"default","ocean_header_style":"","ocean_center_header_left_menu":"0","ocean_custom_header_template":"0","ocean_custom_logo":0,"ocean_custom_retina_logo":0,"ocean_custom_logo_max_width":0,"ocean_custom_logo_tablet_max_width":0,"ocean_custom_logo_mobile_max_width":0,"ocean_custom_logo_max_height":0,"ocean_custom_logo_tablet_max_height":0,"ocean_custom_logo_mobile_max_height":0,"ocean_header_custom_menu":"0","ocean_menu_typo_font_family":"0","ocean_menu_typo_font_subset":"","ocean_menu_typo_font_size":0,"ocean_menu_typo_font_size_tablet":0,"ocean_menu_typo_font_size_mobile":0,"ocean_menu_typo_font_size_unit":"px","ocean_menu_typo_font_weight":"","ocean_menu_typo_font_weight_tablet":"","ocean_menu_typo_font_weight_mobile":"","ocean_menu_typo_transform":"","ocean_menu_typo_transform_tablet":"","ocean_menu_typo_transform_mobile":"","ocean_menu_typo_line_height":0,"ocean_menu_typo_line_height_tablet":0,"ocean_menu_typo_line_height_mobile":0,"ocean_menu_typo_line_height_unit":"","ocean_menu_typo_spacing":0,"ocean_menu_typo_spacing_tablet":0,"ocean_menu_typo_spacing_mobile":0,"ocean_menu_typo_spacing_unit":"","ocean_menu_link_color":"","ocean_menu_link_color_hover":"","ocean_menu_link_color_active":"","ocean_menu_link_background":"","ocean_menu_link_hover_background":"","ocean_menu_link_active_background":"","ocean_menu_social_links_bg":"","ocean_menu_social_hover_links_bg":"","ocean_menu_social_links_color":"","ocean_menu_social_hover_links_color":"","ocean_disable_title":"default","ocean_disable_heading":"default","ocean_post_title":"","ocean_post_subheading":"","ocean_post_title_style":"","ocean_post_title_background_color":"","ocean_post_title_background":0,"ocean_post_title_bg_image_position":"","ocean_post_title_bg_image_attachment":"","ocean_post_title_bg_image_repeat":"","ocean_post_title_bg_image_size":"","ocean_post_title_height":0,"ocean_post_title_bg_overlay":0.5,"ocean_post_title_bg_overlay_color":"","ocean_disable_breadcrumbs":"default","ocean_breadcrumbs_color":"","ocean_breadcrumbs_separator_color":"","ocean_breadcrumbs_links_color":"","ocean_breadcrumbs_links_hover_color":"","ocean_display_footer_widgets":"default","ocean_display_footer_bottom":"default","ocean_custom_footer_template":"0","footnotes":""},"_links":{"self":[{"href":"https:\/\/www.lyceejeanbart.fr\/index.php\/wp-json\/wp\/v2\/pages\/1030"}],"collection":[{"href":"https:\/\/www.lyceejeanbart.fr\/index.php\/wp-json\/wp\/v2\/pages"}],"about":[{"href":"https:\/\/www.lyceejeanbart.fr\/index.php\/wp-json\/wp\/v2\/types\/page"}],"author":[{"embeddable":true,"href":"https:\/\/www.lyceejeanbart.fr\/index.php\/wp-json\/wp\/v2\/users\/11"}],"replies":[{"embeddable":true,"href":"https:\/\/www.lyceejeanbart.fr\/index.php\/wp-json\/wp\/v2\/comments?post=1030"}],"version-history":[{"count":8,"href":"https:\/\/www.lyceejeanbart.fr\/index.php\/wp-json\/wp\/v2\/pages\/1030\/revisions"}],"predecessor-version":[{"id":7528,"href":"https:\/\/www.lyceejeanbart.fr\/index.php\/wp-json\/wp\/v2\/pages\/1030\/revisions\/7528"}],"wp:attachment":[{"href":"https:\/\/www.lyceejeanbart.fr\/index.php\/wp-json\/wp\/v2\/media?parent=1030"}],"curies":[{"name":"wp","href":"https:\/\/api.w.org\/{rel}","templated":true}]}}