{"id":1037,"date":"2021-01-18T11:03:09","date_gmt":"2021-01-18T10:03:09","guid":{"rendered":"http:\/\/lyceejeanbart.fr\/?page_id=1037"},"modified":"2021-03-12T20:02:39","modified_gmt":"2021-03-12T19:02:39","slug":"teletravail-quel-materiel","status":"publish","type":"page","link":"https:\/\/www.lyceejeanbart.fr\/index.php\/teletravail-quel-materiel\/","title":{"rendered":"T\u00e9l\u00e9travail : quel mat\u00e9riel ?"},"content":{"rendered":"<h1 class=\"surlignable\"><img decoding=\"async\" class=\"alignnone wp-image-2442 size-full\" src=\"https:\/\/www.lyceejeanbart.fr\/wp-content\/uploads\/2021\/03\/teletravail.png\" alt=\"t\u00e9l\u00e9travail\" width=\"144\" height=\"91\" \/> T\u00e9l\u00e9travail : quel mat\u00e9riel ?<\/h1>\n<div class=\"texte surlignable clearfix\">\n<p><img fetchpriority=\"high\" decoding=\"async\" class=\"alignleft wp-image-2443 size-medium\" title=\"Auteur : Gilangreffi ; licence CC0 ; https:\/\/commons.wikimedia.org\/wiki\/File:Telecommuting_di_kafe.jpg\" src=\"https:\/\/www.lyceejeanbart.fr\/wp-content\/uploads\/2021\/03\/telecommuting_di_kafe-2-d5430-235x300.jpeg\" alt=\"\" width=\"235\" height=\"300\" srcset=\"https:\/\/www.lyceejeanbart.fr\/wp-content\/uploads\/2021\/03\/telecommuting_di_kafe-2-d5430-235x300.jpeg 235w, https:\/\/www.lyceejeanbart.fr\/wp-content\/uploads\/2021\/03\/telecommuting_di_kafe-2-d5430.jpeg 240w\" sizes=\"(max-width: 235px) 100vw, 235px\" \/><\/p>\n<p>T\u00e9l\u00e9travailler, c\u2019est recr\u00e9er un environnement propice au travail, \u00e0 distance de l\u2019endroit o\u00f9 ce travail est re\u00e7u. Bien s\u00fbr, \u00e7a suppose des r\u00e9seaux de t\u00e9l\u00e9communication, et des outils techniques : t\u00e9l\u00e9phone, ordinateur, etc. Mais, pas seulement \u00e7a.<\/p>\n<h2 class=\"spip\">Un endroit calme est n\u00e9cessaire<\/h2>\n<p>Certaines personnes sont capables de se concentrer sur un travail, m\u00eame si une pagaille consid\u00e9rable s\u2019agite \u00e0 c\u00f4t\u00e9 d\u2019eux. Mais chacune, chacun a son niveau de tol\u00e9rance au bruit, aux images, et aux sensations diverses qui pourraient nous perturber.<\/p>\n<p>Les solutions sont diverses : avoir son \u00ab coin bureau \u00bb, que les autres respecteront, aller dans un endroit calme du voisinage : biblioth\u00e8que, parc, sur la plage, un lieu de <i>co-working<\/i>, etc.<\/p>\n<\/div>\n<p>&nbsp;<\/p>\n<p>&nbsp;<\/p>\n<div class=\"texte surlignable clearfix\" style=\"text-align: left;\">\n<h2 class=\"spip\" style=\"text-align: left;\">Un moyen de communication est n\u00e9cessaire<\/h2>\n<dl class=\"spip_document_2373 spip_documents spip_documents_right\">\n<dt>\n<p><figure id=\"attachment_2445\" aria-describedby=\"caption-attachment-2445\" style=\"width: 200px\" class=\"wp-caption alignright\"><img decoding=\"async\" class=\"wp-image-2445\" title=\"Auteur : G.khaznadar ; travail personnel ; licence CC0\" src=\"https:\/\/www.lyceejeanbart.fr\/wp-content\/uploads\/2021\/03\/wifi.png\" alt=\"\" width=\"200\" height=\"156\" \/><figcaption id=\"caption-attachment-2445\" class=\"wp-caption-text\">routeur wifi<\/figcaption><\/figure><\/dt>\n<dd class=\"spip_doc_descriptif\">Dans une maison, une biblioth\u00e8que ou un lieu de co-travail, c\u2019est souvent le partage d\u2019un acc\u00e8s \u00e0 Internet via une \u00ab box \u00bb qui fait l\u2019affaire.<\/dd>\n<\/dl>\n<dl class=\"spip_document_2373 spip_documents spip_documents_right\">\n<dd><\/dd>\n<\/dl>\n<p style=\"text-align: left;\">Pour les nomades, sur la plage, dans un parc, ou en fait n\u2019importe o\u00f9, il est possible de partager un acc\u00e8s \u00e0 Internet via un t\u00e9l\u00e9phone, en faisant appel \u00e0 une liaison bluetooth.<\/p>\n<\/div>\n<p>&nbsp;<\/p>\n<div class=\"texte surlignable clearfix\">\n<p><img loading=\"lazy\" decoding=\"async\" class=\"alignleft wp-image-2446 size-full\" title=\"Auteur : Emilian Robert Vicol; licence : CC generic 2.0 ; https:\/\/commons.wikimedia.org\/wiki\/File:Money-50-Euro_32705-480x360_(4792018730).jpg\" src=\"https:\/\/www.lyceejeanbart.fr\/wp-content\/uploads\/2021\/03\/money-50-euro_32705-480x360__4792018730_-2-c9aa1.jpeg\" alt=\"billets de 50 euros\" width=\"240\" height=\"180\" \/><\/p>\n<p><br class=\"autobr\" \/>Dans les deux cas, abonnement de la \u00ab\u00a0box\u00a0\u00bb ou abonnement aux\u00a0<i>data<\/i>\u00a0pour le t\u00e9l\u00e9phone, cela co\u00fbte quelques dizaines d\u2019euros par mois, quelques centaines par an. Tout le monde ne se rend pas compte de ce co\u00fbt, qui de toute fa\u00e7on est pay\u00e9 pour la communication par t\u00e9l\u00e9phone (fixe ou mobile) ou pour l\u2019acc\u00e8s \u00e0 des cha\u00eenes de t\u00e9l\u00e9vision.<\/p>\n<\/div>\n<p>&nbsp;<\/p>\n<p>&nbsp;<\/p>\n<div class=\"texte surlignable clearfix\">\n<h2 class=\"spip\">Un ordinateur &#8230; quel ordinateur\u00a0?<\/h2>\n<p>L\u2019augmentation de la demande en t\u00e9l\u00e9travail a relanc\u00e9 la vente d\u2019ordinateurs personnels. Les vendeuses et vendeurs d\u2019ordinateurs ont aff\u00fbt\u00e9 leurs arguments, pour accueillir les clients. Leur formation au m\u00e9tier de vendeur les am\u00e8ne \u00e0 rechercher une solution, la plus satisfaisante possible pour tous\u00a0: vendeur et client. Voyons un peu les motivations\u00a0:<\/p>\n<ul class=\"spip\">\n<li>pour le vendeur, c\u2019est bien s\u00fbr la marge commerciale, le b\u00e9n\u00e9fice, qui sont recherch\u00e9s. D\u2019autre part, un vendeur n\u2019a pas forc\u00e9ment int\u00e9r\u00eat \u00e0 vendre un appareil tr\u00e8s durable.<\/li>\n<li>pour le client les motivations peuvent varier\u00a0:\n<ul class=\"spip\">\n<li>besoin d\u2019un ordinateur pour t\u00e9l\u00e9travailler,<\/li>\n<li>utilisation d\u2019un ordinateur pour les loisirs,<\/li>\n<li>autres crit\u00e8re\u00a0: l\u2019esth\u00e9tique, la mode, etc.<\/li>\n<\/ul>\n<\/li>\n<\/ul>\n<div>\n<h2>Le conseil du lyc\u00e9e Jean Bart<\/h2>\n<p>Depuis maintenant plus de dix ans, les ordinateurs les moins chers sont parfaitement adapt\u00e9s aux travaux demand\u00e9s en classe.<\/p>\n<p>Si vous recherchez l\u2019efficacit\u00e9, voil\u00e0 quelques crit\u00e8res de choix\u00a0:<\/p>\n<figure id=\"attachment_2450\" aria-describedby=\"caption-attachment-2450\" style=\"width: 150px\" class=\"wp-caption alignright\"><img loading=\"lazy\" decoding=\"async\" class=\"wp-image-2450 size-full\" title=\"Auteur : G. Khaznadar ; licence CC0 ; filtre &quot;photocopie&quot; appliqu\u00e9 \u00e0 une image de catalogue \" src=\"https:\/\/www.lyceejeanbart.fr\/wp-content\/uploads\/2021\/03\/intel_nuc-2.jpg\" alt=\"un ordinateur miniature\" width=\"150\" height=\"100\" \/><figcaption id=\"caption-attachment-2450\" class=\"wp-caption-text\">Un ordinateur de type \u00ab\u00a0palmtop\u00a0\u00bb<\/figcaption><\/figure>\n<ul class=\"spip\">\n<li>Privil\u00e9giez les ordinateurs consommant peu d\u2019\u00e9nergie\u00a0: les moins gourmands sont les ordinateur\u00a0<i>fanless<\/i>, sans ventilateur\u00a0; discrets, ils peuvent \u00eatre fix\u00e9s derri\u00e8re un \u00e9cran.<\/li>\n<li>Dans le cas d\u2019un ordinateur portable, privil\u00e9giez les ordinateurs \u00e0 \u00ab disque solide \u00bb, c\u2019est \u00e0 dire, dans le jargon actuel, \u00e0 disque SSD ou eMMC\u00a0: ces disques sont rapides, et surtout ils ne craignent pas les chocs, au contraire des \u00ab\u00a0disque durs\u00a0\u00bb classiques, qui comportent une pi\u00e8ce en rotation rapide, sur laquelle plane une t\u00eate de lecture \u00e0 une distance d\u2019un centi\u00e8me de millim\u00e8tres&#8230; avez-vous d\u00e9j\u00e0\u00a0<i>crash\u00e9<\/i>\u00a0votre disque dur\u00a0?<\/li>\n<\/ul>\n<h2>Et les logiciels\u00a0?<\/h2>\n<figure id=\"attachment_2449\" aria-describedby=\"caption-attachment-2449\" style=\"width: 200px\" class=\"wp-caption alignright\"><img loading=\"lazy\" decoding=\"async\" class=\"wp-image-2449 size-full\" title=\"Auteur : G Khaznadar ; compos\u00e9 \u00e0 partir de logos publics ; licence : CC0\" src=\"https:\/\/www.lyceejeanbart.fr\/wp-content\/uploads\/2021\/03\/logosll-2-3323f.jpeg\" alt=\"les logiciels libres\" width=\"200\" height=\"200\" srcset=\"https:\/\/www.lyceejeanbart.fr\/wp-content\/uploads\/2021\/03\/logosll-2-3323f.jpeg 200w, https:\/\/www.lyceejeanbart.fr\/wp-content\/uploads\/2021\/03\/logosll-2-3323f-150x150.jpeg 150w\" sizes=\"(max-width: 200px) 100vw, 200px\" \/><figcaption id=\"caption-attachment-2449\" class=\"wp-caption-text\">Logiciels libres<\/figcaption><\/figure>\n<ul>\n<li>Ne c\u00e9dez pas aux offres soi-disant gratuites, pour installer des logiciels de dessin, de bureautique, etc. Toutes ces offres correspondent \u00e0 des logiciels privateurs de libert\u00e9, qui vous inciteront t\u00f4t ou tard \u00e0 d\u00e9penser de l\u2019argent, ne serait-ce que pour changer d\u2019ordinateur quand ils fonctionneront plus lentement.<\/li>\n<li>Renseignez-vous, aupr\u00e8s des enseignants d\u2019informatique du lyc\u00e9e, en SNT ou en NSI\u00a0: tous les ordinateurs du lyc\u00e9e sont \u00e9quip\u00e9s de\u00a0<i>logiciels libres et gratuits<\/i>, et il est plus commode pour tous d\u2019utiliser ceux-l\u00e0\u00a0: les formats de fichiers \u00e9chang\u00e9s sont des formats ouverts et normalis\u00e9s, qui\u00a0<i>resteront lisibles dans le futur<\/i>, sans faire de mises \u00e0 jour co\u00fbteuses.<\/li>\n<\/ul>\n<p>&nbsp;<\/p>\n<h2>Et le prix\u00a0?<\/h2>\n<p>C\u2019est bien connu\u00a0: les conseilleurs ne sont pas les payeurs. Mais &#8230;<\/p>\n<p>&#8230; \u00c0 la date de juin 2020, on sait rep\u00e9rer des ordinateurs portables neufs, avec des \u00e9crans de 15 pouces (un peu plus que la taille d\u2019une feuille A4), vendus moins de 400 euros avec la garantie l\u00e9gale, disponibles dans plusieurs commerces dunkerquois, et aussi dans les offres de commerce en ligne.<\/p>\n<p>Les mod\u00e8les rep\u00e9r\u00e9s ont une durabilit\u00e9 de six ans au moins, leur co\u00fbt est donc de moins de 20 centimes par jour, inf\u00e9rieur au co\u00fbt de la t\u00e9l\u00e9phonie et de la connexion \u00e0 Internet.<\/p>\n<p>Si certains insistent pour des mod\u00e8les deux fois plus chers, avec une \u00ab\u00a0bonne carte graphique\u00a0\u00bb, c\u2019est plus pour les jeux que pour le travail du lyc\u00e9e.<\/p>\n<h2>Le petit plus &#8230;<\/h2>\n<p>Depuis quelques ann\u00e9es maintenant, les ordinateurs de cette cat\u00e9gorie (ceux qu\u2019on a rep\u00e9r\u00e9s), sont parfaitement dimensionn\u00e9s pour visionner des films, confortablement, sans le moindre d\u00e9faut. Vous voulez perfectionner votre apprentissage des langues\u00a0? N\u2019h\u00e9sitez pas \u00e0 voir les films en version originale\u00a0!<\/p>\n<\/div>\n<\/div>\n","protected":false},"excerpt":{"rendered":"<p>T\u00e9l\u00e9travail : quel mat\u00e9riel ? T\u00e9l\u00e9travailler, c\u2019est recr\u00e9er un environnement propice au travail, \u00e0 distance de l\u2019endroit o\u00f9 ce travail est re\u00e7u. Bien s\u00fbr, \u00e7a suppose des r\u00e9seaux de t\u00e9l\u00e9communication, et des outils techniques : t\u00e9l\u00e9phone, ordinateur, etc. Mais, pas seulement \u00e7a. Un endroit calme est n\u00e9cessaire Certaines personnes sont capables de se concentrer sur [&hellip;]<\/p>\n","protected":false},"author":11,"featured_media":0,"parent":0,"menu_order":0,"comment_status":"closed","ping_status":"closed","template":"","meta":{"ocean_post_layout":"","ocean_both_sidebars_style":"","ocean_both_sidebars_content_width":0,"ocean_both_sidebars_sidebars_width":0,"ocean_sidebar":"0","ocean_second_sidebar":"0","ocean_disable_margins":"enable","ocean_add_body_class":"","ocean_shortcode_before_top_bar":"","ocean_shortcode_after_top_bar":"","ocean_shortcode_before_header":"","ocean_shortcode_after_header":"","ocean_has_shortcode":"","ocean_shortcode_after_title":"","ocean_shortcode_before_footer_widgets":"","ocean_shortcode_after_footer_widgets":"","ocean_shortcode_before_footer_bottom":"","ocean_shortcode_after_footer_bottom":"","ocean_display_top_bar":"default","ocean_display_header":"default","ocean_header_style":"","ocean_center_header_left_menu":"0","ocean_custom_header_template":"0","ocean_custom_logo":0,"ocean_custom_retina_logo":0,"ocean_custom_logo_max_width":0,"ocean_custom_logo_tablet_max_width":0,"ocean_custom_logo_mobile_max_width":0,"ocean_custom_logo_max_height":0,"ocean_custom_logo_tablet_max_height":0,"ocean_custom_logo_mobile_max_height":0,"ocean_header_custom_menu":"0","ocean_menu_typo_font_family":"0","ocean_menu_typo_font_subset":"","ocean_menu_typo_font_size":0,"ocean_menu_typo_font_size_tablet":0,"ocean_menu_typo_font_size_mobile":0,"ocean_menu_typo_font_size_unit":"px","ocean_menu_typo_font_weight":"","ocean_menu_typo_font_weight_tablet":"","ocean_menu_typo_font_weight_mobile":"","ocean_menu_typo_transform":"","ocean_menu_typo_transform_tablet":"","ocean_menu_typo_transform_mobile":"","ocean_menu_typo_line_height":0,"ocean_menu_typo_line_height_tablet":0,"ocean_menu_typo_line_height_mobile":0,"ocean_menu_typo_line_height_unit":"","ocean_menu_typo_spacing":0,"ocean_menu_typo_spacing_tablet":0,"ocean_menu_typo_spacing_mobile":0,"ocean_menu_typo_spacing_unit":"","ocean_menu_link_color":"","ocean_menu_link_color_hover":"","ocean_menu_link_color_active":"","ocean_menu_link_background":"","ocean_menu_link_hover_background":"","ocean_menu_link_active_background":"","ocean_menu_social_links_bg":"","ocean_menu_social_hover_links_bg":"","ocean_menu_social_links_color":"","ocean_menu_social_hover_links_color":"","ocean_disable_title":"default","ocean_disable_heading":"default","ocean_post_title":"","ocean_post_subheading":"","ocean_post_title_style":"","ocean_post_title_background_color":"","ocean_post_title_background":0,"ocean_post_title_bg_image_position":"","ocean_post_title_bg_image_attachment":"","ocean_post_title_bg_image_repeat":"","ocean_post_title_bg_image_size":"","ocean_post_title_height":0,"ocean_post_title_bg_overlay":0.5,"ocean_post_title_bg_overlay_color":"","ocean_disable_breadcrumbs":"default","ocean_breadcrumbs_color":"","ocean_breadcrumbs_separator_color":"","ocean_breadcrumbs_links_color":"","ocean_breadcrumbs_links_hover_color":"","ocean_display_footer_widgets":"default","ocean_display_footer_bottom":"default","ocean_custom_footer_template":"0","footnotes":""},"_links":{"self":[{"href":"https:\/\/www.lyceejeanbart.fr\/index.php\/wp-json\/wp\/v2\/pages\/1037"}],"collection":[{"href":"https:\/\/www.lyceejeanbart.fr\/index.php\/wp-json\/wp\/v2\/pages"}],"about":[{"href":"https:\/\/www.lyceejeanbart.fr\/index.php\/wp-json\/wp\/v2\/types\/page"}],"author":[{"embeddable":true,"href":"https:\/\/www.lyceejeanbart.fr\/index.php\/wp-json\/wp\/v2\/users\/11"}],"replies":[{"embeddable":true,"href":"https:\/\/www.lyceejeanbart.fr\/index.php\/wp-json\/wp\/v2\/comments?post=1037"}],"version-history":[{"count":19,"href":"https:\/\/www.lyceejeanbart.fr\/index.php\/wp-json\/wp\/v2\/pages\/1037\/revisions"}],"predecessor-version":[{"id":2451,"href":"https:\/\/www.lyceejeanbart.fr\/index.php\/wp-json\/wp\/v2\/pages\/1037\/revisions\/2451"}],"wp:attachment":[{"href":"https:\/\/www.lyceejeanbart.fr\/index.php\/wp-json\/wp\/v2\/media?parent=1037"}],"curies":[{"name":"wp","href":"https:\/\/api.w.org\/{rel}","templated":true}]}}