{"id":1039,"date":"2021-01-18T11:03:48","date_gmt":"2021-01-18T10:03:48","guid":{"rendered":"http:\/\/lyceejeanbart.fr\/?page_id=1039"},"modified":"2024-06-30T12:53:24","modified_gmt":"2024-06-30T10:53:24","slug":"booter-avec-la-cle-usb-freeduc-jbart","status":"publish","type":"page","link":"https:\/\/www.lyceejeanbart.fr\/index.php\/booter-avec-la-cle-usb-freeduc-jbart\/","title":{"rendered":"Booter avec la cl\u00e9 USB Freeduc-JBART"},"content":{"rendered":"<h1 class=\"surlignable\"><img decoding=\"async\" class=\"alignnone wp-image-2452 size-full\" title=\"Auteur : G Khaznadar ; travail personnel ; licence : CC0\" src=\"https:\/\/www.lyceejeanbart.fr\/wp-content\/uploads\/2021\/03\/cle-usb-1234.jpg\" alt=\"une cl\u00e9 USB\" width=\"144\" height=\"57\" \/>Booter avec la cl\u00e9 USB Freeduc-JBART<\/h1>\n<div class=\"texte surlignable clearfix\">\n<p><i>Les \u00e9l\u00e8ves qui suivent les cours de SNT et\/ou NSI au lyc\u00e9e Jean Bart utilisent souvent une cl\u00e9 USB vive (c\u2019est \u00e0 dire bootable), la cl\u00e9\u00a0<span style=\"color: #0000ff;\"><a class=\"spip_out\" style=\"color: #0000ff;\" href=\"https:\/\/usb.freeduc.org\/jbart.html\" target=\"_blank\" rel=\"external noopener\">Freeduc-Jbart<\/a><\/span>. Celle-ci d\u00e9marre les ordinateurs du lyc\u00e9e sous Linux. \u00c0 la maison, c\u2019est l\u2019affaire d\u2019un r\u00e9glage, quelquefois simple, d\u2019autres fois plus laborieux. Ici, R.A., qui suit les cours de NSI, explique comment il a r\u00e9ussi \u00e0 faire d\u00e9marrer son ordinateur personnel avec la cl\u00e9 Freeduc-JBart.<\/i><\/p>\n<h2 class=\"spip\">COMMENT LANCER SON PC SUR UNE CL\u00c9 USB\u00a0:<\/h2>\n<p>Si vous cherchez \u00e0 lancer votre pc sur votre cl\u00e9 USB, suivez ce tutoriel qui vous sera certainement tr\u00e8s utile. Ici, la man\u0153uvre ce fait sur un\u00a0<strong>HP 17-ca0000nf<\/strong>.<\/p>\n<p>Les touches pour cette manipulation changent en fonction du pc c\u2019est pour cela que je vous conseille d\u2019aller voir ce lien qui vous indiquera les touches \u00e0 utiliser\u00a0:<\/p>\n<p><span style=\"color: #0000ff;\"><a class=\"spip_url spip_out auto\" style=\"color: #0000ff;\" href=\"https:\/\/roomytuto.com\/liste-des-touches-dacces-boot-menu-et-bios-uefi-de-tous-les-ordinateurs\/\" target=\"_blank\" rel=\"external nofollow noopener\">https:\/\/roomytuto.com\/liste-des-touches-dacces-boot-menu-et-bios-uefi-de-tous-les-ordinateurs\/<\/a><\/span><\/p>\n<h2 class=\"spip\">Commen\u00e7ons\u00a0;<\/h2>\n<p>Tout d\u2019abord, il faut acc\u00e9der au menu BIOS. Pour cela, il faut red\u00e9marrer le pc est appuyer sur la touche \u00c9chap au moment o\u00f9 le d\u00e9marrage sera sur un \u00e9cran vierge noir.<\/p>\n<p>Vous obtiendrez ceci\u00a0:<br class=\"autobr\" \/><img fetchpriority=\"high\" decoding=\"async\" class=\"alignnone wp-image-2454 size-medium\" title=\"Auteur : G. Khaznadar ; travail personnel ; licence CC0\" src=\"https:\/\/www.lyceejeanbart.fr\/wp-content\/uploads\/2021\/03\/boot-usb-bios_html_1-300x226.jpg\" alt=\"Boot : \u00e9tape 1\" width=\"300\" height=\"226\" srcset=\"https:\/\/www.lyceejeanbart.fr\/wp-content\/uploads\/2021\/03\/boot-usb-bios_html_1-300x226.jpg 300w, https:\/\/www.lyceejeanbart.fr\/wp-content\/uploads\/2021\/03\/boot-usb-bios_html_1.jpg 500w\" sizes=\"(max-width: 300px) 100vw, 300px\" \/><\/p>\n<p>Ici, le pc m\u2019indique que la touche F10 permet d\u2019acc\u00e9der au BIOS\u00a0: j\u2019appuie donc sur F10.<\/p>\n<p>On obtient ceci\u00a0:<br class=\"autobr\" \/><img decoding=\"async\" class=\"alignnone wp-image-2455 size-medium\" title=\"Auter : G Khaznadar ; travail personnel ; licence CC0\" src=\"https:\/\/www.lyceejeanbart.fr\/wp-content\/uploads\/2021\/03\/boot-usb-bios_html_2-300x226.jpg\" alt=\"boot : \u00e9tape 2\" width=\"300\" height=\"226\" srcset=\"https:\/\/www.lyceejeanbart.fr\/wp-content\/uploads\/2021\/03\/boot-usb-bios_html_2-300x226.jpg 300w, https:\/\/www.lyceejeanbart.fr\/wp-content\/uploads\/2021\/03\/boot-usb-bios_html_2.jpg 500w\" sizes=\"(max-width: 300px) 100vw, 300px\" \/><\/p>\n<p>Gr\u00e2ce aux fl\u00e8ches de votre clavier aller dans l\u2019espace \u00ab\u00a0configuration\u00a0\u00bb\u00a0:<br class=\"autobr\" \/><img loading=\"lazy\" decoding=\"async\" class=\"alignnone wp-image-2456 size-medium\" title=\"Auter : G Khaznadar ; travail personnel ; licence CC0\" src=\"https:\/\/www.lyceejeanbart.fr\/wp-content\/uploads\/2021\/03\/boot-usb-bios_html_3-300x226.jpg\" alt=\"boot : \u00e9tape 3\" width=\"300\" height=\"226\" srcset=\"https:\/\/www.lyceejeanbart.fr\/wp-content\/uploads\/2021\/03\/boot-usb-bios_html_3-300x226.jpg 300w, https:\/\/www.lyceejeanbart.fr\/wp-content\/uploads\/2021\/03\/boot-usb-bios_html_3.jpg 500w\" sizes=\"(max-width: 300px) 100vw, 300px\" \/><\/p>\n<p>Dans ce menu, s\u00e9lectionnez \u00ab\u00a0boot options\u00a0\u00bb avec la touche entrer.<br class=\"autobr\" \/>Vous obtiendrez ceci\u00a0:<br class=\"autobr\" \/><img loading=\"lazy\" decoding=\"async\" class=\"alignnone wp-image-2457 size-medium\" title=\"Auter : G Khaznadar ; travail personnel ; licence CC0\" src=\"https:\/\/www.lyceejeanbart.fr\/wp-content\/uploads\/2021\/03\/boot-usb-bios_html_4-300x222.jpg\" alt=\"boot : \u00e9tape 4\" width=\"300\" height=\"222\" srcset=\"https:\/\/www.lyceejeanbart.fr\/wp-content\/uploads\/2021\/03\/boot-usb-bios_html_4-300x222.jpg 300w, https:\/\/www.lyceejeanbart.fr\/wp-content\/uploads\/2021\/03\/boot-usb-bios_html_4.jpg 500w\" sizes=\"(max-width: 300px) 100vw, 300px\" \/><\/p>\n<p>Il faut ici activer Legacy Support ce qui permettra de d\u00e9sactiver Secure Boot qui vous permettra de lancer le pc sur la cl\u00e9.<\/p>\n<p>Ensuite dans la liste de Legacy Boot Order, faites passer \u00ab\u00a0USB Diskette on Key\/USB Hard Disk\u00a0\u00bb en premi\u00e8re position gr\u00e2ce aux touches F5 et F6 comme l\u2019indique la fl\u00e8che rouge.<\/p>\n<p>Une fois qu\u2019elle sera en premi\u00e8re position, sauvegarder et relancer le pc gr\u00e2ce \u00e0 la touche F10.<\/p>\n<h2 class=\"spip\">Et voil\u00e0, f\u00e9licitations, le PC s\u2019est relanc\u00e9 sur la cl\u00e9 USB que vous avez branch\u00e9e.<\/h2>\n<p>Si vous n\u2019avez pas r\u00e9ussi, voici un lien qui vous pourrait vous \u00eatre utile\u00a0:<\/p>\n<p><span style=\"color: #0000ff;\"><a class=\"spip_url spip_out auto\" style=\"color: #0000ff;\" href=\"https:\/\/www.malekal.com\/comment-demarrer-ordinateur-cle-usb\/\" target=\"_blank\" rel=\"external nofollow noopener\">https:\/\/www.malekal.com\/comment-demarrer-ordinateur-cle-usb\/<\/a><\/span><\/p>\n<h2 class=\"spip\">Voir aussi\u00a0:<\/h2>\n<p><span style=\"color: #0000ff;\"><a href=\"https:\/\/usb.freeduc.org\/telecharge_utilise.html\">Cliquez ici<\/a><\/span> pour cr\u00e9er une cl\u00e9 Freeduc-USB.<\/p>\n<\/div>\n","protected":false},"excerpt":{"rendered":"<p>Booter avec la cl\u00e9 USB Freeduc-JBART Les \u00e9l\u00e8ves qui suivent les cours de SNT et\/ou NSI au lyc\u00e9e Jean Bart utilisent souvent une cl\u00e9 USB vive (c\u2019est \u00e0 dire bootable), la cl\u00e9\u00a0Freeduc-Jbart. Celle-ci d\u00e9marre les ordinateurs du lyc\u00e9e sous Linux. \u00c0 la maison, c\u2019est l\u2019affaire d\u2019un r\u00e9glage, quelquefois simple, d\u2019autres fois plus laborieux. Ici, R.A., [&hellip;]<\/p>\n","protected":false},"author":11,"featured_media":0,"parent":0,"menu_order":0,"comment_status":"closed","ping_status":"closed","template":"","meta":{"ocean_post_layout":"","ocean_both_sidebars_style":"","ocean_both_sidebars_content_width":0,"ocean_both_sidebars_sidebars_width":0,"ocean_sidebar":"0","ocean_second_sidebar":"0","ocean_disable_margins":"enable","ocean_add_body_class":"","ocean_shortcode_before_top_bar":"","ocean_shortcode_after_top_bar":"","ocean_shortcode_before_header":"","ocean_shortcode_after_header":"","ocean_has_shortcode":"","ocean_shortcode_after_title":"","ocean_shortcode_before_footer_widgets":"","ocean_shortcode_after_footer_widgets":"","ocean_shortcode_before_footer_bottom":"","ocean_shortcode_after_footer_bottom":"","ocean_display_top_bar":"default","ocean_display_header":"default","ocean_header_style":"","ocean_center_header_left_menu":"0","ocean_custom_header_template":"0","ocean_custom_logo":0,"ocean_custom_retina_logo":0,"ocean_custom_logo_max_width":0,"ocean_custom_logo_tablet_max_width":0,"ocean_custom_logo_mobile_max_width":0,"ocean_custom_logo_max_height":0,"ocean_custom_logo_tablet_max_height":0,"ocean_custom_logo_mobile_max_height":0,"ocean_header_custom_menu":"0","ocean_menu_typo_font_family":"0","ocean_menu_typo_font_subset":"","ocean_menu_typo_font_size":0,"ocean_menu_typo_font_size_tablet":0,"ocean_menu_typo_font_size_mobile":0,"ocean_menu_typo_font_size_unit":"px","ocean_menu_typo_font_weight":"","ocean_menu_typo_font_weight_tablet":"","ocean_menu_typo_font_weight_mobile":"","ocean_menu_typo_transform":"","ocean_menu_typo_transform_tablet":"","ocean_menu_typo_transform_mobile":"","ocean_menu_typo_line_height":0,"ocean_menu_typo_line_height_tablet":0,"ocean_menu_typo_line_height_mobile":0,"ocean_menu_typo_line_height_unit":"","ocean_menu_typo_spacing":0,"ocean_menu_typo_spacing_tablet":0,"ocean_menu_typo_spacing_mobile":0,"ocean_menu_typo_spacing_unit":"","ocean_menu_link_color":"","ocean_menu_link_color_hover":"","ocean_menu_link_color_active":"","ocean_menu_link_background":"","ocean_menu_link_hover_background":"","ocean_menu_link_active_background":"","ocean_menu_social_links_bg":"","ocean_menu_social_hover_links_bg":"","ocean_menu_social_links_color":"","ocean_menu_social_hover_links_color":"","ocean_disable_title":"default","ocean_disable_heading":"default","ocean_post_title":"","ocean_post_subheading":"","ocean_post_title_style":"","ocean_post_title_background_color":"","ocean_post_title_background":0,"ocean_post_title_bg_image_position":"","ocean_post_title_bg_image_attachment":"","ocean_post_title_bg_image_repeat":"","ocean_post_title_bg_image_size":"","ocean_post_title_height":0,"ocean_post_title_bg_overlay":0.5,"ocean_post_title_bg_overlay_color":"","ocean_disable_breadcrumbs":"default","ocean_breadcrumbs_color":"","ocean_breadcrumbs_separator_color":"","ocean_breadcrumbs_links_color":"","ocean_breadcrumbs_links_hover_color":"","ocean_display_footer_widgets":"default","ocean_display_footer_bottom":"default","ocean_custom_footer_template":"0","footnotes":""},"_links":{"self":[{"href":"https:\/\/www.lyceejeanbart.fr\/index.php\/wp-json\/wp\/v2\/pages\/1039"}],"collection":[{"href":"https:\/\/www.lyceejeanbart.fr\/index.php\/wp-json\/wp\/v2\/pages"}],"about":[{"href":"https:\/\/www.lyceejeanbart.fr\/index.php\/wp-json\/wp\/v2\/types\/page"}],"author":[{"embeddable":true,"href":"https:\/\/www.lyceejeanbart.fr\/index.php\/wp-json\/wp\/v2\/users\/11"}],"replies":[{"embeddable":true,"href":"https:\/\/www.lyceejeanbart.fr\/index.php\/wp-json\/wp\/v2\/comments?post=1039"}],"version-history":[{"count":8,"href":"https:\/\/www.lyceejeanbart.fr\/index.php\/wp-json\/wp\/v2\/pages\/1039\/revisions"}],"predecessor-version":[{"id":7174,"href":"https:\/\/www.lyceejeanbart.fr\/index.php\/wp-json\/wp\/v2\/pages\/1039\/revisions\/7174"}],"wp:attachment":[{"href":"https:\/\/www.lyceejeanbart.fr\/index.php\/wp-json\/wp\/v2\/media?parent=1039"}],"curies":[{"name":"wp","href":"https:\/\/api.w.org\/{rel}","templated":true}]}}