{"id":1049,"date":"2021-01-18T11:13:31","date_gmt":"2021-01-18T10:13:31","guid":{"rendered":"http:\/\/lyceejeanbart.fr\/?page_id=1049"},"modified":"2021-03-17T14:37:28","modified_gmt":"2021-03-17T13:37:28","slug":"classes-virtuelles","status":"publish","type":"page","link":"https:\/\/www.lyceejeanbart.fr\/index.php\/classes-virtuelles\/","title":{"rendered":"Classes virtuelles"},"content":{"rendered":"<h1 class=\"surlignable\"><img fetchpriority=\"high\" decoding=\"async\" class=\"alignleft wp-image-2671 size-full\" title=\"extrait du logo de RMLL 2011. Licence: CC-BY-SA 3.0\" src=\"https:\/\/www.lyceejeanbart.fr\/wp-content\/uploads\/2021\/03\/header_droite.jpg\" alt=\"\" width=\"263\" height=\"263\" srcset=\"https:\/\/www.lyceejeanbart.fr\/wp-content\/uploads\/2021\/03\/header_droite.jpg 263w, https:\/\/www.lyceejeanbart.fr\/wp-content\/uploads\/2021\/03\/header_droite-150x150.jpg 150w\" sizes=\"(max-width: 263px) 100vw, 263px\" \/>Classes virtuelles<\/h1>\n<div class=\"chapo surlignable\">\n<p>Les classes virtuelles du lyc\u00e9e Jean Bart servent \u00e0 g\u00e9rer des travaux et des cours autrement qu\u2019avec les moyens traditionnels.<\/p>\n<\/div>\n<div class=\"texte surlignable clearfix\">\n<p>Le lyc\u00e9e Jean Bart permet de cr\u00e9er des classes virtuelles \u00e0 l\u2019aide de deux environnements, WIMS et MOODLE.<\/p>\n<p>Le but d\u2019une classe virtuelle est de permettre des cours et des exercices qu\u2019on ne sait pas faire de fa\u00e7on \u00e9quivalente \u00e0 l\u2019aide d\u2019un stylo, d\u2019un cahier, d\u2019un livre, d\u2019un tableau, d\u2019une craie &#8230;<\/p>\n<p>Nos classes virtuelles sont bas\u00e9es sur des logiciels libres (licence\u00a0<span style=\"color: #0000ff;\"><a class=\"spip_out\" style=\"color: #0000ff;\" href=\"http:\/\/fr.wikipedia.org\/wiki\/Licence_publique_g%C3%A9n%C3%A9rale_GNU\" target=\"_blank\" rel=\"external noopener\">GNU GPL<\/a><\/span>)<\/p>\n<p>Pour acc\u00e9der aux classes virtuelles, suivez les lien wims et moodle plus bas.<\/p>\n<h2 class=\"spip\">Les atouts de WIMS<\/h2>\n<p><span style=\"color: #0000ff;\"><a class=\"spip_out\" style=\"color: #0000ff;\" href=\"http:\/\/wims.lyceejeanbart.fr\/wims\/\" target=\"_blank\" rel=\"external noopener\">WIMS<\/a><\/span><span class=\"spip_note_ref\">\u00a0[<span style=\"color: #0000ff;\"><a style=\"color: #0000ff;\" href=\"#nb1\"><span id=\"1\">1<\/span><\/a>]<\/span><\/span>\u00a0est un serveur cr\u00e9\u00e9 depuis plus de dix ans par Gang XIAO, professeur \u00e0 l\u2019universit\u00e9 de Nice, et maintenu aujourd\u2019hui par un collectif d\u2019enseignants-chercheurs. Son succ\u00e8s est d\u00fb \u00e0 plusieurs fonctionnalit\u00e9s originales\u00a0:<\/p>\n<ul class=\"spip\">\n<li>possibilit\u00e9 d\u2019\u00e9crire des cours interactifs \u00e9maill\u00e9s d\u2019exemples al\u00e9atoires, directement connect\u00e9s \u00e0 des exercices d\u2019illustration\u00a0;<\/li>\n<li>une biblioth\u00e8que de plusieurs milliers d\u2019exercices dont les contenus changent \u00e0 chaque fois qu\u2019on les repasse\u00a0;<\/li>\n<li>la possibilit\u00e9 pour les \u00e9tudiants de recommencer un exercice aussi souvent qu\u2019il le faut. La note ne leur est attribu\u00e9e que quand ils le d\u00e9cident. Le plus souvent c\u2019est une bonne note, et elle est toujours m\u00e9rit\u00e9e\u00a0;<\/li>\n<li>la possibilit\u00e9 de cr\u00e9er des examens \u00e0 partir des feuilles de travail d\u00e9j\u00e0 publi\u00e9es dans une classe virtuelle. \u00c7a introduit le concept, tr\u00e8s nouveau, d\u2019examen \u00e0 contenu connu \u00e0 l\u2019avance. Les \u00e9tudiants ont tout le temps de s\u2019entra\u00eener autant qu\u2019ils le veulent, l\u2019examen contiendra les m\u00eames exercices (mais avec des donn\u00e9es al\u00e9atoires diff\u00e9rentes), et ils peuvent s\u2019organiser pour repasser l\u2019examen plusieurs fois (en g\u00e9n\u00e9ral trois fois, dans un temps limit\u00e9).<\/li>\n<\/ul>\n<h2 class=\"spip\">Le service MOODLE<\/h2>\n<p><a class=\"spip_out\" href=\"http:\/\/moodle.lyceejeanbart.fr\/\" target=\"_blank\" rel=\"external noopener\"><span style=\"color: #0000ff;\">Moodle<\/span><\/a><span class=\"spip_note_ref\">\u00a0[<span style=\"color: #0000ff;\"><a style=\"color: #0000ff;\" href=\"#nb2\">2<\/a><\/span>]<\/span>\u00a0est un syst\u00e8me d\u2019enseignement assist\u00e9 par ordinateur cr\u00e9\u00e9 par des universitaires de provenances vari\u00e9es, qui favorise la p\u00e9dagogie constructiviste (proche du mouvement promu en France par Freinet).<\/p>\n<p>Les fonctionnalit\u00e9s les plus rustiques que propose un service Moodle sont\u00a0:<\/p>\n<ul class=\"spip\">\n<li>l\u2019acc\u00e8s \u00e0 des ressources p\u00e9dagogiques sous forme de textes, d\u2019images, vid\u00e9os, etc.<\/li>\n<li>la gestion de devoirs o\u00f9 les \u00e9l\u00e8ves doivent renvoyer un document, selon un \u00e9nonc\u00e9 en igne\u00a0;<\/li>\n<li>dans le service Moodle du lyc\u00e9e, il y a la possibilit\u00e9 de donner une feuille d\u2019exercices WIMS comme devoir<\/li>\n<\/ul>\n<p>MOODLE vient avec des fonctionnalit\u00e9s plus sophistiqu\u00e9es\u00a0; certaines proposent aux \u00e9l\u00e8ves de cr\u00e9er et de publier des ressources en ligne qui reposent sur un travail collaboratif de haut niveau\u00a0:<\/p>\n<ul class=\"spip\">\n<li>cr\u00e9ation de glossaire<\/li>\n<li>cr\u00e9ation de base de donn\u00e9e<\/li>\n<li>cr\u00e9ation de wiki<\/li>\n<\/ul>\n<hr class=\"spip\" \/>\n<h2><strong>Cr\u00e9dits<\/strong><\/h2>\n<p>Le logo de l\u2019article est extrait de la page d\u2019accueil des 12\u00e8mes Rencontres Mondiales des Logiciels Libres (<span style=\"color: #0000ff;\"><a class=\"spip_out\" style=\"color: #0000ff;\" href=\"http:\/\/2011.rmll.info\/\" target=\"_blank\" rel=\"external noopener\">RMLL 2011<\/a><\/span>)<\/p>\n<\/div>\n<div class=\"notes\">\n<hr \/>\n<div id=\"nb1\">\n<p><span class=\"spip_note_ref\">[<span style=\"color: #0000ff;\"><a style=\"color: #0000ff;\" href=\"#1\">1<\/a><\/span>]\u00a0<\/span>Voir le site\u00a0<span style=\"color: #0000ff;\"><a class=\"spip_out\" style=\"color: #0000ff;\" href=\"http:\/\/www.wimsedu.info\/\" target=\"_blank\" rel=\"external noopener\">WIMS<\/a><\/span>\u00a0de l\u2019association Wims\u00c9du<\/p>\n<\/div>\n<div id=\"nb2\">\n<p><span class=\"spip_note_ref\">[<span style=\"color: #0000ff;\"><a style=\"color: #0000ff;\" href=\"#2\">2<\/a><\/span>]\u00a0<\/span>Voir le site\u00a0<span style=\"color: #0000ff;\"><a class=\"spip_out\" style=\"color: #0000ff;\" href=\"http:\/\/moodle.org\/\" target=\"_blank\" rel=\"external noopener\">Moodle<\/a><\/span>\u00a0mondial.<\/p>\n<\/div>\n<\/div>\n","protected":false},"excerpt":{"rendered":"<p>Classes virtuelles Les classes virtuelles du lyc\u00e9e Jean Bart servent \u00e0 g\u00e9rer des travaux et des cours autrement qu\u2019avec les moyens traditionnels. Le lyc\u00e9e Jean Bart permet de cr\u00e9er des classes virtuelles \u00e0 l\u2019aide de deux environnements, WIMS et MOODLE. Le but d\u2019une classe virtuelle est de permettre des cours et des exercices qu\u2019on ne [&hellip;]<\/p>\n","protected":false},"author":11,"featured_media":0,"parent":0,"menu_order":0,"comment_status":"closed","ping_status":"closed","template":"","meta":{"ocean_post_layout":"","ocean_both_sidebars_style":"","ocean_both_sidebars_content_width":0,"ocean_both_sidebars_sidebars_width":0,"ocean_sidebar":"0","ocean_second_sidebar":"0","ocean_disable_margins":"enable","ocean_add_body_class":"","ocean_shortcode_before_top_bar":"","ocean_shortcode_after_top_bar":"","ocean_shortcode_before_header":"","ocean_shortcode_after_header":"","ocean_has_shortcode":"","ocean_shortcode_after_title":"","ocean_shortcode_before_footer_widgets":"","ocean_shortcode_after_footer_widgets":"","ocean_shortcode_before_footer_bottom":"","ocean_shortcode_after_footer_bottom":"","ocean_display_top_bar":"default","ocean_display_header":"default","ocean_header_style":"","ocean_center_header_left_menu":"0","ocean_custom_header_template":"0","ocean_custom_logo":0,"ocean_custom_retina_logo":0,"ocean_custom_logo_max_width":0,"ocean_custom_logo_tablet_max_width":0,"ocean_custom_logo_mobile_max_width":0,"ocean_custom_logo_max_height":0,"ocean_custom_logo_tablet_max_height":0,"ocean_custom_logo_mobile_max_height":0,"ocean_header_custom_menu":"0","ocean_menu_typo_font_family":"0","ocean_menu_typo_font_subset":"","ocean_menu_typo_font_size":0,"ocean_menu_typo_font_size_tablet":0,"ocean_menu_typo_font_size_mobile":0,"ocean_menu_typo_font_size_unit":"px","ocean_menu_typo_font_weight":"","ocean_menu_typo_font_weight_tablet":"","ocean_menu_typo_font_weight_mobile":"","ocean_menu_typo_transform":"","ocean_menu_typo_transform_tablet":"","ocean_menu_typo_transform_mobile":"","ocean_menu_typo_line_height":0,"ocean_menu_typo_line_height_tablet":0,"ocean_menu_typo_line_height_mobile":0,"ocean_menu_typo_line_height_unit":"","ocean_menu_typo_spacing":0,"ocean_menu_typo_spacing_tablet":0,"ocean_menu_typo_spacing_mobile":0,"ocean_menu_typo_spacing_unit":"","ocean_menu_link_color":"","ocean_menu_link_color_hover":"","ocean_menu_link_color_active":"","ocean_menu_link_background":"","ocean_menu_link_hover_background":"","ocean_menu_link_active_background":"","ocean_menu_social_links_bg":"","ocean_menu_social_hover_links_bg":"","ocean_menu_social_links_color":"","ocean_menu_social_hover_links_color":"","ocean_disable_title":"default","ocean_disable_heading":"default","ocean_post_title":"","ocean_post_subheading":"","ocean_post_title_style":"","ocean_post_title_background_color":"","ocean_post_title_background":0,"ocean_post_title_bg_image_position":"","ocean_post_title_bg_image_attachment":"","ocean_post_title_bg_image_repeat":"","ocean_post_title_bg_image_size":"","ocean_post_title_height":0,"ocean_post_title_bg_overlay":0.5,"ocean_post_title_bg_overlay_color":"","ocean_disable_breadcrumbs":"default","ocean_breadcrumbs_color":"","ocean_breadcrumbs_separator_color":"","ocean_breadcrumbs_links_color":"","ocean_breadcrumbs_links_hover_color":"","ocean_display_footer_widgets":"default","ocean_display_footer_bottom":"default","ocean_custom_footer_template":"0","footnotes":""},"_links":{"self":[{"href":"https:\/\/www.lyceejeanbart.fr\/index.php\/wp-json\/wp\/v2\/pages\/1049"}],"collection":[{"href":"https:\/\/www.lyceejeanbart.fr\/index.php\/wp-json\/wp\/v2\/pages"}],"about":[{"href":"https:\/\/www.lyceejeanbart.fr\/index.php\/wp-json\/wp\/v2\/types\/page"}],"author":[{"embeddable":true,"href":"https:\/\/www.lyceejeanbart.fr\/index.php\/wp-json\/wp\/v2\/users\/11"}],"replies":[{"embeddable":true,"href":"https:\/\/www.lyceejeanbart.fr\/index.php\/wp-json\/wp\/v2\/comments?post=1049"}],"version-history":[{"count":13,"href":"https:\/\/www.lyceejeanbart.fr\/index.php\/wp-json\/wp\/v2\/pages\/1049\/revisions"}],"predecessor-version":[{"id":2674,"href":"https:\/\/www.lyceejeanbart.fr\/index.php\/wp-json\/wp\/v2\/pages\/1049\/revisions\/2674"}],"wp:attachment":[{"href":"https:\/\/www.lyceejeanbart.fr\/index.php\/wp-json\/wp\/v2\/media?parent=1049"}],"curies":[{"name":"wp","href":"https:\/\/api.w.org\/{rel}","templated":true}]}}