{"id":1082,"date":"2021-01-19T09:15:40","date_gmt":"2021-01-19T08:15:40","guid":{"rendered":"http:\/\/lyceejeanbart.fr\/?page_id=1082"},"modified":"2022-01-13T08:10:55","modified_gmt":"2022-01-13T07:10:55","slug":"maison-des-lyceen","status":"publish","type":"page","link":"https:\/\/www.lyceejeanbart.fr\/index.php\/maison-des-lyceen\/","title":{"rendered":"Maison des lyc\u00e9en"},"content":{"rendered":"<p>La MDL, Maison des lyc\u00e9ens du Lyc\u00e9e Jean Bart, est une association Loi de 1901 cr\u00e9\u00e9e en juin 2020, cog\u00e9r\u00e9e par des \u00e9l\u00e8ves et des adultes. Son objectif est de f\u00e9d\u00e9rer les initiatives port\u00e9es par les lyc\u00e9ens. Elle peut participer au financement des sorties et voyages ou tout autre projet port\u00e9 par des jeunes.<\/p>\n<p>L\u2019adh\u00e9sion est de 10 euros par an.<\/p>\n<p><img fetchpriority=\"high\" decoding=\"async\" class=\"aligncenter wp-image-4286 size-large\" src=\"https:\/\/www.lyceejeanbart.fr\/wp-content\/uploads\/2022\/01\/Photo-MDL-1024x768.jpeg\" alt=\"\" width=\"1024\" height=\"768\" srcset=\"https:\/\/www.lyceejeanbart.fr\/wp-content\/uploads\/2022\/01\/Photo-MDL-1024x768.jpeg 1024w, https:\/\/www.lyceejeanbart.fr\/wp-content\/uploads\/2022\/01\/Photo-MDL-300x225.jpeg 300w, https:\/\/www.lyceejeanbart.fr\/wp-content\/uploads\/2022\/01\/Photo-MDL-768x576.jpeg 768w, https:\/\/www.lyceejeanbart.fr\/wp-content\/uploads\/2022\/01\/Photo-MDL-1536x1152.jpeg 1536w, https:\/\/www.lyceejeanbart.fr\/wp-content\/uploads\/2022\/01\/Photo-MDL-2048x1536.jpeg 2048w\" sizes=\"(max-width: 1024px) 100vw, 1024px\" \/><\/p>\n<p>Mais la MDL est avant tout un lieu convivial o\u00f9 les \u00e9l\u00e8ves sont accueillis par un Assistant d&rsquo;Education dans un espace de d\u00e9tente. Nos lyc\u00e9ens peuvent jouer au Baby-Foot, \u00e0 diff\u00e9rents jeux de soci\u00e9t\u00e9 et s&rsquo;entrainer au jeu de fl\u00e9chettes. Une t\u00e9l\u00e9vision grand \u00e9cran est \u00e9galement install\u00e9e.<\/p>\n<p>Nous \u00e9tudions toute demande des adh\u00e9rents quant \u00e0 l&rsquo;am\u00e9lioration de cette maison selon nos possibilit\u00e9s financi\u00e8res<\/p>\n","protected":false},"excerpt":{"rendered":"<p>La MDL, Maison des lyc\u00e9ens du Lyc\u00e9e Jean Bart, est une association Loi de 1901 cr\u00e9\u00e9e en juin 2020, cog\u00e9r\u00e9e par des \u00e9l\u00e8ves et des adultes. Son objectif est de f\u00e9d\u00e9rer les initiatives port\u00e9es par les lyc\u00e9ens. Elle peut participer au financement des sorties et voyages ou tout autre projet port\u00e9 par des jeunes. L\u2019adh\u00e9sion [&hellip;]<\/p>\n","protected":false},"author":11,"featured_media":0,"parent":0,"menu_order":0,"comment_status":"closed","ping_status":"closed","template":"","meta":{"ocean_post_layout":"","ocean_both_sidebars_style":"","ocean_both_sidebars_content_width":0,"ocean_both_sidebars_sidebars_width":0,"ocean_sidebar":"0","ocean_second_sidebar":"0","ocean_disable_margins":"enable","ocean_add_body_class":"","ocean_shortcode_before_top_bar":"","ocean_shortcode_after_top_bar":"","ocean_shortcode_before_header":"","ocean_shortcode_after_header":"","ocean_has_shortcode":"","ocean_shortcode_after_title":"","ocean_shortcode_before_footer_widgets":"","ocean_shortcode_after_footer_widgets":"","ocean_shortcode_before_footer_bottom":"","ocean_shortcode_after_footer_bottom":"","ocean_display_top_bar":"default","ocean_display_header":"default","ocean_header_style":"","ocean_center_header_left_menu":"0","ocean_custom_header_template":"0","ocean_custom_logo":0,"ocean_custom_retina_logo":0,"ocean_custom_logo_max_width":0,"ocean_custom_logo_tablet_max_width":0,"ocean_custom_logo_mobile_max_width":0,"ocean_custom_logo_max_height":0,"ocean_custom_logo_tablet_max_height":0,"ocean_custom_logo_mobile_max_height":0,"ocean_header_custom_menu":"0","ocean_menu_typo_font_family":"0","ocean_menu_typo_font_subset":"","ocean_menu_typo_font_size":0,"ocean_menu_typo_font_size_tablet":0,"ocean_menu_typo_font_size_mobile":0,"ocean_menu_typo_font_size_unit":"px","ocean_menu_typo_font_weight":"","ocean_menu_typo_font_weight_tablet":"","ocean_menu_typo_font_weight_mobile":"","ocean_menu_typo_transform":"","ocean_menu_typo_transform_tablet":"","ocean_menu_typo_transform_mobile":"","ocean_menu_typo_line_height":0,"ocean_menu_typo_line_height_tablet":0,"ocean_menu_typo_line_height_mobile":0,"ocean_menu_typo_line_height_unit":"","ocean_menu_typo_spacing":0,"ocean_menu_typo_spacing_tablet":0,"ocean_menu_typo_spacing_mobile":0,"ocean_menu_typo_spacing_unit":"","ocean_menu_link_color":"","ocean_menu_link_color_hover":"","ocean_menu_link_color_active":"","ocean_menu_link_background":"","ocean_menu_link_hover_background":"","ocean_menu_link_active_background":"","ocean_menu_social_links_bg":"","ocean_menu_social_hover_links_bg":"","ocean_menu_social_links_color":"","ocean_menu_social_hover_links_color":"","ocean_disable_title":"default","ocean_disable_heading":"default","ocean_post_title":"","ocean_post_subheading":"","ocean_post_title_style":"","ocean_post_title_background_color":"","ocean_post_title_background":0,"ocean_post_title_bg_image_position":"","ocean_post_title_bg_image_attachment":"","ocean_post_title_bg_image_repeat":"","ocean_post_title_bg_image_size":"","ocean_post_title_height":0,"ocean_post_title_bg_overlay":0.5,"ocean_post_title_bg_overlay_color":"","ocean_disable_breadcrumbs":"default","ocean_breadcrumbs_color":"","ocean_breadcrumbs_separator_color":"","ocean_breadcrumbs_links_color":"","ocean_breadcrumbs_links_hover_color":"","ocean_display_footer_widgets":"default","ocean_display_footer_bottom":"default","ocean_custom_footer_template":"0","footnotes":""},"_links":{"self":[{"href":"https:\/\/www.lyceejeanbart.fr\/index.php\/wp-json\/wp\/v2\/pages\/1082"}],"collection":[{"href":"https:\/\/www.lyceejeanbart.fr\/index.php\/wp-json\/wp\/v2\/pages"}],"about":[{"href":"https:\/\/www.lyceejeanbart.fr\/index.php\/wp-json\/wp\/v2\/types\/page"}],"author":[{"embeddable":true,"href":"https:\/\/www.lyceejeanbart.fr\/index.php\/wp-json\/wp\/v2\/users\/11"}],"replies":[{"embeddable":true,"href":"https:\/\/www.lyceejeanbart.fr\/index.php\/wp-json\/wp\/v2\/comments?post=1082"}],"version-history":[{"count":8,"href":"https:\/\/www.lyceejeanbart.fr\/index.php\/wp-json\/wp\/v2\/pages\/1082\/revisions"}],"predecessor-version":[{"id":4287,"href":"https:\/\/www.lyceejeanbart.fr\/index.php\/wp-json\/wp\/v2\/pages\/1082\/revisions\/4287"}],"wp:attachment":[{"href":"https:\/\/www.lyceejeanbart.fr\/index.php\/wp-json\/wp\/v2\/media?parent=1082"}],"curies":[{"name":"wp","href":"https:\/\/api.w.org\/{rel}","templated":true}]}}