{"id":1110,"date":"2021-01-25T10:10:01","date_gmt":"2021-01-25T09:10:01","guid":{"rendered":"http:\/\/lyceejeanbart.fr\/?page_id=1110"},"modified":"2025-12-15T18:24:42","modified_gmt":"2025-12-15T17:24:42","slug":"seconde","status":"publish","type":"page","link":"https:\/\/www.lyceejeanbart.fr\/index.php\/seconde\/","title":{"rendered":"Seconde"},"content":{"rendered":"<h1 style=\"text-align: center;\">Organisation des enseignements<\/h1>\n<p><iframe id=\"iframe_container\" src=\"https:\/\/prezi.com\/p\/kxuo1_6bgvpr\/embed\/\" width=\"560\" height=\"500\" frameborder=\"0\" allowfullscreen=\"allowfullscreen\"><\/iframe><\/p>\n<p><img fetchpriority=\"high\" decoding=\"async\" class=\"aligncenter wp-image-2717\" src=\"https:\/\/www.lyceejeanbart.fr\/wp-content\/uploads\/2021\/03\/Utilisation_presentation-2.jpg\" alt=\"\" width=\"900\" height=\"59\" srcset=\"https:\/\/www.lyceejeanbart.fr\/wp-content\/uploads\/2021\/03\/Utilisation_presentation-2.jpg 1241w, https:\/\/www.lyceejeanbart.fr\/wp-content\/uploads\/2021\/03\/Utilisation_presentation-2-300x20.jpg 300w, https:\/\/www.lyceejeanbart.fr\/wp-content\/uploads\/2021\/03\/Utilisation_presentation-2-1024x68.jpg 1024w, https:\/\/www.lyceejeanbart.fr\/wp-content\/uploads\/2021\/03\/Utilisation_presentation-2-768x51.jpg 768w\" sizes=\"(max-width: 900px) 100vw, 900px\" \/><\/p>\n<p>&nbsp;<\/p>\n<h1 style=\"text-align: center;\">Contenu des enseignements<\/h1>\n<h6 style=\"text-align: center;\"><em>(Vous pouvez cliquer sur les liens soulign\u00e9s ci-dessous)<\/em><\/h6>\n<p style=\"text-align: center;\"><a href=\"https:\/\/www.education.gouv.fr\/les-programmes-du-lycee-general-et-technologique-9812\" target=\"_blank\" rel=\"noopener\"><strong>Enseignements de la classe de Seconde : contenu des programmes des disciplines<\/strong><\/a><\/p>\n<table class=\" aligncenter\" style=\"height: 100%; width: 100%; border-collapse: collapse; border-style: none;\">\n<tbody>\n<tr style=\"height: 24px;\">\n<td style=\"height: 24px; vertical-align: top; border-style: none; text-align: center; width: 33%; background-color: #d5ebed;\"><strong><span style=\"font-size: 18pt;\"><em>Tronc Commun<\/em><\/span><\/strong><\/p>\n<p><a href=\"https:\/\/www.lyceejeanbart.fr\/index.php\/sciences-numeriques-et-technologie\/\" target=\"_blank\" rel=\"noopener\">Sciences Num\u00e9riques et Technologie<\/a><\/p>\n<p><a href=\"https:\/\/www.lyceejeanbart.fr\/index.php\/lettres\/\" target=\"_blank\" rel=\"noopener\">Fran\u00e7ais<\/a><\/p>\n<p><a href=\"https:\/\/www.lyceejeanbart.fr\/index.php\/sciences-de-la-vie-et-de-la-terre-2\/\" target=\"_blank\" rel=\"noopener\">Sciences de la Vie et de la Terre<\/a><\/p>\n<p><a href=\"https:\/\/www.lyceejeanbart.fr\/index.php\/tronc-commun-education-physique-et-sportive\/\" target=\"_blank\" rel=\"noopener\">Education physique et sportive<\/a><\/p>\n<p>Math\u00e9matiques<\/p>\n<p>Histoire- G\u00e9ographie &#8211; EMC<\/td>\n<td style=\"height: 24px; border-style: none; width: 33%; background-color: #bcd2d4; text-align: center; vertical-align: top;\"><strong><span style=\"font-size: 18pt;\"><em>Options<\/em><\/span><\/strong><\/p>\n<p><a href=\"https:\/\/www.lyceejeanbart.fr\/index.php\/option-langues-et-cultures-de-lantiquite-latin-et-grec\/\" target=\"_blank\" rel=\"noopener\">Langues et Cultures de l&rsquo;Antiquit\u00e9 : latin et grec<\/a><\/p>\n<p><a href=\"https:\/\/www.lyceejeanbart.fr\/index.php\/langue-des-signes-francaise\/\" target=\"_blank\" rel=\"noopener\">Langue des Signes Fran\u00e7aise<\/a><\/p>\n<p><a href=\"https:\/\/www.lyceejeanbart.fr\/index.php\/option-chinois\/\" target=\"_blank\" rel=\"noopener\">Chinois<\/a><\/p>\n<p><a href=\"https:\/\/www.lyceejeanbart.fr\/index.php\/erasmus\/\" target=\"_blank\" rel=\"noopener\">ERASMUS +<\/a><\/p>\n<p><a href=\"https:\/\/www.lyceejeanbart.fr\/index.php\/sciences-et-laboratoire\/\" target=\"_blank\" rel=\"noopener\">Sciences et Laboratoire<\/a><\/p>\n<p><a href=\"https:\/\/www.lyceejeanbart.fr\/index.php\/management-et-gestion\/\" target=\"_blank\" rel=\"noopener\">Management et Gestion<\/a><\/p>\n<p><a href=\"https:\/\/www.lyceejeanbart.fr\/index.php\/atelier-defense\/\" target=\"_blank\" rel=\"noopener\">Atelier D\u00e9fense<\/a><\/td>\n<td style=\"height: 24px; vertical-align: top; border-style: none; text-align: center; width: 33%; background-color: #d5ebed;\"><strong><span style=\"font-size: 18pt;\"><em>Sections<\/em><\/span><\/strong><\/p>\n<p><a href=\"https:\/\/www.lyceejeanbart.fr\/index.php\/option-section-euro-allemand\/\" target=\"_blank\" rel=\"noopener\">Euro Allemand<\/a><\/p>\n<p><a href=\"https:\/\/www.lyceejeanbart.fr\/index.php\/option-section-euro-anglais\/\" target=\"_blank\" rel=\"noopener\">Euro Anglais<\/a><\/p>\n<p><a href=\"https:\/\/www.lyceejeanbart.fr\/index.php\/section-euro-espagnol\/\" target=\"_blank\" rel=\"noopener\">Euro Espagnol<\/a><\/p>\n<p><a href=\"https:\/\/www.lyceejeanbart.fr\/index.php\/section-football\/\" target=\"_blank\" rel=\"noopener\">Section Football<\/a><\/p>\n<p><a href=\"https:\/\/www.lyceejeanbart.fr\/index.php\/section-handball\/\" target=\"_blank\" rel=\"noopener\">Section Handball<\/a><\/p>\n<p><a href=\"https:\/\/www.lyceejeanbart.fr\/index.php\/section-judo\/\" target=\"_blank\" rel=\"noopener\">Section Judo<\/a><\/p>\n<p><a href=\"https:\/\/www.lyceejeanbart.fr\/index.php\/section-volley-ball\/\" target=\"_blank\" rel=\"noopener\">Section Volley Ball<\/a><\/p>\n<p>P\u00f4le Aviron<\/p>\n<p>P\u00f4le Hand<\/p>\n<p>P\u00f4le voile<\/p>\n<p>BFI<\/td>\n<\/tr>\n<\/tbody>\n<\/table>\n","protected":false},"excerpt":{"rendered":"<p>Organisation des enseignements &nbsp; Contenu des enseignements (Vous pouvez cliquer sur les liens soulign\u00e9s ci-dessous) Enseignements de la classe de Seconde : contenu des programmes des disciplines Tronc Commun Sciences Num\u00e9riques et Technologie Fran\u00e7ais Sciences de la Vie et de la Terre Education physique et sportive Math\u00e9matiques Histoire- G\u00e9ographie &#8211; EMC Options Langues et Cultures [&hellip;]<\/p>\n","protected":false},"author":11,"featured_media":0,"parent":0,"menu_order":0,"comment_status":"closed","ping_status":"closed","template":"","meta":{"ocean_post_layout":"","ocean_both_sidebars_style":"","ocean_both_sidebars_content_width":0,"ocean_both_sidebars_sidebars_width":0,"ocean_sidebar":"0","ocean_second_sidebar":"0","ocean_disable_margins":"enable","ocean_add_body_class":"","ocean_shortcode_before_top_bar":"","ocean_shortcode_after_top_bar":"","ocean_shortcode_before_header":"","ocean_shortcode_after_header":"","ocean_has_shortcode":"","ocean_shortcode_after_title":"","ocean_shortcode_before_footer_widgets":"","ocean_shortcode_after_footer_widgets":"","ocean_shortcode_before_footer_bottom":"","ocean_shortcode_after_footer_bottom":"","ocean_display_top_bar":"default","ocean_display_header":"default","ocean_header_style":"","ocean_center_header_left_menu":"0","ocean_custom_header_template":"0","ocean_custom_logo":0,"ocean_custom_retina_logo":0,"ocean_custom_logo_max_width":0,"ocean_custom_logo_tablet_max_width":0,"ocean_custom_logo_mobile_max_width":0,"ocean_custom_logo_max_height":0,"ocean_custom_logo_tablet_max_height":0,"ocean_custom_logo_mobile_max_height":0,"ocean_header_custom_menu":"0","ocean_menu_typo_font_family":"0","ocean_menu_typo_font_subset":"","ocean_menu_typo_font_size":0,"ocean_menu_typo_font_size_tablet":0,"ocean_menu_typo_font_size_mobile":0,"ocean_menu_typo_font_size_unit":"px","ocean_menu_typo_font_weight":"","ocean_menu_typo_font_weight_tablet":"","ocean_menu_typo_font_weight_mobile":"","ocean_menu_typo_transform":"","ocean_menu_typo_transform_tablet":"","ocean_menu_typo_transform_mobile":"","ocean_menu_typo_line_height":0,"ocean_menu_typo_line_height_tablet":0,"ocean_menu_typo_line_height_mobile":0,"ocean_menu_typo_line_height_unit":"","ocean_menu_typo_spacing":0,"ocean_menu_typo_spacing_tablet":0,"ocean_menu_typo_spacing_mobile":0,"ocean_menu_typo_spacing_unit":"","ocean_menu_link_color":"","ocean_menu_link_color_hover":"","ocean_menu_link_color_active":"","ocean_menu_link_background":"","ocean_menu_link_hover_background":"","ocean_menu_link_active_background":"","ocean_menu_social_links_bg":"","ocean_menu_social_hover_links_bg":"","ocean_menu_social_links_color":"","ocean_menu_social_hover_links_color":"","ocean_disable_title":"default","ocean_disable_heading":"default","ocean_post_title":"","ocean_post_subheading":"","ocean_post_title_style":"","ocean_post_title_background_color":"","ocean_post_title_background":0,"ocean_post_title_bg_image_position":"","ocean_post_title_bg_image_attachment":"","ocean_post_title_bg_image_repeat":"","ocean_post_title_bg_image_size":"","ocean_post_title_height":0,"ocean_post_title_bg_overlay":0.5,"ocean_post_title_bg_overlay_color":"","ocean_disable_breadcrumbs":"default","ocean_breadcrumbs_color":"","ocean_breadcrumbs_separator_color":"","ocean_breadcrumbs_links_color":"","ocean_breadcrumbs_links_hover_color":"","ocean_display_footer_widgets":"default","ocean_display_footer_bottom":"default","ocean_custom_footer_template":"0","footnotes":""},"_links":{"self":[{"href":"https:\/\/www.lyceejeanbart.fr\/index.php\/wp-json\/wp\/v2\/pages\/1110"}],"collection":[{"href":"https:\/\/www.lyceejeanbart.fr\/index.php\/wp-json\/wp\/v2\/pages"}],"about":[{"href":"https:\/\/www.lyceejeanbart.fr\/index.php\/wp-json\/wp\/v2\/types\/page"}],"author":[{"embeddable":true,"href":"https:\/\/www.lyceejeanbart.fr\/index.php\/wp-json\/wp\/v2\/users\/11"}],"replies":[{"embeddable":true,"href":"https:\/\/www.lyceejeanbart.fr\/index.php\/wp-json\/wp\/v2\/comments?post=1110"}],"version-history":[{"count":15,"href":"https:\/\/www.lyceejeanbart.fr\/index.php\/wp-json\/wp\/v2\/pages\/1110\/revisions"}],"predecessor-version":[{"id":8415,"href":"https:\/\/www.lyceejeanbart.fr\/index.php\/wp-json\/wp\/v2\/pages\/1110\/revisions\/8415"}],"wp:attachment":[{"href":"https:\/\/www.lyceejeanbart.fr\/index.php\/wp-json\/wp\/v2\/media?parent=1110"}],"curies":[{"name":"wp","href":"https:\/\/api.w.org\/{rel}","templated":true}]}}