{"id":1114,"date":"2021-01-25T10:10:27","date_gmt":"2021-01-25T09:10:27","guid":{"rendered":"http:\/\/lyceejeanbart.fr\/?page_id=1114"},"modified":"2022-06-20T10:52:43","modified_gmt":"2022-06-20T08:52:43","slug":"terminale","status":"publish","type":"page","link":"https:\/\/www.lyceejeanbart.fr\/index.php\/terminale\/","title":{"rendered":"Terminale"},"content":{"rendered":"<h1 style=\"text-align: center;\">Organisation des enseignements<\/h1>\n<p><iframe id=\"iframe_container\" src=\"https:\/\/prezi.com\/p\/1qwpdlzjf1oh\/embed\/\" width=\"500\" height=\"560\" frameborder=\"0\" allowfullscreen=\"allowfullscreen\"><\/iframe><\/p>\n<p><img fetchpriority=\"high\" decoding=\"async\" class=\"aligncenter wp-image-2717\" src=\"https:\/\/www.lyceejeanbart.fr\/wp-content\/uploads\/2021\/03\/Utilisation_presentation-2.jpg\" alt=\"\" width=\"900\" height=\"59\" srcset=\"https:\/\/www.lyceejeanbart.fr\/wp-content\/uploads\/2021\/03\/Utilisation_presentation-2.jpg 1241w, https:\/\/www.lyceejeanbart.fr\/wp-content\/uploads\/2021\/03\/Utilisation_presentation-2-300x20.jpg 300w, https:\/\/www.lyceejeanbart.fr\/wp-content\/uploads\/2021\/03\/Utilisation_presentation-2-1024x68.jpg 1024w, https:\/\/www.lyceejeanbart.fr\/wp-content\/uploads\/2021\/03\/Utilisation_presentation-2-768x51.jpg 768w\" sizes=\"(max-width: 900px) 100vw, 900px\" \/><\/p>\n<p>&nbsp;<\/p>\n<h1 style=\"text-align: center;\">Certificat m\u00e9dical d&rsquo;inaptitude \u00e0 la pratique de l&rsquo;EPS (Baccalaur\u00e9at)<\/h1>\n<p style=\"text-align: center;\"><a href=\"https:\/\/www.lyceejeanbart.fr\/wp-content\/uploads\/2022\/06\/CERTIFICAT-MEDICAL.pdf\" target=\"_blank\" rel=\"noopener\">Certificat officiel<\/a> (\u00e0 faire compl\u00e9ter par un m\u00e9decin)<\/p>\n<p>&nbsp;<\/p>\n<h1 style=\"text-align: center;\">Contenu des enseignements<\/h1>\n<h6 style=\"text-align: center;\"><em>(Vous pouvez cliquer sur les liens soulign\u00e9s ci-dessous)<\/em><\/h6>\n<h4 style=\"text-align: center;\"><a href=\"https:\/\/www.education.gouv.fr\/les-programmes-du-lycee-general-et-technologique-9812\" target=\"_blank\" rel=\"noopener\">Enseignements des classes de Terminale<\/a><a href=\"https:\/\/www.education.gouv.fr\/les-programmes-du-lycee-general-et-technologique-9812\" target=\"_blank\" rel=\"noopener\"> : contenu des programmes des disciplines et sp\u00e9cialit\u00e9s<\/a><\/h4>\n<p style=\"text-align: center;\"><a role=\"link\" href=\"https:\/\/www.lyceejeanbart.fr\/index.php\/tronc-commun-education-physique-et-sportive\/\" target=\"_blank\" rel=\"noopener\">Education physique et sportive (tronc commun)<\/a><\/p>\n<table class=\" aligncenter\" style=\"height: 100%; width: 100%; border-collapse: collapse; border-style: none;\">\n<tbody>\n<tr style=\"height: 24px;\">\n<td style=\"border-style: none; width: 33%; height: 100%; background-color: #d5ebed; text-align: center; vertical-align: top;\">\n<h2><em>Sp\u00e9cialit\u00e9s<\/em><\/h2>\n<p><a href=\"https:\/\/www.lyceejeanbart.fr\/index.php\/specialite-education-physique-pratiques-et-culture-sportives\/\" target=\"_blank\" rel=\"noopener\">Education Physique, Pratiques et Cultures sportives<\/a><\/p>\n<p><a href=\"https:\/\/www.lyceejeanbart.fr\/index.php\/histoire-geographie-geopolitique-sciences-politiques\/\" target=\"_blank\" rel=\"noopener\">Histoire G\u00e9ographie G\u00e9opolitique Sciences Politiques<\/a><\/p>\n<p><a href=\"https:\/\/www.lyceejeanbart.fr\/index.php\/humanite-litterature-et-philosophie\/\" target=\"_blank\" rel=\"noopener\">Humanit\u00e9, Litt\u00e9rature et Philosophie<\/a><\/p>\n<p><a href=\"https:\/\/www.lyceejeanbart.fr\/index.php\/llce-anglais-2\/\" target=\"_blank\" rel=\"noopener\">Langues, Litt\u00e9ratures et Cultures Etrang\u00e8res : <em>Anglais<\/em><\/a><\/p>\n<p><a href=\"https:\/\/www.lyceejeanbart.fr\/index.php\/llce-anglais\/\" target=\"_blank\" rel=\"noopener\">Langues, Litt\u00e9ratures et Cultures Etrang\u00e8res : <em>Anglais Monde Contemporain<\/em><\/a><\/p>\n<p><a href=\"https:\/\/www.lyceejeanbart.fr\/index.php\/llce-espagnol\/\" target=\"_blank\" rel=\"noopener\">Langues, Litt\u00e9ratures et Cultures Etrang\u00e8res : <em>Espagnol<\/em><\/a><\/p>\n<p><a href=\"https:\/\/www.lyceejeanbart.fr\/index.php\/mathematiques\/\" target=\"_blank\" rel=\"noopener\">Math\u00e9matiques<\/a><\/p>\n<p><a href=\"https:\/\/www.lyceejeanbart.fr\/index.php\/physique-chimie\/\" target=\"_blank\" rel=\"noopener\">Physique &#8211; Chimie<\/a><\/p>\n<p><a href=\"https:\/\/www.lyceejeanbart.fr\/index.php\/numerique-et-sciences-informatiques\/\" target=\"_blank\" rel=\"noopener\">Num\u00e9rique et Sciences informatiques<\/a><\/p>\n<p><a href=\"https:\/\/www.lyceejeanbart.fr\/index.php\/specialite-sciences-de-la-vie-et-de-la-terre-terminale\/\" target=\"_blank\" rel=\"noopener\">Sciences de la Vie et de la Terre<\/a><\/p>\n<p><a href=\"https:\/\/www.lyceejeanbart.fr\/index.php\/sciences-economiques-et-sociales\/\" target=\"_blank\" rel=\"noopener\">Sciences Economiques et Sociales<\/a><\/td>\n<td style=\"border-style: none; width: 33%; height: 100%; background-color: #bcd2d4; text-align: center; vertical-align: top;\">\n<h2><em>Options<\/em><\/h2>\n<p><a href=\"https:\/\/www.lyceejeanbart.fr\/index.php\/option-mathematiques-complementaires\/\" target=\"_blank\" rel=\"noopener\">Math\u00e9matiques Compl\u00e9mentaires<\/a><\/p>\n<p><a href=\"https:\/\/www.lyceejeanbart.fr\/index.php\/option-mathematiques-expertes\/\" target=\"_blank\" rel=\"noopener\">Math\u00e9matiques Expertes<\/a><\/p>\n<p><a href=\"https:\/\/www.lyceejeanbart.fr\/index.php\/option-droit-et-grands-enjeux-du-monde-contemporain\/\" target=\"_blank\" rel=\"noopener\">Droit et Grands Enjeux du Monde Contemporain<\/a><\/p>\n<p><a href=\"https:\/\/www.lyceejeanbart.fr\/index.php\/option-langues-et-cultures-de-lantiquite-latin-et-grec\/\" target=\"_blank\" rel=\"noopener\">Langues et Cultures de l&rsquo;Antiquit\u00e9 : latin et grec<\/a><\/p>\n<p><a href=\"https:\/\/www.lyceejeanbart.fr\/index.php\/langue-des-signes-francaise\/\" target=\"_blank\" rel=\"noopener\">Langue des Signes Fran\u00e7aise<\/a><\/p>\n<p><a href=\"https:\/\/www.lyceejeanbart.fr\/index.php\/option-chinois\/\" target=\"_blank\" rel=\"noopener\">Chinois<\/a><\/td>\n<td style=\"border-style: none; width: 33%; height: 100%; background-color: #d5ebed; text-align: center; vertical-align: top;\">\n<h2><em>Sections<\/em><\/h2>\n<p><a href=\"https:\/\/www.lyceejeanbart.fr\/index.php\/option-section-euro-allemand\/\" target=\"_blank\" rel=\"noopener\">Euro Allemand<\/a><\/p>\n<p><a href=\"https:\/\/www.lyceejeanbart.fr\/index.php\/option-section-euro-anglais\/\" target=\"_blank\" rel=\"noopener\">Euro Anglais<\/a><\/p>\n<p><a href=\"https:\/\/www.lyceejeanbart.fr\/index.php\/section-euro-espagnol\/\" target=\"_blank\" rel=\"noopener\">Euro Espagnol<\/a><\/p>\n<p><a href=\"https:\/\/www.lyceejeanbart.fr\/index.php\/section-football\/\" target=\"_blank\" rel=\"noopener\">Section Football<\/a><\/p>\n<p><a href=\"https:\/\/www.lyceejeanbart.fr\/index.php\/section-handball\/\" target=\"_blank\" rel=\"noopener\">Section Handball<\/a><\/p>\n<p><a href=\"https:\/\/www.lyceejeanbart.fr\/index.php\/section-judo\/\" target=\"_blank\" rel=\"noopener\">Section Judo<\/a><\/p>\n<p><a href=\"https:\/\/www.lyceejeanbart.fr\/index.php\/section-volley-ball\/\" target=\"_blank\" rel=\"noopener\">Section Volley Ball<\/a><\/td>\n<\/tr>\n<\/tbody>\n<\/table>\n","protected":false},"excerpt":{"rendered":"<p>Organisation des enseignements &nbsp; Certificat m\u00e9dical d&rsquo;inaptitude \u00e0 la pratique de l&rsquo;EPS (Baccalaur\u00e9at) Certificat officiel (\u00e0 faire compl\u00e9ter par un m\u00e9decin) &nbsp; Contenu des enseignements (Vous pouvez cliquer sur les liens soulign\u00e9s ci-dessous) Enseignements des classes de Terminale : contenu des programmes des disciplines et sp\u00e9cialit\u00e9s Education physique et sportive (tronc commun) Sp\u00e9cialit\u00e9s Education Physique, [&hellip;]<\/p>\n","protected":false},"author":11,"featured_media":0,"parent":0,"menu_order":0,"comment_status":"closed","ping_status":"closed","template":"","meta":{"ocean_post_layout":"","ocean_both_sidebars_style":"","ocean_both_sidebars_content_width":0,"ocean_both_sidebars_sidebars_width":0,"ocean_sidebar":"0","ocean_second_sidebar":"0","ocean_disable_margins":"enable","ocean_add_body_class":"","ocean_shortcode_before_top_bar":"","ocean_shortcode_after_top_bar":"","ocean_shortcode_before_header":"","ocean_shortcode_after_header":"","ocean_has_shortcode":"","ocean_shortcode_after_title":"","ocean_shortcode_before_footer_widgets":"","ocean_shortcode_after_footer_widgets":"","ocean_shortcode_before_footer_bottom":"","ocean_shortcode_after_footer_bottom":"","ocean_display_top_bar":"default","ocean_display_header":"default","ocean_header_style":"","ocean_center_header_left_menu":"0","ocean_custom_header_template":"0","ocean_custom_logo":0,"ocean_custom_retina_logo":0,"ocean_custom_logo_max_width":0,"ocean_custom_logo_tablet_max_width":0,"ocean_custom_logo_mobile_max_width":0,"ocean_custom_logo_max_height":0,"ocean_custom_logo_tablet_max_height":0,"ocean_custom_logo_mobile_max_height":0,"ocean_header_custom_menu":"0","ocean_menu_typo_font_family":"0","ocean_menu_typo_font_subset":"","ocean_menu_typo_font_size":0,"ocean_menu_typo_font_size_tablet":0,"ocean_menu_typo_font_size_mobile":0,"ocean_menu_typo_font_size_unit":"px","ocean_menu_typo_font_weight":"","ocean_menu_typo_font_weight_tablet":"","ocean_menu_typo_font_weight_mobile":"","ocean_menu_typo_transform":"","ocean_menu_typo_transform_tablet":"","ocean_menu_typo_transform_mobile":"","ocean_menu_typo_line_height":0,"ocean_menu_typo_line_height_tablet":0,"ocean_menu_typo_line_height_mobile":0,"ocean_menu_typo_line_height_unit":"","ocean_menu_typo_spacing":0,"ocean_menu_typo_spacing_tablet":0,"ocean_menu_typo_spacing_mobile":0,"ocean_menu_typo_spacing_unit":"","ocean_menu_link_color":"","ocean_menu_link_color_hover":"","ocean_menu_link_color_active":"","ocean_menu_link_background":"","ocean_menu_link_hover_background":"","ocean_menu_link_active_background":"","ocean_menu_social_links_bg":"","ocean_menu_social_hover_links_bg":"","ocean_menu_social_links_color":"","ocean_menu_social_hover_links_color":"","ocean_disable_title":"default","ocean_disable_heading":"default","ocean_post_title":"","ocean_post_subheading":"","ocean_post_title_style":"","ocean_post_title_background_color":"","ocean_post_title_background":0,"ocean_post_title_bg_image_position":"","ocean_post_title_bg_image_attachment":"","ocean_post_title_bg_image_repeat":"","ocean_post_title_bg_image_size":"","ocean_post_title_height":0,"ocean_post_title_bg_overlay":0.5,"ocean_post_title_bg_overlay_color":"","ocean_disable_breadcrumbs":"default","ocean_breadcrumbs_color":"","ocean_breadcrumbs_separator_color":"","ocean_breadcrumbs_links_color":"","ocean_breadcrumbs_links_hover_color":"","ocean_display_footer_widgets":"default","ocean_display_footer_bottom":"default","ocean_custom_footer_template":"0","footnotes":""},"_links":{"self":[{"href":"https:\/\/www.lyceejeanbart.fr\/index.php\/wp-json\/wp\/v2\/pages\/1114"}],"collection":[{"href":"https:\/\/www.lyceejeanbart.fr\/index.php\/wp-json\/wp\/v2\/pages"}],"about":[{"href":"https:\/\/www.lyceejeanbart.fr\/index.php\/wp-json\/wp\/v2\/types\/page"}],"author":[{"embeddable":true,"href":"https:\/\/www.lyceejeanbart.fr\/index.php\/wp-json\/wp\/v2\/users\/11"}],"replies":[{"embeddable":true,"href":"https:\/\/www.lyceejeanbart.fr\/index.php\/wp-json\/wp\/v2\/comments?post=1114"}],"version-history":[{"count":15,"href":"https:\/\/www.lyceejeanbart.fr\/index.php\/wp-json\/wp\/v2\/pages\/1114\/revisions"}],"predecessor-version":[{"id":5029,"href":"https:\/\/www.lyceejeanbart.fr\/index.php\/wp-json\/wp\/v2\/pages\/1114\/revisions\/5029"}],"wp:attachment":[{"href":"https:\/\/www.lyceejeanbart.fr\/index.php\/wp-json\/wp\/v2\/media?parent=1114"}],"curies":[{"name":"wp","href":"https:\/\/api.w.org\/{rel}","templated":true}]}}