{"id":2482,"date":"2021-03-13T16:18:52","date_gmt":"2021-03-13T15:18:52","guid":{"rendered":"https:\/\/www.lyceejeanbart.fr\/?page_id=2482"},"modified":"2022-03-02T13:44:06","modified_gmt":"2022-03-02T12:44:06","slug":"parcours-preparatoire-au-professorat-des-ecoles","status":"publish","type":"page","link":"https:\/\/www.lyceejeanbart.fr\/index.php\/parcours-preparatoire-au-professorat-des-ecoles\/","title":{"rendered":"Parcours Pr\u00e9paratoire au Professorat des Ecoles"},"content":{"rendered":"<h1>Partenariat lyc\u00e9e Jean Bart &#8211; Universit\u00e9 du Littoral C\u00f4te d\u2019Opale<\/h1>\n<p>Le PPPE (Parcours pr\u00e9paratoire au professorat des \u00e9coles) est adoss\u00e9 \u00e0 la licence de Math\u00e9matiques de l\u2019universit\u00e9 du Littoral C\u00f4te d\u2019Opale (ULCO). Le PPPE est un parcours de licence dispens\u00e9 en alternance entre le lyc\u00e9e Jean Bart et l\u2019ULCO, avec une professionnalisation et une universitarisation progressives.<\/p>\n<p>Ce parcours donne lieu \u00e0 l\u2019obtention de 180 ECTS et \u00e0 la d\u00e9livrance d\u2019une licence dans la majeure disciplinaire de r\u00e9f\u00e9rence qui porte le parcours \u00ab\u00a0PPPE\u00a0\u00bb, avec un d\u00e9bouch\u00e9 naturel vers le master MEEF mention premier degr\u00e9.<\/p>\n<p>D\u00e9partement de math\u00e9matiques de l&rsquo;ULCO\u00a0\u00a0:\u00a0<a href=\"http:\/\/dpt-maths.univ-littoral.fr\/spip.php?page=article&amp;id_article=11\">http:\/\/dpt-maths.univ-littoral.fr\/spip.php?page=article&amp;id_article=11\u00a0\u00a0\u00a0\u00a0<\/a><\/p>\n<p>(Vous pourrez y trouver le webinaire de pr\u00e9sentation du 3PE et le guide des \u00e9tudes L1 2021-2022)<\/p>\n<h1>Des enseignements et des stages<\/h1>\n<p>Ce parcours permet de se pr\u00e9parer \u00e0 devenir professeur des \u00e9coles en suivant un parcours de licence d\u00e9di\u00e9, comprenant\u00a0:<\/p>\n<ul>\n<li>des enseignements de culture g\u00e9n\u00e9rale et d\u2019approfondissement disciplinaire dispens\u00e9s au <strong>lyc\u00e9e Jean Bart<\/strong> ( Fran\u00e7ais, \u00e9tude de la langue et litt\u00e9rature \/ Atelier d\u2019\u00e9criture \/ Math\u00e9matiques\/ Philosophie morale et politique-la\u00efcit\u00e9 \/ Valeurs de la R\u00e9publique \/ EPS \/ Histoire-G\u00e9ographie \/ Sciences et technologie \/ Langue Vivante \/ Arts plastiques et \u00e9ducation musicale \/ Accompagnement individualis\u00e9) ;<\/li>\n<li>des enseignements de sp\u00e9cialisation et d\u2019approfondissement adoss\u00e9s \u00e0 la recherche dispens\u00e9s \u00e0 l\u2019<strong>ULCO<\/strong>;<\/li>\n<li>des stages d\u2019observation et de pratique accompagn\u00e9e \u00e0 l\u2019\u00e9cole primaire en 1\u00e8re et 2\u00e8me ann\u00e9e de licence ;<\/li>\n<li>un stage de mobilit\u00e9 internationale en troisi\u00e8me ann\u00e9e de licence.<\/li>\n<\/ul>\n<h1>Organisation des enseignements<\/h1>\n<p><strong>L1 (1\u00e8re ann\u00e9e)<\/strong> \u21d2 28 semaines de cours par an + 3 semaines de stage en \u00e9cole : 31 semaines (75% lyc\u00e9e-25% universit\u00e9)<\/p>\n<p><strong>L2 (2\u00e8me ann\u00e9e)<\/strong> \u21d2 28 semaines de cours par an + 3 semaines de stage en \u00e9cole : 31 semaines (50% lyc\u00e9e &#8211; 50% universit\u00e9)<\/p>\n<p><strong>L3 (3\u00e8me ann\u00e9e)<\/strong> \u21d2 27 semaines de cours + 4 semaines \u00e0 l\u2019\u00e9tranger : 31 semaines (25% lyc\u00e9e &#8211; 75% universit\u00e9)<\/p>\n<h1>Attendus<\/h1>\n<ul style=\"list-style-type: circle;\">\n<li>S\u2019int\u00e9resser \u00e0 la ma\u00eetrise de la langue fran\u00e7aise et des notions fondamentales en math\u00e9matiques, et \u00e0 l\u2019ensemble des champs disciplinaires qui sont enseign\u00e9s \u00e0 l\u2019\u00e9cole primaire, ainsi qu\u2019\u00e0 leur croisement et \u00e0 la transmission \u00e0 des \u00e9l\u00e8ves.<\/li>\n<li>Disposer des comp\u00e9tences dans deux disciplines parmi math\u00e9matiques, fran\u00e7ais, physique-chimie, SVT, SI, histoire et g\u00e9ographie, philosophie, langues vivantes, art, EPS.<\/li>\n<li>Poss\u00e9der des aptitudes \u00e0 un travail approfondi et des capacit\u00e9s d\u2019organisation.<\/li>\n<li>Disposer de comp\u00e9tences de r\u00e9flexion, d\u2019argumentation et d\u2019expression, \u00e9crites et orales, attest\u00e9es par les r\u00e9sultats dans les classes de premi\u00e8re et de terminale.<\/li>\n<\/ul>\n<p>&nbsp;<\/p>\n<h1>H\u00e9bergement<\/h1>\n<p>L\u2019internat du lyc\u00e9e Jean Bart pourra accueillir des \u00e9tudiants du PPPE.<\/p>\n<p>&nbsp;<\/p>\n<p>[pdf-embedder url=\u00a0\u00bbhttps:\/\/www.lyceejeanbart.fr\/wp-content\/uploads\/2022\/03\/2021-10-31-Article-Premiere-rentree-du-3PE.pdf\u00a0\u00bb title=\u00a0\u00bb2021 10 31 Article Premi\u00e8re rentr\u00e9e du 3PE\u00a0\u00bb]<\/p>\n","protected":false},"excerpt":{"rendered":"<p>Partenariat lyc\u00e9e Jean Bart &#8211; Universit\u00e9 du Littoral C\u00f4te d\u2019Opale Le PPPE (Parcours pr\u00e9paratoire au professorat des \u00e9coles) est adoss\u00e9 \u00e0 la licence de Math\u00e9matiques de l\u2019universit\u00e9 du Littoral C\u00f4te d\u2019Opale (ULCO). Le PPPE est un parcours de licence dispens\u00e9 en alternance entre le lyc\u00e9e Jean Bart et l\u2019ULCO, avec une professionnalisation et une universitarisation [&hellip;]<\/p>\n","protected":false},"author":4,"featured_media":0,"parent":0,"menu_order":0,"comment_status":"closed","ping_status":"closed","template":"","meta":{"ocean_post_layout":"","ocean_both_sidebars_style":"","ocean_both_sidebars_content_width":0,"ocean_both_sidebars_sidebars_width":0,"ocean_sidebar":"0","ocean_second_sidebar":"0","ocean_disable_margins":"enable","ocean_add_body_class":"","ocean_shortcode_before_top_bar":"","ocean_shortcode_after_top_bar":"","ocean_shortcode_before_header":"","ocean_shortcode_after_header":"","ocean_has_shortcode":"","ocean_shortcode_after_title":"","ocean_shortcode_before_footer_widgets":"","ocean_shortcode_after_footer_widgets":"","ocean_shortcode_before_footer_bottom":"","ocean_shortcode_after_footer_bottom":"","ocean_display_top_bar":"default","ocean_display_header":"default","ocean_header_style":"","ocean_center_header_left_menu":"0","ocean_custom_header_template":"0","ocean_custom_logo":0,"ocean_custom_retina_logo":0,"ocean_custom_logo_max_width":0,"ocean_custom_logo_tablet_max_width":0,"ocean_custom_logo_mobile_max_width":0,"ocean_custom_logo_max_height":0,"ocean_custom_logo_tablet_max_height":0,"ocean_custom_logo_mobile_max_height":0,"ocean_header_custom_menu":"0","ocean_menu_typo_font_family":"0","ocean_menu_typo_font_subset":"","ocean_menu_typo_font_size":0,"ocean_menu_typo_font_size_tablet":0,"ocean_menu_typo_font_size_mobile":0,"ocean_menu_typo_font_size_unit":"px","ocean_menu_typo_font_weight":"","ocean_menu_typo_font_weight_tablet":"","ocean_menu_typo_font_weight_mobile":"","ocean_menu_typo_transform":"","ocean_menu_typo_transform_tablet":"","ocean_menu_typo_transform_mobile":"","ocean_menu_typo_line_height":0,"ocean_menu_typo_line_height_tablet":0,"ocean_menu_typo_line_height_mobile":0,"ocean_menu_typo_line_height_unit":"","ocean_menu_typo_spacing":0,"ocean_menu_typo_spacing_tablet":0,"ocean_menu_typo_spacing_mobile":0,"ocean_menu_typo_spacing_unit":"","ocean_menu_link_color":"","ocean_menu_link_color_hover":"","ocean_menu_link_color_active":"","ocean_menu_link_background":"","ocean_menu_link_hover_background":"","ocean_menu_link_active_background":"","ocean_menu_social_links_bg":"","ocean_menu_social_hover_links_bg":"","ocean_menu_social_links_color":"","ocean_menu_social_hover_links_color":"","ocean_disable_title":"default","ocean_disable_heading":"default","ocean_post_title":"","ocean_post_subheading":"","ocean_post_title_style":"","ocean_post_title_background_color":"","ocean_post_title_background":0,"ocean_post_title_bg_image_position":"","ocean_post_title_bg_image_attachment":"","ocean_post_title_bg_image_repeat":"","ocean_post_title_bg_image_size":"","ocean_post_title_height":0,"ocean_post_title_bg_overlay":0.5,"ocean_post_title_bg_overlay_color":"","ocean_disable_breadcrumbs":"default","ocean_breadcrumbs_color":"","ocean_breadcrumbs_separator_color":"","ocean_breadcrumbs_links_color":"","ocean_breadcrumbs_links_hover_color":"","ocean_display_footer_widgets":"default","ocean_display_footer_bottom":"default","ocean_custom_footer_template":"0","footnotes":""},"_links":{"self":[{"href":"https:\/\/www.lyceejeanbart.fr\/index.php\/wp-json\/wp\/v2\/pages\/2482"}],"collection":[{"href":"https:\/\/www.lyceejeanbart.fr\/index.php\/wp-json\/wp\/v2\/pages"}],"about":[{"href":"https:\/\/www.lyceejeanbart.fr\/index.php\/wp-json\/wp\/v2\/types\/page"}],"author":[{"embeddable":true,"href":"https:\/\/www.lyceejeanbart.fr\/index.php\/wp-json\/wp\/v2\/users\/4"}],"replies":[{"embeddable":true,"href":"https:\/\/www.lyceejeanbart.fr\/index.php\/wp-json\/wp\/v2\/comments?post=2482"}],"version-history":[{"count":28,"href":"https:\/\/www.lyceejeanbart.fr\/index.php\/wp-json\/wp\/v2\/pages\/2482\/revisions"}],"predecessor-version":[{"id":4631,"href":"https:\/\/www.lyceejeanbart.fr\/index.php\/wp-json\/wp\/v2\/pages\/2482\/revisions\/4631"}],"wp:attachment":[{"href":"https:\/\/www.lyceejeanbart.fr\/index.php\/wp-json\/wp\/v2\/media?parent=2482"}],"curies":[{"name":"wp","href":"https:\/\/api.w.org\/{rel}","templated":true}]}}