{"id":2725,"date":"2021-03-20T11:13:45","date_gmt":"2021-03-20T10:13:45","guid":{"rendered":"https:\/\/www.lyceejeanbart.fr\/?page_id=2725"},"modified":"2021-04-02T18:04:22","modified_gmt":"2021-04-02T16:04:22","slug":"sciences-numeriques-et-technologie","status":"publish","type":"page","link":"https:\/\/www.lyceejeanbart.fr\/index.php\/sciences-numeriques-et-technologie\/","title":{"rendered":"Tronc commun &#8211; Sciences Num\u00e9riques et Technologie"},"content":{"rendered":"<table style=\"height: 208px; width: 100%; border-collapse: collapse;\">\n<tbody>\n<tr>\n<td style=\"background-color: #bcd2d4;\" colspan=\"2\">\n<h1>Niveau : Seconde<\/h1>\n<\/td>\n<\/tr>\n<tr style=\"height: 24px;\">\n<td style=\"height: 24px; width: 30%; text-align: center; vertical-align: middle;\"><img decoding=\"async\" class=\"aligncenter wp-image-3234\" src=\"https:\/\/www.lyceejeanbart.fr\/wp-content\/uploads\/2021\/03\/snt-300x94.jpg\" alt=\"\" width=\"380\" height=\"119\" srcset=\"https:\/\/www.lyceejeanbart.fr\/wp-content\/uploads\/2021\/03\/snt-300x94.jpg 300w, https:\/\/www.lyceejeanbart.fr\/wp-content\/uploads\/2021\/03\/snt.jpg 640w\" sizes=\"(max-width: 380px) 100vw, 380px\" \/><\/td>\n<td style=\"width: 50%; vertical-align: middle;\"><span style=\"font-size: 14pt;\">L&rsquo;enseignement de Sciences Num\u00e9riques et Technologie aide \u00e0 mieux comprendre les enjeux scientifiques et soci\u00e9taux de la science informatique et de ses applications, \u00e0 adopter un usage r\u00e9fl\u00e9chi et raisonn\u00e9 des technologies num\u00e9riques dans la vie quotidienne et \u00e0 se pr\u00e9parer aux mutations pr\u00e9sentes et \u00e0 venir dans tous les m\u00e9tiers.<\/span><\/p>\n<p><span style=\"font-size: 14pt;\">Cet enseignement a vocation \u00e0 multiplier les occasions de mise en activit\u00e9 des \u00e9l\u00e8ves sous des formes vari\u00e9es (expos\u00e9s, travaux en groupe, mini-projets, productions individuelles ou collectives, etc.).<\/span><\/td>\n<\/tr>\n<tr style=\"height: 24px;\">\n<td style=\"height: 24px; width: 30%; text-align: center;\"><\/td>\n<td style=\"width: 50%;\"><\/td>\n<\/tr>\n<tr>\n<td style=\"width: 30%; text-align: center; background-color: #cbeaf2; vertical-align: middle;\"><img decoding=\"async\" class=\"aligncenter wp-image-2824\" src=\"https:\/\/www.lyceejeanbart.fr\/wp-content\/uploads\/2021\/03\/atouts-3.jpg\" alt=\"\" width=\"215\" height=\"108\" srcset=\"https:\/\/www.lyceejeanbart.fr\/wp-content\/uploads\/2021\/03\/atouts-3.jpg 591w, https:\/\/www.lyceejeanbart.fr\/wp-content\/uploads\/2021\/03\/atouts-3-300x150.jpg 300w\" sizes=\"(max-width: 215px) 100vw, 215px\" \/><\/td>\n<td style=\"width: 50%; background-color: #cbeaf2; vertical-align: middle;\">\n<ul>\n<li><em>Le lyc\u00e9e Jean Bart offre des salles pupitres modernes et en parfait \u00e9tat de fonctionnement. Leur nombre permet d&rsquo;assurer l&rsquo;enseignement de Sciences Num\u00e9riques et Technologies en groupe, \u00e0 raison d&rsquo;une heure par semaine par \u00e9l\u00e8ve. A cette heure, est coupl\u00e9e une heure en classe enti\u00e8re en quinzaine.<\/em><\/li>\n<li><em>La sp\u00e9cialit\u00e9 NSI (Num\u00e9rique et Sciences Informatiques) enseign\u00e9e au lyc\u00e9e Jean Bart en classe de Premi\u00e8re et Terminale, permet aux \u00e9l\u00e8ves int\u00e9ress\u00e9s par les sciences informatiques de continuer leur formation<\/em><\/li>\n<\/ul>\n<\/td>\n<\/tr>\n<\/tbody>\n<\/table>\n<p>&nbsp;<\/p>\n<p>&nbsp;<\/p>\n","protected":false},"excerpt":{"rendered":"<p>Niveau : Seconde L&rsquo;enseignement de Sciences Num\u00e9riques et Technologie aide \u00e0 mieux comprendre les enjeux scientifiques et soci\u00e9taux de la science informatique et de ses applications, \u00e0 adopter un usage r\u00e9fl\u00e9chi et raisonn\u00e9 des technologies num\u00e9riques dans la vie quotidienne et \u00e0 se pr\u00e9parer aux mutations pr\u00e9sentes et \u00e0 venir dans tous les m\u00e9tiers. Cet [&hellip;]<\/p>\n","protected":false},"author":4,"featured_media":0,"parent":0,"menu_order":0,"comment_status":"closed","ping_status":"closed","template":"","meta":{"ocean_post_layout":"","ocean_both_sidebars_style":"","ocean_both_sidebars_content_width":0,"ocean_both_sidebars_sidebars_width":0,"ocean_sidebar":"0","ocean_second_sidebar":"0","ocean_disable_margins":"enable","ocean_add_body_class":"","ocean_shortcode_before_top_bar":"","ocean_shortcode_after_top_bar":"","ocean_shortcode_before_header":"","ocean_shortcode_after_header":"","ocean_has_shortcode":"","ocean_shortcode_after_title":"","ocean_shortcode_before_footer_widgets":"","ocean_shortcode_after_footer_widgets":"","ocean_shortcode_before_footer_bottom":"","ocean_shortcode_after_footer_bottom":"","ocean_display_top_bar":"default","ocean_display_header":"default","ocean_header_style":"","ocean_center_header_left_menu":"0","ocean_custom_header_template":"0","ocean_custom_logo":0,"ocean_custom_retina_logo":0,"ocean_custom_logo_max_width":0,"ocean_custom_logo_tablet_max_width":0,"ocean_custom_logo_mobile_max_width":0,"ocean_custom_logo_max_height":0,"ocean_custom_logo_tablet_max_height":0,"ocean_custom_logo_mobile_max_height":0,"ocean_header_custom_menu":"0","ocean_menu_typo_font_family":"0","ocean_menu_typo_font_subset":"","ocean_menu_typo_font_size":0,"ocean_menu_typo_font_size_tablet":0,"ocean_menu_typo_font_size_mobile":0,"ocean_menu_typo_font_size_unit":"px","ocean_menu_typo_font_weight":"","ocean_menu_typo_font_weight_tablet":"","ocean_menu_typo_font_weight_mobile":"","ocean_menu_typo_transform":"","ocean_menu_typo_transform_tablet":"","ocean_menu_typo_transform_mobile":"","ocean_menu_typo_line_height":0,"ocean_menu_typo_line_height_tablet":0,"ocean_menu_typo_line_height_mobile":0,"ocean_menu_typo_line_height_unit":"","ocean_menu_typo_spacing":0,"ocean_menu_typo_spacing_tablet":0,"ocean_menu_typo_spacing_mobile":0,"ocean_menu_typo_spacing_unit":"","ocean_menu_link_color":"","ocean_menu_link_color_hover":"","ocean_menu_link_color_active":"","ocean_menu_link_background":"","ocean_menu_link_hover_background":"","ocean_menu_link_active_background":"","ocean_menu_social_links_bg":"","ocean_menu_social_hover_links_bg":"","ocean_menu_social_links_color":"","ocean_menu_social_hover_links_color":"","ocean_disable_title":"default","ocean_disable_heading":"default","ocean_post_title":"","ocean_post_subheading":"","ocean_post_title_style":"","ocean_post_title_background_color":"","ocean_post_title_background":0,"ocean_post_title_bg_image_position":"","ocean_post_title_bg_image_attachment":"","ocean_post_title_bg_image_repeat":"","ocean_post_title_bg_image_size":"","ocean_post_title_height":0,"ocean_post_title_bg_overlay":0.5,"ocean_post_title_bg_overlay_color":"","ocean_disable_breadcrumbs":"default","ocean_breadcrumbs_color":"","ocean_breadcrumbs_separator_color":"","ocean_breadcrumbs_links_color":"","ocean_breadcrumbs_links_hover_color":"","ocean_display_footer_widgets":"default","ocean_display_footer_bottom":"default","ocean_custom_footer_template":"0","footnotes":""},"_links":{"self":[{"href":"https:\/\/www.lyceejeanbart.fr\/index.php\/wp-json\/wp\/v2\/pages\/2725"}],"collection":[{"href":"https:\/\/www.lyceejeanbart.fr\/index.php\/wp-json\/wp\/v2\/pages"}],"about":[{"href":"https:\/\/www.lyceejeanbart.fr\/index.php\/wp-json\/wp\/v2\/types\/page"}],"author":[{"embeddable":true,"href":"https:\/\/www.lyceejeanbart.fr\/index.php\/wp-json\/wp\/v2\/users\/4"}],"replies":[{"embeddable":true,"href":"https:\/\/www.lyceejeanbart.fr\/index.php\/wp-json\/wp\/v2\/comments?post=2725"}],"version-history":[{"count":19,"href":"https:\/\/www.lyceejeanbart.fr\/index.php\/wp-json\/wp\/v2\/pages\/2725\/revisions"}],"predecessor-version":[{"id":3288,"href":"https:\/\/www.lyceejeanbart.fr\/index.php\/wp-json\/wp\/v2\/pages\/2725\/revisions\/3288"}],"wp:attachment":[{"href":"https:\/\/www.lyceejeanbart.fr\/index.php\/wp-json\/wp\/v2\/media?parent=2725"}],"curies":[{"name":"wp","href":"https:\/\/api.w.org\/{rel}","templated":true}]}}