{"id":2788,"date":"2021-03-20T16:32:15","date_gmt":"2021-03-20T15:32:15","guid":{"rendered":"https:\/\/www.lyceejeanbart.fr\/?page_id=2788"},"modified":"2021-03-25T14:33:26","modified_gmt":"2021-03-25T13:33:26","slug":"langue-des-signes-francaise","status":"publish","type":"page","link":"https:\/\/www.lyceejeanbart.fr\/index.php\/langue-des-signes-francaise\/","title":{"rendered":"Option &#8211; Langue des Signes Fran\u00e7aise"},"content":{"rendered":"<table style=\"height: 208px; width: 99.7021%; border-collapse: collapse;\">\n<tbody>\n<tr>\n<td style=\"background-color: #bcd2d4; width: 79.7814%;\" colspan=\"2\">\n<h1>Niveau : Seconde, Premi\u00e8re et Terminale<\/h1>\n<\/td>\n<\/tr>\n<tr style=\"height: 24px;\">\n<td style=\"height: 24px; text-align: center; vertical-align: top; width: 30%;\">&nbsp;<\/p>\n<p><img decoding=\"async\" class=\"aligncenter wp-image-3211 size-full\" src=\"https:\/\/www.lyceejeanbart.fr\/wp-content\/uploads\/2021\/03\/4.png\" alt=\"\" width=\"201\" height=\"174\" \/><\/p>\n<p>&nbsp;<\/p>\n<p><img fetchpriority=\"high\" decoding=\"async\" class=\"aligncenter size-full wp-image-3214\" src=\"https:\/\/www.lyceejeanbart.fr\/wp-content\/uploads\/2021\/03\/1.jpg\" alt=\"\" width=\"299\" height=\"168\" \/><\/p>\n<p>&nbsp;<\/p>\n<p><img decoding=\"async\" class=\"aligncenter size-full wp-image-3213\" src=\"https:\/\/www.lyceejeanbart.fr\/wp-content\/uploads\/2021\/03\/3.jpg\" alt=\"\" width=\"225\" height=\"225\" srcset=\"https:\/\/www.lyceejeanbart.fr\/wp-content\/uploads\/2021\/03\/3.jpg 225w, https:\/\/www.lyceejeanbart.fr\/wp-content\/uploads\/2021\/03\/3-150x150.jpg 150w\" sizes=\"(max-width: 225px) 100vw, 225px\" \/><\/td>\n<td style=\"width: 49.7814%; text-align: left; vertical-align: top;\">\n<h2>Un brin d&rsquo;histoire&#8230;<\/h2>\n<p><span style=\"font-size: 14pt;\">Depuis 2005, la langue des signes fran\u00e7aise (LSF) est reconnue comme une langue \u00e0 part enti\u00e8re. Tout \u00e9l\u00e8ve concern\u00e9 (sourd, malentendant ou non)<\/span><br \/>\n<span style=\"font-size: 14pt;\">peut b\u00e9n\u00e9ficier d&rsquo;un enseignement en langue des signes.<\/span><\/p>\n<p><span style=\"font-size: 14pt;\">L&rsquo;arr\u00eat\u00e9 du 9 avril 2019 ajoute l&rsquo;enseignement optionnel de langue des signes aux nouveaux programmes du cycle terminal.<\/span><\/p>\n<p><span style=\"font-size: 14pt;\">La LSF est d\u00e9sormais un des enseignements optionnels possibles en classe de seconde, premi\u00e8re et terminale.<\/span><\/p>\n<p><span style=\"font-size: 14pt;\">Elle est enseign\u00e9e \u00e0 raison de 3 heures par semaine.<\/span><\/p>\n<p><span style=\"font-size: 14pt;\">L&rsquo;enseignement optionnel de LSF est \u00e9valu\u00e9 en contr\u00f4le continu et les notes sont int\u00e9gr\u00e9es dans les bulletins scolaires.<\/span><\/p>\n<p><span style=\"font-size: 14pt;\">Pour rappel, les bulletins scolaires de premi\u00e8re et de terminale comptent pour 10% de la note finale du baccalaur\u00e9at.<\/span><\/p>\n<p><span style=\"font-size: 14pt;\">L&rsquo;enseignement optionnel de LSF s&rsquo;adresse \u00e0 des d\u00e9butants non sourds (notamment les enfants entendants de parents sourds ou Children Of Deaf Adults -CODA) ou sourds ou malentendants le cas \u00e9ch\u00e9ant.<\/span><\/p>\n<h2>Le programme<\/h2>\n<p><span style=\"font-size: 14pt;\">Dans ce programme, la LSF est envisag\u00e9e comme langue \u00e0 part enti\u00e8re LV3 :<\/span><\/p>\n<ul style=\"list-style-type: square;\">\n<li><span style=\"font-size: 14pt;\">Faire connaissance avec une personne sourde<\/span><\/li>\n<li><span style=\"font-size: 14pt;\">Entrer dans la communication visio-gestuelle<\/span><\/li>\n<li><span style=\"font-size: 14pt;\">D\u00e9crire des personnes, des animaux, des objets, des lieux et des situations courantes.<\/span><\/li>\n<li><span style=\"font-size: 14pt;\">Raconter des faits et des \u00e9v\u00e8nements courants<\/span><\/li>\n<li><span style=\"font-size: 14pt;\">Parler de soi<\/span><\/li>\n<li><span style=\"font-size: 14pt;\">Conseiller quelqu&rsquo;un<\/span><\/li>\n<li><span style=\"font-size: 14pt;\">Raconter une histoire imaginaire<\/span><\/li>\n<li><span style=\"font-size: 14pt;\">D\u00e9battre et argumenter<\/span><\/li>\n<\/ul>\n<p><span style=\"font-size: 14pt;\">Sans oublier la Culture Sourde et son Histoire bien s\u00fbr !<\/span><\/p>\n<p><span style=\"font-size: 14pt;\">Les cours sont tr\u00e8s interactifs mais passent \u00e9galement par des cours magistraux gr\u00e2ce \u00e0 l&rsquo;aide de supports vid\u00e9os et exercices de version et de th\u00e8me LSF\/\u00e9crit, \u00e9crit\/LSF.<\/span><\/td>\n<\/tr>\n<tr style=\"height: 24px;\">\n<td style=\"height: 24px; text-align: center; width: 30%;\"><\/td>\n<td style=\"width: 49.7814%;\"><\/td>\n<\/tr>\n<tr>\n<td style=\"text-align: center; vertical-align: middle; background-color: #bcd2d4; width: 30%;\"><span style=\"font-size: 12pt;\"><img loading=\"lazy\" decoding=\"async\" class=\"aligncenter wp-image-2824\" src=\"https:\/\/www.lyceejeanbart.fr\/wp-content\/uploads\/2021\/03\/atouts-3.jpg\" alt=\"\" width=\"250\" height=\"125\" srcset=\"https:\/\/www.lyceejeanbart.fr\/wp-content\/uploads\/2021\/03\/atouts-3.jpg 591w, https:\/\/www.lyceejeanbart.fr\/wp-content\/uploads\/2021\/03\/atouts-3-300x150.jpg 300w\" sizes=\"(max-width: 250px) 100vw, 250px\" \/><\/span><\/td>\n<td style=\"width: 49.7814%; vertical-align: middle; background-color: #bcd2d4;\">\n<ul>\n<li><em>La Langue des Signes est une belle langue qui vous fera d\u00e9couvrir la notion de langue en 3D.<\/em><\/li>\n<li><em>La Langue des Signes est une fa\u00e7on originale de vous \u00e9panouir et vous permet d\u2019embellir votre curriculum vitae gr\u00e2ce \u00e0 l&rsquo;obtention de votre dipl\u00f4me de comp\u00e9tence en langue (DCL).<\/em><br \/>\n<em>En fonction de leur performance, les candidats obtiennent le dipl\u00f4me avec la mention d&rsquo;un des niveaux du Cadre europ\u00e9en commun de r\u00e9f\u00e9rence pour les langues (CECRL).<\/em><\/li>\n<li><em>Vous pouvez discuter \u00e0 distance sans crier (quand bien m\u00eame vous auriez la bouche pleine) que ce soit \u00e0 travers une vitre et m\u00eame sous l\u2019eau.<\/em><\/li>\n<li><em>La Langue des Signes vous permet de rencontrer et d\u2019\u00e9changer avec des centaines de nouvelles personnes sourdes et ainsi vous faire de nouveaux amis.<\/em><\/li>\n<li><em>Vous ne vous sentirez plus mal \u00e0 l\u2019aise quand vous rencontrerez une personne sourde. <\/em><\/li>\n<li><em>M\u00eame s\u2019il y a plusieurs langues des signes, la Langue des Signes ne connait pas de fronti\u00e8res et permet de communiquer avec d\u2019autres personnes sourdes \u00e0 l\u2019international.<\/em><\/li>\n<li><em>Bien qu\u2019elle ne fasse aucun bruit, la Langue des Signes nous apprend \u00e0 \u00ab mieux \u00e9couter\u00ab , mieux regarder, mieux comprendre : elle ouvre l\u2019esprit.<\/em><\/li>\n<li><em>La Langue des Signes permet aux personnes ayant des difficult\u00e9s (dyslexiques, autistes, etc.) de s\u2019exprimer.<\/em><\/li>\n<li><em>Enfin <strong>et surtout<\/strong> la Langue des Signes unit les entendants et les sourds et permet de <strong>mieux vivre ensemble<\/strong> !<\/em><\/li>\n<\/ul>\n<\/td>\n<\/tr>\n<\/tbody>\n<\/table>\n","protected":false},"excerpt":{"rendered":"<p>Niveau : Seconde, Premi\u00e8re et Terminale &nbsp; &nbsp; &nbsp; Un brin d&rsquo;histoire&#8230; Depuis 2005, la langue des signes fran\u00e7aise (LSF) est reconnue comme une langue \u00e0 part enti\u00e8re. Tout \u00e9l\u00e8ve concern\u00e9 (sourd, malentendant ou non) peut b\u00e9n\u00e9ficier d&rsquo;un enseignement en langue des signes. L&rsquo;arr\u00eat\u00e9 du 9 avril 2019 ajoute l&rsquo;enseignement optionnel de langue des signes [&hellip;]<\/p>\n","protected":false},"author":4,"featured_media":0,"parent":0,"menu_order":0,"comment_status":"closed","ping_status":"closed","template":"","meta":{"ocean_post_layout":"","ocean_both_sidebars_style":"","ocean_both_sidebars_content_width":0,"ocean_both_sidebars_sidebars_width":0,"ocean_sidebar":"0","ocean_second_sidebar":"0","ocean_disable_margins":"enable","ocean_add_body_class":"","ocean_shortcode_before_top_bar":"","ocean_shortcode_after_top_bar":"","ocean_shortcode_before_header":"","ocean_shortcode_after_header":"","ocean_has_shortcode":"","ocean_shortcode_after_title":"","ocean_shortcode_before_footer_widgets":"","ocean_shortcode_after_footer_widgets":"","ocean_shortcode_before_footer_bottom":"","ocean_shortcode_after_footer_bottom":"","ocean_display_top_bar":"default","ocean_display_header":"default","ocean_header_style":"","ocean_center_header_left_menu":"0","ocean_custom_header_template":"0","ocean_custom_logo":0,"ocean_custom_retina_logo":0,"ocean_custom_logo_max_width":0,"ocean_custom_logo_tablet_max_width":0,"ocean_custom_logo_mobile_max_width":0,"ocean_custom_logo_max_height":0,"ocean_custom_logo_tablet_max_height":0,"ocean_custom_logo_mobile_max_height":0,"ocean_header_custom_menu":"0","ocean_menu_typo_font_family":"0","ocean_menu_typo_font_subset":"","ocean_menu_typo_font_size":0,"ocean_menu_typo_font_size_tablet":0,"ocean_menu_typo_font_size_mobile":0,"ocean_menu_typo_font_size_unit":"px","ocean_menu_typo_font_weight":"","ocean_menu_typo_font_weight_tablet":"","ocean_menu_typo_font_weight_mobile":"","ocean_menu_typo_transform":"","ocean_menu_typo_transform_tablet":"","ocean_menu_typo_transform_mobile":"","ocean_menu_typo_line_height":0,"ocean_menu_typo_line_height_tablet":0,"ocean_menu_typo_line_height_mobile":0,"ocean_menu_typo_line_height_unit":"","ocean_menu_typo_spacing":0,"ocean_menu_typo_spacing_tablet":0,"ocean_menu_typo_spacing_mobile":0,"ocean_menu_typo_spacing_unit":"","ocean_menu_link_color":"","ocean_menu_link_color_hover":"","ocean_menu_link_color_active":"","ocean_menu_link_background":"","ocean_menu_link_hover_background":"","ocean_menu_link_active_background":"","ocean_menu_social_links_bg":"","ocean_menu_social_hover_links_bg":"","ocean_menu_social_links_color":"","ocean_menu_social_hover_links_color":"","ocean_disable_title":"default","ocean_disable_heading":"default","ocean_post_title":"","ocean_post_subheading":"","ocean_post_title_style":"","ocean_post_title_background_color":"","ocean_post_title_background":0,"ocean_post_title_bg_image_position":"","ocean_post_title_bg_image_attachment":"","ocean_post_title_bg_image_repeat":"","ocean_post_title_bg_image_size":"","ocean_post_title_height":0,"ocean_post_title_bg_overlay":0.5,"ocean_post_title_bg_overlay_color":"","ocean_disable_breadcrumbs":"default","ocean_breadcrumbs_color":"","ocean_breadcrumbs_separator_color":"","ocean_breadcrumbs_links_color":"","ocean_breadcrumbs_links_hover_color":"","ocean_display_footer_widgets":"default","ocean_display_footer_bottom":"default","ocean_custom_footer_template":"0","footnotes":""},"_links":{"self":[{"href":"https:\/\/www.lyceejeanbart.fr\/index.php\/wp-json\/wp\/v2\/pages\/2788"}],"collection":[{"href":"https:\/\/www.lyceejeanbart.fr\/index.php\/wp-json\/wp\/v2\/pages"}],"about":[{"href":"https:\/\/www.lyceejeanbart.fr\/index.php\/wp-json\/wp\/v2\/types\/page"}],"author":[{"embeddable":true,"href":"https:\/\/www.lyceejeanbart.fr\/index.php\/wp-json\/wp\/v2\/users\/4"}],"replies":[{"embeddable":true,"href":"https:\/\/www.lyceejeanbart.fr\/index.php\/wp-json\/wp\/v2\/comments?post=2788"}],"version-history":[{"count":15,"href":"https:\/\/www.lyceejeanbart.fr\/index.php\/wp-json\/wp\/v2\/pages\/2788\/revisions"}],"predecessor-version":[{"id":3220,"href":"https:\/\/www.lyceejeanbart.fr\/index.php\/wp-json\/wp\/v2\/pages\/2788\/revisions\/3220"}],"wp:attachment":[{"href":"https:\/\/www.lyceejeanbart.fr\/index.php\/wp-json\/wp\/v2\/media?parent=2788"}],"curies":[{"name":"wp","href":"https:\/\/api.w.org\/{rel}","templated":true}]}}