{"id":2791,"date":"2021-03-20T16:41:44","date_gmt":"2021-03-20T15:41:44","guid":{"rendered":"https:\/\/www.lyceejeanbart.fr\/?page_id=2791"},"modified":"2021-05-12T16:19:28","modified_gmt":"2021-05-12T14:19:28","slug":"erasmus","status":"publish","type":"page","link":"https:\/\/www.lyceejeanbart.fr\/index.php\/erasmus\/","title":{"rendered":"Option &#8211; ERASMUS +"},"content":{"rendered":"<table style=\"height: 208px; width: 100%; border-collapse: collapse;\">\n<tbody>\n<tr>\n<td style=\"width: 100%; background-color: #bcd2d4; height: 100%; vertical-align: middle;\" colspan=\"2\">\n<h1>Niveau : Seconde<\/h1>\n<\/td>\n<\/tr>\n<tr style=\"height: 24px;\">\n<td style=\"height: 24px; width: 30%; text-align: center; vertical-align: top;\">&nbsp;<\/p>\n<p>&nbsp;<\/p>\n<p><img fetchpriority=\"high\" decoding=\"async\" class=\"aligncenter wp-image-3373 size-large\" src=\"https:\/\/www.lyceejeanbart.fr\/wp-content\/uploads\/2021\/05\/1-classe-1024x724.jpg\" alt=\"\" width=\"1024\" height=\"724\" srcset=\"https:\/\/www.lyceejeanbart.fr\/wp-content\/uploads\/2021\/05\/1-classe-1024x724.jpg 1024w, https:\/\/www.lyceejeanbart.fr\/wp-content\/uploads\/2021\/05\/1-classe-300x212.jpg 300w, https:\/\/www.lyceejeanbart.fr\/wp-content\/uploads\/2021\/05\/1-classe-768x543.jpg 768w, https:\/\/www.lyceejeanbart.fr\/wp-content\/uploads\/2021\/05\/1-classe-1536x1086.jpg 1536w, https:\/\/www.lyceejeanbart.fr\/wp-content\/uploads\/2021\/05\/1-classe.jpg 1600w\" sizes=\"(max-width: 1024px) 100vw, 1024px\" \/><\/p>\n<p>&nbsp;<\/p>\n<p>&nbsp;<\/p>\n<p><img decoding=\"async\" class=\"aligncenter wp-image-3374 size-large\" src=\"https:\/\/www.lyceejeanbart.fr\/wp-content\/uploads\/2021\/05\/2-acttes-1024x724.jpg\" alt=\"\" width=\"1024\" height=\"724\" srcset=\"https:\/\/www.lyceejeanbart.fr\/wp-content\/uploads\/2021\/05\/2-acttes-1024x724.jpg 1024w, https:\/\/www.lyceejeanbart.fr\/wp-content\/uploads\/2021\/05\/2-acttes-300x212.jpg 300w, https:\/\/www.lyceejeanbart.fr\/wp-content\/uploads\/2021\/05\/2-acttes-768x543.jpg 768w, https:\/\/www.lyceejeanbart.fr\/wp-content\/uploads\/2021\/05\/2-acttes-1536x1086.jpg 1536w, https:\/\/www.lyceejeanbart.fr\/wp-content\/uploads\/2021\/05\/2-acttes.jpg 1600w\" sizes=\"(max-width: 1024px) 100vw, 1024px\" \/><\/p>\n<p>&nbsp;<\/p>\n<p>&nbsp;<\/p>\n<p><img decoding=\"async\" class=\"aligncenter wp-image-3375 size-large\" src=\"https:\/\/www.lyceejeanbart.fr\/wp-content\/uploads\/2021\/05\/3-mobi-1024x724.jpg\" alt=\"\" width=\"1024\" height=\"724\" srcset=\"https:\/\/www.lyceejeanbart.fr\/wp-content\/uploads\/2021\/05\/3-mobi-1024x724.jpg 1024w, https:\/\/www.lyceejeanbart.fr\/wp-content\/uploads\/2021\/05\/3-mobi-300x212.jpg 300w, https:\/\/www.lyceejeanbart.fr\/wp-content\/uploads\/2021\/05\/3-mobi-768x543.jpg 768w, https:\/\/www.lyceejeanbart.fr\/wp-content\/uploads\/2021\/05\/3-mobi-1536x1086.jpg 1536w, https:\/\/www.lyceejeanbart.fr\/wp-content\/uploads\/2021\/05\/3-mobi.jpg 1600w\" sizes=\"(max-width: 1024px) 100vw, 1024px\" \/><\/p>\n<p>&nbsp;<\/td>\n<td style=\"width: 50%; vertical-align: middle;\">\n<p style=\"text-align: center;\"><iframe src=\"\/\/www.youtube.com\/embed\/NB_FqO0gfxo\" width=\"713\" height=\"400\" allowfullscreen=\"allowfullscreen\"><\/iframe><\/p>\n<p><span style=\"font-size: 14pt;\">Envie d\u2019entrer au lyc\u00e9e sous le signe de la nouveaut\u00e9, de l\u2019engagement et de la rencontre ?<\/span><br \/>\n<span style=\"font-size: 14pt;\">Tels sont les horizons que vous offre le lyc\u00e9e Jean Bart en int\u00e9grant la 2nde Erasmus +\u2026<\/span><\/p>\n<h3>La Nouveaut\u00e9<\/h3>\n<p><span style=\"font-size: 14pt;\">Vous y aborderez les programmes scolaires par le biais de th\u00e9matiques d\u2019actualit\u00e9 et de probl\u00e9matiques propres \u00e0 la jeunesse, partag\u00e9es avec des \u00e9coles europ\u00e9ennes partenaires de projets Erasmus + : Italie, Gr\u00e8ce, Portugal, Espagne, Finlande, Su\u00e8de, Roumanie, Slovaquie\u2026<\/span><br \/>\n<span style=\"font-size: 14pt;\">La pratique de l\u2019oral sera privil\u00e9gi\u00e9e, afin de prendre confiance en vous dans la prise de parole en vue du grand oral du Baccalaur\u00e9at : expos\u00e9s en fran\u00e7ais ou en langues \u00e9trang\u00e8res, pratiques th\u00e9\u00e2trales et audiovisuelles, expositions, conf\u00e9rences, journ\u00e9es th\u00e9matiques\u2026.<\/span><br \/>\n<span style=\"font-size: 14pt;\">Vous valoriserez votre travail en l\u2019exposant \u00e0 diff\u00e9rents publics et en l\u2019expliquant dans une salle de classe d\u00e9di\u00e9e, dans le hall ou sur le site du lyc\u00e9e, sur des blogs europ\u00e9ens vari\u00e9s, afin de d\u00e9velopper l\u2019estime de soi, d\u00e9tach\u00e9s de l\u2019\u00e9valuation traditionnelle.<\/span><\/p>\n<h3>L\u2019Engagement<\/h3>\n<p><span style=\"font-size: 14pt;\">Vous vivrez des situations en autonomie pour apprendre la rigueur, le respect des engagements envers soi-m\u00eame et les autres, par la r\u00e9alisation de productions collectives visant \u00e0 exp\u00e9rimenter les b\u00e9n\u00e9fices de la coop\u00e9ration et de la solidarit\u00e9 en vue d\u2019une r\u00e9ussite commune.<\/span><\/p>\n<p><span style=\"font-size: 14pt;\">Votre scolarit\u00e9 vous ouvrira la voie de l\u2019engagement personnel, de l\u2019adaptation, par votre investissement dans des entreprises de sensibilisation \u00e0 des causes vari\u00e9es, au contact d\u2019individus engag\u00e9s dans de multiples combats dans des langues vari\u00e9es.<\/span><\/p>\n<p><span style=\"font-size: 14pt;\">Vous aurez \u00e0 r\u00e9fl\u00e9chir \u00e0 l\u2019image de soi et de l\u2019Autre, quand il s\u2019agira de repr\u00e9senter votre classe, votre lyc\u00e9e, votre ville, votre pays dans diff\u00e9rentes circonstances.<\/span><\/p>\n<h3>La Rencontre<\/h3>\n<p><span style=\"font-size: 14pt;\">Vous aurez l\u2019opportunit\u00e9 de rencontrer des professionnels locaux (collectivit\u00e9s territoriales, entreprises, associations, structures culturelles\u2026) qui enrichiront votre formation en d\u00e9veloppant votre esprit critique et en vous amenant \u00e0 relativiser vos pratiques et croyances. Certains y ont trouv\u00e9 une voie d\u2019orientation pour leur avenir par des r\u00e9v\u00e9lations instantan\u00e9es.<\/span><\/p>\n<p><span style=\"font-size: 14pt;\">Vous aurez acc\u00e8s \u00e0 de multiples m\u00e9dias qui vous mettront en contact permanent avec des jeunes europ\u00e9ens : plateformes de partage de travaux, visioconf\u00e9rences, salons virtuels, semaines d\u2019accueil de jeunes \u00e9trangers et de mobilit\u00e9 dans les \u00e9coles partenaires.<\/span><\/p>\n<p><span style=\"font-size: 14pt;\">Vous pr\u00e9parerez ainsi, d\u00e8s la 2nde, votre entr\u00e9e dans le monde du travail, sans pression scolaire ou professionnelle, en vivant les relations interpersonnelles et en travaillant dans un contexte multiculturel au quotidien.<\/span><\/p>\n<p><iframe src=\"\/\/www.youtube.com\/embed\/gG4KGcFubWs\" width=\"713\" height=\"400\" allowfullscreen=\"allowfullscreen\"><\/iframe><\/td>\n<\/tr>\n<tr style=\"height: 24px;\">\n<td style=\"height: 24px; width: 30%; text-align: center; vertical-align: top;\"><\/td>\n<td style=\"width: 50%;\"><\/td>\n<\/tr>\n<tr>\n<td style=\"width: 30%; text-align: center; background-color: #cbeaf2; vertical-align: middle;\"><img loading=\"lazy\" decoding=\"async\" class=\"aligncenter wp-image-2824\" src=\"https:\/\/www.lyceejeanbart.fr\/wp-content\/uploads\/2021\/03\/atouts-3-300x150.jpg\" alt=\"\" width=\"250\" height=\"125\" srcset=\"https:\/\/www.lyceejeanbart.fr\/wp-content\/uploads\/2021\/03\/atouts-3-300x150.jpg 300w, https:\/\/www.lyceejeanbart.fr\/wp-content\/uploads\/2021\/03\/atouts-3.jpg 591w\" sizes=\"(max-width: 250px) 100vw, 250px\" \/><\/td>\n<td style=\"width: 50%; background-color: #cbeaf2; vertical-align: middle;\">\n<ul>\n<li><em><span style=\"font-size: 14pt;\">Une classe profil\u00e9e qui aborde les programmes de 2nde de mani\u00e8re transdisciplinaire, \u00e0 travers plusieurs projets europ\u00e9ens sur des th\u00e9matiques d\u2019actualit\u00e9 (5 en 2020-2021)<\/span><\/em><\/li>\n<li><em><span style=\"font-size: 14pt;\">Un panel d\u2019activit\u00e9s originales privil\u00e9giant les pratiques collaboratives et orales<\/span><\/em><\/li>\n<li><em><span style=\"font-size: 14pt;\">L\u2019acquisition quotidienne de comp\u00e9tences informelles (autonomie, adaptation, responsabilit\u00e9, solidarit\u00e9\u2026)<\/span><\/em><\/li>\n<li><em><span style=\"font-size: 14pt;\">La valorisation de l\u2019\u00e9l\u00e8ve par la diffusion r\u00e9guli\u00e8re de ses productions<\/span><\/em><\/li>\n<li><em><span style=\"font-size: 14pt;\">Une ouverture \u00e0 l\u2019Autre, du local \u00e0 l\u2019international<\/span><\/em><\/li>\n<\/ul>\n<\/td>\n<\/tr>\n<\/tbody>\n<\/table>\n","protected":false},"excerpt":{"rendered":"<p>Niveau : Seconde &nbsp; &nbsp; &nbsp; &nbsp; &nbsp; &nbsp; &nbsp; Envie d\u2019entrer au lyc\u00e9e sous le signe de la nouveaut\u00e9, de l\u2019engagement et de la rencontre ? Tels sont les horizons que vous offre le lyc\u00e9e Jean Bart en int\u00e9grant la 2nde Erasmus +\u2026 La Nouveaut\u00e9 Vous y aborderez les programmes scolaires par le biais [&hellip;]<\/p>\n","protected":false},"author":4,"featured_media":0,"parent":0,"menu_order":0,"comment_status":"closed","ping_status":"closed","template":"","meta":{"ocean_post_layout":"","ocean_both_sidebars_style":"","ocean_both_sidebars_content_width":0,"ocean_both_sidebars_sidebars_width":0,"ocean_sidebar":"0","ocean_second_sidebar":"0","ocean_disable_margins":"enable","ocean_add_body_class":"","ocean_shortcode_before_top_bar":"","ocean_shortcode_after_top_bar":"","ocean_shortcode_before_header":"","ocean_shortcode_after_header":"","ocean_has_shortcode":"","ocean_shortcode_after_title":"","ocean_shortcode_before_footer_widgets":"","ocean_shortcode_after_footer_widgets":"","ocean_shortcode_before_footer_bottom":"","ocean_shortcode_after_footer_bottom":"","ocean_display_top_bar":"default","ocean_display_header":"default","ocean_header_style":"","ocean_center_header_left_menu":"0","ocean_custom_header_template":"0","ocean_custom_logo":0,"ocean_custom_retina_logo":0,"ocean_custom_logo_max_width":0,"ocean_custom_logo_tablet_max_width":0,"ocean_custom_logo_mobile_max_width":0,"ocean_custom_logo_max_height":0,"ocean_custom_logo_tablet_max_height":0,"ocean_custom_logo_mobile_max_height":0,"ocean_header_custom_menu":"0","ocean_menu_typo_font_family":"0","ocean_menu_typo_font_subset":"","ocean_menu_typo_font_size":0,"ocean_menu_typo_font_size_tablet":0,"ocean_menu_typo_font_size_mobile":0,"ocean_menu_typo_font_size_unit":"px","ocean_menu_typo_font_weight":"","ocean_menu_typo_font_weight_tablet":"","ocean_menu_typo_font_weight_mobile":"","ocean_menu_typo_transform":"","ocean_menu_typo_transform_tablet":"","ocean_menu_typo_transform_mobile":"","ocean_menu_typo_line_height":0,"ocean_menu_typo_line_height_tablet":0,"ocean_menu_typo_line_height_mobile":0,"ocean_menu_typo_line_height_unit":"","ocean_menu_typo_spacing":0,"ocean_menu_typo_spacing_tablet":0,"ocean_menu_typo_spacing_mobile":0,"ocean_menu_typo_spacing_unit":"","ocean_menu_link_color":"","ocean_menu_link_color_hover":"","ocean_menu_link_color_active":"","ocean_menu_link_background":"","ocean_menu_link_hover_background":"","ocean_menu_link_active_background":"","ocean_menu_social_links_bg":"","ocean_menu_social_hover_links_bg":"","ocean_menu_social_links_color":"","ocean_menu_social_hover_links_color":"","ocean_disable_title":"default","ocean_disable_heading":"default","ocean_post_title":"","ocean_post_subheading":"","ocean_post_title_style":"","ocean_post_title_background_color":"","ocean_post_title_background":0,"ocean_post_title_bg_image_position":"","ocean_post_title_bg_image_attachment":"","ocean_post_title_bg_image_repeat":"","ocean_post_title_bg_image_size":"","ocean_post_title_height":0,"ocean_post_title_bg_overlay":0.5,"ocean_post_title_bg_overlay_color":"","ocean_disable_breadcrumbs":"default","ocean_breadcrumbs_color":"","ocean_breadcrumbs_separator_color":"","ocean_breadcrumbs_links_color":"","ocean_breadcrumbs_links_hover_color":"","ocean_display_footer_widgets":"default","ocean_display_footer_bottom":"default","ocean_custom_footer_template":"0","footnotes":""},"_links":{"self":[{"href":"https:\/\/www.lyceejeanbart.fr\/index.php\/wp-json\/wp\/v2\/pages\/2791"}],"collection":[{"href":"https:\/\/www.lyceejeanbart.fr\/index.php\/wp-json\/wp\/v2\/pages"}],"about":[{"href":"https:\/\/www.lyceejeanbart.fr\/index.php\/wp-json\/wp\/v2\/types\/page"}],"author":[{"embeddable":true,"href":"https:\/\/www.lyceejeanbart.fr\/index.php\/wp-json\/wp\/v2\/users\/4"}],"replies":[{"embeddable":true,"href":"https:\/\/www.lyceejeanbart.fr\/index.php\/wp-json\/wp\/v2\/comments?post=2791"}],"version-history":[{"count":28,"href":"https:\/\/www.lyceejeanbart.fr\/index.php\/wp-json\/wp\/v2\/pages\/2791\/revisions"}],"predecessor-version":[{"id":3376,"href":"https:\/\/www.lyceejeanbart.fr\/index.php\/wp-json\/wp\/v2\/pages\/2791\/revisions\/3376"}],"wp:attachment":[{"href":"https:\/\/www.lyceejeanbart.fr\/index.php\/wp-json\/wp\/v2\/media?parent=2791"}],"curies":[{"name":"wp","href":"https:\/\/api.w.org\/{rel}","templated":true}]}}