{"id":2821,"date":"2021-03-20T17:55:30","date_gmt":"2021-03-20T16:55:30","guid":{"rendered":"https:\/\/www.lyceejeanbart.fr\/?page_id=2821"},"modified":"2021-03-21T17:32:53","modified_gmt":"2021-03-21T16:32:53","slug":"sciences-et-laboratoire","status":"publish","type":"page","link":"https:\/\/www.lyceejeanbart.fr\/index.php\/sciences-et-laboratoire\/","title":{"rendered":"Option &#8211; Sciences et Laboratoire"},"content":{"rendered":"<table style=\"height: 468px; width: 100%; border-collapse: collapse;\">\n<tbody>\n<tr style=\"height: 160px;\">\n<td style=\"width: 80%; background-color: #bcd2d4; height: 100%;\" colspan=\"2\">\n<h1>Niveau : Seconde<\/h1>\n<\/td>\n<\/tr>\n<tr style=\"height: 24px;\">\n<td style=\"height: 24px; width: 30%; text-align: center; vertical-align: top;\"><img decoding=\"async\" class=\"aligncenter wp-image-2735\" src=\"https:\/\/www.lyceejeanbart.fr\/wp-content\/uploads\/2021\/03\/science-4496467_640-150x150.png\" alt=\"\" width=\"150\" height=\"150\" srcset=\"https:\/\/www.lyceejeanbart.fr\/wp-content\/uploads\/2021\/03\/science-4496467_640-150x150.png 150w, https:\/\/www.lyceejeanbart.fr\/wp-content\/uploads\/2021\/03\/science-4496467_640-300x300.png 300w, https:\/\/www.lyceejeanbart.fr\/wp-content\/uploads\/2021\/03\/science-4496467_640.png 640w\" sizes=\"(max-width: 150px) 100vw, 150px\" \/><\/td>\n<td style=\"width: 50%; vertical-align: top; height: 24px;\"><span style=\"font-size: 14pt;\">En petits groupes, les \u00e9l\u00e8ves r\u00e9alisent des exp\u00e9riences qui font appel aux diff\u00e9rentes disciplines scientifiques (physique, chimie, biologie, biochimie, etc.).<\/span><\/p>\n<p><span style=\"font-size: 14pt;\">A partir de produits de la vie quotidienne, les \u00e9l\u00e8ves d\u00e9couvrent les gestes techniques et la d\u00e9marche exp\u00e9rimentale du travail de laboratoire.<\/span><\/p>\n<p><a href=\"https:\/\/www.lyceejeanbart.fr\/wp-content\/uploads\/2021\/03\/presentation-SL.pdf\" target=\"_blank\" rel=\"noopener\">Document \u00e0 t\u00e9l\u00e9charger<\/a><\/td>\n<\/tr>\n<tr style=\"height: 24px;\">\n<td style=\"height: 24px; width: 30%; text-align: center; vertical-align: top;\"><\/td>\n<td style=\"width: 50%; height: 24px;\"><\/td>\n<\/tr>\n<tr style=\"height: 260px;\">\n<td style=\"width: 30%; text-align: center; vertical-align: middle; background-color: #bcd2d4; height: 260px;\"><img decoding=\"async\" class=\"aligncenter wp-image-2824\" src=\"https:\/\/www.lyceejeanbart.fr\/wp-content\/uploads\/2021\/03\/atouts-3.jpg\" alt=\"\" width=\"250\" height=\"125\" srcset=\"https:\/\/www.lyceejeanbart.fr\/wp-content\/uploads\/2021\/03\/atouts-3.jpg 591w, https:\/\/www.lyceejeanbart.fr\/wp-content\/uploads\/2021\/03\/atouts-3-300x150.jpg 300w\" sizes=\"(max-width: 250px) 100vw, 250px\" \/><\/td>\n<td style=\"width: 50%; background-color: #bcd2d4; height: 100%; vertical-align: middle;\"><strong>T\u00e9moignages d&rsquo;\u00e9l\u00e8ves<\/strong><\/p>\n<ul>\n<li><em><span style=\"font-size: 12pt;\">\u00ab C\u2019est une mati\u00e8re tr\u00e8s int\u00e9ressante pour les curieux. Ce n\u2019est pas bien compliqu\u00e9, \u00e7a augmente la moyenne, et aussi \u00e7a nous rapproche des autres camarades \u00bb<\/span><\/em><\/li>\n<li><em><span style=\"font-size: 12pt;\">\u00ab Ce que j\u2019aime, ce sont les exp\u00e9riences tr\u00e8s vari\u00e9es et l\u2019ambiance en classe \u00bb<\/span><\/em><\/li>\n<li><em><span style=\"font-size: 12pt;\">\u00ab On peut go\u00fbter l\u2019eau et on ne refait pas les m\u00eames choses qu\u2019en cours \u00bb<\/span><\/em><\/li>\n<li><em><span style=\"font-size: 12pt;\">\u00ab Si tu veux faire des \u00e9tudes dans les sciences, prends Sciences et Laboratoire \u00bb<\/span><\/em><\/li>\n<li><em><span style=\"font-size: 12pt;\">\u00ab Si tu aimes les sciences et les exp\u00e9riences, prends Sciences et Laboratoire. En plus, \u00e7a peut te faire une bonne moyenne ! \u00bb<\/span><\/em><\/li>\n<\/ul>\n<\/td>\n<\/tr>\n<\/tbody>\n<\/table>\n","protected":false},"excerpt":{"rendered":"<p>Niveau : Seconde En petits groupes, les \u00e9l\u00e8ves r\u00e9alisent des exp\u00e9riences qui font appel aux diff\u00e9rentes disciplines scientifiques (physique, chimie, biologie, biochimie, etc.). A partir de produits de la vie quotidienne, les \u00e9l\u00e8ves d\u00e9couvrent les gestes techniques et la d\u00e9marche exp\u00e9rimentale du travail de laboratoire. Document \u00e0 t\u00e9l\u00e9charger T\u00e9moignages d&rsquo;\u00e9l\u00e8ves \u00ab C\u2019est une mati\u00e8re tr\u00e8s [&hellip;]<\/p>\n","protected":false},"author":4,"featured_media":0,"parent":0,"menu_order":0,"comment_status":"closed","ping_status":"closed","template":"","meta":{"ocean_post_layout":"","ocean_both_sidebars_style":"","ocean_both_sidebars_content_width":0,"ocean_both_sidebars_sidebars_width":0,"ocean_sidebar":"0","ocean_second_sidebar":"0","ocean_disable_margins":"enable","ocean_add_body_class":"","ocean_shortcode_before_top_bar":"","ocean_shortcode_after_top_bar":"","ocean_shortcode_before_header":"","ocean_shortcode_after_header":"","ocean_has_shortcode":"","ocean_shortcode_after_title":"","ocean_shortcode_before_footer_widgets":"","ocean_shortcode_after_footer_widgets":"","ocean_shortcode_before_footer_bottom":"","ocean_shortcode_after_footer_bottom":"","ocean_display_top_bar":"default","ocean_display_header":"default","ocean_header_style":"","ocean_center_header_left_menu":"0","ocean_custom_header_template":"0","ocean_custom_logo":0,"ocean_custom_retina_logo":0,"ocean_custom_logo_max_width":0,"ocean_custom_logo_tablet_max_width":0,"ocean_custom_logo_mobile_max_width":0,"ocean_custom_logo_max_height":0,"ocean_custom_logo_tablet_max_height":0,"ocean_custom_logo_mobile_max_height":0,"ocean_header_custom_menu":"0","ocean_menu_typo_font_family":"0","ocean_menu_typo_font_subset":"","ocean_menu_typo_font_size":0,"ocean_menu_typo_font_size_tablet":0,"ocean_menu_typo_font_size_mobile":0,"ocean_menu_typo_font_size_unit":"px","ocean_menu_typo_font_weight":"","ocean_menu_typo_font_weight_tablet":"","ocean_menu_typo_font_weight_mobile":"","ocean_menu_typo_transform":"","ocean_menu_typo_transform_tablet":"","ocean_menu_typo_transform_mobile":"","ocean_menu_typo_line_height":0,"ocean_menu_typo_line_height_tablet":0,"ocean_menu_typo_line_height_mobile":0,"ocean_menu_typo_line_height_unit":"","ocean_menu_typo_spacing":0,"ocean_menu_typo_spacing_tablet":0,"ocean_menu_typo_spacing_mobile":0,"ocean_menu_typo_spacing_unit":"","ocean_menu_link_color":"","ocean_menu_link_color_hover":"","ocean_menu_link_color_active":"","ocean_menu_link_background":"","ocean_menu_link_hover_background":"","ocean_menu_link_active_background":"","ocean_menu_social_links_bg":"","ocean_menu_social_hover_links_bg":"","ocean_menu_social_links_color":"","ocean_menu_social_hover_links_color":"","ocean_disable_title":"default","ocean_disable_heading":"default","ocean_post_title":"","ocean_post_subheading":"","ocean_post_title_style":"","ocean_post_title_background_color":"","ocean_post_title_background":0,"ocean_post_title_bg_image_position":"","ocean_post_title_bg_image_attachment":"","ocean_post_title_bg_image_repeat":"","ocean_post_title_bg_image_size":"","ocean_post_title_height":0,"ocean_post_title_bg_overlay":0.5,"ocean_post_title_bg_overlay_color":"","ocean_disable_breadcrumbs":"default","ocean_breadcrumbs_color":"","ocean_breadcrumbs_separator_color":"","ocean_breadcrumbs_links_color":"","ocean_breadcrumbs_links_hover_color":"","ocean_display_footer_widgets":"default","ocean_display_footer_bottom":"default","ocean_custom_footer_template":"0","footnotes":""},"_links":{"self":[{"href":"https:\/\/www.lyceejeanbart.fr\/index.php\/wp-json\/wp\/v2\/pages\/2821"}],"collection":[{"href":"https:\/\/www.lyceejeanbart.fr\/index.php\/wp-json\/wp\/v2\/pages"}],"about":[{"href":"https:\/\/www.lyceejeanbart.fr\/index.php\/wp-json\/wp\/v2\/types\/page"}],"author":[{"embeddable":true,"href":"https:\/\/www.lyceejeanbart.fr\/index.php\/wp-json\/wp\/v2\/users\/4"}],"replies":[{"embeddable":true,"href":"https:\/\/www.lyceejeanbart.fr\/index.php\/wp-json\/wp\/v2\/comments?post=2821"}],"version-history":[{"count":9,"href":"https:\/\/www.lyceejeanbart.fr\/index.php\/wp-json\/wp\/v2\/pages\/2821\/revisions"}],"predecessor-version":[{"id":3150,"href":"https:\/\/www.lyceejeanbart.fr\/index.php\/wp-json\/wp\/v2\/pages\/2821\/revisions\/3150"}],"wp:attachment":[{"href":"https:\/\/www.lyceejeanbart.fr\/index.php\/wp-json\/wp\/v2\/media?parent=2821"}],"curies":[{"name":"wp","href":"https:\/\/api.w.org\/{rel}","templated":true}]}}