{"id":2829,"date":"2021-03-20T17:59:34","date_gmt":"2021-03-20T16:59:34","guid":{"rendered":"https:\/\/www.lyceejeanbart.fr\/?page_id=2829"},"modified":"2021-03-24T14:42:46","modified_gmt":"2021-03-24T13:42:46","slug":"llce-anglais","status":"publish","type":"page","link":"https:\/\/www.lyceejeanbart.fr\/index.php\/llce-anglais\/","title":{"rendered":"Sp\u00e9cialit\u00e9 &#8211; Langues, Litt\u00e9ratures et Cultures Etrang\u00e8res : Anglais Monde Contemporain"},"content":{"rendered":"<table style=\"height: 255px; width: 100%; border-collapse: collapse;\">\n<tbody>\n<tr style=\"height: 160px;\">\n<td style=\"width: 80%; background-color: #bcd2d4; height: 100%;\" colspan=\"2\">\n<h1>Niveau : Premi\u00e8re, Terminale<\/h1>\n<\/td>\n<\/tr>\n<tr style=\"height: 24px;\">\n<td style=\"height: 24px; width: 30%; text-align: center; vertical-align: top;\"><img fetchpriority=\"high\" decoding=\"async\" class=\"aligncenter wp-image-2883\" src=\"https:\/\/www.lyceejeanbart.fr\/wp-content\/uploads\/2021\/03\/Anglophone.png\" alt=\"\" width=\"380\" height=\"200\" srcset=\"https:\/\/www.lyceejeanbart.fr\/wp-content\/uploads\/2021\/03\/Anglophone.png 640w, https:\/\/www.lyceejeanbart.fr\/wp-content\/uploads\/2021\/03\/Anglophone-300x158.png 300w\" sizes=\"(max-width: 380px) 100vw, 380px\" \/><\/td>\n<td style=\"width: 50%; vertical-align: top; height: 24px; text-align: left;\"><span style=\"font-size: 14pt;\">La sp\u00e9cialit\u00e9 Anglais Monde Contemporain vise \u00e0 sensibiliser les \u00e9l\u00e8ves \u00e0 la diversit\u00e9 des soci\u00e9t\u00e9s et des cultures du monde anglophone. Ainsi, elle se donne pour objectif d\u2019analyser quelques grands enjeux soci\u00e9taux, \u00e9conomiques, politiques, g\u00e9opolitiques, culturels, scientifiques et techniques du monde anglophone contemporain. Elle prend appui sur une grande vari\u00e9t\u00e9 de supports : presse \u00e9crite et audiovisuelle, sites d\u2019information en ligne, extraits de publications scientifiques, discours, documents iconographiques, cartographiques, statistiques, films, s\u00e9ries t\u00e9l\u00e9vis\u00e9es, documentaires, repr\u00e9sentations artistiques, etc.<\/span><\/p>\n<p><span style=\"font-size: 14pt;\">Elle contribue au d\u00e9veloppement des comp\u00e9tences de lecture des \u00e9l\u00e8ves, de leur sens critique, de leur esprit d\u2019analyse et de leur autonomie, ainsi qu\u2019\u00e0 la ma\u00eetrise de la langue dans des contextes usuels, des situations de communication n\u00e9cessitant une connaissance suffisante des enjeux et des nuances entre les diff\u00e9rentes r\u00e9gions qui composent le monde anglophone.<\/span><\/p>\n<p style=\"text-align: center;\"><iframe src=\"\/\/www.youtube.com\/embed\/VFt7HnPsnq8\" width=\"560\" height=\"400\" allowfullscreen=\"allowfullscreen\"><\/iframe><\/p>\n<p><a href=\"https:\/\/www.lyceejeanbart.fr\/wp-content\/uploads\/2021\/03\/Presentation-de-la-spe-Do-You-Speak-English-Clara-Trichot-et-Heloise-Viaud.pdf\" target=\"_blank\" rel=\"noopener\"><span style=\"font-size: 14pt;\">Affiche de pr\u00e9sentation<\/span><\/a><\/p>\n<p><span style=\"font-size: 14pt;\">Productions d&rsquo;\u00e9l\u00e8ves :\u00a0 <a href=\"https:\/\/www.lyceejeanbart.fr\/wp-content\/uploads\/2021\/03\/presentation-Louis-Maxime.png\" target=\"_blank\" rel=\"noopener\">1<\/a>\u00a0 <a href=\"https:\/\/www.lyceejeanbart.fr\/wp-content\/uploads\/2021\/03\/bd-Eva-Zoe.pdf\" target=\"_blank\" rel=\"noopener\">2<\/a>\u00a0 <a href=\"https:\/\/www.lyceejeanbart.fr\/wp-content\/uploads\/2021\/03\/BD-AMC-2-Rehane-Naele-Ines-Leo-Orphee.pdf\" target=\"_blank\" rel=\"noopener\">3<\/a><\/span><\/p>\n<p style=\"text-align: center;\">\n<\/td>\n<\/tr>\n<tr style=\"height: 24px;\">\n<td style=\"height: 24px; width: 30%; text-align: center; vertical-align: top;\"><\/td>\n<td style=\"width: 50%; height: 24px; vertical-align: top;\"><\/td>\n<\/tr>\n<tr style=\"height: 260px;\">\n<td style=\"width: 30%; text-align: center; vertical-align: middle; background-color: #bcd2d4; height: 100px;\"><img decoding=\"async\" class=\"aligncenter wp-image-2824\" src=\"https:\/\/www.lyceejeanbart.fr\/wp-content\/uploads\/2021\/03\/atouts-3.jpg\" alt=\"\" width=\"250\" height=\"125\" srcset=\"https:\/\/www.lyceejeanbart.fr\/wp-content\/uploads\/2021\/03\/atouts-3.jpg 591w, https:\/\/www.lyceejeanbart.fr\/wp-content\/uploads\/2021\/03\/atouts-3-300x150.jpg 300w\" sizes=\"(max-width: 250px) 100vw, 250px\" \/><\/td>\n<td style=\"width: 50%; background-color: #bcd2d4; height: 100%; vertical-align: middle;\"><em><span style=\"font-size: 14pt;\">Le lyc\u00e9e Jean Bart est un \u00e9tablissement qui met \u00e0 l&rsquo;honneur les langues vivantes en proposant notamment les sp\u00e9cialit\u00e9s Anglais et Anglais Monde Contemporain aux \u00e9l\u00e8ves de premi\u00e8re et terminale. Il offre \u00e9galement une ouverture \u00e0 l&rsquo;Europe et aux \u00e9changes culturels et langagiers avec son projet Erasmus+<\/span><\/em><\/td>\n<\/tr>\n<\/tbody>\n<\/table>\n","protected":false},"excerpt":{"rendered":"<p>Niveau : Premi\u00e8re, Terminale La sp\u00e9cialit\u00e9 Anglais Monde Contemporain vise \u00e0 sensibiliser les \u00e9l\u00e8ves \u00e0 la diversit\u00e9 des soci\u00e9t\u00e9s et des cultures du monde anglophone. Ainsi, elle se donne pour objectif d\u2019analyser quelques grands enjeux soci\u00e9taux, \u00e9conomiques, politiques, g\u00e9opolitiques, culturels, scientifiques et techniques du monde anglophone contemporain. Elle prend appui sur une grande vari\u00e9t\u00e9 de [&hellip;]<\/p>\n","protected":false},"author":4,"featured_media":0,"parent":0,"menu_order":0,"comment_status":"closed","ping_status":"closed","template":"","meta":{"ocean_post_layout":"","ocean_both_sidebars_style":"","ocean_both_sidebars_content_width":0,"ocean_both_sidebars_sidebars_width":0,"ocean_sidebar":"0","ocean_second_sidebar":"0","ocean_disable_margins":"enable","ocean_add_body_class":"","ocean_shortcode_before_top_bar":"","ocean_shortcode_after_top_bar":"","ocean_shortcode_before_header":"","ocean_shortcode_after_header":"","ocean_has_shortcode":"","ocean_shortcode_after_title":"","ocean_shortcode_before_footer_widgets":"","ocean_shortcode_after_footer_widgets":"","ocean_shortcode_before_footer_bottom":"","ocean_shortcode_after_footer_bottom":"","ocean_display_top_bar":"default","ocean_display_header":"default","ocean_header_style":"","ocean_center_header_left_menu":"0","ocean_custom_header_template":"0","ocean_custom_logo":0,"ocean_custom_retina_logo":0,"ocean_custom_logo_max_width":0,"ocean_custom_logo_tablet_max_width":0,"ocean_custom_logo_mobile_max_width":0,"ocean_custom_logo_max_height":0,"ocean_custom_logo_tablet_max_height":0,"ocean_custom_logo_mobile_max_height":0,"ocean_header_custom_menu":"0","ocean_menu_typo_font_family":"0","ocean_menu_typo_font_subset":"","ocean_menu_typo_font_size":0,"ocean_menu_typo_font_size_tablet":0,"ocean_menu_typo_font_size_mobile":0,"ocean_menu_typo_font_size_unit":"px","ocean_menu_typo_font_weight":"","ocean_menu_typo_font_weight_tablet":"","ocean_menu_typo_font_weight_mobile":"","ocean_menu_typo_transform":"","ocean_menu_typo_transform_tablet":"","ocean_menu_typo_transform_mobile":"","ocean_menu_typo_line_height":0,"ocean_menu_typo_line_height_tablet":0,"ocean_menu_typo_line_height_mobile":0,"ocean_menu_typo_line_height_unit":"","ocean_menu_typo_spacing":0,"ocean_menu_typo_spacing_tablet":0,"ocean_menu_typo_spacing_mobile":0,"ocean_menu_typo_spacing_unit":"","ocean_menu_link_color":"","ocean_menu_link_color_hover":"","ocean_menu_link_color_active":"","ocean_menu_link_background":"","ocean_menu_link_hover_background":"","ocean_menu_link_active_background":"","ocean_menu_social_links_bg":"","ocean_menu_social_hover_links_bg":"","ocean_menu_social_links_color":"","ocean_menu_social_hover_links_color":"","ocean_disable_title":"default","ocean_disable_heading":"default","ocean_post_title":"","ocean_post_subheading":"","ocean_post_title_style":"","ocean_post_title_background_color":"","ocean_post_title_background":0,"ocean_post_title_bg_image_position":"","ocean_post_title_bg_image_attachment":"","ocean_post_title_bg_image_repeat":"","ocean_post_title_bg_image_size":"","ocean_post_title_height":0,"ocean_post_title_bg_overlay":0.5,"ocean_post_title_bg_overlay_color":"","ocean_disable_breadcrumbs":"default","ocean_breadcrumbs_color":"","ocean_breadcrumbs_separator_color":"","ocean_breadcrumbs_links_color":"","ocean_breadcrumbs_links_hover_color":"","ocean_display_footer_widgets":"default","ocean_display_footer_bottom":"default","ocean_custom_footer_template":"0","footnotes":""},"_links":{"self":[{"href":"https:\/\/www.lyceejeanbart.fr\/index.php\/wp-json\/wp\/v2\/pages\/2829"}],"collection":[{"href":"https:\/\/www.lyceejeanbart.fr\/index.php\/wp-json\/wp\/v2\/pages"}],"about":[{"href":"https:\/\/www.lyceejeanbart.fr\/index.php\/wp-json\/wp\/v2\/types\/page"}],"author":[{"embeddable":true,"href":"https:\/\/www.lyceejeanbart.fr\/index.php\/wp-json\/wp\/v2\/users\/4"}],"replies":[{"embeddable":true,"href":"https:\/\/www.lyceejeanbart.fr\/index.php\/wp-json\/wp\/v2\/comments?post=2829"}],"version-history":[{"count":27,"href":"https:\/\/www.lyceejeanbart.fr\/index.php\/wp-json\/wp\/v2\/pages\/2829\/revisions"}],"predecessor-version":[{"id":2866,"href":"https:\/\/www.lyceejeanbart.fr\/index.php\/wp-json\/wp\/v2\/pages\/2829\/revisions\/2866"}],"wp:attachment":[{"href":"https:\/\/www.lyceejeanbart.fr\/index.php\/wp-json\/wp\/v2\/media?parent=2829"}],"curies":[{"name":"wp","href":"https:\/\/api.w.org\/{rel}","templated":true}]}}