{"id":2854,"date":"2021-03-20T18:30:18","date_gmt":"2021-03-20T17:30:18","guid":{"rendered":"https:\/\/www.lyceejeanbart.fr\/?page_id=2854"},"modified":"2021-03-21T10:36:24","modified_gmt":"2021-03-21T09:36:24","slug":"numerique-et-sciences-informatiques","status":"publish","type":"page","link":"https:\/\/www.lyceejeanbart.fr\/index.php\/numerique-et-sciences-informatiques\/","title":{"rendered":"Sp\u00e9cialit\u00e9 &#8211; Num\u00e9rique et Sciences Informatiques"},"content":{"rendered":"<table style=\"height: 255px; width: 100%; border-collapse: collapse;\">\n<tbody>\n<tr style=\"height: 160px;\">\n<td style=\"width: 80%; background-color: #bcd2d4; height: 100%;\" colspan=\"2\">\n<h1>Niveau : Premi\u00e8re, Terminale<\/h1>\n<\/td>\n<\/tr>\n<tr style=\"height: 24px;\">\n<td style=\"height: 24px; width: 30%; text-align: center; vertical-align: top;\"><img fetchpriority=\"high\" decoding=\"async\" class=\"aligncenter wp-image-2855\" src=\"https:\/\/www.lyceejeanbart.fr\/wp-content\/uploads\/2021\/03\/NSI.png\" alt=\"\" width=\"340\" height=\"236\" srcset=\"https:\/\/www.lyceejeanbart.fr\/wp-content\/uploads\/2021\/03\/NSI.png 640w, https:\/\/www.lyceejeanbart.fr\/wp-content\/uploads\/2021\/03\/NSI-300x208.png 300w\" sizes=\"(max-width: 340px) 100vw, 340px\" \/><\/td>\n<td style=\"width: 50%; height: 24px; text-align: left; vertical-align: middle;\"><span style=\"font-size: 14pt;\">L&rsquo;un des objectifs de l&rsquo;enseignement de sp\u00e9cialit\u00e9 NSI (Num\u00e9riques et sciences informatiques) est l&rsquo;\u00e9tude des concepts de l&rsquo;informatique pour pr\u00e9parer une poursuite d&rsquo;\u00e9tudes dans l&rsquo;enseignement sup\u00e9rieur.<\/span><\/p>\n<p><span style=\"font-size: 14pt;\">On y \u00e9tudie principalement les algorithmes et la programmation, appliqu\u00e9s \u00e0 diff\u00e9rents domaines (traitement de donn\u00e9es, objets connect\u00e9s, mod\u00e9lisation, web et r\u00e9seaux\u2026).<\/span><\/td>\n<\/tr>\n<tr style=\"height: 24px;\">\n<td style=\"height: 24px; width: 30%; text-align: center; vertical-align: top;\"><\/td>\n<td style=\"width: 50%; height: 24px; vertical-align: top;\"><\/td>\n<\/tr>\n<tr style=\"height: 260px;\">\n<td style=\"width: 30%; text-align: center; vertical-align: middle; background-color: #bcd2d4; height: 100px;\"><img decoding=\"async\" class=\"aligncenter wp-image-2824\" src=\"https:\/\/www.lyceejeanbart.fr\/wp-content\/uploads\/2021\/03\/atouts-3.jpg\" alt=\"\" width=\"250\" height=\"125\" srcset=\"https:\/\/www.lyceejeanbart.fr\/wp-content\/uploads\/2021\/03\/atouts-3.jpg 591w, https:\/\/www.lyceejeanbart.fr\/wp-content\/uploads\/2021\/03\/atouts-3-300x150.jpg 300w\" sizes=\"(max-width: 250px) 100vw, 250px\" \/><\/td>\n<td style=\"width: 50%; background-color: #bcd2d4; height: 100%; vertical-align: middle;\"><em><span style=\"font-size: 14pt;\">Au lyc\u00e9e Jean Bart, les conditions d&rsquo;apprentissage sont optimales: les \u00e9l\u00e8ves sont tous \u00e9quip\u00e9s d&rsquo;un ordinateur, travaillent tr\u00e8s souvent en groupe, en menant des projets utiles dans divers champs d&rsquo;application.<\/span><\/em><br \/>\n<em><span style=\"font-size: 14pt;\">Filles et gar\u00e7ons s&rsquo;\u00e9panouiront dans cette discipline, avec des enseignants au Lyc\u00e9e Jean Bart soucieux de la r\u00e9ussite des \u00e9l\u00e8ves et bienveillants.<\/span><\/em><\/td>\n<\/tr>\n<\/tbody>\n<\/table>\n","protected":false},"excerpt":{"rendered":"<p>Niveau : Premi\u00e8re, Terminale L&rsquo;un des objectifs de l&rsquo;enseignement de sp\u00e9cialit\u00e9 NSI (Num\u00e9riques et sciences informatiques) est l&rsquo;\u00e9tude des concepts de l&rsquo;informatique pour pr\u00e9parer une poursuite d&rsquo;\u00e9tudes dans l&rsquo;enseignement sup\u00e9rieur. On y \u00e9tudie principalement les algorithmes et la programmation, appliqu\u00e9s \u00e0 diff\u00e9rents domaines (traitement de donn\u00e9es, objets connect\u00e9s, mod\u00e9lisation, web et r\u00e9seaux\u2026). Au lyc\u00e9e Jean [&hellip;]<\/p>\n","protected":false},"author":4,"featured_media":0,"parent":0,"menu_order":0,"comment_status":"closed","ping_status":"closed","template":"","meta":{"ocean_post_layout":"","ocean_both_sidebars_style":"","ocean_both_sidebars_content_width":0,"ocean_both_sidebars_sidebars_width":0,"ocean_sidebar":"0","ocean_second_sidebar":"0","ocean_disable_margins":"enable","ocean_add_body_class":"","ocean_shortcode_before_top_bar":"","ocean_shortcode_after_top_bar":"","ocean_shortcode_before_header":"","ocean_shortcode_after_header":"","ocean_has_shortcode":"","ocean_shortcode_after_title":"","ocean_shortcode_before_footer_widgets":"","ocean_shortcode_after_footer_widgets":"","ocean_shortcode_before_footer_bottom":"","ocean_shortcode_after_footer_bottom":"","ocean_display_top_bar":"default","ocean_display_header":"default","ocean_header_style":"","ocean_center_header_left_menu":"0","ocean_custom_header_template":"0","ocean_custom_logo":0,"ocean_custom_retina_logo":0,"ocean_custom_logo_max_width":0,"ocean_custom_logo_tablet_max_width":0,"ocean_custom_logo_mobile_max_width":0,"ocean_custom_logo_max_height":0,"ocean_custom_logo_tablet_max_height":0,"ocean_custom_logo_mobile_max_height":0,"ocean_header_custom_menu":"0","ocean_menu_typo_font_family":"0","ocean_menu_typo_font_subset":"","ocean_menu_typo_font_size":0,"ocean_menu_typo_font_size_tablet":0,"ocean_menu_typo_font_size_mobile":0,"ocean_menu_typo_font_size_unit":"px","ocean_menu_typo_font_weight":"","ocean_menu_typo_font_weight_tablet":"","ocean_menu_typo_font_weight_mobile":"","ocean_menu_typo_transform":"","ocean_menu_typo_transform_tablet":"","ocean_menu_typo_transform_mobile":"","ocean_menu_typo_line_height":0,"ocean_menu_typo_line_height_tablet":0,"ocean_menu_typo_line_height_mobile":0,"ocean_menu_typo_line_height_unit":"","ocean_menu_typo_spacing":0,"ocean_menu_typo_spacing_tablet":0,"ocean_menu_typo_spacing_mobile":0,"ocean_menu_typo_spacing_unit":"","ocean_menu_link_color":"","ocean_menu_link_color_hover":"","ocean_menu_link_color_active":"","ocean_menu_link_background":"","ocean_menu_link_hover_background":"","ocean_menu_link_active_background":"","ocean_menu_social_links_bg":"","ocean_menu_social_hover_links_bg":"","ocean_menu_social_links_color":"","ocean_menu_social_hover_links_color":"","ocean_disable_title":"default","ocean_disable_heading":"default","ocean_post_title":"","ocean_post_subheading":"","ocean_post_title_style":"","ocean_post_title_background_color":"","ocean_post_title_background":0,"ocean_post_title_bg_image_position":"","ocean_post_title_bg_image_attachment":"","ocean_post_title_bg_image_repeat":"","ocean_post_title_bg_image_size":"","ocean_post_title_height":0,"ocean_post_title_bg_overlay":0.5,"ocean_post_title_bg_overlay_color":"","ocean_disable_breadcrumbs":"default","ocean_breadcrumbs_color":"","ocean_breadcrumbs_separator_color":"","ocean_breadcrumbs_links_color":"","ocean_breadcrumbs_links_hover_color":"","ocean_display_footer_widgets":"default","ocean_display_footer_bottom":"default","ocean_custom_footer_template":"0","footnotes":""},"_links":{"self":[{"href":"https:\/\/www.lyceejeanbart.fr\/index.php\/wp-json\/wp\/v2\/pages\/2854"}],"collection":[{"href":"https:\/\/www.lyceejeanbart.fr\/index.php\/wp-json\/wp\/v2\/pages"}],"about":[{"href":"https:\/\/www.lyceejeanbart.fr\/index.php\/wp-json\/wp\/v2\/types\/page"}],"author":[{"embeddable":true,"href":"https:\/\/www.lyceejeanbart.fr\/index.php\/wp-json\/wp\/v2\/users\/4"}],"replies":[{"embeddable":true,"href":"https:\/\/www.lyceejeanbart.fr\/index.php\/wp-json\/wp\/v2\/comments?post=2854"}],"version-history":[{"count":7,"href":"https:\/\/www.lyceejeanbart.fr\/index.php\/wp-json\/wp\/v2\/pages\/2854\/revisions"}],"predecessor-version":[{"id":3013,"href":"https:\/\/www.lyceejeanbart.fr\/index.php\/wp-json\/wp\/v2\/pages\/2854\/revisions\/3013"}],"wp:attachment":[{"href":"https:\/\/www.lyceejeanbart.fr\/index.php\/wp-json\/wp\/v2\/media?parent=2854"}],"curies":[{"name":"wp","href":"https:\/\/api.w.org\/{rel}","templated":true}]}}