{"id":2870,"date":"2021-03-20T18:40:15","date_gmt":"2021-03-20T17:40:15","guid":{"rendered":"https:\/\/www.lyceejeanbart.fr\/?page_id=2870"},"modified":"2021-03-24T14:43:08","modified_gmt":"2021-03-24T13:43:08","slug":"llce-anglais-2","status":"publish","type":"page","link":"https:\/\/www.lyceejeanbart.fr\/index.php\/llce-anglais-2\/","title":{"rendered":"Sp\u00e9cialit\u00e9 &#8211; Langues, Litt\u00e9ratures et Cultures Etrang\u00e8res : Anglais"},"content":{"rendered":"<table style=\"height: 255px; width: 100%; border-collapse: collapse;\">\n<tbody>\n<tr style=\"height: 160px;\">\n<td style=\"width: 80%; background-color: #bcd2d4; height: 100%;\" colspan=\"2\">\n<h1>Niveau : Premi\u00e8re, Terminale<\/h1>\n<\/td>\n<\/tr>\n<tr style=\"height: 24px;\">\n<td style=\"height: 24px; width: 30%; text-align: center; vertical-align: top;\"><img fetchpriority=\"high\" decoding=\"async\" class=\"aligncenter wp-image-2834\" src=\"https:\/\/www.lyceejeanbart.fr\/wp-content\/uploads\/2021\/03\/Anglais.png\" alt=\"\" width=\"380\" height=\"295\" srcset=\"https:\/\/www.lyceejeanbart.fr\/wp-content\/uploads\/2021\/03\/Anglais.png 640w, https:\/\/www.lyceejeanbart.fr\/wp-content\/uploads\/2021\/03\/Anglais-300x233.png 300w\" sizes=\"(max-width: 380px) 100vw, 380px\" \/><\/td>\n<td style=\"width: 50%; vertical-align: top; height: 24px; text-align: center;\"><iframe src=\"\/\/www.youtube.com\/embed\/L3YTM_1YeJ0\" width=\"713\" height=\"400\" allowfullscreen=\"allowfullscreen\"><\/iframe><\/td>\n<\/tr>\n<tr style=\"height: 24px;\">\n<td style=\"height: 24px; width: 30%; text-align: center; vertical-align: top;\"><\/td>\n<td style=\"width: 50%; height: 24px; vertical-align: top;\"><\/td>\n<\/tr>\n<tr style=\"height: 260px;\">\n<td style=\"width: 30%; text-align: center; vertical-align: middle; background-color: #bcd2d4; height: 100px;\"><img decoding=\"async\" class=\"aligncenter wp-image-2824\" src=\"https:\/\/www.lyceejeanbart.fr\/wp-content\/uploads\/2021\/03\/atouts-3.jpg\" alt=\"\" width=\"250\" height=\"125\" srcset=\"https:\/\/www.lyceejeanbart.fr\/wp-content\/uploads\/2021\/03\/atouts-3.jpg 591w, https:\/\/www.lyceejeanbart.fr\/wp-content\/uploads\/2021\/03\/atouts-3-300x150.jpg 300w\" sizes=\"(max-width: 250px) 100vw, 250px\" \/><\/td>\n<td style=\"width: 50%; background-color: #bcd2d4; height: 100%; vertical-align: middle;\">\n<h3><em>Paroles d&rsquo;\u00e9l\u00e8ves<\/em><\/h3>\n<ul>\n<li><em>Emma : \u00ab Suivre l\u2019enseignement de sp\u00e9cialit\u00e9 triple mon volume horaire d\u2019anglais par semaine et je sens que je progresse rapidement.\u00a0\u00bb<\/em><\/li>\n<li><em>Thomas : \u00ab J\u2019adore l\u2019anglais et cette ann\u00e9e j\u2019ai anglais tous les jours. C\u2019est tr\u00e8s vari\u00e9 et j\u2019apprends \u00e9norm\u00e9ment tant sur le plan linguistique que culturel\u00a0\u00bb<\/em><\/li>\n<\/ul>\n<\/td>\n<\/tr>\n<\/tbody>\n<\/table>\n","protected":false},"excerpt":{"rendered":"<p>Niveau : Premi\u00e8re, Terminale Paroles d&rsquo;\u00e9l\u00e8ves Emma : \u00ab Suivre l\u2019enseignement de sp\u00e9cialit\u00e9 triple mon volume horaire d\u2019anglais par semaine et je sens que je progresse rapidement.\u00a0\u00bb Thomas : \u00ab J\u2019adore l\u2019anglais et cette ann\u00e9e j\u2019ai anglais tous les jours. C\u2019est tr\u00e8s vari\u00e9 et j\u2019apprends \u00e9norm\u00e9ment tant sur le plan linguistique que culturel\u00a0\u00bb<\/p>\n","protected":false},"author":4,"featured_media":0,"parent":0,"menu_order":0,"comment_status":"closed","ping_status":"closed","template":"","meta":{"ocean_post_layout":"","ocean_both_sidebars_style":"","ocean_both_sidebars_content_width":0,"ocean_both_sidebars_sidebars_width":0,"ocean_sidebar":"0","ocean_second_sidebar":"0","ocean_disable_margins":"enable","ocean_add_body_class":"","ocean_shortcode_before_top_bar":"","ocean_shortcode_after_top_bar":"","ocean_shortcode_before_header":"","ocean_shortcode_after_header":"","ocean_has_shortcode":"","ocean_shortcode_after_title":"","ocean_shortcode_before_footer_widgets":"","ocean_shortcode_after_footer_widgets":"","ocean_shortcode_before_footer_bottom":"","ocean_shortcode_after_footer_bottom":"","ocean_display_top_bar":"default","ocean_display_header":"default","ocean_header_style":"","ocean_center_header_left_menu":"0","ocean_custom_header_template":"0","ocean_custom_logo":0,"ocean_custom_retina_logo":0,"ocean_custom_logo_max_width":0,"ocean_custom_logo_tablet_max_width":0,"ocean_custom_logo_mobile_max_width":0,"ocean_custom_logo_max_height":0,"ocean_custom_logo_tablet_max_height":0,"ocean_custom_logo_mobile_max_height":0,"ocean_header_custom_menu":"0","ocean_menu_typo_font_family":"0","ocean_menu_typo_font_subset":"","ocean_menu_typo_font_size":0,"ocean_menu_typo_font_size_tablet":0,"ocean_menu_typo_font_size_mobile":0,"ocean_menu_typo_font_size_unit":"px","ocean_menu_typo_font_weight":"","ocean_menu_typo_font_weight_tablet":"","ocean_menu_typo_font_weight_mobile":"","ocean_menu_typo_transform":"","ocean_menu_typo_transform_tablet":"","ocean_menu_typo_transform_mobile":"","ocean_menu_typo_line_height":0,"ocean_menu_typo_line_height_tablet":0,"ocean_menu_typo_line_height_mobile":0,"ocean_menu_typo_line_height_unit":"","ocean_menu_typo_spacing":0,"ocean_menu_typo_spacing_tablet":0,"ocean_menu_typo_spacing_mobile":0,"ocean_menu_typo_spacing_unit":"","ocean_menu_link_color":"","ocean_menu_link_color_hover":"","ocean_menu_link_color_active":"","ocean_menu_link_background":"","ocean_menu_link_hover_background":"","ocean_menu_link_active_background":"","ocean_menu_social_links_bg":"","ocean_menu_social_hover_links_bg":"","ocean_menu_social_links_color":"","ocean_menu_social_hover_links_color":"","ocean_disable_title":"default","ocean_disable_heading":"default","ocean_post_title":"","ocean_post_subheading":"","ocean_post_title_style":"","ocean_post_title_background_color":"","ocean_post_title_background":0,"ocean_post_title_bg_image_position":"","ocean_post_title_bg_image_attachment":"","ocean_post_title_bg_image_repeat":"","ocean_post_title_bg_image_size":"","ocean_post_title_height":0,"ocean_post_title_bg_overlay":0.5,"ocean_post_title_bg_overlay_color":"","ocean_disable_breadcrumbs":"default","ocean_breadcrumbs_color":"","ocean_breadcrumbs_separator_color":"","ocean_breadcrumbs_links_color":"","ocean_breadcrumbs_links_hover_color":"","ocean_display_footer_widgets":"default","ocean_display_footer_bottom":"default","ocean_custom_footer_template":"0","footnotes":""},"_links":{"self":[{"href":"https:\/\/www.lyceejeanbart.fr\/index.php\/wp-json\/wp\/v2\/pages\/2870"}],"collection":[{"href":"https:\/\/www.lyceejeanbart.fr\/index.php\/wp-json\/wp\/v2\/pages"}],"about":[{"href":"https:\/\/www.lyceejeanbart.fr\/index.php\/wp-json\/wp\/v2\/types\/page"}],"author":[{"embeddable":true,"href":"https:\/\/www.lyceejeanbart.fr\/index.php\/wp-json\/wp\/v2\/users\/4"}],"replies":[{"embeddable":true,"href":"https:\/\/www.lyceejeanbart.fr\/index.php\/wp-json\/wp\/v2\/comments?post=2870"}],"version-history":[{"count":8,"href":"https:\/\/www.lyceejeanbart.fr\/index.php\/wp-json\/wp\/v2\/pages\/2870\/revisions"}],"predecessor-version":[{"id":3200,"href":"https:\/\/www.lyceejeanbart.fr\/index.php\/wp-json\/wp\/v2\/pages\/2870\/revisions\/3200"}],"wp:attachment":[{"href":"https:\/\/www.lyceejeanbart.fr\/index.php\/wp-json\/wp\/v2\/media?parent=2870"}],"curies":[{"name":"wp","href":"https:\/\/api.w.org\/{rel}","templated":true}]}}