{"id":2908,"date":"2021-03-20T19:24:51","date_gmt":"2021-03-20T18:24:51","guid":{"rendered":"https:\/\/www.lyceejeanbart.fr\/?page_id=2908"},"modified":"2021-03-25T14:56:12","modified_gmt":"2021-03-25T13:56:12","slug":"mathematiques","status":"publish","type":"page","link":"https:\/\/www.lyceejeanbart.fr\/index.php\/mathematiques\/","title":{"rendered":"Sp\u00e9cialit\u00e9 &#8211; Math\u00e9matiques"},"content":{"rendered":"<table style=\"height: 255px; width: 100%; border-collapse: collapse;\">\n<tbody>\n<tr style=\"height: 160px;\">\n<td style=\"width: 100%; background-color: #bcd2d4; height: 15px; text-align: left; vertical-align: middle;\" colspan=\"2\">\n<h1>Niveau : Premi\u00e8re, Terminale<\/h1>\n<\/td>\n<\/tr>\n<tr style=\"height: 24px;\">\n<td style=\"height: 24px; width: 30%; text-align: center; vertical-align: top;\">&nbsp;<\/p>\n<p><img fetchpriority=\"high\" decoding=\"async\" class=\"aligncenter wp-image-2909\" src=\"https:\/\/www.lyceejeanbart.fr\/wp-content\/uploads\/2021\/03\/Maths.png\" alt=\"\" width=\"340\" height=\"224\" srcset=\"https:\/\/www.lyceejeanbart.fr\/wp-content\/uploads\/2021\/03\/Maths.png 640w, https:\/\/www.lyceejeanbart.fr\/wp-content\/uploads\/2021\/03\/Maths-300x197.png 300w\" sizes=\"(max-width: 340px) 100vw, 340px\" \/><\/td>\n<td style=\"width: 50%; height: 24px; text-align: left; vertical-align: top;\"><span style=\"font-size: 14pt;\">Pr\u00e9sentation de la sp\u00e9cialit\u00e9 math\u00e9matiques de la seconde \u00e0 la terminale, ainsi que des diff\u00e9rents parcours en math\u00e9matiques au lyc\u00e9e.<\/span><\/p>\n<p><span style=\"font-size: 14pt;\">Les math\u00e9matiques font partie des attendus de nombreuses formations sup\u00e9rieures . Il est important d&rsquo;en prendre connaissance d\u00e8s la classe de seconde afin de choisir un parcours en math\u00e9matiques adapt\u00e9 aux besoins des formations envisag\u00e9es et de ne pas se fermer des portes.<\/span><\/p>\n<p style=\"text-align: center;\"><iframe src=\"\/\/www.youtube.com\/embed\/LM5XUPo3MAU\" width=\"560\" height=\"400\" allowfullscreen=\"allowfullscreen\"><\/iframe><\/p>\n<\/td>\n<\/tr>\n<tr style=\"height: 24px;\">\n<td style=\"height: 24px; width: 30%; text-align: center; vertical-align: top;\"><\/td>\n<td style=\"width: 50%; height: 24px; vertical-align: top;\"><\/td>\n<\/tr>\n<tr style=\"height: 260px;\">\n<td style=\"width: 30%; text-align: center; vertical-align: middle; background-color: #bcd2d4; height: 100px;\"><img decoding=\"async\" class=\"aligncenter wp-image-2824\" src=\"https:\/\/www.lyceejeanbart.fr\/wp-content\/uploads\/2021\/03\/atouts-3.jpg\" alt=\"\" width=\"250\" height=\"125\" srcset=\"https:\/\/www.lyceejeanbart.fr\/wp-content\/uploads\/2021\/03\/atouts-3.jpg 591w, https:\/\/www.lyceejeanbart.fr\/wp-content\/uploads\/2021\/03\/atouts-3-300x150.jpg 300w\" sizes=\"(max-width: 250px) 100vw, 250px\" \/><\/td>\n<td style=\"width: 50%; background-color: #bcd2d4; height: 100%; vertical-align: middle;\"><span style=\"font-size: 14pt;\"><em>En premi\u00e8re, l&rsquo;\u00e9quipe enseignante accompagne l&rsquo;ensemble des \u00e9l\u00e8ves de sp\u00e9cialit\u00e9 math\u00e9matiques, et ainsi adapter le parcours de chaque \u00e9l\u00e8ve en fonction de leurs besoins en terminale. D&rsquo;autre part, le lyc\u00e9e Jean Bart propose plusieurs formations sup\u00e9rieures pour lesquelles les math\u00e9matiques sont indispensables (MPSI, PCSI, ECG,BTS). La concertation entre les \u00e9quipes du secondaire et du sup\u00e9rieur assure la continuit\u00e9 et un accompagnement vers ces formations.<\/em><\/span><\/td>\n<\/tr>\n<\/tbody>\n<\/table>\n","protected":false},"excerpt":{"rendered":"<p>Niveau : Premi\u00e8re, Terminale &nbsp; Pr\u00e9sentation de la sp\u00e9cialit\u00e9 math\u00e9matiques de la seconde \u00e0 la terminale, ainsi que des diff\u00e9rents parcours en math\u00e9matiques au lyc\u00e9e. Les math\u00e9matiques font partie des attendus de nombreuses formations sup\u00e9rieures . Il est important d&rsquo;en prendre connaissance d\u00e8s la classe de seconde afin de choisir un parcours en math\u00e9matiques adapt\u00e9 [&hellip;]<\/p>\n","protected":false},"author":4,"featured_media":0,"parent":0,"menu_order":0,"comment_status":"closed","ping_status":"closed","template":"","meta":{"ocean_post_layout":"","ocean_both_sidebars_style":"","ocean_both_sidebars_content_width":0,"ocean_both_sidebars_sidebars_width":0,"ocean_sidebar":"0","ocean_second_sidebar":"0","ocean_disable_margins":"enable","ocean_add_body_class":"","ocean_shortcode_before_top_bar":"","ocean_shortcode_after_top_bar":"","ocean_shortcode_before_header":"","ocean_shortcode_after_header":"","ocean_has_shortcode":"","ocean_shortcode_after_title":"","ocean_shortcode_before_footer_widgets":"","ocean_shortcode_after_footer_widgets":"","ocean_shortcode_before_footer_bottom":"","ocean_shortcode_after_footer_bottom":"","ocean_display_top_bar":"default","ocean_display_header":"default","ocean_header_style":"","ocean_center_header_left_menu":"0","ocean_custom_header_template":"0","ocean_custom_logo":0,"ocean_custom_retina_logo":0,"ocean_custom_logo_max_width":0,"ocean_custom_logo_tablet_max_width":0,"ocean_custom_logo_mobile_max_width":0,"ocean_custom_logo_max_height":0,"ocean_custom_logo_tablet_max_height":0,"ocean_custom_logo_mobile_max_height":0,"ocean_header_custom_menu":"0","ocean_menu_typo_font_family":"0","ocean_menu_typo_font_subset":"","ocean_menu_typo_font_size":0,"ocean_menu_typo_font_size_tablet":0,"ocean_menu_typo_font_size_mobile":0,"ocean_menu_typo_font_size_unit":"px","ocean_menu_typo_font_weight":"","ocean_menu_typo_font_weight_tablet":"","ocean_menu_typo_font_weight_mobile":"","ocean_menu_typo_transform":"","ocean_menu_typo_transform_tablet":"","ocean_menu_typo_transform_mobile":"","ocean_menu_typo_line_height":0,"ocean_menu_typo_line_height_tablet":0,"ocean_menu_typo_line_height_mobile":0,"ocean_menu_typo_line_height_unit":"","ocean_menu_typo_spacing":0,"ocean_menu_typo_spacing_tablet":0,"ocean_menu_typo_spacing_mobile":0,"ocean_menu_typo_spacing_unit":"","ocean_menu_link_color":"","ocean_menu_link_color_hover":"","ocean_menu_link_color_active":"","ocean_menu_link_background":"","ocean_menu_link_hover_background":"","ocean_menu_link_active_background":"","ocean_menu_social_links_bg":"","ocean_menu_social_hover_links_bg":"","ocean_menu_social_links_color":"","ocean_menu_social_hover_links_color":"","ocean_disable_title":"default","ocean_disable_heading":"default","ocean_post_title":"","ocean_post_subheading":"","ocean_post_title_style":"","ocean_post_title_background_color":"","ocean_post_title_background":0,"ocean_post_title_bg_image_position":"","ocean_post_title_bg_image_attachment":"","ocean_post_title_bg_image_repeat":"","ocean_post_title_bg_image_size":"","ocean_post_title_height":0,"ocean_post_title_bg_overlay":0.5,"ocean_post_title_bg_overlay_color":"","ocean_disable_breadcrumbs":"default","ocean_breadcrumbs_color":"","ocean_breadcrumbs_separator_color":"","ocean_breadcrumbs_links_color":"","ocean_breadcrumbs_links_hover_color":"","ocean_display_footer_widgets":"default","ocean_display_footer_bottom":"default","ocean_custom_footer_template":"0","footnotes":""},"_links":{"self":[{"href":"https:\/\/www.lyceejeanbart.fr\/index.php\/wp-json\/wp\/v2\/pages\/2908"}],"collection":[{"href":"https:\/\/www.lyceejeanbart.fr\/index.php\/wp-json\/wp\/v2\/pages"}],"about":[{"href":"https:\/\/www.lyceejeanbart.fr\/index.php\/wp-json\/wp\/v2\/types\/page"}],"author":[{"embeddable":true,"href":"https:\/\/www.lyceejeanbart.fr\/index.php\/wp-json\/wp\/v2\/users\/4"}],"replies":[{"embeddable":true,"href":"https:\/\/www.lyceejeanbart.fr\/index.php\/wp-json\/wp\/v2\/comments?post=2908"}],"version-history":[{"count":12,"href":"https:\/\/www.lyceejeanbart.fr\/index.php\/wp-json\/wp\/v2\/pages\/2908\/revisions"}],"predecessor-version":[{"id":3223,"href":"https:\/\/www.lyceejeanbart.fr\/index.php\/wp-json\/wp\/v2\/pages\/2908\/revisions\/3223"}],"wp:attachment":[{"href":"https:\/\/www.lyceejeanbart.fr\/index.php\/wp-json\/wp\/v2\/media?parent=2908"}],"curies":[{"name":"wp","href":"https:\/\/api.w.org\/{rel}","templated":true}]}}