{"id":2914,"date":"2021-03-20T19:30:53","date_gmt":"2021-03-20T18:30:53","guid":{"rendered":"https:\/\/www.lyceejeanbart.fr\/?page_id=2914"},"modified":"2021-03-21T00:48:49","modified_gmt":"2021-03-20T23:48:49","slug":"sciences-economiques-et-sociales","status":"publish","type":"page","link":"https:\/\/www.lyceejeanbart.fr\/index.php\/sciences-economiques-et-sociales\/","title":{"rendered":"Sp\u00e9cialit\u00e9 &#8211; Sciences Economiques et Sociales"},"content":{"rendered":"<table style=\"height: 255px; width: 100%; border-collapse: collapse;\">\n<tbody>\n<tr style=\"height: 160px;\">\n<td style=\"width: 80%; background-color: #bcd2d4; height: 100%;\" colspan=\"2\">\n<h1>Niveau : Premi\u00e8re, Terminale<\/h1>\n<\/td>\n<\/tr>\n<tr style=\"height: 24px;\">\n<td style=\"height: 24px; width: 30%; text-align: center; vertical-align: top;\"><img fetchpriority=\"high\" decoding=\"async\" class=\"aligncenter wp-image-2917\" src=\"https:\/\/www.lyceejeanbart.fr\/wp-content\/uploads\/2021\/03\/SES.jpg\" alt=\"\" width=\"380\" height=\"246\" srcset=\"https:\/\/www.lyceejeanbart.fr\/wp-content\/uploads\/2021\/03\/SES.jpg 640w, https:\/\/www.lyceejeanbart.fr\/wp-content\/uploads\/2021\/03\/SES-300x194.jpg 300w\" sizes=\"(max-width: 380px) 100vw, 380px\" \/><\/td>\n<td style=\"width: 50%; height: 24px; text-align: left; vertical-align: top;\">\n<h2>Objectifs<\/h2>\n<p><span style=\"font-size: 14pt;\">Ouvrir les \u00e9l\u00e8ves sur le monde, les aider \u00e0 mieux comprendre la soci\u00e9t\u00e9.<\/span><\/p>\n<p><span style=\"font-size: 14pt;\">Les initier \u00e0 de nouvelles disciplines : \u00e9conomie, sociologie, sciences politiques.<\/span><\/p>\n<p><span style=\"font-size: 14pt;\">\u00c9clairer l\u2019actualit\u00e9 m\u00e9diatique et certains d\u00e9bats politiques par des connaissances th\u00e9oriques.<\/span><\/p>\n<h2>Programme<\/h2>\n<p><span style=\"font-size: 14pt;\">En \u00e9conomie, les \u00e9l\u00e8ves se familiarisent avec un vocabulaire de base : PIB, SMIC, inflation, d\u00e9veloppement durable\u2026 Divers sujets sont abord\u00e9s : types d\u2019entreprises, r\u00f4le des banques, causes du ch\u00f4mage, dette de l\u2019\u00c9tat, co\u00fbts de production, gains des productivit\u00e9\u2026 L\u2019\u00e9l\u00e8ve d\u00e9couvre aussi des m\u00e9canismes \u00e9conomiques, telle la boucle prix-salaire\u2026<\/span><\/p>\n<p><span style=\"font-size: 14pt;\">En sociologie, d\u2019autres notions sont abord\u00e9es : classe ouvri\u00e8re, in\u00e9galit\u00e9s sociales, culture jeune\u2026 Les \u00e9l\u00e8ves r\u00e9fl\u00e9chissent \u00e0 ces questions : en quoi notre milieu social influence-t-il notre r\u00e9ussite scolaire ? Pourquoi les in\u00e9galit\u00e9s augmentent-elles ? Les classes sociales ont-elles disparu ?<\/span><\/p>\n<p><span style=\"font-size: 14pt;\">En sciences politiques, les \u00e9l\u00e8ves d\u00e9couvrent les institutions de la V\u00e8me R\u00e9publique, les modes de scrutin, le r\u00f4le des partis politiques, des syndicats, des associations\u2026 Quels sont les pouvoirs du pr\u00e9sident ? Comment \u00e9labore-t-on une loi ? Comment les m\u00e9dias influencent-ils la vie politique ?<\/span><\/p>\n<h2>Activit\u00e9s<\/h2>\n<p><span style=\"font-size: 14pt;\">L\u2019enseignement repose sur des supports vari\u00e9s\u00a0: graphiques, tableaux, articles de journaux, vid\u00e9os d\u2019actualit\u00e9\u2026 A l\u2019occasion, les \u00e9l\u00e8ves sont amen\u00e9s \u00e0 faire des expos\u00e9s, des travaux de groupe, ou \u00e0 rendre un dossier consacr\u00e9 \u00e0 une entreprise en particulier.<\/span><\/td>\n<\/tr>\n<tr style=\"height: 24px;\">\n<td style=\"height: 24px; width: 30%; text-align: center; vertical-align: top;\"><\/td>\n<td style=\"width: 50%; height: 24px; vertical-align: top;\"><\/td>\n<\/tr>\n<tr style=\"height: 260px;\">\n<td style=\"width: 30%; text-align: center; vertical-align: middle; background-color: #bcd2d4; height: 100px;\"><img decoding=\"async\" class=\"aligncenter wp-image-2824\" src=\"https:\/\/www.lyceejeanbart.fr\/wp-content\/uploads\/2021\/03\/atouts-3.jpg\" alt=\"\" width=\"250\" height=\"125\" srcset=\"https:\/\/www.lyceejeanbart.fr\/wp-content\/uploads\/2021\/03\/atouts-3.jpg 591w, https:\/\/www.lyceejeanbart.fr\/wp-content\/uploads\/2021\/03\/atouts-3-300x150.jpg 300w\" sizes=\"(max-width: 250px) 100vw, 250px\" \/><\/td>\n<td style=\"width: 50%; background-color: #bcd2d4; height: 100%; vertical-align: middle;\"><span style=\"font-size: 14pt;\"><em>La position du lyc\u00e9e en centre ville nous permet d&rsquo;acc\u00e9der facilement aux principaux lieux culturels de la ville, de rencontrer des membres de la Mairie, de la CUD, d&rsquo;associations&#8230;de recevoir des acteurs locaux chefs d&rsquo;entreprises, pr\u00e9sident d&rsquo;association&#8230;<\/em><\/span><\/td>\n<\/tr>\n<\/tbody>\n<\/table>\n","protected":false},"excerpt":{"rendered":"<p>Niveau : Premi\u00e8re, Terminale Objectifs Ouvrir les \u00e9l\u00e8ves sur le monde, les aider \u00e0 mieux comprendre la soci\u00e9t\u00e9. Les initier \u00e0 de nouvelles disciplines : \u00e9conomie, sociologie, sciences politiques. \u00c9clairer l\u2019actualit\u00e9 m\u00e9diatique et certains d\u00e9bats politiques par des connaissances th\u00e9oriques. Programme En \u00e9conomie, les \u00e9l\u00e8ves se familiarisent avec un vocabulaire de base : PIB, SMIC, [&hellip;]<\/p>\n","protected":false},"author":4,"featured_media":0,"parent":0,"menu_order":0,"comment_status":"closed","ping_status":"closed","template":"","meta":{"ocean_post_layout":"","ocean_both_sidebars_style":"","ocean_both_sidebars_content_width":0,"ocean_both_sidebars_sidebars_width":0,"ocean_sidebar":"0","ocean_second_sidebar":"0","ocean_disable_margins":"enable","ocean_add_body_class":"","ocean_shortcode_before_top_bar":"","ocean_shortcode_after_top_bar":"","ocean_shortcode_before_header":"","ocean_shortcode_after_header":"","ocean_has_shortcode":"","ocean_shortcode_after_title":"","ocean_shortcode_before_footer_widgets":"","ocean_shortcode_after_footer_widgets":"","ocean_shortcode_before_footer_bottom":"","ocean_shortcode_after_footer_bottom":"","ocean_display_top_bar":"default","ocean_display_header":"default","ocean_header_style":"","ocean_center_header_left_menu":"0","ocean_custom_header_template":"0","ocean_custom_logo":0,"ocean_custom_retina_logo":0,"ocean_custom_logo_max_width":0,"ocean_custom_logo_tablet_max_width":0,"ocean_custom_logo_mobile_max_width":0,"ocean_custom_logo_max_height":0,"ocean_custom_logo_tablet_max_height":0,"ocean_custom_logo_mobile_max_height":0,"ocean_header_custom_menu":"0","ocean_menu_typo_font_family":"0","ocean_menu_typo_font_subset":"","ocean_menu_typo_font_size":0,"ocean_menu_typo_font_size_tablet":0,"ocean_menu_typo_font_size_mobile":0,"ocean_menu_typo_font_size_unit":"px","ocean_menu_typo_font_weight":"","ocean_menu_typo_font_weight_tablet":"","ocean_menu_typo_font_weight_mobile":"","ocean_menu_typo_transform":"","ocean_menu_typo_transform_tablet":"","ocean_menu_typo_transform_mobile":"","ocean_menu_typo_line_height":0,"ocean_menu_typo_line_height_tablet":0,"ocean_menu_typo_line_height_mobile":0,"ocean_menu_typo_line_height_unit":"","ocean_menu_typo_spacing":0,"ocean_menu_typo_spacing_tablet":0,"ocean_menu_typo_spacing_mobile":0,"ocean_menu_typo_spacing_unit":"","ocean_menu_link_color":"","ocean_menu_link_color_hover":"","ocean_menu_link_color_active":"","ocean_menu_link_background":"","ocean_menu_link_hover_background":"","ocean_menu_link_active_background":"","ocean_menu_social_links_bg":"","ocean_menu_social_hover_links_bg":"","ocean_menu_social_links_color":"","ocean_menu_social_hover_links_color":"","ocean_disable_title":"default","ocean_disable_heading":"default","ocean_post_title":"","ocean_post_subheading":"","ocean_post_title_style":"","ocean_post_title_background_color":"","ocean_post_title_background":0,"ocean_post_title_bg_image_position":"","ocean_post_title_bg_image_attachment":"","ocean_post_title_bg_image_repeat":"","ocean_post_title_bg_image_size":"","ocean_post_title_height":0,"ocean_post_title_bg_overlay":0.5,"ocean_post_title_bg_overlay_color":"","ocean_disable_breadcrumbs":"default","ocean_breadcrumbs_color":"","ocean_breadcrumbs_separator_color":"","ocean_breadcrumbs_links_color":"","ocean_breadcrumbs_links_hover_color":"","ocean_display_footer_widgets":"default","ocean_display_footer_bottom":"default","ocean_custom_footer_template":"0","footnotes":""},"_links":{"self":[{"href":"https:\/\/www.lyceejeanbart.fr\/index.php\/wp-json\/wp\/v2\/pages\/2914"}],"collection":[{"href":"https:\/\/www.lyceejeanbart.fr\/index.php\/wp-json\/wp\/v2\/pages"}],"about":[{"href":"https:\/\/www.lyceejeanbart.fr\/index.php\/wp-json\/wp\/v2\/types\/page"}],"author":[{"embeddable":true,"href":"https:\/\/www.lyceejeanbart.fr\/index.php\/wp-json\/wp\/v2\/users\/4"}],"replies":[{"embeddable":true,"href":"https:\/\/www.lyceejeanbart.fr\/index.php\/wp-json\/wp\/v2\/comments?post=2914"}],"version-history":[{"count":8,"href":"https:\/\/www.lyceejeanbart.fr\/index.php\/wp-json\/wp\/v2\/pages\/2914\/revisions"}],"predecessor-version":[{"id":3008,"href":"https:\/\/www.lyceejeanbart.fr\/index.php\/wp-json\/wp\/v2\/pages\/2914\/revisions\/3008"}],"wp:attachment":[{"href":"https:\/\/www.lyceejeanbart.fr\/index.php\/wp-json\/wp\/v2\/media?parent=2914"}],"curies":[{"name":"wp","href":"https:\/\/api.w.org\/{rel}","templated":true}]}}