{"id":2928,"date":"2021-03-20T22:09:13","date_gmt":"2021-03-20T21:09:13","guid":{"rendered":"https:\/\/www.lyceejeanbart.fr\/?page_id=2928"},"modified":"2021-03-21T17:15:00","modified_gmt":"2021-03-21T16:15:00","slug":"physique-chimie","status":"publish","type":"page","link":"https:\/\/www.lyceejeanbart.fr\/index.php\/physique-chimie\/","title":{"rendered":"Sp\u00e9cialit\u00e9 &#8211; Physique Chimie"},"content":{"rendered":"<table style=\"height: 255px; width: 100%; border-collapse: collapse;\">\n<tbody>\n<tr style=\"height: 160px;\">\n<td style=\"width: 80%; background-color: #bcd2d4; height: 100%;\" colspan=\"2\">\n<h1>Niveau : Premi\u00e8re, Terminale<\/h1>\n<\/td>\n<\/tr>\n<tr style=\"height: 24px;\">\n<td style=\"height: 24px; width: 30%; text-align: center; vertical-align: top;\"><img fetchpriority=\"high\" decoding=\"async\" class=\"aligncenter wp-image-2929\" src=\"https:\/\/www.lyceejeanbart.fr\/wp-content\/uploads\/2021\/03\/Physique.png\" alt=\"\" width=\"380\" height=\"253\" srcset=\"https:\/\/www.lyceejeanbart.fr\/wp-content\/uploads\/2021\/03\/Physique.png 640w, https:\/\/www.lyceejeanbart.fr\/wp-content\/uploads\/2021\/03\/Physique-300x200.png 300w, https:\/\/www.lyceejeanbart.fr\/wp-content\/uploads\/2021\/03\/Physique-272x182.png 272w\" sizes=\"(max-width: 380px) 100vw, 380px\" \/><\/td>\n<td style=\"width: 50%; height: 24px; text-align: left; vertical-align: top;\">\n<h3>Pourquoi choisir la sp\u00e9cialit\u00e9 physique chimie ?<\/h3>\n<ul>\n<li><span style=\"font-size: 14pt;\">Vous \u00eates int\u00e9ress\u00e9 par des \u00e9tudes \u00e9ventuelles en sciences physiques (domaine m\u00e9dical, ing\u00e9nierie, domaine scientifique, &#8230;).<\/span><\/li>\n<li><span style=\"font-size: 14pt;\">Vous ne savez pas encore quoi faire mais vous adorez les sciences en g\u00e9n\u00e9ral.<\/span><\/li>\n<li><span style=\"font-size: 14pt;\"> Vous \u00eates curieux de tout et cherchez \u00e0 expliquer les ph\u00e9nom\u00e8nes qui vous entourent.<\/span><\/li>\n<\/ul>\n<h3>Que peut apporter cette sp\u00e9cialit\u00e9?<\/h3>\n<p><span style=\"font-size: 14pt;\">La pratique exp\u00e9rimentale permet une approche \u201cludique\u201d des th\u00e9ories et des mod\u00e8les math\u00e9matiques. Le travail autour des r\u00e9solutions de probl\u00e8mes scientifiques permet de d\u00e9velopper la logique et d\u2019acqu\u00e9rir des m\u00e9thodes de travail rigoureuses. Approfondissement des comp\u00e9tences num\u00e9riques (tableur-grapheur\/programmation python)<\/span><\/p>\n<h3>Pr\u00e9requis<\/h3>\n<ul>\n<li><span style=\"font-size: 14pt;\">Aimer les sciences physique en seconde<\/span><\/li>\n<li><span style=\"font-size: 14pt;\">Un niveau correct en math\u00e9matique facilitera l\u2019apprentissage<\/span><\/li>\n<li><span style=\"font-size: 14pt;\">Il est plus que vivement conseill\u00e9 de prendre la sp\u00e9cialit\u00e9 math\u00e9matiques en parall\u00e8le si la sp\u00e9cialit\u00e9 physique est envisag\u00e9e en terminale<\/span><\/li>\n<li><span style=\"font-size: 14pt;\">En terminale, les maths compl\u00e9mentaires sont une aide utile \u00e0 la bonne appr\u00e9ciation du contenu<\/span><\/li>\n<\/ul>\n<h3>Contenus<\/h3>\n<p><span style=\"font-size: 14pt;\">Dans la continuit\u00e9 des th\u00e8mes abord\u00e9s en seconde et au coll\u00e8ge<\/span><\/td>\n<\/tr>\n<tr style=\"height: 24px;\">\n<td style=\"height: 24px; width: 30%; text-align: center; vertical-align: top;\"><\/td>\n<td style=\"width: 50%; height: 24px; vertical-align: top;\"><\/td>\n<\/tr>\n<tr style=\"height: 260px;\">\n<td style=\"width: 30%; text-align: center; vertical-align: middle; background-color: #bcd2d4; height: 100px;\"><img decoding=\"async\" class=\"aligncenter wp-image-2824\" src=\"https:\/\/www.lyceejeanbart.fr\/wp-content\/uploads\/2021\/03\/atouts-3.jpg\" alt=\"\" width=\"250\" height=\"125\" srcset=\"https:\/\/www.lyceejeanbart.fr\/wp-content\/uploads\/2021\/03\/atouts-3.jpg 591w, https:\/\/www.lyceejeanbart.fr\/wp-content\/uploads\/2021\/03\/atouts-3-300x150.jpg 300w\" sizes=\"(max-width: 250px) 100vw, 250px\" \/><\/td>\n<td style=\"width: 50%; background-color: #bcd2d4; height: 100%; vertical-align: middle;\"><span style=\"font-size: 12pt;\"><em>La pr\u00e9sence de classes pr\u00e9paratoires au lyc\u00e9e Jean Bart permet de suivre la sp\u00e9cialit\u00e9 en sciences physiques de mani\u00e8re optimale, gr\u00e2ce \u00e0 la mutualisation du mat\u00e9riel de travaux pratiques. Cette interaction permet aussi un tr\u00e8s bon suivi des \u00e9l\u00e8ves qui souhaitent s&rsquo;orienter vers ce cursus.<\/em><\/span><\/td>\n<\/tr>\n<\/tbody>\n<\/table>\n","protected":false},"excerpt":{"rendered":"<p>Niveau : Premi\u00e8re, Terminale Pourquoi choisir la sp\u00e9cialit\u00e9 physique chimie ? Vous \u00eates int\u00e9ress\u00e9 par des \u00e9tudes \u00e9ventuelles en sciences physiques (domaine m\u00e9dical, ing\u00e9nierie, domaine scientifique, &#8230;). Vous ne savez pas encore quoi faire mais vous adorez les sciences en g\u00e9n\u00e9ral. Vous \u00eates curieux de tout et cherchez \u00e0 expliquer les ph\u00e9nom\u00e8nes qui vous entourent. [&hellip;]<\/p>\n","protected":false},"author":4,"featured_media":0,"parent":0,"menu_order":0,"comment_status":"closed","ping_status":"closed","template":"","meta":{"ocean_post_layout":"","ocean_both_sidebars_style":"","ocean_both_sidebars_content_width":0,"ocean_both_sidebars_sidebars_width":0,"ocean_sidebar":"0","ocean_second_sidebar":"0","ocean_disable_margins":"enable","ocean_add_body_class":"","ocean_shortcode_before_top_bar":"","ocean_shortcode_after_top_bar":"","ocean_shortcode_before_header":"","ocean_shortcode_after_header":"","ocean_has_shortcode":"","ocean_shortcode_after_title":"","ocean_shortcode_before_footer_widgets":"","ocean_shortcode_after_footer_widgets":"","ocean_shortcode_before_footer_bottom":"","ocean_shortcode_after_footer_bottom":"","ocean_display_top_bar":"default","ocean_display_header":"default","ocean_header_style":"","ocean_center_header_left_menu":"0","ocean_custom_header_template":"0","ocean_custom_logo":0,"ocean_custom_retina_logo":0,"ocean_custom_logo_max_width":0,"ocean_custom_logo_tablet_max_width":0,"ocean_custom_logo_mobile_max_width":0,"ocean_custom_logo_max_height":0,"ocean_custom_logo_tablet_max_height":0,"ocean_custom_logo_mobile_max_height":0,"ocean_header_custom_menu":"0","ocean_menu_typo_font_family":"0","ocean_menu_typo_font_subset":"","ocean_menu_typo_font_size":0,"ocean_menu_typo_font_size_tablet":0,"ocean_menu_typo_font_size_mobile":0,"ocean_menu_typo_font_size_unit":"px","ocean_menu_typo_font_weight":"","ocean_menu_typo_font_weight_tablet":"","ocean_menu_typo_font_weight_mobile":"","ocean_menu_typo_transform":"","ocean_menu_typo_transform_tablet":"","ocean_menu_typo_transform_mobile":"","ocean_menu_typo_line_height":0,"ocean_menu_typo_line_height_tablet":0,"ocean_menu_typo_line_height_mobile":0,"ocean_menu_typo_line_height_unit":"","ocean_menu_typo_spacing":0,"ocean_menu_typo_spacing_tablet":0,"ocean_menu_typo_spacing_mobile":0,"ocean_menu_typo_spacing_unit":"","ocean_menu_link_color":"","ocean_menu_link_color_hover":"","ocean_menu_link_color_active":"","ocean_menu_link_background":"","ocean_menu_link_hover_background":"","ocean_menu_link_active_background":"","ocean_menu_social_links_bg":"","ocean_menu_social_hover_links_bg":"","ocean_menu_social_links_color":"","ocean_menu_social_hover_links_color":"","ocean_disable_title":"default","ocean_disable_heading":"default","ocean_post_title":"","ocean_post_subheading":"","ocean_post_title_style":"","ocean_post_title_background_color":"","ocean_post_title_background":0,"ocean_post_title_bg_image_position":"","ocean_post_title_bg_image_attachment":"","ocean_post_title_bg_image_repeat":"","ocean_post_title_bg_image_size":"","ocean_post_title_height":0,"ocean_post_title_bg_overlay":0.5,"ocean_post_title_bg_overlay_color":"","ocean_disable_breadcrumbs":"default","ocean_breadcrumbs_color":"","ocean_breadcrumbs_separator_color":"","ocean_breadcrumbs_links_color":"","ocean_breadcrumbs_links_hover_color":"","ocean_display_footer_widgets":"default","ocean_display_footer_bottom":"default","ocean_custom_footer_template":"0","footnotes":""},"_links":{"self":[{"href":"https:\/\/www.lyceejeanbart.fr\/index.php\/wp-json\/wp\/v2\/pages\/2928"}],"collection":[{"href":"https:\/\/www.lyceejeanbart.fr\/index.php\/wp-json\/wp\/v2\/pages"}],"about":[{"href":"https:\/\/www.lyceejeanbart.fr\/index.php\/wp-json\/wp\/v2\/types\/page"}],"author":[{"embeddable":true,"href":"https:\/\/www.lyceejeanbart.fr\/index.php\/wp-json\/wp\/v2\/users\/4"}],"replies":[{"embeddable":true,"href":"https:\/\/www.lyceejeanbart.fr\/index.php\/wp-json\/wp\/v2\/comments?post=2928"}],"version-history":[{"count":6,"href":"https:\/\/www.lyceejeanbart.fr\/index.php\/wp-json\/wp\/v2\/pages\/2928\/revisions"}],"predecessor-version":[{"id":3143,"href":"https:\/\/www.lyceejeanbart.fr\/index.php\/wp-json\/wp\/v2\/pages\/2928\/revisions\/3143"}],"wp:attachment":[{"href":"https:\/\/www.lyceejeanbart.fr\/index.php\/wp-json\/wp\/v2\/media?parent=2928"}],"curies":[{"name":"wp","href":"https:\/\/api.w.org\/{rel}","templated":true}]}}