{"id":2945,"date":"2021-03-20T23:22:51","date_gmt":"2021-03-20T22:22:51","guid":{"rendered":"https:\/\/www.lyceejeanbart.fr\/?page_id=2945"},"modified":"2022-01-27T15:21:10","modified_gmt":"2022-01-27T14:21:10","slug":"section-volley-ball","status":"publish","type":"page","link":"https:\/\/www.lyceejeanbart.fr\/index.php\/section-volley-ball\/","title":{"rendered":"Section Volley Ball"},"content":{"rendered":"<table style=\"height: 255px; width: 100%; border-collapse: collapse;\">\n<tbody>\n<tr style=\"height: 160px;\">\n<td style=\"width: 80%; background-color: #bcd2d4; height: 100%; vertical-align: middle;\" colspan=\"2\">\n<h1>Niveau : Seconde, Premi\u00e8re, Terminale<\/h1>\n<\/td>\n<\/tr>\n<tr style=\"height: 24px;\">\n<td style=\"height: 24px; width: 30%; text-align: center; vertical-align: top;\"><img fetchpriority=\"high\" decoding=\"async\" class=\"aligncenter wp-image-2942\" src=\"https:\/\/www.lyceejeanbart.fr\/wp-content\/uploads\/2021\/03\/Volley-300x263.png\" alt=\"\" width=\"380\" height=\"333\" srcset=\"https:\/\/www.lyceejeanbart.fr\/wp-content\/uploads\/2021\/03\/Volley-300x263.png 300w, https:\/\/www.lyceejeanbart.fr\/wp-content\/uploads\/2021\/03\/Volley.png 640w\" sizes=\"(max-width: 380px) 100vw, 380px\" \/><\/td>\n<td style=\"width: 50%; vertical-align: top; height: 24px; text-align: left;\"><span style=\"font-size: 14pt;\">Section sportive pour les filles et les gar\u00e7ons (14 \u00e0 15 places pour chacune des \u00e9quipes) pour un effectif de 28 \u00e0 30 sportifs. L&rsquo;encadrement est g\u00e9r\u00e9 par deux professeurs d&rsquo;EPS qui sont entra\u00eeneurs dipl\u00f4m\u00e9s au niveau f\u00e9d\u00e9ral et anciens joueurs de niveau national. Ils s&rsquo;occupent chacun d&rsquo;une des \u00e9quipes.<\/span><\/p>\n<p><span style=\"font-size: 14pt;\">Chaque collectif se retrouve 3 fois 2h par semaine apr\u00e8s la classe qui se termine \u00e0 16H (classe de sportifs \u00e0 horaires am\u00e9nag\u00e9s) les Lundi, Mercredi et Jeudi. A noter que le mercredi est r\u00e9serv\u00e9 aux joueurs de 2nd et 1\u00e8re, les terminales ayant cours pour pr\u00e9parer le baccalaur\u00e9at.<\/span><\/p>\n<p><span style=\"font-size: 14pt;\">Pour les clubs partenaires de la section (VCSP et DGLVB), l&rsquo;effort est fait pour que chaque joueur\/joueuse alterne un jour de section et un jour d&rsquo;entra\u00eenement club du Lundi au Vendredi.<\/span><\/p>\n<p><span style=\"font-size: 14pt;\">Les \u00e9l\u00e8ves internes et qui appartiennent \u00e0 d&rsquo;autres clubs ne sont pas oblig\u00e9s de changer de club et des entrainements avec les clubs partenaires sont propos\u00e9s en sparing-partner pour compl\u00e9ter la semaine (Mardi notamment, Mercredi soir pour les joueurs qui ont ou d\u00e9veloppent le potentiel de s&rsquo;entrainer en national).<\/span><\/p>\n<p><span style=\"font-size: 14pt;\">L&rsquo; accent est mis sur la progression individuelle de l&rsquo;\u00e9l\u00e8ve, il obtient une note trimestrielle \u00ab\u00a0volley ball\u00a0\u00bb qui s&rsquo;inscrit dans le bulletin.<\/span><\/p>\n<p><span style=\"font-size: 14pt;\">La partie \u00ab\u00a0collective\u00a0\u00bb s&rsquo;effectue \u00e0 l&rsquo;approche des championnats puisque l&rsquo;objectif est d&rsquo;aller aux finales des championnats de France excellence UNSS (une 3\u00e8me place en fille en 2017, 3 fois demi-finaliste chez les gar\u00e7ons de 2017 \u00e0 2019).<\/span><\/p>\n<p style=\"text-align: center;\"><a href=\"https:\/\/www.lyceejeanbart.fr\/index.php\/section-sportive\/\"><span style=\"font-size: 14pt; color: #ff0000;\"><strong>Dossier d&rsquo;inscription<\/strong><\/span><\/a><\/p>\n<p><img decoding=\"async\" class=\"aligncenter wp-image-2949\" src=\"https:\/\/www.lyceejeanbart.fr\/wp-content\/uploads\/2021\/03\/DSC_0878-1024x678.jpg\" alt=\"\" width=\"800\" height=\"530\" srcset=\"https:\/\/www.lyceejeanbart.fr\/wp-content\/uploads\/2021\/03\/DSC_0878-1024x678.jpg 1024w, https:\/\/www.lyceejeanbart.fr\/wp-content\/uploads\/2021\/03\/DSC_0878-300x199.jpg 300w, https:\/\/www.lyceejeanbart.fr\/wp-content\/uploads\/2021\/03\/DSC_0878-768x509.jpg 768w, https:\/\/www.lyceejeanbart.fr\/wp-content\/uploads\/2021\/03\/DSC_0878-1536x1017.jpg 1536w, https:\/\/www.lyceejeanbart.fr\/wp-content\/uploads\/2021\/03\/DSC_0878-2048x1356.jpg 2048w\" sizes=\"(max-width: 800px) 100vw, 800px\" \/><\/p>\n<p><img decoding=\"async\" class=\"aligncenter wp-image-2950\" src=\"https:\/\/www.lyceejeanbart.fr\/wp-content\/uploads\/2021\/03\/IMG_20200130_195655-1024x685.jpg\" alt=\"\" width=\"800\" height=\"535\" srcset=\"https:\/\/www.lyceejeanbart.fr\/wp-content\/uploads\/2021\/03\/IMG_20200130_195655-1024x685.jpg 1024w, https:\/\/www.lyceejeanbart.fr\/wp-content\/uploads\/2021\/03\/IMG_20200130_195655-300x201.jpg 300w, https:\/\/www.lyceejeanbart.fr\/wp-content\/uploads\/2021\/03\/IMG_20200130_195655-768x514.jpg 768w, https:\/\/www.lyceejeanbart.fr\/wp-content\/uploads\/2021\/03\/IMG_20200130_195655-1536x1028.jpg 1536w, https:\/\/www.lyceejeanbart.fr\/wp-content\/uploads\/2021\/03\/IMG_20200130_195655-2048x1370.jpg 2048w, https:\/\/www.lyceejeanbart.fr\/wp-content\/uploads\/2021\/03\/IMG_20200130_195655-272x182.jpg 272w\" sizes=\"(max-width: 800px) 100vw, 800px\" \/><\/td>\n<\/tr>\n<tr style=\"height: 24px;\">\n<td style=\"height: 24px; width: 30%; text-align: center; vertical-align: top;\"><\/td>\n<td style=\"width: 50%; height: 24px; vertical-align: top;\"><\/td>\n<\/tr>\n<tr style=\"height: 260px;\">\n<td style=\"width: 30%; text-align: center; vertical-align: middle; background-color: #bcd2d4; height: 100px;\"><img loading=\"lazy\" decoding=\"async\" class=\"aligncenter wp-image-2824\" src=\"https:\/\/www.lyceejeanbart.fr\/wp-content\/uploads\/2021\/03\/atouts-3.jpg\" alt=\"\" width=\"250\" height=\"125\" srcset=\"https:\/\/www.lyceejeanbart.fr\/wp-content\/uploads\/2021\/03\/atouts-3.jpg 591w, https:\/\/www.lyceejeanbart.fr\/wp-content\/uploads\/2021\/03\/atouts-3-300x150.jpg 300w\" sizes=\"(max-width: 250px) 100vw, 250px\" \/><\/td>\n<td style=\"width: 50%; background-color: #bcd2d4; height: 100%; vertical-align: middle;\"><span style=\"font-size: 14pt;\"><em>Le suivi scolaire et sportif entre les professeurs d&rsquo;enseignement g\u00e9n\u00e9ral et les entraineurs, le tout chapeaut\u00e9 par les conseillers principaux d&rsquo;\u00e9ducation (CPE). La communication qui y est d\u00e9velopp\u00e9e, saine et rapide. En effet la r\u00e9ussite scolaire est primordiale et les exigences sportives sont continuellement adapt\u00e9es et adaptables \u00e0 tout moment pour que l&rsquo;\u00e9l\u00e8ve r\u00e9ussisse ce double parcours.<\/em><\/span><\/p>\n<p><span style=\"font-size: 14pt;\"><em>L&rsquo;excellence de formation, ouverte \u00e0 tous. L&rsquo;ambiance et l&rsquo;accueil, la motivation et la solidarit\u00e9 entre les \u00e9l\u00e8ves.<\/em><\/span><\/td>\n<\/tr>\n<\/tbody>\n<\/table>\n","protected":false},"excerpt":{"rendered":"<p>Niveau : Seconde, Premi\u00e8re, Terminale Section sportive pour les filles et les gar\u00e7ons (14 \u00e0 15 places pour chacune des \u00e9quipes) pour un effectif de 28 \u00e0 30 sportifs. L&rsquo;encadrement est g\u00e9r\u00e9 par deux professeurs d&rsquo;EPS qui sont entra\u00eeneurs dipl\u00f4m\u00e9s au niveau f\u00e9d\u00e9ral et anciens joueurs de niveau national. Ils s&rsquo;occupent chacun d&rsquo;une des \u00e9quipes. [&hellip;]<\/p>\n","protected":false},"author":4,"featured_media":0,"parent":0,"menu_order":0,"comment_status":"closed","ping_status":"closed","template":"","meta":{"ocean_post_layout":"","ocean_both_sidebars_style":"","ocean_both_sidebars_content_width":0,"ocean_both_sidebars_sidebars_width":0,"ocean_sidebar":"0","ocean_second_sidebar":"0","ocean_disable_margins":"enable","ocean_add_body_class":"","ocean_shortcode_before_top_bar":"","ocean_shortcode_after_top_bar":"","ocean_shortcode_before_header":"","ocean_shortcode_after_header":"","ocean_has_shortcode":"","ocean_shortcode_after_title":"","ocean_shortcode_before_footer_widgets":"","ocean_shortcode_after_footer_widgets":"","ocean_shortcode_before_footer_bottom":"","ocean_shortcode_after_footer_bottom":"","ocean_display_top_bar":"default","ocean_display_header":"default","ocean_header_style":"","ocean_center_header_left_menu":"0","ocean_custom_header_template":"0","ocean_custom_logo":0,"ocean_custom_retina_logo":0,"ocean_custom_logo_max_width":0,"ocean_custom_logo_tablet_max_width":0,"ocean_custom_logo_mobile_max_width":0,"ocean_custom_logo_max_height":0,"ocean_custom_logo_tablet_max_height":0,"ocean_custom_logo_mobile_max_height":0,"ocean_header_custom_menu":"0","ocean_menu_typo_font_family":"0","ocean_menu_typo_font_subset":"","ocean_menu_typo_font_size":0,"ocean_menu_typo_font_size_tablet":0,"ocean_menu_typo_font_size_mobile":0,"ocean_menu_typo_font_size_unit":"px","ocean_menu_typo_font_weight":"","ocean_menu_typo_font_weight_tablet":"","ocean_menu_typo_font_weight_mobile":"","ocean_menu_typo_transform":"","ocean_menu_typo_transform_tablet":"","ocean_menu_typo_transform_mobile":"","ocean_menu_typo_line_height":0,"ocean_menu_typo_line_height_tablet":0,"ocean_menu_typo_line_height_mobile":0,"ocean_menu_typo_line_height_unit":"","ocean_menu_typo_spacing":0,"ocean_menu_typo_spacing_tablet":0,"ocean_menu_typo_spacing_mobile":0,"ocean_menu_typo_spacing_unit":"","ocean_menu_link_color":"","ocean_menu_link_color_hover":"","ocean_menu_link_color_active":"","ocean_menu_link_background":"","ocean_menu_link_hover_background":"","ocean_menu_link_active_background":"","ocean_menu_social_links_bg":"","ocean_menu_social_hover_links_bg":"","ocean_menu_social_links_color":"","ocean_menu_social_hover_links_color":"","ocean_disable_title":"default","ocean_disable_heading":"default","ocean_post_title":"","ocean_post_subheading":"","ocean_post_title_style":"","ocean_post_title_background_color":"","ocean_post_title_background":0,"ocean_post_title_bg_image_position":"","ocean_post_title_bg_image_attachment":"","ocean_post_title_bg_image_repeat":"","ocean_post_title_bg_image_size":"","ocean_post_title_height":0,"ocean_post_title_bg_overlay":0.5,"ocean_post_title_bg_overlay_color":"","ocean_disable_breadcrumbs":"default","ocean_breadcrumbs_color":"","ocean_breadcrumbs_separator_color":"","ocean_breadcrumbs_links_color":"","ocean_breadcrumbs_links_hover_color":"","ocean_display_footer_widgets":"default","ocean_display_footer_bottom":"default","ocean_custom_footer_template":"0","footnotes":""},"_links":{"self":[{"href":"https:\/\/www.lyceejeanbart.fr\/index.php\/wp-json\/wp\/v2\/pages\/2945"}],"collection":[{"href":"https:\/\/www.lyceejeanbart.fr\/index.php\/wp-json\/wp\/v2\/pages"}],"about":[{"href":"https:\/\/www.lyceejeanbart.fr\/index.php\/wp-json\/wp\/v2\/types\/page"}],"author":[{"embeddable":true,"href":"https:\/\/www.lyceejeanbart.fr\/index.php\/wp-json\/wp\/v2\/users\/4"}],"replies":[{"embeddable":true,"href":"https:\/\/www.lyceejeanbart.fr\/index.php\/wp-json\/wp\/v2\/comments?post=2945"}],"version-history":[{"count":11,"href":"https:\/\/www.lyceejeanbart.fr\/index.php\/wp-json\/wp\/v2\/pages\/2945\/revisions"}],"predecessor-version":[{"id":4382,"href":"https:\/\/www.lyceejeanbart.fr\/index.php\/wp-json\/wp\/v2\/pages\/2945\/revisions\/4382"}],"wp:attachment":[{"href":"https:\/\/www.lyceejeanbart.fr\/index.php\/wp-json\/wp\/v2\/media?parent=2945"}],"curies":[{"name":"wp","href":"https:\/\/api.w.org\/{rel}","templated":true}]}}