{"id":2956,"date":"2021-03-20T23:43:41","date_gmt":"2021-03-20T22:43:41","guid":{"rendered":"https:\/\/www.lyceejeanbart.fr\/?page_id=2956"},"modified":"2026-01-29T11:08:42","modified_gmt":"2026-01-29T10:08:42","slug":"section-handball","status":"publish","type":"page","link":"https:\/\/www.lyceejeanbart.fr\/index.php\/section-handball\/","title":{"rendered":"Section Handball"},"content":{"rendered":"<table style=\"height: 255px; width: 100%; border-collapse: collapse;\">\n<tbody>\n<tr style=\"height: 160px;\">\n<td style=\"background-color: #bcd2d4; vertical-align: middle;\" colspan=\"2\">\n<h1>Niveau : Seconde, Premi\u00e8re, Terminale<\/h1>\n<\/td>\n<\/tr>\n<tr style=\"height: 24px;\">\n<td style=\"height: 24px; width: 30%; text-align: center; vertical-align: top;\"><img fetchpriority=\"high\" decoding=\"async\" class=\"aligncenter wp-image-2941\" src=\"https:\/\/www.lyceejeanbart.fr\/wp-content\/uploads\/2021\/03\/Hand.png\" alt=\"\" width=\"380\" height=\"575\" srcset=\"https:\/\/www.lyceejeanbart.fr\/wp-content\/uploads\/2021\/03\/Hand.png 423w, https:\/\/www.lyceejeanbart.fr\/wp-content\/uploads\/2021\/03\/Hand-198x300.png 198w\" sizes=\"(max-width: 380px) 100vw, 380px\" \/><\/td>\n<td style=\"width: 50%; vertical-align: top; height: 24px; text-align: left;\"><span style=\"font-size: 14pt;\">Au sein d\u2019un lyc\u00e9e sportif lab\u00e9lis\u00e9 \u00ab g\u00e9n\u00e9ration 2024 \u00bb, la section sportive Handball du lyc\u00e9e Jean Bart \u00e0 pour objectif l\u2019obtention du baccalaur\u00e9at tout en poursuivant un entrainement sportif de haut niveau pour chaque \u00e9l\u00e8ve.<\/span><\/p>\n<p><span style=\"font-size: 14pt;\">De par sa structure et son exp\u00e9rience dans la formation des \u00e9l\u00e8ves sportifs, les joueurs sortant de la section b\u00e9n\u00e9ficient d\u2019un bagage technique et sportif leur permettant d\u2019\u00e9voluer au niveau national dans les clubs de la r\u00e9gion des hauts de France.<\/span><\/p>\n<p><span style=\"font-size: 14pt;\">La section \u00e0 la chance d\u2019avoir comme partenaire le club de L\u2019USDK qui \u00e9volue LNH depuis plus de 20 ans !<\/span><\/p>\n<p><span style=\"font-size: 14pt;\">Le rythme : 2 \u00e0 3 entra\u00eenements par semaine inscrits dans l&#8217;emploi du temps. <\/span><span style=\"font-size: 14pt;\">Les Dossiers de candidature sont examin\u00e9s chaque ann\u00e9e par un groupe de pilotage du lyc\u00e9e.<\/span><\/p>\n<p style=\"text-align: center;\"><a href=\"https:\/\/www.lyceejeanbart.fr\/index.php\/section-sportive\/\"><span style=\"color: #ff0000; font-size: 14pt;\"><strong>Dossier d&rsquo;inscription<\/strong><\/span><\/a><\/p>\n<p><a href=\"https:\/\/www.lyceejeanbart.fr\/index.php\/section-sportive\/\"><span style=\"color: #ff0000; font-size: 14pt;\"><strong><img decoding=\"async\" class=\"alignnone size-full wp-image-8521\" src=\"https:\/\/www.lyceejeanbart.fr\/wp-content\/uploads\/2026\/01\/IMG_0690-scaled.jpeg\" alt=\"\" width=\"2560\" height=\"1964\" srcset=\"https:\/\/www.lyceejeanbart.fr\/wp-content\/uploads\/2026\/01\/IMG_0690-scaled.jpeg 2560w, https:\/\/www.lyceejeanbart.fr\/wp-content\/uploads\/2026\/01\/IMG_0690-300x230.jpeg 300w, https:\/\/www.lyceejeanbart.fr\/wp-content\/uploads\/2026\/01\/IMG_0690-1024x786.jpeg 1024w, https:\/\/www.lyceejeanbart.fr\/wp-content\/uploads\/2026\/01\/IMG_0690-768x589.jpeg 768w, https:\/\/www.lyceejeanbart.fr\/wp-content\/uploads\/2026\/01\/IMG_0690-1536x1178.jpeg 1536w, https:\/\/www.lyceejeanbart.fr\/wp-content\/uploads\/2026\/01\/IMG_0690-2048x1571.jpeg 2048w\" sizes=\"(max-width: 2560px) 100vw, 2560px\" \/><\/strong><\/span><\/a><\/td>\n<\/tr>\n<tr style=\"height: 24px;\">\n<td style=\"height: 24px; width: 30%; text-align: center; vertical-align: top;\"><\/td>\n<td style=\"width: 50%; height: 24px; vertical-align: top;\"><\/td>\n<\/tr>\n<tr style=\"height: 260px;\">\n<td style=\"width: 30%; text-align: center; vertical-align: middle; background-color: #bcd2d4; height: 100px;\"><img decoding=\"async\" class=\"aligncenter wp-image-2824\" src=\"https:\/\/www.lyceejeanbart.fr\/wp-content\/uploads\/2021\/03\/atouts-3.jpg\" alt=\"\" width=\"250\" height=\"125\" srcset=\"https:\/\/www.lyceejeanbart.fr\/wp-content\/uploads\/2021\/03\/atouts-3.jpg 591w, https:\/\/www.lyceejeanbart.fr\/wp-content\/uploads\/2021\/03\/atouts-3-300x150.jpg 300w\" sizes=\"(max-width: 250px) 100vw, 250px\" \/><\/td>\n<td style=\"width: 50%; background-color: #bcd2d4; height: 100%; vertical-align: middle;\">\n<ul>\n<li><span style=\"font-size: 14pt;\"><em>Une exp\u00e9rience re<\/em><\/span><span style=\"font-size: 14pt;\"><em>connue dans le handball et des installations de haut niveau.<\/em><\/span><\/li>\n<li><span style=\"font-size: 14pt;\"><em>Un internat de qualit\u00e9<\/em><\/span><\/li>\n<li><span style=\"font-size: 14pt;\"><em>Un \u00e9change r\u00e9gulier avec les autres sports: 4 sections sportives ( Volleyball &#8211; Judo- Football et Handball) et 2 p\u00f4les espoir Handball et Natation.<\/em><\/span><\/li>\n<\/ul>\n<\/td>\n<\/tr>\n<\/tbody>\n<\/table>\n","protected":false},"excerpt":{"rendered":"<p>Niveau : Seconde, Premi\u00e8re, Terminale Au sein d\u2019un lyc\u00e9e sportif lab\u00e9lis\u00e9 \u00ab g\u00e9n\u00e9ration 2024 \u00bb, la section sportive Handball du lyc\u00e9e Jean Bart \u00e0 pour objectif l\u2019obtention du baccalaur\u00e9at tout en poursuivant un entrainement sportif de haut niveau pour chaque \u00e9l\u00e8ve. De par sa structure et son exp\u00e9rience dans la formation des \u00e9l\u00e8ves sportifs, les [&hellip;]<\/p>\n","protected":false},"author":4,"featured_media":0,"parent":0,"menu_order":0,"comment_status":"closed","ping_status":"closed","template":"","meta":{"ocean_post_layout":"","ocean_both_sidebars_style":"","ocean_both_sidebars_content_width":0,"ocean_both_sidebars_sidebars_width":0,"ocean_sidebar":"0","ocean_second_sidebar":"0","ocean_disable_margins":"enable","ocean_add_body_class":"","ocean_shortcode_before_top_bar":"","ocean_shortcode_after_top_bar":"","ocean_shortcode_before_header":"","ocean_shortcode_after_header":"","ocean_has_shortcode":"","ocean_shortcode_after_title":"","ocean_shortcode_before_footer_widgets":"","ocean_shortcode_after_footer_widgets":"","ocean_shortcode_before_footer_bottom":"","ocean_shortcode_after_footer_bottom":"","ocean_display_top_bar":"default","ocean_display_header":"default","ocean_header_style":"","ocean_center_header_left_menu":"0","ocean_custom_header_template":"0","ocean_custom_logo":0,"ocean_custom_retina_logo":0,"ocean_custom_logo_max_width":0,"ocean_custom_logo_tablet_max_width":0,"ocean_custom_logo_mobile_max_width":0,"ocean_custom_logo_max_height":0,"ocean_custom_logo_tablet_max_height":0,"ocean_custom_logo_mobile_max_height":0,"ocean_header_custom_menu":"0","ocean_menu_typo_font_family":"0","ocean_menu_typo_font_subset":"","ocean_menu_typo_font_size":0,"ocean_menu_typo_font_size_tablet":0,"ocean_menu_typo_font_size_mobile":0,"ocean_menu_typo_font_size_unit":"px","ocean_menu_typo_font_weight":"","ocean_menu_typo_font_weight_tablet":"","ocean_menu_typo_font_weight_mobile":"","ocean_menu_typo_transform":"","ocean_menu_typo_transform_tablet":"","ocean_menu_typo_transform_mobile":"","ocean_menu_typo_line_height":0,"ocean_menu_typo_line_height_tablet":0,"ocean_menu_typo_line_height_mobile":0,"ocean_menu_typo_line_height_unit":"","ocean_menu_typo_spacing":0,"ocean_menu_typo_spacing_tablet":0,"ocean_menu_typo_spacing_mobile":0,"ocean_menu_typo_spacing_unit":"","ocean_menu_link_color":"","ocean_menu_link_color_hover":"","ocean_menu_link_color_active":"","ocean_menu_link_background":"","ocean_menu_link_hover_background":"","ocean_menu_link_active_background":"","ocean_menu_social_links_bg":"","ocean_menu_social_hover_links_bg":"","ocean_menu_social_links_color":"","ocean_menu_social_hover_links_color":"","ocean_disable_title":"default","ocean_disable_heading":"default","ocean_post_title":"","ocean_post_subheading":"","ocean_post_title_style":"","ocean_post_title_background_color":"","ocean_post_title_background":0,"ocean_post_title_bg_image_position":"","ocean_post_title_bg_image_attachment":"","ocean_post_title_bg_image_repeat":"","ocean_post_title_bg_image_size":"","ocean_post_title_height":0,"ocean_post_title_bg_overlay":0.5,"ocean_post_title_bg_overlay_color":"","ocean_disable_breadcrumbs":"default","ocean_breadcrumbs_color":"","ocean_breadcrumbs_separator_color":"","ocean_breadcrumbs_links_color":"","ocean_breadcrumbs_links_hover_color":"","ocean_display_footer_widgets":"default","ocean_display_footer_bottom":"default","ocean_custom_footer_template":"0","footnotes":""},"_links":{"self":[{"href":"https:\/\/www.lyceejeanbart.fr\/index.php\/wp-json\/wp\/v2\/pages\/2956"}],"collection":[{"href":"https:\/\/www.lyceejeanbart.fr\/index.php\/wp-json\/wp\/v2\/pages"}],"about":[{"href":"https:\/\/www.lyceejeanbart.fr\/index.php\/wp-json\/wp\/v2\/types\/page"}],"author":[{"embeddable":true,"href":"https:\/\/www.lyceejeanbart.fr\/index.php\/wp-json\/wp\/v2\/users\/4"}],"replies":[{"embeddable":true,"href":"https:\/\/www.lyceejeanbart.fr\/index.php\/wp-json\/wp\/v2\/comments?post=2956"}],"version-history":[{"count":15,"href":"https:\/\/www.lyceejeanbart.fr\/index.php\/wp-json\/wp\/v2\/pages\/2956\/revisions"}],"predecessor-version":[{"id":8522,"href":"https:\/\/www.lyceejeanbart.fr\/index.php\/wp-json\/wp\/v2\/pages\/2956\/revisions\/8522"}],"wp:attachment":[{"href":"https:\/\/www.lyceejeanbart.fr\/index.php\/wp-json\/wp\/v2\/media?parent=2956"}],"curies":[{"name":"wp","href":"https:\/\/api.w.org\/{rel}","templated":true}]}}