{"id":2962,"date":"2021-03-20T23:59:55","date_gmt":"2021-03-20T22:59:55","guid":{"rendered":"https:\/\/www.lyceejeanbart.fr\/?page_id=2962"},"modified":"2021-03-21T12:19:49","modified_gmt":"2021-03-21T11:19:49","slug":"option-mathematiques-complementaires","status":"publish","type":"page","link":"https:\/\/www.lyceejeanbart.fr\/index.php\/option-mathematiques-complementaires\/","title":{"rendered":"Option &#8211; Math\u00e9matiques Compl\u00e9mentaires"},"content":{"rendered":"<table style=\"height: 255px; width: 100%; border-collapse: collapse;\">\n<tbody>\n<tr>\n<td style=\"background-color: #bcd2d4;\" colspan=\"2\">\n<h1>Niveau : Terminale<\/h1>\n<\/td>\n<\/tr>\n<tr style=\"height: 24px;\">\n<td style=\"height: 24px; width: 30%; text-align: center; vertical-align: top;\"><img fetchpriority=\"high\" decoding=\"async\" class=\"aligncenter wp-image-2963\" src=\"https:\/\/www.lyceejeanbart.fr\/wp-content\/uploads\/2021\/03\/Complementaires.png\" alt=\"\" width=\"380\" height=\"386\" srcset=\"https:\/\/www.lyceejeanbart.fr\/wp-content\/uploads\/2021\/03\/Complementaires.png 630w, https:\/\/www.lyceejeanbart.fr\/wp-content\/uploads\/2021\/03\/Complementaires-295x300.png 295w\" sizes=\"(max-width: 380px) 100vw, 380px\" \/><\/td>\n<td style=\"width: 50%; vertical-align: top; height: 24px; text-align: left;\"><span style=\"font-size: 14pt;\">L&rsquo;option Math\u00e9matiques Compl\u00e9mentaires de Terminale est destin\u00e9e prioritairement aux \u00e9l\u00e8ves qui, ayant suivi l\u2019enseignement de sp\u00e9cialit\u00e9 de math\u00e9matiques en classe de premi\u00e8re et ne souhaitant pas poursuivre cet enseignement en classe terminale, ont besoin de compl\u00e9ter leurs connaissances et comp\u00e9tences math\u00e9matiques par un enseignement adapt\u00e9 \u00e0 leur poursuite d\u2019\u00e9tudes dans l\u2019enseignement sup\u00e9rieur, en particulier en m\u00e9decine, \u00e9conomie ou sciences sociales.<\/span><\/p>\n<p><span style=\"font-size: 14pt;\">Cette option est riche avec un contenu adapt\u00e9 bas\u00e9 sur des th\u00e8mes li\u00e9s \u00e0 de nombreux domaines (physique, SVT, \u00e9conomique, m\u00e9dical, social&#8230;). Un diaporama comment\u00e9 d&rsquo;une dur\u00e9e de dix minutes vous permettra d&rsquo;en d\u00e9couvrir les enjeux et la richesse. Vous y retrouverez en d\u00e9tail les th\u00e8mes, les modalit\u00e9s d&rsquo;organisation, quelques commentaires d&rsquo;\u00e9l\u00e8ves ayant choisi l&rsquo;option.<\/span><\/p>\n<p><span style=\"font-size: 14pt;\">Bonne d\u00e9couverte \u00e0 vous !<\/span><\/p>\n<p><iframe src=\"\/\/www.youtube.com\/embed\/YKHZXJnRbH0\" width=\"560\" height=\"314\" allowfullscreen=\"allowfullscreen\"><\/iframe><\/td>\n<\/tr>\n<tr style=\"height: 24px;\">\n<td style=\"height: 24px; width: 30%; text-align: center; vertical-align: top;\"><\/td>\n<td style=\"width: 50%; height: 24px; vertical-align: top;\"><\/td>\n<\/tr>\n<tr style=\"height: 260px;\">\n<td style=\"width: 30%; text-align: center; vertical-align: middle; background-color: #bcd2d4; height: 100px;\"><img decoding=\"async\" class=\"aligncenter wp-image-2824\" src=\"https:\/\/www.lyceejeanbart.fr\/wp-content\/uploads\/2021\/03\/atouts-3.jpg\" alt=\"\" width=\"250\" height=\"125\" srcset=\"https:\/\/www.lyceejeanbart.fr\/wp-content\/uploads\/2021\/03\/atouts-3.jpg 591w, https:\/\/www.lyceejeanbart.fr\/wp-content\/uploads\/2021\/03\/atouts-3-300x150.jpg 300w\" sizes=\"(max-width: 250px) 100vw, 250px\" \/><\/td>\n<td style=\"width: 50%; background-color: #bcd2d4; height: 100%; vertical-align: middle;\"><span style=\"font-size: 14pt;\"><em>En choisissant de prendre l&rsquo;option Math\u00e9matiques Compl\u00e9mentaires au lyc\u00e9e Jean Bart, vous aurez la possibilit\u00e9 de poursuivre votre formation en math\u00e9matiques dans des classes pour le moment peu charg\u00e9es. <\/em><em>Les enseignants, \u00e0 votre \u00e9coute, vous aideront \u00e0 maitriser au mieux les nouvelles notions utiles pour de nombreuses formations dans le sup\u00e9rieur.<\/em><\/span><\/p>\n<p><span style=\"font-size: 14pt;\"><em>Le cadre du lyc\u00e9e avec ses salles de travail, ses salles pupitre, son CDI, favorisera un travail personnel ou en \u00e9quipe.<\/em><\/span><\/td>\n<\/tr>\n<\/tbody>\n<\/table>\n","protected":false},"excerpt":{"rendered":"<p>Niveau : Terminale L&rsquo;option Math\u00e9matiques Compl\u00e9mentaires de Terminale est destin\u00e9e prioritairement aux \u00e9l\u00e8ves qui, ayant suivi l\u2019enseignement de sp\u00e9cialit\u00e9 de math\u00e9matiques en classe de premi\u00e8re et ne souhaitant pas poursuivre cet enseignement en classe terminale, ont besoin de compl\u00e9ter leurs connaissances et comp\u00e9tences math\u00e9matiques par un enseignement adapt\u00e9 \u00e0 leur poursuite d\u2019\u00e9tudes dans l\u2019enseignement sup\u00e9rieur, [&hellip;]<\/p>\n","protected":false},"author":4,"featured_media":0,"parent":0,"menu_order":0,"comment_status":"closed","ping_status":"closed","template":"","meta":{"ocean_post_layout":"","ocean_both_sidebars_style":"","ocean_both_sidebars_content_width":0,"ocean_both_sidebars_sidebars_width":0,"ocean_sidebar":"0","ocean_second_sidebar":"0","ocean_disable_margins":"enable","ocean_add_body_class":"","ocean_shortcode_before_top_bar":"","ocean_shortcode_after_top_bar":"","ocean_shortcode_before_header":"","ocean_shortcode_after_header":"","ocean_has_shortcode":"","ocean_shortcode_after_title":"","ocean_shortcode_before_footer_widgets":"","ocean_shortcode_after_footer_widgets":"","ocean_shortcode_before_footer_bottom":"","ocean_shortcode_after_footer_bottom":"","ocean_display_top_bar":"default","ocean_display_header":"default","ocean_header_style":"","ocean_center_header_left_menu":"0","ocean_custom_header_template":"0","ocean_custom_logo":0,"ocean_custom_retina_logo":0,"ocean_custom_logo_max_width":0,"ocean_custom_logo_tablet_max_width":0,"ocean_custom_logo_mobile_max_width":0,"ocean_custom_logo_max_height":0,"ocean_custom_logo_tablet_max_height":0,"ocean_custom_logo_mobile_max_height":0,"ocean_header_custom_menu":"0","ocean_menu_typo_font_family":"0","ocean_menu_typo_font_subset":"","ocean_menu_typo_font_size":0,"ocean_menu_typo_font_size_tablet":0,"ocean_menu_typo_font_size_mobile":0,"ocean_menu_typo_font_size_unit":"px","ocean_menu_typo_font_weight":"","ocean_menu_typo_font_weight_tablet":"","ocean_menu_typo_font_weight_mobile":"","ocean_menu_typo_transform":"","ocean_menu_typo_transform_tablet":"","ocean_menu_typo_transform_mobile":"","ocean_menu_typo_line_height":0,"ocean_menu_typo_line_height_tablet":0,"ocean_menu_typo_line_height_mobile":0,"ocean_menu_typo_line_height_unit":"","ocean_menu_typo_spacing":0,"ocean_menu_typo_spacing_tablet":0,"ocean_menu_typo_spacing_mobile":0,"ocean_menu_typo_spacing_unit":"","ocean_menu_link_color":"","ocean_menu_link_color_hover":"","ocean_menu_link_color_active":"","ocean_menu_link_background":"","ocean_menu_link_hover_background":"","ocean_menu_link_active_background":"","ocean_menu_social_links_bg":"","ocean_menu_social_hover_links_bg":"","ocean_menu_social_links_color":"","ocean_menu_social_hover_links_color":"","ocean_disable_title":"default","ocean_disable_heading":"default","ocean_post_title":"","ocean_post_subheading":"","ocean_post_title_style":"","ocean_post_title_background_color":"","ocean_post_title_background":0,"ocean_post_title_bg_image_position":"","ocean_post_title_bg_image_attachment":"","ocean_post_title_bg_image_repeat":"","ocean_post_title_bg_image_size":"","ocean_post_title_height":0,"ocean_post_title_bg_overlay":0.5,"ocean_post_title_bg_overlay_color":"","ocean_disable_breadcrumbs":"default","ocean_breadcrumbs_color":"","ocean_breadcrumbs_separator_color":"","ocean_breadcrumbs_links_color":"","ocean_breadcrumbs_links_hover_color":"","ocean_display_footer_widgets":"default","ocean_display_footer_bottom":"default","ocean_custom_footer_template":"0","footnotes":""},"_links":{"self":[{"href":"https:\/\/www.lyceejeanbart.fr\/index.php\/wp-json\/wp\/v2\/pages\/2962"}],"collection":[{"href":"https:\/\/www.lyceejeanbart.fr\/index.php\/wp-json\/wp\/v2\/pages"}],"about":[{"href":"https:\/\/www.lyceejeanbart.fr\/index.php\/wp-json\/wp\/v2\/types\/page"}],"author":[{"embeddable":true,"href":"https:\/\/www.lyceejeanbart.fr\/index.php\/wp-json\/wp\/v2\/users\/4"}],"replies":[{"embeddable":true,"href":"https:\/\/www.lyceejeanbart.fr\/index.php\/wp-json\/wp\/v2\/comments?post=2962"}],"version-history":[{"count":5,"href":"https:\/\/www.lyceejeanbart.fr\/index.php\/wp-json\/wp\/v2\/pages\/2962\/revisions"}],"predecessor-version":[{"id":3059,"href":"https:\/\/www.lyceejeanbart.fr\/index.php\/wp-json\/wp\/v2\/pages\/2962\/revisions\/3059"}],"wp:attachment":[{"href":"https:\/\/www.lyceejeanbart.fr\/index.php\/wp-json\/wp\/v2\/media?parent=2962"}],"curies":[{"name":"wp","href":"https:\/\/api.w.org\/{rel}","templated":true}]}}