{"id":3021,"date":"2021-03-21T11:01:53","date_gmt":"2021-03-21T10:01:53","guid":{"rendered":"https:\/\/www.lyceejeanbart.fr\/?page_id=3021"},"modified":"2021-03-24T11:39:30","modified_gmt":"2021-03-24T10:39:30","slug":"option-section-euro-allemand","status":"publish","type":"page","link":"https:\/\/www.lyceejeanbart.fr\/index.php\/option-section-euro-allemand\/","title":{"rendered":"Section Euro Allemand"},"content":{"rendered":"<table style=\"height: 208px; width: 99.7021%; border-collapse: collapse;\">\n<tbody>\n<tr>\n<td style=\"background-color: #bcd2d4;\" colspan=\"2\">\n<h1>Niveau : Seconde, Premi\u00e8re et Terminale<\/h1>\n<\/td>\n<\/tr>\n<tr style=\"height: 24px;\">\n<td style=\"height: 24px; width: 30%; text-align: center; vertical-align: top;\">&nbsp;<\/p>\n<p><img fetchpriority=\"high\" decoding=\"async\" class=\"aligncenter wp-image-3023\" src=\"https:\/\/www.lyceejeanbart.fr\/wp-content\/uploads\/2021\/03\/Europe.png\" alt=\"\" width=\"380\" height=\"252\" srcset=\"https:\/\/www.lyceejeanbart.fr\/wp-content\/uploads\/2021\/03\/Europe.png 640w, https:\/\/www.lyceejeanbart.fr\/wp-content\/uploads\/2021\/03\/Europe-300x199.png 300w\" sizes=\"(max-width: 380px) 100vw, 380px\" \/><\/p>\n<p>&nbsp;<\/p>\n<p>&nbsp;<\/p>\n<p><img decoding=\"async\" class=\"aligncenter wp-image-3024\" src=\"https:\/\/www.lyceejeanbart.fr\/wp-content\/uploads\/2021\/03\/Allemand.png\" alt=\"\" width=\"380\" height=\"228\" srcset=\"https:\/\/www.lyceejeanbart.fr\/wp-content\/uploads\/2021\/03\/Allemand.png 640w, https:\/\/www.lyceejeanbart.fr\/wp-content\/uploads\/2021\/03\/Allemand-300x180.png 300w\" sizes=\"(max-width: 380px) 100vw, 380px\" \/><\/td>\n<td style=\"width: 49.7814%; vertical-align: middle;\">\n<h3><span style=\"font-size: 14pt;\">Le passeport pour un parcours international<\/span><\/h3>\n<p><span style=\"font-size: 14pt;\">La classe europ\u00e9enne allemand a accueilli sa premi\u00e8re promotion en septembre 2009.<\/span><\/p>\n<p><span style=\"font-size: 14pt;\">La section europ\u00e9enne dispose d\u00e8s la Seconde d\u2019un volume horaire permettant \u00e0 l\u2019\u00e9l\u00e8ve de faire des progr\u00e8s cons\u00e9quents :<\/span><\/p>\n<ul>\n<li><span style=\"font-size: 14pt;\">3 heures suppl\u00e9mentaires en Seconde (2 heures d\u2019Euro &#8211; renforcement linguistique et 1 heure de DNL &#8211; histoire g\u00e9ographie en langue allemande),<\/span><\/li>\n<li><span style=\"font-size: 14pt;\">2 heures suppl\u00e9mentaires en Premi\u00e8re ( 1 heure d\u2019Euro et 1 heure de DNL),<\/span><\/li>\n<li><span style=\"font-size: 14pt;\">3 heures suppl\u00e9mentaires en Terminale ( 1 heure d\u2019Euro et 2 heures de DNL).<\/span><\/li>\n<\/ul>\n<p><span style=\"font-size: 14pt;\">Le cursus se ponctue en Terminale par l\u2019\u00e9preuve de Baccalaur\u00e9at : Les \u00e9l\u00e8ves obtenant 12 \u00e0 l\u2019\u00e9preuve d\u2019allemand et 10 \u00e0 l\u2019\u00e9preuve de DNL obtiennent la mention europ\u00e9enne, ce qui constitue un atout non n\u00e9gligeable pour la poursuite des \u00e9tudes sup\u00e9rieures.<\/span><\/p>\n<p><span style=\"font-size: 14pt;\">Autre \u00e9l\u00e9ment important du projet europ\u00e9en : La participation en classe de Seconde europ\u00e9enne \u00e0 l\u2019\u00e9change avec le lyc\u00e9e allemand Bessel de Minden (Westphalie) : Une semaine de s\u00e9jour en Allemagne en d\u00e9cembre (immersion en cours, visites, s\u00e9jour en famille), une semaine d\u2019accueil des \u00e9l\u00e8ves allemands en mars. Cet \u00e9change constitue un facteur important d\u2019enrichissement linguistique et culturel est aussi une source importante de motivation pour les lyc\u00e9ens.<\/span><\/p>\n<p><span style=\"font-size: 14pt;\">Dans un sens large, la section europ\u00e9enne se donne pour vocation de stimuler chez l\u2019\u00e9l\u00e8ve l\u2019int\u00e9r\u00eat pour une langue et une culture \u00e9trang\u00e8re afin de lui permettre d\u2019approfondir ses connaissances en allemand et de lui apporter un plus indispensable pour aborder les \u00e9tudes sup\u00e9rieures.<\/span><\/p>\n<p style=\"text-align: center;\"><iframe src=\"\/\/www.youtube.com\/embed\/M6FofmH73Vc\" width=\"560\" height=\"314\" allowfullscreen=\"allowfullscreen\"><\/iframe><\/p>\n<p><a href=\"https:\/\/www.youtube.com\/watch?v=JA91jud3twc\" target=\"_blank\" rel=\"noopener\">Quels d\u00e9bouch\u00e9s ?<\/a>\u00a0 &#8211;\u00a0 <a href=\"https:\/\/www.youtube.com\/watch?v=Ty64FPChfGY\" target=\"_blank\" rel=\"noopener\">Une petite visite de l&rsquo;Allemagne<\/a><\/p>\n<p><a href=\"https:\/\/www.visitberlin.de\/fr\/porte-de-brandebourg\" target=\"_blank\" rel=\"noopener\">Pour voyager &#8230;<\/a><\/td>\n<\/tr>\n<tr style=\"height: 24px;\">\n<td style=\"height: 24px; width: 30%; text-align: center;\"><\/td>\n<td style=\"width: 49.7814%;\"><\/td>\n<\/tr>\n<tr>\n<td style=\"width: 30%; background-color: #bcd2d4; text-align: center; vertical-align: middle;\"><img decoding=\"async\" class=\"aligncenter wp-image-2824\" src=\"https:\/\/www.lyceejeanbart.fr\/wp-content\/uploads\/2021\/03\/atouts-3.jpg\" alt=\"\" width=\"250\" height=\"125\" srcset=\"https:\/\/www.lyceejeanbart.fr\/wp-content\/uploads\/2021\/03\/atouts-3.jpg 591w, https:\/\/www.lyceejeanbart.fr\/wp-content\/uploads\/2021\/03\/atouts-3-300x150.jpg 300w\" sizes=\"(max-width: 250px) 100vw, 250px\" \/><\/td>\n<td style=\"width: 49.7814%; background-color: #bcd2d4; vertical-align: middle;\">\n<ul>\n<li><em>Deux \u00e9changes scolaires avec l\u2019Allemagne : En plus de l\u2019\u00e9change avec Minden en Seconde, possibilit\u00e9 pour tous les \u00e9l\u00e8ves germanistes de participer \u00e0 l\u2019\u00e9change avec le lyc\u00e9e Sophie-Scholl de Munich en Premi\u00e8re.<\/em><\/li>\n<li><em>Pr\u00e9paration sp\u00e9cifique \u00e0 l\u2019\u00e9preuve de Certification de niveau B1 pour tous les \u00e9l\u00e8ves de la classe europ\u00e9enne en Seconde.<\/em><\/li>\n<li><em>Le lyc\u00e9e Jean Bart est un des lyc\u00e9es de l&rsquo;acad\u00e9mie labellis\u00e9 Certilingua et propose une information sur le label d\u00e8s la Premi\u00e8re pour une pr\u00e9paration individuelle sur base volontaire en Terminale. Il s\u2019agit d\u2019un label d\u2019excellence qui certifie le niveau B2 dans deux langues \u00e9trang\u00e8res.<\/em><\/li>\n<\/ul>\n<\/td>\n<\/tr>\n<\/tbody>\n<\/table>\n","protected":false},"excerpt":{"rendered":"<p>Niveau : Seconde, Premi\u00e8re et Terminale &nbsp; &nbsp; &nbsp; Le passeport pour un parcours international La classe europ\u00e9enne allemand a accueilli sa premi\u00e8re promotion en septembre 2009. La section europ\u00e9enne dispose d\u00e8s la Seconde d\u2019un volume horaire permettant \u00e0 l\u2019\u00e9l\u00e8ve de faire des progr\u00e8s cons\u00e9quents : 3 heures suppl\u00e9mentaires en Seconde (2 heures d\u2019Euro &#8211; [&hellip;]<\/p>\n","protected":false},"author":4,"featured_media":0,"parent":0,"menu_order":0,"comment_status":"closed","ping_status":"closed","template":"","meta":{"ocean_post_layout":"","ocean_both_sidebars_style":"","ocean_both_sidebars_content_width":0,"ocean_both_sidebars_sidebars_width":0,"ocean_sidebar":"0","ocean_second_sidebar":"0","ocean_disable_margins":"enable","ocean_add_body_class":"","ocean_shortcode_before_top_bar":"","ocean_shortcode_after_top_bar":"","ocean_shortcode_before_header":"","ocean_shortcode_after_header":"","ocean_has_shortcode":"","ocean_shortcode_after_title":"","ocean_shortcode_before_footer_widgets":"","ocean_shortcode_after_footer_widgets":"","ocean_shortcode_before_footer_bottom":"","ocean_shortcode_after_footer_bottom":"","ocean_display_top_bar":"default","ocean_display_header":"default","ocean_header_style":"","ocean_center_header_left_menu":"0","ocean_custom_header_template":"0","ocean_custom_logo":0,"ocean_custom_retina_logo":0,"ocean_custom_logo_max_width":0,"ocean_custom_logo_tablet_max_width":0,"ocean_custom_logo_mobile_max_width":0,"ocean_custom_logo_max_height":0,"ocean_custom_logo_tablet_max_height":0,"ocean_custom_logo_mobile_max_height":0,"ocean_header_custom_menu":"0","ocean_menu_typo_font_family":"0","ocean_menu_typo_font_subset":"","ocean_menu_typo_font_size":0,"ocean_menu_typo_font_size_tablet":0,"ocean_menu_typo_font_size_mobile":0,"ocean_menu_typo_font_size_unit":"px","ocean_menu_typo_font_weight":"","ocean_menu_typo_font_weight_tablet":"","ocean_menu_typo_font_weight_mobile":"","ocean_menu_typo_transform":"","ocean_menu_typo_transform_tablet":"","ocean_menu_typo_transform_mobile":"","ocean_menu_typo_line_height":0,"ocean_menu_typo_line_height_tablet":0,"ocean_menu_typo_line_height_mobile":0,"ocean_menu_typo_line_height_unit":"","ocean_menu_typo_spacing":0,"ocean_menu_typo_spacing_tablet":0,"ocean_menu_typo_spacing_mobile":0,"ocean_menu_typo_spacing_unit":"","ocean_menu_link_color":"","ocean_menu_link_color_hover":"","ocean_menu_link_color_active":"","ocean_menu_link_background":"","ocean_menu_link_hover_background":"","ocean_menu_link_active_background":"","ocean_menu_social_links_bg":"","ocean_menu_social_hover_links_bg":"","ocean_menu_social_links_color":"","ocean_menu_social_hover_links_color":"","ocean_disable_title":"default","ocean_disable_heading":"default","ocean_post_title":"","ocean_post_subheading":"","ocean_post_title_style":"","ocean_post_title_background_color":"","ocean_post_title_background":0,"ocean_post_title_bg_image_position":"","ocean_post_title_bg_image_attachment":"","ocean_post_title_bg_image_repeat":"","ocean_post_title_bg_image_size":"","ocean_post_title_height":0,"ocean_post_title_bg_overlay":0.5,"ocean_post_title_bg_overlay_color":"","ocean_disable_breadcrumbs":"default","ocean_breadcrumbs_color":"","ocean_breadcrumbs_separator_color":"","ocean_breadcrumbs_links_color":"","ocean_breadcrumbs_links_hover_color":"","ocean_display_footer_widgets":"default","ocean_display_footer_bottom":"default","ocean_custom_footer_template":"0","footnotes":""},"_links":{"self":[{"href":"https:\/\/www.lyceejeanbart.fr\/index.php\/wp-json\/wp\/v2\/pages\/3021"}],"collection":[{"href":"https:\/\/www.lyceejeanbart.fr\/index.php\/wp-json\/wp\/v2\/pages"}],"about":[{"href":"https:\/\/www.lyceejeanbart.fr\/index.php\/wp-json\/wp\/v2\/types\/page"}],"author":[{"embeddable":true,"href":"https:\/\/www.lyceejeanbart.fr\/index.php\/wp-json\/wp\/v2\/users\/4"}],"replies":[{"embeddable":true,"href":"https:\/\/www.lyceejeanbart.fr\/index.php\/wp-json\/wp\/v2\/comments?post=3021"}],"version-history":[{"count":14,"href":"https:\/\/www.lyceejeanbart.fr\/index.php\/wp-json\/wp\/v2\/pages\/3021\/revisions"}],"predecessor-version":[{"id":3195,"href":"https:\/\/www.lyceejeanbart.fr\/index.php\/wp-json\/wp\/v2\/pages\/3021\/revisions\/3195"}],"wp:attachment":[{"href":"https:\/\/www.lyceejeanbart.fr\/index.php\/wp-json\/wp\/v2\/media?parent=3021"}],"curies":[{"name":"wp","href":"https:\/\/api.w.org\/{rel}","templated":true}]}}