{"id":3031,"date":"2021-03-21T11:28:30","date_gmt":"2021-03-21T10:28:30","guid":{"rendered":"https:\/\/www.lyceejeanbart.fr\/?page_id=3031"},"modified":"2021-03-21T15:15:49","modified_gmt":"2021-03-21T14:15:49","slug":"option-langues-et-cultures-de-lantiquite-latin-et-grec","status":"publish","type":"page","link":"https:\/\/www.lyceejeanbart.fr\/index.php\/option-langues-et-cultures-de-lantiquite-latin-et-grec\/","title":{"rendered":"Option &#8211; Langues et Cultures de l&rsquo;Antiquit\u00e9 : latin et grec"},"content":{"rendered":"<table style=\"height: 208px; width: 99.7021%; border-collapse: collapse;\">\n<tbody>\n<tr>\n<td style=\"background-color: #bcd2d4;\" colspan=\"2\">\n<h1>Niveau : Seconde, Premi\u00e8re et Terminale<\/h1>\n<\/td>\n<\/tr>\n<tr style=\"height: 24px;\">\n<td style=\"height: 24px; width: 30%; text-align: center; vertical-align: top;\"><img fetchpriority=\"high\" decoding=\"async\" class=\"aligncenter wp-image-3083\" src=\"https:\/\/www.lyceejeanbart.fr\/wp-content\/uploads\/2021\/03\/LCA-724x1024.png\" alt=\"\" width=\"380\" height=\"538\" srcset=\"https:\/\/www.lyceejeanbart.fr\/wp-content\/uploads\/2021\/03\/LCA-724x1024.png 724w, https:\/\/www.lyceejeanbart.fr\/wp-content\/uploads\/2021\/03\/LCA-212x300.png 212w, https:\/\/www.lyceejeanbart.fr\/wp-content\/uploads\/2021\/03\/LCA-768x1087.png 768w, https:\/\/www.lyceejeanbart.fr\/wp-content\/uploads\/2021\/03\/LCA.png 1000w\" sizes=\"(max-width: 380px) 100vw, 380px\" \/><\/p>\n<p>&nbsp;<\/td>\n<td style=\"width: 49.7814%; vertical-align: middle;\">\n<h2>Pratiquer une langue ancienne c\u2019est\u00a0:<\/h2>\n<ul>\n<li><span style=\"font-size: 14pt;\">Une ouverture culturelle en Mythologie, Litt\u00e9rature, Histoire, Sciences, Philosophie, Arts \u2026,<\/span><\/li>\n<li><span style=\"font-size: 14pt;\">Une ma\u00eetrise accrue de la langue fran\u00e7aise (\u00e9valu\u00e9e \u00e0 l\u2019oral du bac),<\/span><\/li>\n<li><span style=\"font-size: 14pt;\">Une r\u00e9flexion sur notre monde contemporain (qui puise ses racines dans la culture gr\u00e9co-romaine).<\/span><\/li>\n<\/ul>\n<h2>Pour le Baccalaur\u00e9at<\/h2>\n<p><span style=\"font-size: 14pt;\">Le latin et le grec sont pris en compte dans la note de contr\u00f4le continu en premi\u00e8re et en terminale et sont, en plus, les deux seules options qui rapportent des points bonus dans le nouveau baccalaur\u00e9at, avec un coefficient 3, permettant aussi aux \u00e9l\u00e8ves d\u2019acc\u00e9der \u00e0 une mention et de se positionner sur Parcoursup.<\/span><\/p>\n<h2>Horaire et programme au lyc\u00e9e<\/h2>\n<p><span style=\"font-size: 14pt;\">3 heures par semaine.\u00a0Tout le travail est effectu\u00e9 pendant les heures de cours.<\/span><\/p>\n<p><span style=\"font-size: 14pt;\">Voici quelques entr\u00e9es du programme (qui font aussi \u00e9cho aux programmes de fran\u00e7ais et de la sp\u00e9cialit\u00e9 Humanit\u00e9s, Litt\u00e9rature et Philosophie) :<\/span><\/p>\n<ul>\n<li><span style=\"font-size: 14pt;\">L\u2019homme et l\u2019animal<\/span><\/li>\n<li><span style=\"font-size: 14pt;\">Les dieux dans la cit\u00e9<\/span><\/li>\n<li><span style=\"font-size: 14pt;\">Soi-m\u00eame et l\u2019autre<\/span><\/li>\n<li><span style=\"font-size: 14pt;\">Masculin, f\u00e9minin<\/span><\/li>\n<li><span style=\"font-size: 14pt;\">M\u00e9diterran\u00e9e : voyager, explorer, d\u00e9couvrir<\/span><\/li>\n<li><span style=\"font-size: 14pt;\">Le\u00e7ons de sagesse antique.<\/span><\/li>\n<\/ul>\n<p>&nbsp;<\/p>\n<p><span style=\"font-size: 14pt;\">Pour vous donner un petit aper\u00e7u de ce que peuvent apporter les langues anciennes, nous invitons tous les \u00e9l\u00e8ves curieux, volontaires et motiv\u00e9s \u00e0 r\u00e9aliser un quiz rapide en ligne en se connectant au site <a href=\"http:\/\/www.quiziniere.com\" target=\"_blank\" rel=\"noopener\"><strong>www.quiziniere.com<\/strong><\/a> et en entrant dans \u00ab Espace apprenant \u00bb le code : <strong>835YZ4<\/strong>.<\/span><\/p>\n<p><span style=\"font-size: 14pt;\">Il est \u00e9galement possible de le r\u00e9aliser sur smartphone en flashant le QR code ci-dessous.<\/span><\/p>\n<p><img decoding=\"async\" class=\"aligncenter wp-image-3082 size-full\" src=\"https:\/\/www.lyceejeanbart.fr\/wp-content\/uploads\/2021\/03\/index-LCA.png\" alt=\"\" width=\"250\" height=\"250\" srcset=\"https:\/\/www.lyceejeanbart.fr\/wp-content\/uploads\/2021\/03\/index-LCA.png 250w, https:\/\/www.lyceejeanbart.fr\/wp-content\/uploads\/2021\/03\/index-LCA-150x150.png 150w\" sizes=\"(max-width: 250px) 100vw, 250px\" \/><\/td>\n<\/tr>\n<tr style=\"height: 24px;\">\n<td style=\"height: 24px; width: 30%; text-align: center;\"><\/td>\n<td style=\"width: 49.7814%;\"><\/td>\n<\/tr>\n<tr>\n<td style=\"width: 30%; text-align: center; vertical-align: middle; background-color: #bcd2d4;\"><img decoding=\"async\" class=\"aligncenter wp-image-2824\" src=\"https:\/\/www.lyceejeanbart.fr\/wp-content\/uploads\/2021\/03\/atouts-3.jpg\" alt=\"\" width=\"250\" height=\"125\" srcset=\"https:\/\/www.lyceejeanbart.fr\/wp-content\/uploads\/2021\/03\/atouts-3.jpg 591w, https:\/\/www.lyceejeanbart.fr\/wp-content\/uploads\/2021\/03\/atouts-3-300x150.jpg 300w\" sizes=\"(max-width: 250px) 100vw, 250px\" \/><\/td>\n<td style=\"width: 49.7814%; vertical-align: middle; background-color: #bcd2d4;\"><span style=\"font-size: 12pt;\"><em>Des options ouvertes \u00e0 tous les \u00e9l\u00e8ves (on peut d\u00e9buter le latin ou le grec en 2nde ou poursuivre ce qui a \u00e9t\u00e9 d\u00e9but\u00e9 au coll\u00e8ge).<\/em><\/span><\/p>\n<p><span style=\"font-size: 12pt;\"><em>Le travail en petits groupes permet de d\u00e9velopper des comp\u00e9tences utiles dans les \u00e9tudes (d\u00e9veloppement de l\u2019autonomie, connaissance du num\u00e9rique, ma\u00eetrise de l\u2019oral). <\/em><\/span><\/p>\n<p><span style=\"font-size: 12pt;\"><em>Professeurs r\u00e9f\u00e9rents \u00e0 contacter :\u00a0<\/em><\/span><span style=\"font-size: 12pt;\"><em>sylvie.billaud@ac-lille.fr\u00a0 &#8211;\u00a0 caroline.milot@ac-lille.fr\u00a0 &#8211;\u00a0 marlene.dekeyzer@ac-lille.fr<\/em><\/span><\/td>\n<\/tr>\n<\/tbody>\n<\/table>\n","protected":false},"excerpt":{"rendered":"<p>Niveau : Seconde, Premi\u00e8re et Terminale &nbsp; Pratiquer une langue ancienne c\u2019est\u00a0: Une ouverture culturelle en Mythologie, Litt\u00e9rature, Histoire, Sciences, Philosophie, Arts \u2026, Une ma\u00eetrise accrue de la langue fran\u00e7aise (\u00e9valu\u00e9e \u00e0 l\u2019oral du bac), Une r\u00e9flexion sur notre monde contemporain (qui puise ses racines dans la culture gr\u00e9co-romaine). Pour le Baccalaur\u00e9at Le latin et [&hellip;]<\/p>\n","protected":false},"author":4,"featured_media":0,"parent":0,"menu_order":0,"comment_status":"closed","ping_status":"closed","template":"","meta":{"ocean_post_layout":"","ocean_both_sidebars_style":"","ocean_both_sidebars_content_width":0,"ocean_both_sidebars_sidebars_width":0,"ocean_sidebar":"0","ocean_second_sidebar":"0","ocean_disable_margins":"enable","ocean_add_body_class":"","ocean_shortcode_before_top_bar":"","ocean_shortcode_after_top_bar":"","ocean_shortcode_before_header":"","ocean_shortcode_after_header":"","ocean_has_shortcode":"","ocean_shortcode_after_title":"","ocean_shortcode_before_footer_widgets":"","ocean_shortcode_after_footer_widgets":"","ocean_shortcode_before_footer_bottom":"","ocean_shortcode_after_footer_bottom":"","ocean_display_top_bar":"default","ocean_display_header":"default","ocean_header_style":"","ocean_center_header_left_menu":"0","ocean_custom_header_template":"0","ocean_custom_logo":0,"ocean_custom_retina_logo":0,"ocean_custom_logo_max_width":0,"ocean_custom_logo_tablet_max_width":0,"ocean_custom_logo_mobile_max_width":0,"ocean_custom_logo_max_height":0,"ocean_custom_logo_tablet_max_height":0,"ocean_custom_logo_mobile_max_height":0,"ocean_header_custom_menu":"0","ocean_menu_typo_font_family":"0","ocean_menu_typo_font_subset":"","ocean_menu_typo_font_size":0,"ocean_menu_typo_font_size_tablet":0,"ocean_menu_typo_font_size_mobile":0,"ocean_menu_typo_font_size_unit":"px","ocean_menu_typo_font_weight":"","ocean_menu_typo_font_weight_tablet":"","ocean_menu_typo_font_weight_mobile":"","ocean_menu_typo_transform":"","ocean_menu_typo_transform_tablet":"","ocean_menu_typo_transform_mobile":"","ocean_menu_typo_line_height":0,"ocean_menu_typo_line_height_tablet":0,"ocean_menu_typo_line_height_mobile":0,"ocean_menu_typo_line_height_unit":"","ocean_menu_typo_spacing":0,"ocean_menu_typo_spacing_tablet":0,"ocean_menu_typo_spacing_mobile":0,"ocean_menu_typo_spacing_unit":"","ocean_menu_link_color":"","ocean_menu_link_color_hover":"","ocean_menu_link_color_active":"","ocean_menu_link_background":"","ocean_menu_link_hover_background":"","ocean_menu_link_active_background":"","ocean_menu_social_links_bg":"","ocean_menu_social_hover_links_bg":"","ocean_menu_social_links_color":"","ocean_menu_social_hover_links_color":"","ocean_disable_title":"default","ocean_disable_heading":"default","ocean_post_title":"","ocean_post_subheading":"","ocean_post_title_style":"","ocean_post_title_background_color":"","ocean_post_title_background":0,"ocean_post_title_bg_image_position":"","ocean_post_title_bg_image_attachment":"","ocean_post_title_bg_image_repeat":"","ocean_post_title_bg_image_size":"","ocean_post_title_height":0,"ocean_post_title_bg_overlay":0.5,"ocean_post_title_bg_overlay_color":"","ocean_disable_breadcrumbs":"default","ocean_breadcrumbs_color":"","ocean_breadcrumbs_separator_color":"","ocean_breadcrumbs_links_color":"","ocean_breadcrumbs_links_hover_color":"","ocean_display_footer_widgets":"default","ocean_display_footer_bottom":"default","ocean_custom_footer_template":"0","footnotes":""},"_links":{"self":[{"href":"https:\/\/www.lyceejeanbart.fr\/index.php\/wp-json\/wp\/v2\/pages\/3031"}],"collection":[{"href":"https:\/\/www.lyceejeanbart.fr\/index.php\/wp-json\/wp\/v2\/pages"}],"about":[{"href":"https:\/\/www.lyceejeanbart.fr\/index.php\/wp-json\/wp\/v2\/types\/page"}],"author":[{"embeddable":true,"href":"https:\/\/www.lyceejeanbart.fr\/index.php\/wp-json\/wp\/v2\/users\/4"}],"replies":[{"embeddable":true,"href":"https:\/\/www.lyceejeanbart.fr\/index.php\/wp-json\/wp\/v2\/comments?post=3031"}],"version-history":[{"count":10,"href":"https:\/\/www.lyceejeanbart.fr\/index.php\/wp-json\/wp\/v2\/pages\/3031\/revisions"}],"predecessor-version":[{"id":3084,"href":"https:\/\/www.lyceejeanbart.fr\/index.php\/wp-json\/wp\/v2\/pages\/3031\/revisions\/3084"}],"wp:attachment":[{"href":"https:\/\/www.lyceejeanbart.fr\/index.php\/wp-json\/wp\/v2\/media?parent=3031"}],"curies":[{"name":"wp","href":"https:\/\/api.w.org\/{rel}","templated":true}]}}