{"id":3037,"date":"2021-03-21T11:50:24","date_gmt":"2021-03-21T10:50:24","guid":{"rendered":"https:\/\/www.lyceejeanbart.fr\/?page_id=3037"},"modified":"2021-03-21T14:25:58","modified_gmt":"2021-03-21T13:25:58","slug":"option-section-euro-anglais","status":"publish","type":"page","link":"https:\/\/www.lyceejeanbart.fr\/index.php\/option-section-euro-anglais\/","title":{"rendered":"Section Euro Anglais"},"content":{"rendered":"<table style=\"height: 208px; width: 100%; border-collapse: collapse;\">\n<tbody>\n<tr>\n<td style=\"background-color: #bcd2d4; vertical-align: middle;\" colspan=\"2\">\n<h1>Niveau : Seconde, Premi\u00e8re et Terminale<\/h1>\n<\/td>\n<\/tr>\n<tr style=\"height: 24px;\">\n<td style=\"height: 24px; width: 30%; text-align: center; vertical-align: top;\">&nbsp;<\/p>\n<p><img fetchpriority=\"high\" decoding=\"async\" class=\"aligncenter wp-image-3023\" src=\"https:\/\/www.lyceejeanbart.fr\/wp-content\/uploads\/2021\/03\/Europe.png\" alt=\"\" width=\"380\" height=\"252\" srcset=\"https:\/\/www.lyceejeanbart.fr\/wp-content\/uploads\/2021\/03\/Europe.png 640w, https:\/\/www.lyceejeanbart.fr\/wp-content\/uploads\/2021\/03\/Europe-300x199.png 300w\" sizes=\"(max-width: 380px) 100vw, 380px\" \/><\/p>\n<p>&nbsp;<\/p>\n<p>&nbsp;<\/p>\n<p><img decoding=\"async\" class=\"aligncenter wp-image-2834\" src=\"https:\/\/www.lyceejeanbart.fr\/wp-content\/uploads\/2021\/03\/Anglais.png\" alt=\"\" width=\"380\" height=\"295\" srcset=\"https:\/\/www.lyceejeanbart.fr\/wp-content\/uploads\/2021\/03\/Anglais.png 640w, https:\/\/www.lyceejeanbart.fr\/wp-content\/uploads\/2021\/03\/Anglais-300x233.png 300w\" sizes=\"(max-width: 380px) 100vw, 380px\" \/><\/td>\n<td style=\"width: 49.7814%; vertical-align: middle;\">\n<h3><span style=\"font-size: 14pt;\">Un cursus qui marque votre scolarit\u00e9 et votre CV<\/span><\/h3>\n<p><span style=\"font-size: 14pt;\">La section europ\u00e9enne anglais du Lyc\u00e9e Jean Bart (2 classes) se situe au c\u0153ur de l\u2019ouverture \u00e0 l\u2019international du projet d\u2019\u00e9tablissement. Ainsi les \u00e9l\u00e8ves inscrits en section europ\u00e9enne anglais ont l\u2019opportunit\u00e9 de doubler voire tripler leurs heures hebdomadaires en anglais par rapport \u00e0 l\u2019horaire du tronc commun :<\/span><\/p>\n<ul>\n<li><span style=\"font-size: 14pt;\">En seconde \u2192 3 heures \/ semaine<\/span><\/li>\n<li><span style=\"font-size: 14pt;\">En premi\u00e8re \u2192 2 heures \/ semaine<\/span><\/li>\n<li><span style=\"font-size: 14pt;\">En terminale \u2192 4 heures \/ semaine<\/span><\/li>\n<\/ul>\n<p><span style=\"font-size: 14pt;\">Les \u00e9l\u00e8ves re\u00e7oivent un renforcement linguistique afin d\u2019\u00eatre de plus en plus autonomes et dans le souci de gravir les paliers du Cadre Europ\u00e9en (CECRL), ainsi qu\u2019un enseignement d\u2019Histoire-G\u00e9ographie en anglais (DNL) dispens\u00e9 par un professeur habilit\u00e9.<\/span><\/p>\n<p><span style=\"font-size: 14pt;\">Les activit\u00e9s scolaires et p\u00e9riscolaires visent \u00e0 d\u00e9velopper chez l\u2019\u00e9l\u00e8ve un parcours de jeune citoyen europ\u00e9en, \u00e0 faire grandir en lui des comp\u00e9tences interculturelles afin de l\u2019amener \u00e0 s\u2019interroger sur le monde qui l\u2019entoure. Un travail cons\u00e9quent sur l\u2019actualit\u00e9, bas\u00e9 sur des sources en langue anglaise est men\u00e9 tout au long des trois ann\u00e9es de section conjointement au programme de DNL afin d\u2019armer les \u00e9l\u00e8ves pour l\u2019oral de DNL qui ponctue l\u2019ann\u00e9e de terminale.<\/span><\/p>\n<h3><span style=\"font-size: 14pt;\">Des atouts concrets pour les \u00e9l\u00e8ves<\/span><\/h3>\n<ul>\n<li><span style=\"font-size: 14pt;\">des heures d\u2019exposition \u00e0 la langue \u00e9crite et orale en plus donc des progr\u00e8s plus rapides,<\/span><\/li>\n<li><span style=\"font-size: 14pt;\">la possibilit\u00e9 de passer gratuitement la certification CEC B2 Cambridge en classe de terminale \u00e9quivalent du niveau au First Certificate<\/span><br \/>\n<span style=\"font-size: 14pt;\">La possibilit\u00e9 de candidater au label d\u2019excellence Certilingua qui certifie des comp\u00e9tences interculturelles et langagi\u00e8res dans deux langues,<\/span><\/li>\n<li><span style=\"font-size: 14pt;\">l\u2019entrainement \u00e0 la r\u00e9alisation de projets men\u00e9s en classe,<\/span><\/li>\n<li><span style=\"font-size: 14pt;\">l\u2019entrainement aux techniques et strat\u00e9gies pour l\u2019oral transf\u00e9rables pour le Grand Oral en terminale.<\/span><\/li>\n<\/ul>\n<p><iframe src=\"\/\/www.youtube.com\/embed\/hI_fLf40FTw\" width=\"560\" height=\"314\" allowfullscreen=\"allowfullscreen\"><\/iframe><\/td>\n<\/tr>\n<tr style=\"height: 24px;\">\n<td style=\"height: 24px; width: 30%; text-align: center;\"><\/td>\n<td style=\"width: 49.7814%;\"><\/td>\n<\/tr>\n<tr>\n<td style=\"width: 30%; background-color: #bcd2d4; text-align: center; vertical-align: middle;\"><img decoding=\"async\" class=\"aligncenter wp-image-2824\" src=\"https:\/\/www.lyceejeanbart.fr\/wp-content\/uploads\/2021\/03\/atouts-3.jpg\" alt=\"\" width=\"250\" height=\"125\" srcset=\"https:\/\/www.lyceejeanbart.fr\/wp-content\/uploads\/2021\/03\/atouts-3.jpg 591w, https:\/\/www.lyceejeanbart.fr\/wp-content\/uploads\/2021\/03\/atouts-3-300x150.jpg 300w\" sizes=\"(max-width: 250px) 100vw, 250px\" \/><\/td>\n<td style=\"width: 49.7814%; background-color: #bcd2d4; vertical-align: middle;\">\n<ul>\n<li><em>Une \u00e9quipe de section euro dynamique compos\u00e9e de professeurs d\u2019histoire g\u00e9ographie et d\u2019anglais (qui dispensent les enseignements) et de professeurs de sciences \u00e9galement qui encadrent les sorties p\u00e9dagogiques,<\/em><\/li>\n<li><em>Un labo de langues et des salles multim\u00e9dias pour d\u00e9velopper les comp\u00e9tences TICE des \u00e9l\u00e8ves et les amener \u00e0 partager sur des espaces ou plateformes d\u2019\u00e9changes virtuels,<\/em><\/li>\n<li><em>Un co-enseignement avec un assistant de langue natif d\u2019un pays anglophone afin de travailler notamment les comp\u00e9tences de r\u00e9ception et de production orales, sans oublier les donn\u00e9es culturelles,<\/em><\/li>\n<li><em>Des ressources au CDI ainsi que des abonnements \u00e0 des p\u00e9riodiques de langue anglaise. Des dictionnaires unilingues et bi-lingues \u00e0 disposition,<\/em><\/li>\n<li><em>Des sorties p\u00e9dagogiques d\u2019une semaine ou courts s\u00e9jours de trois jours en pays anglophones (par exemple \u00e0 Dublin, \u00e0 Londres, \u00e0 Liverpool \u2026) quand les conditions sanitaires le permettent,<\/em><\/li>\n<li><em>Un entrainement r\u00e9gulier \u00e0 la certification CEC B2,<\/em><\/li>\n<li><em>L\u2019inscription \u00e0 des webinaires de Cambridge ESOL ou des conf\u00e9rences virtuelles sur les mobilit\u00e9s euroguidances,<\/em><\/li>\n<li><em>Participation au concours de traduction Juvenes Translatores \u00e0 l&rsquo;initiative de la Comission Europ\u00e9enne.<\/em><\/li>\n<\/ul>\n<\/td>\n<\/tr>\n<\/tbody>\n<\/table>\n<p>&nbsp;<\/p>\n","protected":false},"excerpt":{"rendered":"<p>Niveau : Seconde, Premi\u00e8re et Terminale &nbsp; &nbsp; &nbsp; Un cursus qui marque votre scolarit\u00e9 et votre CV La section europ\u00e9enne anglais du Lyc\u00e9e Jean Bart (2 classes) se situe au c\u0153ur de l\u2019ouverture \u00e0 l\u2019international du projet d\u2019\u00e9tablissement. Ainsi les \u00e9l\u00e8ves inscrits en section europ\u00e9enne anglais ont l\u2019opportunit\u00e9 de doubler voire tripler leurs heures [&hellip;]<\/p>\n","protected":false},"author":4,"featured_media":0,"parent":0,"menu_order":0,"comment_status":"closed","ping_status":"closed","template":"","meta":{"ocean_post_layout":"","ocean_both_sidebars_style":"","ocean_both_sidebars_content_width":0,"ocean_both_sidebars_sidebars_width":0,"ocean_sidebar":"0","ocean_second_sidebar":"0","ocean_disable_margins":"enable","ocean_add_body_class":"","ocean_shortcode_before_top_bar":"","ocean_shortcode_after_top_bar":"","ocean_shortcode_before_header":"","ocean_shortcode_after_header":"","ocean_has_shortcode":"","ocean_shortcode_after_title":"","ocean_shortcode_before_footer_widgets":"","ocean_shortcode_after_footer_widgets":"","ocean_shortcode_before_footer_bottom":"","ocean_shortcode_after_footer_bottom":"","ocean_display_top_bar":"default","ocean_display_header":"default","ocean_header_style":"","ocean_center_header_left_menu":"0","ocean_custom_header_template":"0","ocean_custom_logo":0,"ocean_custom_retina_logo":0,"ocean_custom_logo_max_width":0,"ocean_custom_logo_tablet_max_width":0,"ocean_custom_logo_mobile_max_width":0,"ocean_custom_logo_max_height":0,"ocean_custom_logo_tablet_max_height":0,"ocean_custom_logo_mobile_max_height":0,"ocean_header_custom_menu":"0","ocean_menu_typo_font_family":"0","ocean_menu_typo_font_subset":"","ocean_menu_typo_font_size":0,"ocean_menu_typo_font_size_tablet":0,"ocean_menu_typo_font_size_mobile":0,"ocean_menu_typo_font_size_unit":"px","ocean_menu_typo_font_weight":"","ocean_menu_typo_font_weight_tablet":"","ocean_menu_typo_font_weight_mobile":"","ocean_menu_typo_transform":"","ocean_menu_typo_transform_tablet":"","ocean_menu_typo_transform_mobile":"","ocean_menu_typo_line_height":0,"ocean_menu_typo_line_height_tablet":0,"ocean_menu_typo_line_height_mobile":0,"ocean_menu_typo_line_height_unit":"","ocean_menu_typo_spacing":0,"ocean_menu_typo_spacing_tablet":0,"ocean_menu_typo_spacing_mobile":0,"ocean_menu_typo_spacing_unit":"","ocean_menu_link_color":"","ocean_menu_link_color_hover":"","ocean_menu_link_color_active":"","ocean_menu_link_background":"","ocean_menu_link_hover_background":"","ocean_menu_link_active_background":"","ocean_menu_social_links_bg":"","ocean_menu_social_hover_links_bg":"","ocean_menu_social_links_color":"","ocean_menu_social_hover_links_color":"","ocean_disable_title":"default","ocean_disable_heading":"default","ocean_post_title":"","ocean_post_subheading":"","ocean_post_title_style":"","ocean_post_title_background_color":"","ocean_post_title_background":0,"ocean_post_title_bg_image_position":"","ocean_post_title_bg_image_attachment":"","ocean_post_title_bg_image_repeat":"","ocean_post_title_bg_image_size":"","ocean_post_title_height":0,"ocean_post_title_bg_overlay":0.5,"ocean_post_title_bg_overlay_color":"","ocean_disable_breadcrumbs":"default","ocean_breadcrumbs_color":"","ocean_breadcrumbs_separator_color":"","ocean_breadcrumbs_links_color":"","ocean_breadcrumbs_links_hover_color":"","ocean_display_footer_widgets":"default","ocean_display_footer_bottom":"default","ocean_custom_footer_template":"0","footnotes":""},"_links":{"self":[{"href":"https:\/\/www.lyceejeanbart.fr\/index.php\/wp-json\/wp\/v2\/pages\/3037"}],"collection":[{"href":"https:\/\/www.lyceejeanbart.fr\/index.php\/wp-json\/wp\/v2\/pages"}],"about":[{"href":"https:\/\/www.lyceejeanbart.fr\/index.php\/wp-json\/wp\/v2\/types\/page"}],"author":[{"embeddable":true,"href":"https:\/\/www.lyceejeanbart.fr\/index.php\/wp-json\/wp\/v2\/users\/4"}],"replies":[{"embeddable":true,"href":"https:\/\/www.lyceejeanbart.fr\/index.php\/wp-json\/wp\/v2\/comments?post=3037"}],"version-history":[{"count":11,"href":"https:\/\/www.lyceejeanbart.fr\/index.php\/wp-json\/wp\/v2\/pages\/3037\/revisions"}],"predecessor-version":[{"id":3069,"href":"https:\/\/www.lyceejeanbart.fr\/index.php\/wp-json\/wp\/v2\/pages\/3037\/revisions\/3069"}],"wp:attachment":[{"href":"https:\/\/www.lyceejeanbart.fr\/index.php\/wp-json\/wp\/v2\/media?parent=3037"}],"curies":[{"name":"wp","href":"https:\/\/api.w.org\/{rel}","templated":true}]}}