{"id":3092,"date":"2021-03-21T15:28:56","date_gmt":"2021-03-21T14:28:56","guid":{"rendered":"https:\/\/www.lyceejeanbart.fr\/?page_id=3092"},"modified":"2021-03-21T15:32:17","modified_gmt":"2021-03-21T14:32:17","slug":"lettres","status":"publish","type":"page","link":"https:\/\/www.lyceejeanbart.fr\/index.php\/lettres\/","title":{"rendered":"Tronc commun &#8211; Lettres modernes (fran\u00e7ais)"},"content":{"rendered":"<table style=\"height: 208px; width: 99.7021%; border-collapse: collapse;\">\n<tbody>\n<tr>\n<td style=\"background-color: #bcd2d4;\" colspan=\"2\">\n<h1>Niveau : Seconde, Premi\u00e8re<\/h1>\n<\/td>\n<\/tr>\n<tr style=\"height: 24px;\">\n<td style=\"height: 24px; width: 30%; text-align: center; vertical-align: top;\">&nbsp;<\/p>\n<p><img fetchpriority=\"high\" decoding=\"async\" class=\"aligncenter wp-image-3093\" src=\"https:\/\/www.lyceejeanbart.fr\/wp-content\/uploads\/2021\/03\/Lettres-587x1024.png\" alt=\"\" width=\"320\" height=\"558\" srcset=\"https:\/\/www.lyceejeanbart.fr\/wp-content\/uploads\/2021\/03\/Lettres-587x1024.png 587w, https:\/\/www.lyceejeanbart.fr\/wp-content\/uploads\/2021\/03\/Lettres-172x300.png 172w, https:\/\/www.lyceejeanbart.fr\/wp-content\/uploads\/2021\/03\/Lettres.png 734w\" sizes=\"(max-width: 320px) 100vw, 320px\" \/><\/td>\n<td style=\"width: 49.7814%; vertical-align: middle;\">\n<h2>Le tronc commun de fran\u00e7ais en s\u00e9rie g\u00e9n\u00e9rale et technologique<\/h2>\n<p><span style=\"font-size: 14pt;\">L\u2019enseignement du fran\u00e7ais en classe de premi\u00e8re vise \u00e0 acqu\u00e9rir m\u00e9thode, culture et \u00e0 consolider la ma\u00eetrise de la langue, \u00e0 l\u2019\u00e9crit comme \u00e0 l\u2019oral.<\/span><\/p>\n<p><span style=\"font-size: 14pt;\">Ces comp\u00e9tences seront \u00e9valu\u00e9es lors de l\u2019E.A.F (Epreuves Anticip\u00e9es de Fran\u00e7ais) en fin de Premi\u00e8re lors d\u2019une \u00e9preuve \u00e9crite nationale de quatre heures autour d\u2019un commentaire ou d\u2019une dissertation et d\u2019un oral de vingt minutes sur l\u2019une des \u0153uvres vues au cours de l\u2019ann\u00e9e. Ces \u00e9preuves compteront \u00e0 hauteur d\u2019un coefficient cinq chacune et seront int\u00e9gr\u00e9es au relev\u00e9 de baccalaur\u00e9at en fin de Terminale. A noter que les notes obtenues en contr\u00f4le continu participent \u00e9galement \u00e0 l\u2019obtention du dipl\u00f4me final.<\/span><\/p>\n<p><span style=\"font-size: 14pt;\">Quatre heures par semaine sont d\u00e9di\u00e9es \u00e0 la d\u00e9couverte et \u00e9tude de quatre \u0153uvres int\u00e9grales, abordant si\u00e8cles et genres litt\u00e9raires vari\u00e9s.<\/span><\/p>\n<p><span style=\"font-size: 14pt;\">Enfin, des lectures personnelles (dites \u00ab cursives \u00bb) seront propos\u00e9es aux \u00e9l\u00e8ves, compl\u00e9tant leur culture des objets d\u2019\u00e9tude et pouvant aussi faire l\u2019objet de l\u2019entretien oral de l\u2019E.A.F.<\/span><\/p>\n<p><span style=\"font-size: 14pt;\">Pour <strong>la s\u00e9rie technologique<\/strong> (1\u00e8re STMG), les seules diff\u00e9rences notables sont 2 nouveaux exercices \u00e9crits (\u00e0 la place de la dissertation) appel\u00e9s \u00a0\u00ab\u00a0Contraction de texte\u00a0\u00bb et \u00ab\u00a0Essai \u00ab\u00a0. Pour ce qui est du programme de litt\u00e9rature, les \u0153uvres propos\u00e9es sont sensiblement les m\u00eames. L\u2019oral du bac fran\u00e7ais se d\u00e9roule suivant les m\u00eames consignes (mais il y a moins de textes au programme qu\u2019en s\u00e9rie g\u00e9n\u00e9rale).<\/span><\/td>\n<\/tr>\n<tr style=\"height: 24px;\">\n<td style=\"height: 24px; width: 30%; text-align: center;\"><\/td>\n<td style=\"width: 49.7814%;\"><\/td>\n<\/tr>\n<tr>\n<td style=\"width: 30%; text-align: center; vertical-align: middle; background-color: #bcd2d4;\"><img decoding=\"async\" class=\"aligncenter wp-image-2824\" src=\"https:\/\/www.lyceejeanbart.fr\/wp-content\/uploads\/2021\/03\/atouts-3.jpg\" alt=\"\" width=\"250\" height=\"125\" srcset=\"https:\/\/www.lyceejeanbart.fr\/wp-content\/uploads\/2021\/03\/atouts-3.jpg 591w, https:\/\/www.lyceejeanbart.fr\/wp-content\/uploads\/2021\/03\/atouts-3-300x150.jpg 300w\" sizes=\"(max-width: 250px) 100vw, 250px\" \/><\/td>\n<td style=\"width: 49.7814%; vertical-align: middle; background-color: #bcd2d4;\"><em>A ces heures d\u2019enseignement en classe enti\u00e8re s\u2019ajoutent des heures d\u2019aide personnalis\u00e9e (A.P) \u00e0 hauteur d\u2019une heure hebdomadaire qui permettront d\u2019affiner et de consolider les connaissances ou encore de parfaire la ma\u00eetrise des m\u00e9thodes.<\/em><\/p>\n<p><em>Une \u00e9quipe soud\u00e9e \u00e0 l&rsquo;\u00e9coute des \u00e9l\u00e8ves.<\/em><\/p>\n<p><em>Une large utilisation de Pronote afin d&rsquo;aider les \u00e9l\u00e8ves dans leur travail \u00e0 la maison.<\/em><\/td>\n<\/tr>\n<\/tbody>\n<\/table>\n","protected":false},"excerpt":{"rendered":"<p>Niveau : Seconde, Premi\u00e8re &nbsp; Le tronc commun de fran\u00e7ais en s\u00e9rie g\u00e9n\u00e9rale et technologique L\u2019enseignement du fran\u00e7ais en classe de premi\u00e8re vise \u00e0 acqu\u00e9rir m\u00e9thode, culture et \u00e0 consolider la ma\u00eetrise de la langue, \u00e0 l\u2019\u00e9crit comme \u00e0 l\u2019oral. Ces comp\u00e9tences seront \u00e9valu\u00e9es lors de l\u2019E.A.F (Epreuves Anticip\u00e9es de Fran\u00e7ais) en fin de Premi\u00e8re [&hellip;]<\/p>\n","protected":false},"author":4,"featured_media":0,"parent":0,"menu_order":0,"comment_status":"closed","ping_status":"closed","template":"","meta":{"ocean_post_layout":"","ocean_both_sidebars_style":"","ocean_both_sidebars_content_width":0,"ocean_both_sidebars_sidebars_width":0,"ocean_sidebar":"0","ocean_second_sidebar":"0","ocean_disable_margins":"enable","ocean_add_body_class":"","ocean_shortcode_before_top_bar":"","ocean_shortcode_after_top_bar":"","ocean_shortcode_before_header":"","ocean_shortcode_after_header":"","ocean_has_shortcode":"","ocean_shortcode_after_title":"","ocean_shortcode_before_footer_widgets":"","ocean_shortcode_after_footer_widgets":"","ocean_shortcode_before_footer_bottom":"","ocean_shortcode_after_footer_bottom":"","ocean_display_top_bar":"default","ocean_display_header":"default","ocean_header_style":"","ocean_center_header_left_menu":"0","ocean_custom_header_template":"0","ocean_custom_logo":0,"ocean_custom_retina_logo":0,"ocean_custom_logo_max_width":0,"ocean_custom_logo_tablet_max_width":0,"ocean_custom_logo_mobile_max_width":0,"ocean_custom_logo_max_height":0,"ocean_custom_logo_tablet_max_height":0,"ocean_custom_logo_mobile_max_height":0,"ocean_header_custom_menu":"0","ocean_menu_typo_font_family":"0","ocean_menu_typo_font_subset":"","ocean_menu_typo_font_size":0,"ocean_menu_typo_font_size_tablet":0,"ocean_menu_typo_font_size_mobile":0,"ocean_menu_typo_font_size_unit":"px","ocean_menu_typo_font_weight":"","ocean_menu_typo_font_weight_tablet":"","ocean_menu_typo_font_weight_mobile":"","ocean_menu_typo_transform":"","ocean_menu_typo_transform_tablet":"","ocean_menu_typo_transform_mobile":"","ocean_menu_typo_line_height":0,"ocean_menu_typo_line_height_tablet":0,"ocean_menu_typo_line_height_mobile":0,"ocean_menu_typo_line_height_unit":"","ocean_menu_typo_spacing":0,"ocean_menu_typo_spacing_tablet":0,"ocean_menu_typo_spacing_mobile":0,"ocean_menu_typo_spacing_unit":"","ocean_menu_link_color":"","ocean_menu_link_color_hover":"","ocean_menu_link_color_active":"","ocean_menu_link_background":"","ocean_menu_link_hover_background":"","ocean_menu_link_active_background":"","ocean_menu_social_links_bg":"","ocean_menu_social_hover_links_bg":"","ocean_menu_social_links_color":"","ocean_menu_social_hover_links_color":"","ocean_disable_title":"default","ocean_disable_heading":"default","ocean_post_title":"","ocean_post_subheading":"","ocean_post_title_style":"","ocean_post_title_background_color":"","ocean_post_title_background":0,"ocean_post_title_bg_image_position":"","ocean_post_title_bg_image_attachment":"","ocean_post_title_bg_image_repeat":"","ocean_post_title_bg_image_size":"","ocean_post_title_height":0,"ocean_post_title_bg_overlay":0.5,"ocean_post_title_bg_overlay_color":"","ocean_disable_breadcrumbs":"default","ocean_breadcrumbs_color":"","ocean_breadcrumbs_separator_color":"","ocean_breadcrumbs_links_color":"","ocean_breadcrumbs_links_hover_color":"","ocean_display_footer_widgets":"default","ocean_display_footer_bottom":"default","ocean_custom_footer_template":"0","footnotes":""},"_links":{"self":[{"href":"https:\/\/www.lyceejeanbart.fr\/index.php\/wp-json\/wp\/v2\/pages\/3092"}],"collection":[{"href":"https:\/\/www.lyceejeanbart.fr\/index.php\/wp-json\/wp\/v2\/pages"}],"about":[{"href":"https:\/\/www.lyceejeanbart.fr\/index.php\/wp-json\/wp\/v2\/types\/page"}],"author":[{"embeddable":true,"href":"https:\/\/www.lyceejeanbart.fr\/index.php\/wp-json\/wp\/v2\/users\/4"}],"replies":[{"embeddable":true,"href":"https:\/\/www.lyceejeanbart.fr\/index.php\/wp-json\/wp\/v2\/comments?post=3092"}],"version-history":[{"count":4,"href":"https:\/\/www.lyceejeanbart.fr\/index.php\/wp-json\/wp\/v2\/pages\/3092\/revisions"}],"predecessor-version":[{"id":3099,"href":"https:\/\/www.lyceejeanbart.fr\/index.php\/wp-json\/wp\/v2\/pages\/3092\/revisions\/3099"}],"wp:attachment":[{"href":"https:\/\/www.lyceejeanbart.fr\/index.php\/wp-json\/wp\/v2\/media?parent=3092"}],"curies":[{"name":"wp","href":"https:\/\/api.w.org\/{rel}","templated":true}]}}