{"id":3109,"date":"2021-03-21T15:50:23","date_gmt":"2021-03-21T14:50:23","guid":{"rendered":"https:\/\/www.lyceejeanbart.fr\/?page_id=3109"},"modified":"2025-01-29T08:34:50","modified_gmt":"2025-01-29T07:34:50","slug":"section-football","status":"publish","type":"page","link":"https:\/\/www.lyceejeanbart.fr\/index.php\/section-football\/","title":{"rendered":"Section Football"},"content":{"rendered":"<table style=\"height: 255px; width: 100%; border-collapse: collapse;\">\n<tbody>\n<tr style=\"height: 160px;\">\n<td style=\"background-color: #bcd2d4; vertical-align: middle;\" colspan=\"2\">\n<h1>Niveau : Seconde, Premi\u00e8re, Terminale<\/h1>\n<\/td>\n<\/tr>\n<tr style=\"height: 24px;\">\n<td style=\"height: 24px; width: 30%; text-align: center; vertical-align: top;\"><img fetchpriority=\"high\" decoding=\"async\" class=\"aligncenter wp-image-2939\" src=\"https:\/\/www.lyceejeanbart.fr\/wp-content\/uploads\/2021\/03\/Foot.png\" alt=\"\" width=\"380\" height=\"399\" srcset=\"https:\/\/www.lyceejeanbart.fr\/wp-content\/uploads\/2021\/03\/Foot.png 609w, https:\/\/www.lyceejeanbart.fr\/wp-content\/uploads\/2021\/03\/Foot-285x300.png 285w\" sizes=\"(max-width: 380px) 100vw, 380px\" \/><\/td>\n<td style=\"width: 50%; vertical-align: top; height: 24px; text-align: left;\">&nbsp;<\/p>\n<p style=\"text-align: center;\">La section Sport-\u00e9tudes football accueille les gar\u00e7ons de la classe de Seconde \u00e0 la classe de Terminale. Elle s&rsquo;appuie sur un partenariat avec l&rsquo;USLD, le club de football de la ville de Dunkerque.<\/p>\n<p style=\"text-align: center;\"><a href=\"https:\/\/www.lyceejeanbart.fr\/index.php\/section-sportive\/\"><span style=\"color: #ff0000; font-size: 14pt;\"><strong>Dossier d&rsquo;inscription<\/strong><\/span><\/a><\/p>\n<p style=\"text-align: center;\"><img decoding=\"async\" class=\"alignnone wp-image-5568\" src=\"https:\/\/www.lyceejeanbart.fr\/wp-content\/uploads\/2022\/11\/foot-300x227.jpeg\" alt=\"\" width=\"500\" height=\"379\" srcset=\"https:\/\/www.lyceejeanbart.fr\/wp-content\/uploads\/2022\/11\/foot-300x227.jpeg 300w, https:\/\/www.lyceejeanbart.fr\/wp-content\/uploads\/2022\/11\/foot.jpeg 750w\" sizes=\"(max-width: 500px) 100vw, 500px\" \/><\/p>\n<\/td>\n<\/tr>\n<tr style=\"height: 24px;\">\n<td style=\"height: 24px; width: 30%; text-align: center; vertical-align: top;\"><\/td>\n<td style=\"width: 50%; height: 24px; vertical-align: top;\"><\/td>\n<\/tr>\n<tr style=\"height: 260px;\">\n<td style=\"width: 30%; text-align: center; vertical-align: middle; background-color: #bcd2d4; height: 100px;\"><img decoding=\"async\" class=\"aligncenter wp-image-2824\" src=\"https:\/\/www.lyceejeanbart.fr\/wp-content\/uploads\/2021\/03\/atouts-3.jpg\" alt=\"\" width=\"250\" height=\"125\" srcset=\"https:\/\/www.lyceejeanbart.fr\/wp-content\/uploads\/2021\/03\/atouts-3.jpg 591w, https:\/\/www.lyceejeanbart.fr\/wp-content\/uploads\/2021\/03\/atouts-3-300x150.jpg 300w\" sizes=\"(max-width: 250px) 100vw, 250px\" \/><\/td>\n<td style=\"width: 50%; background-color: #bcd2d4; height: 100%; vertical-align: middle;\"><\/td>\n<\/tr>\n<\/tbody>\n<\/table>\n","protected":false},"excerpt":{"rendered":"<p>Niveau : Seconde, Premi\u00e8re, Terminale &nbsp; La section Sport-\u00e9tudes football accueille les gar\u00e7ons de la classe de Seconde \u00e0 la classe de Terminale. Elle s&rsquo;appuie sur un partenariat avec l&rsquo;USLD, le club de football de la ville de Dunkerque. Dossier d&rsquo;inscription<\/p>\n","protected":false},"author":4,"featured_media":0,"parent":0,"menu_order":0,"comment_status":"closed","ping_status":"closed","template":"","meta":{"ocean_post_layout":"","ocean_both_sidebars_style":"","ocean_both_sidebars_content_width":0,"ocean_both_sidebars_sidebars_width":0,"ocean_sidebar":"0","ocean_second_sidebar":"0","ocean_disable_margins":"enable","ocean_add_body_class":"","ocean_shortcode_before_top_bar":"","ocean_shortcode_after_top_bar":"","ocean_shortcode_before_header":"","ocean_shortcode_after_header":"","ocean_has_shortcode":"","ocean_shortcode_after_title":"","ocean_shortcode_before_footer_widgets":"","ocean_shortcode_after_footer_widgets":"","ocean_shortcode_before_footer_bottom":"","ocean_shortcode_after_footer_bottom":"","ocean_display_top_bar":"default","ocean_display_header":"default","ocean_header_style":"","ocean_center_header_left_menu":"0","ocean_custom_header_template":"0","ocean_custom_logo":0,"ocean_custom_retina_logo":0,"ocean_custom_logo_max_width":0,"ocean_custom_logo_tablet_max_width":0,"ocean_custom_logo_mobile_max_width":0,"ocean_custom_logo_max_height":0,"ocean_custom_logo_tablet_max_height":0,"ocean_custom_logo_mobile_max_height":0,"ocean_header_custom_menu":"0","ocean_menu_typo_font_family":"0","ocean_menu_typo_font_subset":"","ocean_menu_typo_font_size":0,"ocean_menu_typo_font_size_tablet":0,"ocean_menu_typo_font_size_mobile":0,"ocean_menu_typo_font_size_unit":"px","ocean_menu_typo_font_weight":"","ocean_menu_typo_font_weight_tablet":"","ocean_menu_typo_font_weight_mobile":"","ocean_menu_typo_transform":"","ocean_menu_typo_transform_tablet":"","ocean_menu_typo_transform_mobile":"","ocean_menu_typo_line_height":0,"ocean_menu_typo_line_height_tablet":0,"ocean_menu_typo_line_height_mobile":0,"ocean_menu_typo_line_height_unit":"","ocean_menu_typo_spacing":0,"ocean_menu_typo_spacing_tablet":0,"ocean_menu_typo_spacing_mobile":0,"ocean_menu_typo_spacing_unit":"","ocean_menu_link_color":"","ocean_menu_link_color_hover":"","ocean_menu_link_color_active":"","ocean_menu_link_background":"","ocean_menu_link_hover_background":"","ocean_menu_link_active_background":"","ocean_menu_social_links_bg":"","ocean_menu_social_hover_links_bg":"","ocean_menu_social_links_color":"","ocean_menu_social_hover_links_color":"","ocean_disable_title":"default","ocean_disable_heading":"default","ocean_post_title":"","ocean_post_subheading":"","ocean_post_title_style":"","ocean_post_title_background_color":"","ocean_post_title_background":0,"ocean_post_title_bg_image_position":"","ocean_post_title_bg_image_attachment":"","ocean_post_title_bg_image_repeat":"","ocean_post_title_bg_image_size":"","ocean_post_title_height":0,"ocean_post_title_bg_overlay":0.5,"ocean_post_title_bg_overlay_color":"","ocean_disable_breadcrumbs":"default","ocean_breadcrumbs_color":"","ocean_breadcrumbs_separator_color":"","ocean_breadcrumbs_links_color":"","ocean_breadcrumbs_links_hover_color":"","ocean_display_footer_widgets":"default","ocean_display_footer_bottom":"default","ocean_custom_footer_template":"0","footnotes":""},"_links":{"self":[{"href":"https:\/\/www.lyceejeanbart.fr\/index.php\/wp-json\/wp\/v2\/pages\/3109"}],"collection":[{"href":"https:\/\/www.lyceejeanbart.fr\/index.php\/wp-json\/wp\/v2\/pages"}],"about":[{"href":"https:\/\/www.lyceejeanbart.fr\/index.php\/wp-json\/wp\/v2\/types\/page"}],"author":[{"embeddable":true,"href":"https:\/\/www.lyceejeanbart.fr\/index.php\/wp-json\/wp\/v2\/users\/4"}],"replies":[{"embeddable":true,"href":"https:\/\/www.lyceejeanbart.fr\/index.php\/wp-json\/wp\/v2\/comments?post=3109"}],"version-history":[{"count":14,"href":"https:\/\/www.lyceejeanbart.fr\/index.php\/wp-json\/wp\/v2\/pages\/3109\/revisions"}],"predecessor-version":[{"id":7822,"href":"https:\/\/www.lyceejeanbart.fr\/index.php\/wp-json\/wp\/v2\/pages\/3109\/revisions\/7822"}],"wp:attachment":[{"href":"https:\/\/www.lyceejeanbart.fr\/index.php\/wp-json\/wp\/v2\/media?parent=3109"}],"curies":[{"name":"wp","href":"https:\/\/api.w.org\/{rel}","templated":true}]}}