{"id":3282,"date":"2021-04-02T17:58:33","date_gmt":"2021-04-02T15:58:33","guid":{"rendered":"https:\/\/www.lyceejeanbart.fr\/?page_id=3282"},"modified":"2021-04-02T18:13:06","modified_gmt":"2021-04-02T16:13:06","slug":"sciences-de-la-vie-et-de-la-terre-2","status":"publish","type":"page","link":"https:\/\/www.lyceejeanbart.fr\/index.php\/sciences-de-la-vie-et-de-la-terre-2\/","title":{"rendered":"Tronc commun &#8211; Sciences de la Vie et de la Terre"},"content":{"rendered":"<table style=\"height: 255px; width: 100%; border-collapse: collapse;\">\n<tbody>\n<tr>\n<td style=\"background-color: #bcd2d4;\" colspan=\"2\">\n<h1>Niveau : Seconde<\/h1>\n<\/td>\n<\/tr>\n<tr style=\"height: 24px;\">\n<td style=\"height: 24px; width: 30%; text-align: center; vertical-align: top;\"><img fetchpriority=\"high\" decoding=\"async\" class=\"aligncenter wp-image-2897\" src=\"https:\/\/www.lyceejeanbart.fr\/wp-content\/uploads\/2021\/03\/SVT-1.png\" alt=\"\" width=\"340\" height=\"234\" srcset=\"https:\/\/www.lyceejeanbart.fr\/wp-content\/uploads\/2021\/03\/SVT-1.png 640w, https:\/\/www.lyceejeanbart.fr\/wp-content\/uploads\/2021\/03\/SVT-1-300x207.png 300w\" sizes=\"(max-width: 340px) 100vw, 340px\" \/><\/td>\n<td style=\"width: 50%; vertical-align: top; height: 24px; text-align: left;\">\n<p align=\"justify\"><span style=\"font-size: 14pt;\">Les Sciences de la Vie et de la Terre (SVT) correspondent \u00e0 une mati\u00e8re scientifique ayant pour objectif d\u2019\u00e9tudier la vie et la plan\u00e8te Terre au c\u0153ur de l\u2019Univers.<\/span><\/p>\n<p align=\"justify\"><span style=\"font-size: 14pt;\">Au lyc\u00e9e Jean Bart, les \u00e9l\u00e8ves \u00e9tudient les SVT en classe de Seconde puis chaque \u00e9l\u00e8ve peut d\u00e9cider de se sp\u00e9cialiser dans cette discipline \u00e0 partir de la classe de Premi\u00e8re et jusqu\u2019en Terminale.<\/span><\/p>\n<h2 align=\"justify\">QU&rsquo;EST-CE QUE LA MATIERE SVT EN CLASSE DE SECONDE ?<\/h2>\n<p align=\"justify\"><span style=\"font-size: 14pt;\">Les \u00e9l\u00e8ves de Seconde \u00e9tudient les SVT \u00e0 raison de 1 heure 30 d\u2019enseignement hebdomadaire, avec chaque semaine une s\u00e9ance de travaux pratiques (TP) afin de r\u00e9aliser des recherches pour observer, comprendre et apprendre. Le programme est organis\u00e9 autour de trois th\u00e8mes\u00a0:<\/span><\/p>\n<p align=\"justify\"><span style=\"font-size: 14pt;\"><strong>Th\u00e8me 1- La Terre, la vie et l\u2019organisation du vivant<\/strong><\/span><\/p>\n<p style=\"padding-left: 40px;\" align=\"justify\"><em><span style=\"font-size: 14pt;\">R\u00e9aliser des recherches sur le monde vivant et son \u00e9volution.<\/span><\/em><\/p>\n<p align=\"justify\"><span style=\"font-size: 14pt;\"><strong>Th\u00e8me 2- Les enjeux contemporains de la plan\u00e8te<\/strong><\/span><\/p>\n<p style=\"padding-left: 40px;\" align=\"justify\"><em><span style=\"font-size: 14pt;\">Explorer des \u00e9cosyst\u00e8mes et d\u00e9couvrir l\u2019histoire de la plan\u00e8te bleue.<\/span><\/em><\/p>\n<p align=\"justify\"><span style=\"font-size: 14pt;\"><strong>Th\u00e8me 3- Le corps humain et la sant\u00e9<\/strong><\/span><\/p>\n<p style=\"padding-left: 40px;\" align=\"justify\"><em><span style=\"font-size: 14pt;\">\u00c9tudier l\u2019organisme humain, son anatomie, son fonctionnement en lien avec la sant\u00e9.<\/span><\/em><\/p>\n<h2 align=\"justify\">COMMENT REUSSIR EN SVT AU LYCEE ?<\/h2>\n<p align=\"justify\"><span style=\"font-size: 14pt;\">Les SVT en classe de Seconde reposent sur les connaissances acquises au coll\u00e8ge. Afin de se pr\u00e9parer \u00e0 la rentr\u00e9e, l\u2019\u00e9l\u00e8ve doit avoir de bonnes connaissances sur la cellule, la base fondamentale en SVT\u00a0:<\/span><\/p>\n<ul>\n<li><span style=\"font-size: 14pt;\">La structure de la cellule (la membrane plasmique, le cytoplasme\u2026),<\/span><\/li>\n<li><span style=\"font-size: 14pt;\">Le fonctionnement de la cellule (organites et m\u00e9tabolisme, ADN et patrimoine g\u00e9n\u00e9tique\u2026).<\/span><\/li>\n<\/ul>\n<p><iframe src=\"\/\/www.youtube.com\/embed\/9PY3sizp_p0\" width=\"713\" height=\"400\" allowfullscreen=\"allowfullscreen\"><\/iframe><\/p>\n<p><span style=\"font-size: 14pt;\"><a href=\"https:\/\/www.labiologie.net\/index.php?page=3\" target=\"_blank\" rel=\"noopener\">R\u00e9visions sur la cellule<\/a><\/span><\/td>\n<\/tr>\n<tr style=\"height: 24px;\">\n<td style=\"height: 24px; width: 30%; text-align: center; vertical-align: top;\"><\/td>\n<td style=\"width: 50%; height: 24px; vertical-align: top;\"><\/td>\n<\/tr>\n<tr style=\"height: 260px;\">\n<td style=\"width: 30%; text-align: center; vertical-align: middle; background-color: #bcd2d4; height: 100px;\"><img decoding=\"async\" class=\"aligncenter wp-image-2824\" src=\"https:\/\/www.lyceejeanbart.fr\/wp-content\/uploads\/2021\/03\/atouts-3.jpg\" alt=\"\" width=\"250\" height=\"125\" srcset=\"https:\/\/www.lyceejeanbart.fr\/wp-content\/uploads\/2021\/03\/atouts-3.jpg 591w, https:\/\/www.lyceejeanbart.fr\/wp-content\/uploads\/2021\/03\/atouts-3-300x150.jpg 300w\" sizes=\"(max-width: 250px) 100vw, 250px\" \/><\/td>\n<td style=\"width: 50%; background-color: #bcd2d4; height: 100%; vertical-align: middle;\">\n<ul>\n<li style=\"text-align: left;\"><em>Le lyc\u00e9e poss\u00e8de des salles de SVT organis\u00e9es pour la r\u00e9alisation des TP,<\/em><\/li>\n<li style=\"text-align: left;\"><em>Plusieurs de ces salles sont notamment \u00e9quip\u00e9es de mat\u00e9riel informatique permettant l\u2019utilisation de nouvelles technologies en science, comme la r\u00e9alisation de l\u2019Exp\u00e9rimentation assist\u00e9e par Ordinateur (ExAO),<\/em><\/li>\n<li style=\"text-align: left;\"><em>Le laboratoire de SVT est dot\u00e9 d\u2019un mat\u00e9riel performant comme le mat\u00e9riel d\u2019analyse g\u00e9n\u00e9tique de pointe permettant le s\u00e9quen\u00e7age de l\u2019ADN (technique PCR),<\/em><\/li>\n<li style=\"text-align: left;\"><em>Le laboratoire SVT poss\u00e8de \u00e9galement une collection importante en biologie (squelettes, maquettes\u2026) et en g\u00e9ologie (roches, mod\u00e8les, mat\u00e9riel de terrain comme des stations m\u00e9t\u00e9orologiques).<\/em><\/li>\n<\/ul>\n<\/td>\n<\/tr>\n<\/tbody>\n<\/table>\n","protected":false},"excerpt":{"rendered":"<p>Niveau : Seconde Les Sciences de la Vie et de la Terre (SVT) correspondent \u00e0 une mati\u00e8re scientifique ayant pour objectif d\u2019\u00e9tudier la vie et la plan\u00e8te Terre au c\u0153ur de l\u2019Univers. Au lyc\u00e9e Jean Bart, les \u00e9l\u00e8ves \u00e9tudient les SVT en classe de Seconde puis chaque \u00e9l\u00e8ve peut d\u00e9cider de se sp\u00e9cialiser dans cette [&hellip;]<\/p>\n","protected":false},"author":4,"featured_media":0,"parent":0,"menu_order":0,"comment_status":"closed","ping_status":"closed","template":"","meta":{"ocean_post_layout":"","ocean_both_sidebars_style":"","ocean_both_sidebars_content_width":0,"ocean_both_sidebars_sidebars_width":0,"ocean_sidebar":"0","ocean_second_sidebar":"0","ocean_disable_margins":"enable","ocean_add_body_class":"","ocean_shortcode_before_top_bar":"","ocean_shortcode_after_top_bar":"","ocean_shortcode_before_header":"","ocean_shortcode_after_header":"","ocean_has_shortcode":"","ocean_shortcode_after_title":"","ocean_shortcode_before_footer_widgets":"","ocean_shortcode_after_footer_widgets":"","ocean_shortcode_before_footer_bottom":"","ocean_shortcode_after_footer_bottom":"","ocean_display_top_bar":"default","ocean_display_header":"default","ocean_header_style":"","ocean_center_header_left_menu":"0","ocean_custom_header_template":"0","ocean_custom_logo":0,"ocean_custom_retina_logo":0,"ocean_custom_logo_max_width":0,"ocean_custom_logo_tablet_max_width":0,"ocean_custom_logo_mobile_max_width":0,"ocean_custom_logo_max_height":0,"ocean_custom_logo_tablet_max_height":0,"ocean_custom_logo_mobile_max_height":0,"ocean_header_custom_menu":"0","ocean_menu_typo_font_family":"0","ocean_menu_typo_font_subset":"","ocean_menu_typo_font_size":0,"ocean_menu_typo_font_size_tablet":0,"ocean_menu_typo_font_size_mobile":0,"ocean_menu_typo_font_size_unit":"px","ocean_menu_typo_font_weight":"","ocean_menu_typo_font_weight_tablet":"","ocean_menu_typo_font_weight_mobile":"","ocean_menu_typo_transform":"","ocean_menu_typo_transform_tablet":"","ocean_menu_typo_transform_mobile":"","ocean_menu_typo_line_height":0,"ocean_menu_typo_line_height_tablet":0,"ocean_menu_typo_line_height_mobile":0,"ocean_menu_typo_line_height_unit":"","ocean_menu_typo_spacing":0,"ocean_menu_typo_spacing_tablet":0,"ocean_menu_typo_spacing_mobile":0,"ocean_menu_typo_spacing_unit":"","ocean_menu_link_color":"","ocean_menu_link_color_hover":"","ocean_menu_link_color_active":"","ocean_menu_link_background":"","ocean_menu_link_hover_background":"","ocean_menu_link_active_background":"","ocean_menu_social_links_bg":"","ocean_menu_social_hover_links_bg":"","ocean_menu_social_links_color":"","ocean_menu_social_hover_links_color":"","ocean_disable_title":"default","ocean_disable_heading":"default","ocean_post_title":"","ocean_post_subheading":"","ocean_post_title_style":"","ocean_post_title_background_color":"","ocean_post_title_background":0,"ocean_post_title_bg_image_position":"","ocean_post_title_bg_image_attachment":"","ocean_post_title_bg_image_repeat":"","ocean_post_title_bg_image_size":"","ocean_post_title_height":0,"ocean_post_title_bg_overlay":0.5,"ocean_post_title_bg_overlay_color":"","ocean_disable_breadcrumbs":"default","ocean_breadcrumbs_color":"","ocean_breadcrumbs_separator_color":"","ocean_breadcrumbs_links_color":"","ocean_breadcrumbs_links_hover_color":"","ocean_display_footer_widgets":"default","ocean_display_footer_bottom":"default","ocean_custom_footer_template":"0","footnotes":""},"_links":{"self":[{"href":"https:\/\/www.lyceejeanbart.fr\/index.php\/wp-json\/wp\/v2\/pages\/3282"}],"collection":[{"href":"https:\/\/www.lyceejeanbart.fr\/index.php\/wp-json\/wp\/v2\/pages"}],"about":[{"href":"https:\/\/www.lyceejeanbart.fr\/index.php\/wp-json\/wp\/v2\/types\/page"}],"author":[{"embeddable":true,"href":"https:\/\/www.lyceejeanbart.fr\/index.php\/wp-json\/wp\/v2\/users\/4"}],"replies":[{"embeddable":true,"href":"https:\/\/www.lyceejeanbart.fr\/index.php\/wp-json\/wp\/v2\/comments?post=3282"}],"version-history":[{"count":7,"href":"https:\/\/www.lyceejeanbart.fr\/index.php\/wp-json\/wp\/v2\/pages\/3282\/revisions"}],"predecessor-version":[{"id":3291,"href":"https:\/\/www.lyceejeanbart.fr\/index.php\/wp-json\/wp\/v2\/pages\/3282\/revisions\/3291"}],"wp:attachment":[{"href":"https:\/\/www.lyceejeanbart.fr\/index.php\/wp-json\/wp\/v2\/media?parent=3282"}],"curies":[{"name":"wp","href":"https:\/\/api.w.org\/{rel}","templated":true}]}}