{"id":3302,"date":"2021-04-09T12:08:09","date_gmt":"2021-04-09T10:08:09","guid":{"rendered":"https:\/\/www.lyceejeanbart.fr\/?page_id=3302"},"modified":"2021-10-05T18:14:36","modified_gmt":"2021-10-05T16:14:36","slug":"educonnect","status":"publish","type":"page","link":"https:\/\/www.lyceejeanbart.fr\/index.php\/educonnect\/","title":{"rendered":"EDUCONNECT"},"content":{"rendered":"<p><img decoding=\"async\" class=\" wp-image-3303 alignleft\" src=\"https:\/\/www.lyceejeanbart.fr\/wp-content\/uploads\/2021\/04\/EDUCONNECT.jpg\" alt=\"\" width=\"336\" height=\"138\" srcset=\"https:\/\/www.lyceejeanbart.fr\/wp-content\/uploads\/2021\/04\/EDUCONNECT.jpg 603w, https:\/\/www.lyceejeanbart.fr\/wp-content\/uploads\/2021\/04\/EDUCONNECT-300x123.jpg 300w\" sizes=\"(max-width: 336px) 100vw, 336px\" \/><span style=\"font-size: 14pt;\"><strong>EduConnect<\/strong> est un service d&rsquo;authentification cr\u00e9\u00e9 pour simplifier les d\u00e9marches des usagers de l\u2019\u00c9ducation nationale et l&rsquo;acc\u00e8s aux ressources num\u00e9riques des \u00e9coles et des \u00e9tablissements scolaires pour les repr\u00e9sentants l\u00e9gaux et dans le 2nd degr\u00e9 pour les \u00e9l\u00e8ves. EduConnect remplace les identifiants et mot de passe utilis\u00e9s jusqu\u2019\u00e0 pr\u00e9sent par les \u00e9l\u00e8ves et leurs parents dans le second degr\u00e9.<\/span><\/p>\n<p><span style=\"font-size: 14pt;\">Avec votre identifiant et votre mot de passe distribu\u00e9s par le lyc\u00e9e, vous pouvez acc\u00e9der aux <a href=\"https:\/\/educonnect.education.gouv.fr\/\" target=\"_blank\" rel=\"noopener\">t\u00e9l\u00e9services acad\u00e9miques<\/a> (bourse de lyc\u00e9e, livret scolaire du CP \u00e0 la 3\u00e8me) ou \u00e0 <a href=\"http:\/\/www.enthdf.fr\" target=\"_blank\" rel=\"noopener\">l&rsquo;ENT<\/a> pour avoir acc\u00e8s \u00e0 diff\u00e9rentes applications : PRONOTE, Folios, Universalis, &#8230;<\/span><\/p>\n<p><span style=\"font-size: 14pt;\">En cas de probl\u00e8me, merci de contacter le service scolarit\u00e9 du lyc\u00e9e<\/span><\/p>\n<p>&nbsp;<\/p>\n","protected":false},"excerpt":{"rendered":"<p>EduConnect est un service d&rsquo;authentification cr\u00e9\u00e9 pour simplifier les d\u00e9marches des usagers de l\u2019\u00c9ducation nationale et l&rsquo;acc\u00e8s aux ressources num\u00e9riques des \u00e9coles et des \u00e9tablissements scolaires pour les repr\u00e9sentants l\u00e9gaux et dans le 2nd degr\u00e9 pour les \u00e9l\u00e8ves. EduConnect remplace les identifiants et mot de passe utilis\u00e9s jusqu\u2019\u00e0 pr\u00e9sent par les \u00e9l\u00e8ves et leurs parents [&hellip;]<\/p>\n","protected":false},"author":4,"featured_media":0,"parent":0,"menu_order":0,"comment_status":"closed","ping_status":"closed","template":"","meta":{"ocean_post_layout":"","ocean_both_sidebars_style":"","ocean_both_sidebars_content_width":0,"ocean_both_sidebars_sidebars_width":0,"ocean_sidebar":"0","ocean_second_sidebar":"0","ocean_disable_margins":"enable","ocean_add_body_class":"","ocean_shortcode_before_top_bar":"","ocean_shortcode_after_top_bar":"","ocean_shortcode_before_header":"","ocean_shortcode_after_header":"","ocean_has_shortcode":"","ocean_shortcode_after_title":"","ocean_shortcode_before_footer_widgets":"","ocean_shortcode_after_footer_widgets":"","ocean_shortcode_before_footer_bottom":"","ocean_shortcode_after_footer_bottom":"","ocean_display_top_bar":"default","ocean_display_header":"default","ocean_header_style":"","ocean_center_header_left_menu":"0","ocean_custom_header_template":"0","ocean_custom_logo":0,"ocean_custom_retina_logo":0,"ocean_custom_logo_max_width":0,"ocean_custom_logo_tablet_max_width":0,"ocean_custom_logo_mobile_max_width":0,"ocean_custom_logo_max_height":0,"ocean_custom_logo_tablet_max_height":0,"ocean_custom_logo_mobile_max_height":0,"ocean_header_custom_menu":"0","ocean_menu_typo_font_family":"0","ocean_menu_typo_font_subset":"","ocean_menu_typo_font_size":0,"ocean_menu_typo_font_size_tablet":0,"ocean_menu_typo_font_size_mobile":0,"ocean_menu_typo_font_size_unit":"px","ocean_menu_typo_font_weight":"","ocean_menu_typo_font_weight_tablet":"","ocean_menu_typo_font_weight_mobile":"","ocean_menu_typo_transform":"","ocean_menu_typo_transform_tablet":"","ocean_menu_typo_transform_mobile":"","ocean_menu_typo_line_height":0,"ocean_menu_typo_line_height_tablet":0,"ocean_menu_typo_line_height_mobile":0,"ocean_menu_typo_line_height_unit":"","ocean_menu_typo_spacing":0,"ocean_menu_typo_spacing_tablet":0,"ocean_menu_typo_spacing_mobile":0,"ocean_menu_typo_spacing_unit":"","ocean_menu_link_color":"","ocean_menu_link_color_hover":"","ocean_menu_link_color_active":"","ocean_menu_link_background":"","ocean_menu_link_hover_background":"","ocean_menu_link_active_background":"","ocean_menu_social_links_bg":"","ocean_menu_social_hover_links_bg":"","ocean_menu_social_links_color":"","ocean_menu_social_hover_links_color":"","ocean_disable_title":"default","ocean_disable_heading":"default","ocean_post_title":"","ocean_post_subheading":"","ocean_post_title_style":"","ocean_post_title_background_color":"","ocean_post_title_background":0,"ocean_post_title_bg_image_position":"","ocean_post_title_bg_image_attachment":"","ocean_post_title_bg_image_repeat":"","ocean_post_title_bg_image_size":"","ocean_post_title_height":0,"ocean_post_title_bg_overlay":0.5,"ocean_post_title_bg_overlay_color":"","ocean_disable_breadcrumbs":"default","ocean_breadcrumbs_color":"","ocean_breadcrumbs_separator_color":"","ocean_breadcrumbs_links_color":"","ocean_breadcrumbs_links_hover_color":"","ocean_display_footer_widgets":"default","ocean_display_footer_bottom":"default","ocean_custom_footer_template":"0","footnotes":""},"_links":{"self":[{"href":"https:\/\/www.lyceejeanbart.fr\/index.php\/wp-json\/wp\/v2\/pages\/3302"}],"collection":[{"href":"https:\/\/www.lyceejeanbart.fr\/index.php\/wp-json\/wp\/v2\/pages"}],"about":[{"href":"https:\/\/www.lyceejeanbart.fr\/index.php\/wp-json\/wp\/v2\/types\/page"}],"author":[{"embeddable":true,"href":"https:\/\/www.lyceejeanbart.fr\/index.php\/wp-json\/wp\/v2\/users\/4"}],"replies":[{"embeddable":true,"href":"https:\/\/www.lyceejeanbart.fr\/index.php\/wp-json\/wp\/v2\/comments?post=3302"}],"version-history":[{"count":10,"href":"https:\/\/www.lyceejeanbart.fr\/index.php\/wp-json\/wp\/v2\/pages\/3302\/revisions"}],"predecessor-version":[{"id":3857,"href":"https:\/\/www.lyceejeanbart.fr\/index.php\/wp-json\/wp\/v2\/pages\/3302\/revisions\/3857"}],"wp:attachment":[{"href":"https:\/\/www.lyceejeanbart.fr\/index.php\/wp-json\/wp\/v2\/media?parent=3302"}],"curies":[{"name":"wp","href":"https:\/\/api.w.org\/{rel}","templated":true}]}}