{"id":3315,"date":"2021-04-09T12:29:34","date_gmt":"2021-04-09T10:29:34","guid":{"rendered":"https:\/\/www.lyceejeanbart.fr\/?page_id=3315"},"modified":"2021-10-05T18:46:31","modified_gmt":"2021-10-05T16:46:31","slug":"pronote-2","status":"publish","type":"page","link":"https:\/\/www.lyceejeanbart.fr\/index.php\/pronote-2\/","title":{"rendered":"PRONOTE"},"content":{"rendered":"<h1>Parents et \u00e9l\u00e8ves<\/h1>\n<p><span style=\"font-size: 14pt;\">Vous pouvez acc\u00e9der au logiciel PRONOTE apr\u00e8s connexion \u00e0 l&rsquo;<a href=\"http:\/\/www.enthdf.fr\" target=\"_blank\" rel=\"noopener\">ENT<\/a> (avec vos identifiants EDUCONNECT)<\/span><\/p>\n<p style=\"padding-left: 80px;\"><em>En cas de besoin, une <a href=\"https:\/\/youtu.be\/WZtb7XlrxXw\" target=\"_blank\" rel=\"noopener\">vid\u00e9o<\/a> peut vous aider &#8230;<\/em><\/p>\n<p>&nbsp;<\/p>\n<h1>Enseignants<\/h1>\n<p><span style=\"font-size: 14pt;\">Vous pouvez vous connecter au logiciel PRONOTE :<\/span><\/p>\n<ul>\n<li><span style=\"font-size: 14pt;\">soit par acc\u00e8s direct : <a href=\"https:\/\/0590071g.index-education.net\/pronote\/professeur.html?login=true\" target=\"_blank\" rel=\"noopener\">PRONOTE enseignant<\/a><\/span><\/li>\n<li><span style=\"font-size: 14pt;\">soit par acc\u00e8s \u00e0 l&rsquo;Environnement Num\u00e9rique de Travail : <a href=\"http:\/\/www.enthdf.fr\" target=\"_blank\" rel=\"noopener\">ENT<\/a><\/span><\/li>\n<\/ul>\n<p style=\"padding-left: 200px;\"><span style=\"font-size: 14pt;\">\u00a0<\/span><\/p>\n<p>&nbsp;<\/p>\n<p>&nbsp;<\/p>\n<p style=\"padding-left: 200px;\">\n","protected":false},"excerpt":{"rendered":"<p>Parents et \u00e9l\u00e8ves Vous pouvez acc\u00e9der au logiciel PRONOTE apr\u00e8s connexion \u00e0 l&rsquo;ENT (avec vos identifiants EDUCONNECT) En cas de besoin, une vid\u00e9o peut vous aider &#8230; &nbsp; Enseignants Vous pouvez vous connecter au logiciel PRONOTE : soit par acc\u00e8s direct : PRONOTE enseignant soit par acc\u00e8s \u00e0 l&rsquo;Environnement Num\u00e9rique de Travail : ENT \u00a0 [&hellip;]<\/p>\n","protected":false},"author":4,"featured_media":0,"parent":0,"menu_order":0,"comment_status":"closed","ping_status":"closed","template":"","meta":{"ocean_post_layout":"","ocean_both_sidebars_style":"","ocean_both_sidebars_content_width":0,"ocean_both_sidebars_sidebars_width":0,"ocean_sidebar":"0","ocean_second_sidebar":"0","ocean_disable_margins":"enable","ocean_add_body_class":"","ocean_shortcode_before_top_bar":"","ocean_shortcode_after_top_bar":"","ocean_shortcode_before_header":"","ocean_shortcode_after_header":"","ocean_has_shortcode":"","ocean_shortcode_after_title":"","ocean_shortcode_before_footer_widgets":"","ocean_shortcode_after_footer_widgets":"","ocean_shortcode_before_footer_bottom":"","ocean_shortcode_after_footer_bottom":"","ocean_display_top_bar":"default","ocean_display_header":"default","ocean_header_style":"","ocean_center_header_left_menu":"0","ocean_custom_header_template":"0","ocean_custom_logo":0,"ocean_custom_retina_logo":0,"ocean_custom_logo_max_width":0,"ocean_custom_logo_tablet_max_width":0,"ocean_custom_logo_mobile_max_width":0,"ocean_custom_logo_max_height":0,"ocean_custom_logo_tablet_max_height":0,"ocean_custom_logo_mobile_max_height":0,"ocean_header_custom_menu":"0","ocean_menu_typo_font_family":"0","ocean_menu_typo_font_subset":"","ocean_menu_typo_font_size":0,"ocean_menu_typo_font_size_tablet":0,"ocean_menu_typo_font_size_mobile":0,"ocean_menu_typo_font_size_unit":"px","ocean_menu_typo_font_weight":"","ocean_menu_typo_font_weight_tablet":"","ocean_menu_typo_font_weight_mobile":"","ocean_menu_typo_transform":"","ocean_menu_typo_transform_tablet":"","ocean_menu_typo_transform_mobile":"","ocean_menu_typo_line_height":0,"ocean_menu_typo_line_height_tablet":0,"ocean_menu_typo_line_height_mobile":0,"ocean_menu_typo_line_height_unit":"","ocean_menu_typo_spacing":0,"ocean_menu_typo_spacing_tablet":0,"ocean_menu_typo_spacing_mobile":0,"ocean_menu_typo_spacing_unit":"","ocean_menu_link_color":"","ocean_menu_link_color_hover":"","ocean_menu_link_color_active":"","ocean_menu_link_background":"","ocean_menu_link_hover_background":"","ocean_menu_link_active_background":"","ocean_menu_social_links_bg":"","ocean_menu_social_hover_links_bg":"","ocean_menu_social_links_color":"","ocean_menu_social_hover_links_color":"","ocean_disable_title":"default","ocean_disable_heading":"default","ocean_post_title":"","ocean_post_subheading":"","ocean_post_title_style":"","ocean_post_title_background_color":"","ocean_post_title_background":0,"ocean_post_title_bg_image_position":"","ocean_post_title_bg_image_attachment":"","ocean_post_title_bg_image_repeat":"","ocean_post_title_bg_image_size":"","ocean_post_title_height":0,"ocean_post_title_bg_overlay":0.5,"ocean_post_title_bg_overlay_color":"","ocean_disable_breadcrumbs":"default","ocean_breadcrumbs_color":"","ocean_breadcrumbs_separator_color":"","ocean_breadcrumbs_links_color":"","ocean_breadcrumbs_links_hover_color":"","ocean_display_footer_widgets":"default","ocean_display_footer_bottom":"default","ocean_custom_footer_template":"0","footnotes":""},"_links":{"self":[{"href":"https:\/\/www.lyceejeanbart.fr\/index.php\/wp-json\/wp\/v2\/pages\/3315"}],"collection":[{"href":"https:\/\/www.lyceejeanbart.fr\/index.php\/wp-json\/wp\/v2\/pages"}],"about":[{"href":"https:\/\/www.lyceejeanbart.fr\/index.php\/wp-json\/wp\/v2\/types\/page"}],"author":[{"embeddable":true,"href":"https:\/\/www.lyceejeanbart.fr\/index.php\/wp-json\/wp\/v2\/users\/4"}],"replies":[{"embeddable":true,"href":"https:\/\/www.lyceejeanbart.fr\/index.php\/wp-json\/wp\/v2\/comments?post=3315"}],"version-history":[{"count":29,"href":"https:\/\/www.lyceejeanbart.fr\/index.php\/wp-json\/wp\/v2\/pages\/3315\/revisions"}],"predecessor-version":[{"id":3879,"href":"https:\/\/www.lyceejeanbart.fr\/index.php\/wp-json\/wp\/v2\/pages\/3315\/revisions\/3879"}],"wp:attachment":[{"href":"https:\/\/www.lyceejeanbart.fr\/index.php\/wp-json\/wp\/v2\/media?parent=3315"}],"curies":[{"name":"wp","href":"https:\/\/api.w.org\/{rel}","templated":true}]}}