{"id":5359,"date":"2022-09-16T16:03:34","date_gmt":"2022-09-16T14:03:34","guid":{"rendered":"https:\/\/www.lyceejeanbart.fr\/?page_id=5359"},"modified":"2025-07-04T09:03:46","modified_gmt":"2025-07-04T07:03:46","slug":"bourse","status":"publish","type":"page","link":"https:\/\/www.lyceejeanbart.fr\/index.php\/bourse\/","title":{"rendered":"Bourse"},"content":{"rendered":"<p style=\"text-align: center;\"><span style=\"font-size: 36pt; color: #0000ff;\"><strong><mark>BOURSE NATIONALE DE LYC\u00c9E<\/mark><\/strong><\/span><\/p>\n<p>&nbsp;<\/p>\n<ul>\n<li style=\"list-style-type: none;\">\n<ul>\n<li style=\"list-style-type: none;\">\n<ul>\n<li style=\"list-style-type: none;\">\n<ul>\n<li style=\"text-align: left;\"><span style=\"color: #000080; font-size: 24pt;\"><strong>Consentir \u00e0 l\u2019\u00e9tude automatique de son droit \u00e0 la bourse<\/strong><\/span><\/li>\n<\/ul>\n<\/li>\n<\/ul>\n<\/li>\n<\/ul>\n<\/li>\n<\/ul>\n<p>Vous pouvez consentir \u00e0 l\u2019\u00e9tude automatique de votre droit \u00e0 la bourse lors de l\u2019inscription ou de la r\u00e9inscription de votre enfant au lyc\u00e9e pour l\u2019ann\u00e9e scolaire 2025-2026.<\/p>\n<p>En tant que parent d\u2019\u00e9l\u00e8ves, vous pourrez ainsi\u00a0:<\/p>\n<ul>\n<li>Consentir \u00e0 l\u2019\u00e9tude automatique de votre droit \u00e0 la bourse, pendant la p\u00e9riode d\u2019inscription ou de \u00ab\u00a0r\u00e9inscription\u00a0\u00bb (juin \u2013 d\u00e9but juillet)\u00a0;<\/li>\n<li>Compl\u00e9ter vos donn\u00e9es d\u2019\u00e9tat-civil \u00e9largi (nom et pr\u00e9noms, date et lieu de naissance, ainsi que celles de votre concubin \u00e9ventuel) afin de permettre la r\u00e9cup\u00e9ration des donn\u00e9es fiscales n\u00e9cessaire \u00e0 l\u2019examen de la demande de bourse ;<\/li>\n<li>\u00catre dispens\u00e9 de d\u00e9poser une demande de bourse pendant la campagne de bourse \u00e0 la rentr\u00e9e scolaire 2025, et les rentr\u00e9es scolaires suivantes gr\u00e2ce \u00e0 la conservation de votre consentement.<\/li>\n<\/ul>\n<p>&nbsp;<\/p>\n<p>L\u2019\u00e9tude automatique du droit \u00e0 la bourse est effective pour les \u00e9tablissements publics relevant du minist\u00e8re charg\u00e9 de l\u2019\u00e9ducation nationale, coll\u00e8ges et lyc\u00e9es. Ne sont pas concern\u00e9s les \u00e9tudiants de l\u2019enseignement sup\u00e9rieur scolaris\u00e9s en lyc\u00e9e.<\/p>\n<p><strong>\u00a0<\/strong><\/p>\n<p><strong>Si vous avez donn\u00e9 votre consentement \u00e0 la rentr\u00e9e scolaire 2024, vous n\u2019avez aucune d\u00e9marche \u00e0 faire\u00a0: votre consentement est conserv\u00e9 \u00e0 la rentr\u00e9e scolaire 2025 pour que votre droit \u00e0 la bourse soit \u00e9tudi\u00e9 automatiquement.<\/strong><\/p>\n<p>Si vous n\u2019avez pas consenti \u00e0 ce dispositif, les demandes de bourse de lyc\u00e9e se font du <mark>1er septembre au 16 octobre 2025<\/mark>, via le <mark>service en ligne Bourses ou le formulaire papier de demande de bourse<\/mark>.<\/p>\n<p><strong>\u00a0<\/strong><\/p>\n<p><strong>\u00a0<\/strong><\/p>\n<ul>\n<li style=\"list-style-type: none;\">\n<ul>\n<li style=\"list-style-type: none;\">\n<ul>\n<li style=\"list-style-type: none;\">\n<ul style=\"list-style-type: disc;\">\n<li><span style=\"font-size: 24pt; color: #000080;\"><strong>Demande de bourse en ligne<\/strong><\/span><\/li>\n<\/ul>\n<\/li>\n<\/ul>\n<\/li>\n<\/ul>\n<\/li>\n<\/ul>\n<p><strong>\u00a0<\/strong><\/p>\n<p>Pour faire une demande en ligne, les parents ou responsables d\u2019\u00e9l\u00e8ves doivent se connecter au\u00a0<a href=\"https:\/\/teleservices.education.gouv.fr\/\">portail Scolarit\u00e9\u2013Services<\/a>.<\/p>\n<p>En tant que parent d\u2019\u00e9l\u00e8ves vous pourrez ainsi :<\/p>\n<ul>\n<li>Faire une demande pour chacun de vos enfants scolaris\u00e9s en coll\u00e8ge public, en lyc\u00e9e public ou en EREA\u00a0;<\/li>\n<li>R\u00e9cup\u00e9rer directement vos donn\u00e9es fiscales n\u00e9cessaires \u00e0 l\u2019instruction de la demande sans joindre de pi\u00e8ces justificatives\u00a0;<\/li>\n<li>Imprimer ou t\u00e9l\u00e9charger un accus\u00e9 de r\u00e9ception ;<\/li>\n<li>Obtenir une estimation de votre droit \u00e0 la bourse \u00e0 la fin de la saisie.<\/li>\n<\/ul>\n<p>Deux possibilit\u00e9s s&rsquo;offrent \u00e0 vous pour acc\u00e9der \u00e0\u00a0<a href=\"https:\/\/teleservices.education.gouv.fr\/\"><strong>Scolarit\u00e9-Services<\/strong><\/a>\u00a0:<\/p>\n<ul>\n<li>se connecter avec votre compte\u00a0<a href=\"https:\/\/www.education.gouv.fr\/educonnect-un-compte-unique-pour-suivre-et-accompagner-la-scolarite-de-mon-enfant-7361\">EduConnect<\/a>\u00a0;<\/li>\n<li>se connecter avec\u00a0FranceConnect\u00a0: le bouton qui permet d\u2019acc\u00e9der aux services en ligne de l&rsquo;\u00c9ducation nationale et d&rsquo;autres services publics en utilisant votre compte Impots.gouv.fr, ou votre compte de l\u2019Assurance maladie ou l\u2019identit\u00e9 num\u00e9rique, ou Mobile\u00a0Connect\u00a0et moi, ou msa.fr.<\/li>\n<\/ul>\n<p><strong>Des questions sur votre connexion ou les demandes de bourse de lyc\u00e9e ?<\/strong><\/p>\n<p>Une plateforme d&rsquo;assistance nationale\u00a0est mise \u00e0 votre disposition.<\/p>\n<p><strong>par t\u00e9l\u00e9phone :\u00a00 809 54 06 06\u00a0(prix d&rsquo;un appel local)<\/strong><br \/>\ndu lundi au vendredi de 8h \u00e0 20h<\/p>\n<p><strong>en ligne :\u00a0<\/strong><a href=\"https:\/\/assistanceteleservices.education.gouv.fr\/\">assistanceteleservices.education.gouv.fr<\/a><\/p>\n<p><strong>\u00a0<\/strong><\/p>\n<p><strong>\u00a0<\/strong><\/p>\n<ul>\n<li style=\"list-style-type: none;\">\n<ul>\n<li style=\"list-style-type: none;\">\n<ul>\n<li style=\"list-style-type: none;\">\n<ul>\n<li><span style=\"font-size: 24pt; color: #000080;\"><strong>\u00a0<\/strong><strong>Formulaire de demande de bourse<\/strong><\/span><\/li>\n<\/ul>\n<\/li>\n<\/ul>\n<\/li>\n<\/ul>\n<\/li>\n<\/ul>\n<p>&nbsp;<\/p>\n<p style=\"padding-left: 400px;\"><a href=\"https:\/\/www.lyceejeanbart.fr\/wp-content\/uploads\/2025\/07\/bourse-lycee-3.pdf\"><strong><mark><span style=\"font-size: 14pt;\">Lien formulaire<\/span><\/mark><\/strong><\/a><\/p>\n<p><strong>Une fois rempli, o\u00f9 d\u00e9poser le formulaire de demande de bourse ?<\/strong><\/p>\n<p>Le demandeur de la bourse doit envoyer le formulaire accompagn\u00e9 des pi\u00e8ces justificatives n\u00e9cessaires \u00e0 l\u2019adresse mail suivante\u00a0: <a href=\"mailto:secretariat.intendance.0590071g-3@ac-lille.fr\"><strong>secretariat.intendance.0590071g-3@ac-lille.fr<\/strong><\/a>, ou d\u00e9poser le dossier \u00e0 l\u2019intendance du lyc\u00e9e.<\/p>\n<p><strong>Montant et attribution des bourses <\/strong><\/p>\n<p>Les bourses sont attribu\u00e9es pour une ann\u00e9e scolaire. Elles se d\u00e9clinent en 6 \u00e9chelons, en fonction des ressources de la ou des personnes assumant la charge de l&rsquo;\u00e9l\u00e8ve et du nombre d\u2019enfants \u00e0 charge.<\/p>\n<p>Le montant de bourse est vers\u00e9 en trois fois (\u00e0 chaque trimestre).<\/p>\n<p style=\"padding-left: 400px;\"><a href=\"https:\/\/www.lyceejeanbart.fr\/wp-content\/uploads\/2025\/06\/Bareme-des-bourses-nationale-de-lycee-Annee-Scolaire-2025-2026-bar-me-de-la-bourse-de-lyc-e-pour-l-ann-e-2025-2026-226470-1.pdf\"><span style=\"font-size: 14pt;\"><mark>LIEN BAR\u00c8ME<\/mark><\/span><\/a><\/p>\n<p>Les ressources et le nombre d&rsquo;enfants \u00e0 charge sont justifi\u00e9s par l&rsquo;avis d&rsquo;imp\u00f4t sur le revenu. Pour l\u2019ann\u00e9e scolaire 2025-2026, c\u2019est le revenu fiscal de r\u00e9f\u00e9rence de\u00a0<strong>l&rsquo;avis d&rsquo;imposition 2025 sur les revenus de l\u2019ann\u00e9e 2024 qui est retenu<\/strong>.<\/p>\n<p><strong>\u00a0<\/strong><\/p>\n<p><strong><mark>N\u2019oubliez pas de faire votre d\u00e9claration de revenus ! Elle est n\u00e9cessaire pour le calcul de vos droits <\/mark>!<\/strong><\/p>\n<p>&nbsp;<\/p>\n<p><strong>Prime \u00e0 l&rsquo;internat <\/strong><\/p>\n<p>Cette prime est destin\u00e9e \u00e0 tous les \u00e9l\u00e8ves boursiers scolaris\u00e9s en internat.<\/p>\n<p>La prime \u00e0 l&rsquo;internat\u00a0est modul\u00e9e selon l&rsquo;\u00e9chelon de bourse d\u00e9tenu par\u00a0l&rsquo;\u00e9l\u00e8ve boursier. Elle est vers\u00e9e en trois fois en m\u00eame temps que la bourse, par d\u00e9duction sur la facture des frais de pension.<\/p>\n<p>Les familles n&rsquo;ont pas de dossier sp\u00e9cifique \u00e0 remplir,\u00a0cette prime \u00e9tant attribu\u00e9e automatiquement aux \u00e9l\u00e8ves boursiers internes. Elle est soumise aux m\u00eames r\u00e8gles de gestion que les bourses.<\/p>\n<p>Pour les <strong>\u00e9l\u00e8ves boursiers internes<\/strong>, le montant annuel de la prime varie de<strong> 327\u00a0\u20ac <\/strong>(1<sup>er<\/sup> \u00e9chelon) jusqu\u2019\u00e0 <strong>672\u00a0\u20ac <\/strong>(6<sup>e<\/sup> \u00e9chelon).<\/p>\n<p><strong>\u00a0<\/strong><\/p>\n<p><strong>La bourse pour les 16-18 ans qui reprennent leurs \u00e9tudes<\/strong><\/p>\n<p>Les jeunes de 16 \u00e0 18 ans qui ont abandonn\u00e9 leur formation et reprennent des \u00e9tudes \u00e0 finalit\u00e9 professionnelle peuvent b\u00e9n\u00e9ficier d&rsquo;une prime de reprise d&rsquo;\u00e9tudes, compl\u00e9ment de la bourse de lyc\u00e9e.<\/p>\n<p>Cette prime peut \u00eatre attribu\u00e9e aux jeunes qui\u00a0:<\/p>\n<ul>\n<li>reprennent leurs \u00e9tudes apr\u00e8s une interruption de scolarit\u00e9 d&rsquo;au moins cinq mois\u00a0;<\/li>\n<li>ont droit \u00e0 une bourse nationale de lyc\u00e9e au moment de leur reprise d&rsquo;\u00e9tudes.<\/li>\n<\/ul>\n<p>Cette prime, d&rsquo;un montant de 600 euros, s&rsquo;ajoute \u00e0 la bourse de lyc\u00e9e. Au total, le montant annuel vers\u00e9 est au moins de 1000 euros par an.<\/p>\n<p>Elle est vers\u00e9e en trois fois, en m\u00eame temps que la bourse.<\/p>\n<p><strong>Une d\u00e9marche en trois temps :<\/strong><\/p>\n<ol>\n<li>S&rsquo;inscrire dans un lyc\u00e9e pour reprendre une formation ;<\/li>\n<li>Se renseigner sur le droit \u00e0 la bourse aupr\u00e8s de l\u2019intendance ;<\/li>\n<li>Faire sa demande de bourse<\/li>\n<\/ol>\n<p><strong>La bourse au m\u00e9rite <\/strong><\/p>\n<p>C&rsquo;est un dispositif destin\u00e9 \u00e0 compl\u00e9ter l&rsquo;attribution d&rsquo;une bourse de lyc\u00e9e. Les \u00e9l\u00e8ves boursiers ayant obtenu une mention Bien ou Tr\u00e8s bien au dipl\u00f4me national du brevet se voient attribuer automatiquement la bourse au m\u00e9rite.<\/p>\n<p>Ce compl\u00e9ment est attribu\u00e9 aux \u00e9l\u00e8ves boursiers de lyc\u00e9e scolaris\u00e9s dans un cycle d\u2019enseignement conduisant au baccalaur\u00e9at ou au certificat d\u2019aptitudes professionnelles (CAP) afin de les aider dans la poursuite de leurs \u00e9tudes.<\/p>\n<p>Le montant annuel de la bourse au m\u00e9rite, compl\u00e9ment de la bourse de lyc\u00e9e, varie en fonction de l\u2019\u00e9chelon de la bourse, de\u00a0<strong>402\u00a0\u20ac<\/strong>\u00a0(1<sup>er<\/sup> \u00e9chelon) \u00e0\u00a0<strong>1 002\u00a0\u20ac<\/strong>\u00a0(6<sup>e<\/sup> \u00e9chelon). La bourse au m\u00e9rite est vers\u00e9e en trois fois en m\u00eame temps que la bourse de lyc\u00e9e.<\/p>\n<p>&nbsp;<\/p>\n<p>&nbsp;<\/p>\n<p>&nbsp;<\/p>\n","protected":false},"excerpt":{"rendered":"<p>BOURSE NATIONALE DE LYC\u00c9E &nbsp; Consentir \u00e0 l\u2019\u00e9tude automatique de son droit \u00e0 la bourse Vous pouvez consentir \u00e0 l\u2019\u00e9tude automatique de votre droit \u00e0 la bourse lors de l\u2019inscription ou de la r\u00e9inscription de votre enfant au lyc\u00e9e pour l\u2019ann\u00e9e scolaire 2025-2026. En tant que parent d\u2019\u00e9l\u00e8ves, vous pourrez ainsi\u00a0: Consentir \u00e0 l\u2019\u00e9tude automatique [&hellip;]<\/p>\n","protected":false},"author":11,"featured_media":0,"parent":0,"menu_order":0,"comment_status":"closed","ping_status":"closed","template":"","meta":{"ocean_post_layout":"","ocean_both_sidebars_style":"","ocean_both_sidebars_content_width":0,"ocean_both_sidebars_sidebars_width":0,"ocean_sidebar":"0","ocean_second_sidebar":"0","ocean_disable_margins":"enable","ocean_add_body_class":"","ocean_shortcode_before_top_bar":"","ocean_shortcode_after_top_bar":"","ocean_shortcode_before_header":"","ocean_shortcode_after_header":"","ocean_has_shortcode":"","ocean_shortcode_after_title":"","ocean_shortcode_before_footer_widgets":"","ocean_shortcode_after_footer_widgets":"","ocean_shortcode_before_footer_bottom":"","ocean_shortcode_after_footer_bottom":"","ocean_display_top_bar":"default","ocean_display_header":"default","ocean_header_style":"","ocean_center_header_left_menu":"0","ocean_custom_header_template":"0","ocean_custom_logo":0,"ocean_custom_retina_logo":0,"ocean_custom_logo_max_width":0,"ocean_custom_logo_tablet_max_width":0,"ocean_custom_logo_mobile_max_width":0,"ocean_custom_logo_max_height":0,"ocean_custom_logo_tablet_max_height":0,"ocean_custom_logo_mobile_max_height":0,"ocean_header_custom_menu":"0","ocean_menu_typo_font_family":"0","ocean_menu_typo_font_subset":"","ocean_menu_typo_font_size":0,"ocean_menu_typo_font_size_tablet":0,"ocean_menu_typo_font_size_mobile":0,"ocean_menu_typo_font_size_unit":"px","ocean_menu_typo_font_weight":"","ocean_menu_typo_font_weight_tablet":"","ocean_menu_typo_font_weight_mobile":"","ocean_menu_typo_transform":"","ocean_menu_typo_transform_tablet":"","ocean_menu_typo_transform_mobile":"","ocean_menu_typo_line_height":0,"ocean_menu_typo_line_height_tablet":0,"ocean_menu_typo_line_height_mobile":0,"ocean_menu_typo_line_height_unit":"","ocean_menu_typo_spacing":0,"ocean_menu_typo_spacing_tablet":0,"ocean_menu_typo_spacing_mobile":0,"ocean_menu_typo_spacing_unit":"","ocean_menu_link_color":"","ocean_menu_link_color_hover":"","ocean_menu_link_color_active":"","ocean_menu_link_background":"","ocean_menu_link_hover_background":"","ocean_menu_link_active_background":"","ocean_menu_social_links_bg":"","ocean_menu_social_hover_links_bg":"","ocean_menu_social_links_color":"","ocean_menu_social_hover_links_color":"","ocean_disable_title":"default","ocean_disable_heading":"default","ocean_post_title":"","ocean_post_subheading":"","ocean_post_title_style":"","ocean_post_title_background_color":"","ocean_post_title_background":0,"ocean_post_title_bg_image_position":"","ocean_post_title_bg_image_attachment":"","ocean_post_title_bg_image_repeat":"","ocean_post_title_bg_image_size":"","ocean_post_title_height":0,"ocean_post_title_bg_overlay":0.5,"ocean_post_title_bg_overlay_color":"","ocean_disable_breadcrumbs":"default","ocean_breadcrumbs_color":"","ocean_breadcrumbs_separator_color":"","ocean_breadcrumbs_links_color":"","ocean_breadcrumbs_links_hover_color":"","ocean_display_footer_widgets":"default","ocean_display_footer_bottom":"default","ocean_custom_footer_template":"0","footnotes":""},"_links":{"self":[{"href":"https:\/\/www.lyceejeanbart.fr\/index.php\/wp-json\/wp\/v2\/pages\/5359"}],"collection":[{"href":"https:\/\/www.lyceejeanbart.fr\/index.php\/wp-json\/wp\/v2\/pages"}],"about":[{"href":"https:\/\/www.lyceejeanbart.fr\/index.php\/wp-json\/wp\/v2\/types\/page"}],"author":[{"embeddable":true,"href":"https:\/\/www.lyceejeanbart.fr\/index.php\/wp-json\/wp\/v2\/users\/11"}],"replies":[{"embeddable":true,"href":"https:\/\/www.lyceejeanbart.fr\/index.php\/wp-json\/wp\/v2\/comments?post=5359"}],"version-history":[{"count":16,"href":"https:\/\/www.lyceejeanbart.fr\/index.php\/wp-json\/wp\/v2\/pages\/5359\/revisions"}],"predecessor-version":[{"id":8068,"href":"https:\/\/www.lyceejeanbart.fr\/index.php\/wp-json\/wp\/v2\/pages\/5359\/revisions\/8068"}],"wp:attachment":[{"href":"https:\/\/www.lyceejeanbart.fr\/index.php\/wp-json\/wp\/v2\/media?parent=5359"}],"curies":[{"name":"wp","href":"https:\/\/api.w.org\/{rel}","templated":true}]}}