{"id":552,"date":"2020-10-05T14:45:00","date_gmt":"2020-10-05T12:45:00","guid":{"rendered":"http:\/\/lyceejeanbart.fr\/?page_id=552"},"modified":"2026-01-20T16:57:19","modified_gmt":"2026-01-20T15:57:19","slug":"organigramme","status":"publish","type":"page","link":"https:\/\/www.lyceejeanbart.fr\/index.php\/organigramme\/","title":{"rendered":"Organigramme"},"content":{"rendered":"<table style=\"height: 484px; width: 100%; border-collapse: collapse;\">\n<tbody>\n<tr style=\"height: 40px;\">\n<td style=\"height: 28px; width: 25%;\"><\/td>\n<td style=\"text-align: center; vertical-align: middle; height: 28px; background-color: #abb8d9; width: 25%;\"><strong><span style=\"font-size: 14pt;\">M. Valmalle<\/span><\/strong><\/td>\n<td style=\"text-align: center; vertical-align: middle; height: 28px; background-color: #abb8d9; width: 25%;\"><strong><em><span style=\"font-size: 14pt;\">Proviseur<\/span><\/em><\/strong><\/td>\n<td style=\"height: 28px; width: 25%;\"><\/td>\n<\/tr>\n<tr style=\"height: 40px;\">\n<td style=\"height: 24px; width: 25%;\"><\/td>\n<td style=\"text-align: center; vertical-align: middle; height: 24px; background-color: #d2ddf7; width: 25%;\"><strong><span style=\"font-size: 14pt;\">Mme Vitse<\/span><\/strong><\/td>\n<td style=\"text-align: center; vertical-align: middle; height: 24px; background-color: #d2ddf7; width: 25%;\"><strong><em><span style=\"font-size: 14pt;\">Proviseure adjointe<\/span><\/em><\/strong><\/td>\n<td style=\"height: 24px; width: 25%;\"><\/td>\n<\/tr>\n<tr style=\"height: 40px;\">\n<td style=\"height: 24px; width: 25%;\"><\/td>\n<td style=\"text-align: center; vertical-align: middle; height: 24px; background-color: #abb8d9; width: 25%;\"><strong><span style=\"font-size: 14pt;\">Mme Vandamme<\/span><\/strong><\/td>\n<td style=\"text-align: center; vertical-align: middle; height: 24px; background-color: #abb8d9; width: 25%;\"><strong><em><span style=\"font-size: 14pt;\">Proviseure adjointe<\/span><\/em><\/strong><\/td>\n<td style=\"height: 24px; width: 25%;\"><\/td>\n<\/tr>\n<tr style=\"height: 40px;\">\n<td style=\"height: 24px; width: 25%;\"><\/td>\n<td style=\"text-align: center; vertical-align: middle; height: 24px; background-color: #d2ddf7; width: 25%;\"><strong><span style=\"font-size: 14pt;\">M. Denimal<\/span><\/strong><\/td>\n<td style=\"text-align: center; vertical-align: middle; height: 24px; background-color: #d2ddf7; width: 25%;\"><strong><em><span style=\"font-size: 14pt;\">Adjoint gestionnaire<\/span><\/em><\/strong><\/td>\n<td style=\"height: 24px; width: 25%;\"><\/td>\n<\/tr>\n<tr style=\"height: 50px;\">\n<td style=\"height: 24px; width: 25%;\"><\/td>\n<td style=\"vertical-align: middle; height: 24px; width: 25%;\"><\/td>\n<td style=\"vertical-align: middle; height: 24px; width: 25%;\"><\/td>\n<td style=\"height: 24px; width: 25%;\"><\/td>\n<\/tr>\n<tr style=\"height: 50px;\">\n<td style=\"width: 25%;\"><\/td>\n<td style=\"text-align: center; vertical-align: middle; height: 24px; background-color: #d2ddf7; width: 25%;\"><\/td>\n<td style=\"text-align: center; vertical-align: middle; height: 24px; background-color: #d2ddf7; width: 25%;\"><strong><em><span style=\"font-size: 14pt;\">Fond\u00e9 de pouvoir<\/span><\/em><\/strong><\/td>\n<td style=\"width: 25%;\"><\/td>\n<\/tr>\n<tr style=\"height: 50px;\">\n<td style=\"width: 25%;\"><\/td>\n<td style=\"text-align: center; vertical-align: middle; width: 25%;\"><\/td>\n<td style=\"text-align: center; vertical-align: middle; width: 25%;\"><\/td>\n<td style=\"width: 25%;\"><\/td>\n<\/tr>\n<tr style=\"height: 40px;\">\n<td style=\"height: 24px; width: 25%;\"><\/td>\n<td style=\"text-align: center; vertical-align: middle; height: 24px; background-color: #abb8d9; width: 25%;\"><strong><span style=\"font-size: 14pt;\">Mme Jacqueline<\/span><\/strong><\/td>\n<td style=\"text-align: center; vertical-align: middle; height: 24px; background-color: #abb8d9; width: 25%;\"><strong><em><span style=\"font-size: 14pt;\">Secr\u00e9taire de direction<\/span><\/em><\/strong><\/td>\n<td style=\"height: 24px; width: 25%;\"><\/td>\n<\/tr>\n<tr style=\"height: 40px;\">\n<td style=\"height: 28px; width: 25%;\"><\/td>\n<td style=\"text-align: center; vertical-align: middle; height: 28px; background-color: #d2ddf7; width: 25%;\"><strong><span style=\"font-size: 14pt;\">Mme Colombier<\/span><\/strong><\/td>\n<td style=\"text-align: center; vertical-align: middle; height: 28px; background-color: #d2ddf7; width: 25%;\"><strong><em><span style=\"font-size: 14pt;\">Secr\u00e9taire de scolarit\u00e9 <\/span><\/em><\/strong><\/td>\n<td style=\"height: 28px; width: 25%;\"><\/td>\n<\/tr>\n<tr style=\"height: 40px;\">\n<td style=\"height: 28px; width: 25%;\"><\/td>\n<td style=\"text-align: center; vertical-align: middle; height: 28px; background-color: #abb8d9; width: 25%;\"><strong><span style=\"font-size: 14pt;\">Mme Deschodt<\/span><\/strong><\/td>\n<td style=\"text-align: center; vertical-align: middle; height: 28px; background-color: #abb8d9; width: 25%;\"><strong><em><span style=\"font-size: 14pt;\">Secr\u00e9taire de scolarit\u00e9 <\/span><\/em><\/strong><\/td>\n<td style=\"height: 28px; width: 25%;\"><\/td>\n<\/tr>\n<tr style=\"height: 50px;\">\n<td style=\"height: 28px; width: 25%;\"><\/td>\n<td style=\"text-align: center; vertical-align: middle; height: 28px; width: 25%;\"><strong><span style=\"font-size: 14pt;\">\u00a0<\/span><\/strong><\/td>\n<td style=\"text-align: center; vertical-align: middle; height: 28px; width: 25%;\"><strong><em><span style=\"font-size: 14pt;\">\u00a0<\/span><\/em><\/strong><\/td>\n<td style=\"height: 28px; width: 25%;\"><\/td>\n<\/tr>\n<tr style=\"height: 40px;\">\n<td style=\"height: 28px; width: 25%;\"><\/td>\n<td style=\"text-align: center; vertical-align: middle; height: 28px; background-color: #d2ddf7; width: 25%;\"><strong><span style=\"font-size: 14pt;\">Mme Debo\u00ebs \/ Mme Bertein<\/span><\/strong><\/td>\n<td style=\"text-align: center; vertical-align: middle; height: 28px; background-color: #d2ddf7; width: 25%;\"><strong><em><span style=\"font-size: 14pt;\">CPE Post BAC<br \/>\n<\/span><\/em><\/strong><\/td>\n<td style=\"height: 28px; width: 25%;\"><\/td>\n<\/tr>\n<tr style=\"height: 40px;\">\n<td style=\"height: 28px; width: 25%;\"><\/td>\n<td style=\"text-align: center; vertical-align: middle; height: 28px; background-color: #abb8d9; width: 25%;\"><strong><span style=\"font-size: 14pt;\">Mme Bassimon<\/span><\/strong><\/td>\n<td style=\"text-align: center; vertical-align: middle; height: 28px; background-color: #abb8d9; width: 25%;\"><strong><em><span style=\"font-size: 14pt;\">CPE Terminale<\/span><\/em><\/strong><\/td>\n<td style=\"height: 28px; width: 25%;\"><\/td>\n<\/tr>\n<tr style=\"height: 40px;\">\n<td style=\"height: 28px; width: 25%;\"><\/td>\n<td style=\"text-align: center; vertical-align: middle; height: 28px; background-color: #d2ddf7; width: 25%;\"><strong><span style=\"font-size: 14pt;\">M Levive<\/span><\/strong><\/td>\n<td style=\"text-align: center; vertical-align: middle; height: 28px; background-color: #d2ddf7; width: 25%;\"><strong><em><span style=\"font-size: 14pt;\">CPE Premi\u00e8re<\/span><\/em><\/strong><\/td>\n<td style=\"height: 28px; width: 25%;\"><\/td>\n<\/tr>\n<tr style=\"height: 40px;\">\n<td style=\"height: 28px; width: 25%;\"><\/td>\n<td style=\"text-align: center; vertical-align: middle; height: 28px; background-color: #abb8d9; width: 25%;\"><strong><span style=\"font-size: 14pt;\">Mme Bils<\/span><\/strong><\/td>\n<td style=\"text-align: center; vertical-align: middle; height: 28px; background-color: #abb8d9; width: 25%;\"><strong><em><span style=\"font-size: 14pt;\">CPE Seconde<\/span><\/em><\/strong><\/td>\n<td style=\"height: 28px; width: 25%;\"><\/td>\n<\/tr>\n<tr style=\"height: 50px;\">\n<td style=\"height: 28px; width: 25%;\"><\/td>\n<td style=\"text-align: center; vertical-align: middle; height: 28px; width: 25%;\"><strong><span style=\"font-size: 14pt;\">\u00a0<\/span><\/strong><\/td>\n<td style=\"text-align: center; vertical-align: middle; height: 28px; width: 25%;\"><strong><em><span style=\"font-size: 14pt;\">\u00a0<\/span><\/em><\/strong><\/td>\n<td style=\"height: 28px; width: 25%;\"><\/td>\n<\/tr>\n<tr style=\"height: 40px;\">\n<td style=\"height: 28px; width: 25%;\"><\/td>\n<td style=\"text-align: center; vertical-align: middle; height: 28px; background-color: #d2ddf7; width: 25%;\"><strong><span style=\"font-size: 14pt;\">Mme Pilard<\/span><\/strong><\/td>\n<td style=\"text-align: center; vertical-align: middle; height: 28px; background-color: #d2ddf7; width: 25%;\"><strong><em><span style=\"font-size: 14pt;\">Psychologue (orientation)<\/span><\/em><\/strong><\/td>\n<td style=\"height: 28px; width: 25%;\"><\/td>\n<\/tr>\n<tr style=\"height: 40px;\">\n<td style=\"height: 28px; width: 25%;\"><\/td>\n<td style=\"text-align: center; vertical-align: middle; height: 28px; background-color: #abb8d9; width: 25%;\"><strong><span style=\"font-size: 14pt;\">Mme Vandenbussche<\/span><\/strong><\/td>\n<td style=\"text-align: center; vertical-align: middle; height: 28px; background-color: #abb8d9; width: 25%;\"><strong><em><span style=\"font-size: 14pt;\">Psychologue (orientation)<\/span><\/em><\/strong><\/td>\n<td style=\"height: 28px; width: 25%;\"><\/td>\n<\/tr>\n<tr style=\"height: 40px;\">\n<td style=\"height: 28px; width: 25%;\"><\/td>\n<td style=\"text-align: center; vertical-align: middle; height: 28px; background-color: #d2ddf7; width: 25%;\"><strong><span style=\"font-size: 14pt;\">Mme No\u00ebl \/ Mme Isnart<\/span><\/strong><\/td>\n<td style=\"text-align: center; vertical-align: middle; height: 28px; background-color: #d2ddf7; width: 25%;\"><strong><em><span style=\"font-size: 14pt;\">Infirmi\u00e8res<\/span><\/em><\/strong><\/td>\n<td style=\"height: 28px; width: 25%;\"><\/td>\n<\/tr>\n<tr style=\"height: 40px;\">\n<td style=\"height: 28px; width: 25%;\"><\/td>\n<td style=\"text-align: center; vertical-align: middle; height: 28px; background-color: #abb8d9; width: 25%;\"><\/td>\n<td style=\"text-align: center; vertical-align: middle; height: 28px; background-color: #abb8d9; width: 25%;\"><strong><em><span style=\"font-size: 14pt;\">Assistant social<\/span><\/em><\/strong><\/td>\n<td style=\"height: 28px; width: 25%;\"><\/td>\n<\/tr>\n<\/tbody>\n<\/table>\n","protected":false},"excerpt":{"rendered":"<p>M. Valmalle Proviseur Mme Vitse Proviseure adjointe Mme Vandamme Proviseure adjointe M. Denimal Adjoint gestionnaire Fond\u00e9 de pouvoir Mme Jacqueline Secr\u00e9taire de direction Mme Colombier Secr\u00e9taire de scolarit\u00e9 Mme Deschodt Secr\u00e9taire de scolarit\u00e9 \u00a0 \u00a0 Mme Debo\u00ebs \/ Mme Bertein CPE Post BAC Mme Bassimon CPE Terminale M Levive CPE Premi\u00e8re Mme Bils CPE Seconde [&hellip;]<\/p>\n","protected":false},"author":1,"featured_media":0,"parent":0,"menu_order":0,"comment_status":"closed","ping_status":"closed","template":"","meta":{"ocean_post_layout":"","ocean_both_sidebars_style":"","ocean_both_sidebars_content_width":0,"ocean_both_sidebars_sidebars_width":0,"ocean_sidebar":"0","ocean_second_sidebar":"0","ocean_disable_margins":"enable","ocean_add_body_class":"","ocean_shortcode_before_top_bar":"","ocean_shortcode_after_top_bar":"","ocean_shortcode_before_header":"","ocean_shortcode_after_header":"","ocean_has_shortcode":"","ocean_shortcode_after_title":"","ocean_shortcode_before_footer_widgets":"","ocean_shortcode_after_footer_widgets":"","ocean_shortcode_before_footer_bottom":"","ocean_shortcode_after_footer_bottom":"","ocean_display_top_bar":"default","ocean_display_header":"default","ocean_header_style":"","ocean_center_header_left_menu":"0","ocean_custom_header_template":"0","ocean_custom_logo":0,"ocean_custom_retina_logo":0,"ocean_custom_logo_max_width":0,"ocean_custom_logo_tablet_max_width":0,"ocean_custom_logo_mobile_max_width":0,"ocean_custom_logo_max_height":0,"ocean_custom_logo_tablet_max_height":0,"ocean_custom_logo_mobile_max_height":0,"ocean_header_custom_menu":"0","ocean_menu_typo_font_family":"0","ocean_menu_typo_font_subset":"","ocean_menu_typo_font_size":0,"ocean_menu_typo_font_size_tablet":0,"ocean_menu_typo_font_size_mobile":0,"ocean_menu_typo_font_size_unit":"px","ocean_menu_typo_font_weight":"","ocean_menu_typo_font_weight_tablet":"","ocean_menu_typo_font_weight_mobile":"","ocean_menu_typo_transform":"","ocean_menu_typo_transform_tablet":"","ocean_menu_typo_transform_mobile":"","ocean_menu_typo_line_height":0,"ocean_menu_typo_line_height_tablet":0,"ocean_menu_typo_line_height_mobile":0,"ocean_menu_typo_line_height_unit":"","ocean_menu_typo_spacing":0,"ocean_menu_typo_spacing_tablet":0,"ocean_menu_typo_spacing_mobile":0,"ocean_menu_typo_spacing_unit":"","ocean_menu_link_color":"","ocean_menu_link_color_hover":"","ocean_menu_link_color_active":"","ocean_menu_link_background":"","ocean_menu_link_hover_background":"","ocean_menu_link_active_background":"","ocean_menu_social_links_bg":"","ocean_menu_social_hover_links_bg":"","ocean_menu_social_links_color":"","ocean_menu_social_hover_links_color":"","ocean_disable_title":"default","ocean_disable_heading":"default","ocean_post_title":"","ocean_post_subheading":"","ocean_post_title_style":"","ocean_post_title_background_color":"","ocean_post_title_background":0,"ocean_post_title_bg_image_position":"","ocean_post_title_bg_image_attachment":"","ocean_post_title_bg_image_repeat":"","ocean_post_title_bg_image_size":"","ocean_post_title_height":0,"ocean_post_title_bg_overlay":0.5,"ocean_post_title_bg_overlay_color":"","ocean_disable_breadcrumbs":"default","ocean_breadcrumbs_color":"","ocean_breadcrumbs_separator_color":"","ocean_breadcrumbs_links_color":"","ocean_breadcrumbs_links_hover_color":"","ocean_display_footer_widgets":"default","ocean_display_footer_bottom":"default","ocean_custom_footer_template":"0","footnotes":""},"_links":{"self":[{"href":"https:\/\/www.lyceejeanbart.fr\/index.php\/wp-json\/wp\/v2\/pages\/552"}],"collection":[{"href":"https:\/\/www.lyceejeanbart.fr\/index.php\/wp-json\/wp\/v2\/pages"}],"about":[{"href":"https:\/\/www.lyceejeanbart.fr\/index.php\/wp-json\/wp\/v2\/types\/page"}],"author":[{"embeddable":true,"href":"https:\/\/www.lyceejeanbart.fr\/index.php\/wp-json\/wp\/v2\/users\/1"}],"replies":[{"embeddable":true,"href":"https:\/\/www.lyceejeanbart.fr\/index.php\/wp-json\/wp\/v2\/comments?post=552"}],"version-history":[{"count":44,"href":"https:\/\/www.lyceejeanbart.fr\/index.php\/wp-json\/wp\/v2\/pages\/552\/revisions"}],"predecessor-version":[{"id":8480,"href":"https:\/\/www.lyceejeanbart.fr\/index.php\/wp-json\/wp\/v2\/pages\/552\/revisions\/8480"}],"wp:attachment":[{"href":"https:\/\/www.lyceejeanbart.fr\/index.php\/wp-json\/wp\/v2\/media?parent=552"}],"curies":[{"name":"wp","href":"https:\/\/api.w.org\/{rel}","templated":true}]}}