{"id":609,"date":"2020-10-06T14:56:50","date_gmt":"2020-10-06T12:56:50","guid":{"rendered":"http:\/\/lyceejeanbart.fr\/?page_id=609"},"modified":"2026-01-20T17:10:15","modified_gmt":"2026-01-20T16:10:15","slug":"mot-du-proviseur","status":"publish","type":"page","link":"https:\/\/www.lyceejeanbart.fr\/index.php\/mot-du-proviseur\/","title":{"rendered":"Mot Du Proviseur"},"content":{"rendered":"<h1>Bienvenue au Lyc\u00e9e Jean Bart<\/h1>\n<p><img decoding=\"async\" class=\"size-full wp-image-3189 alignleft\" src=\"https:\/\/www.lyceejeanbart.fr\/wp-content\/uploads\/2021\/03\/arton996-99c1a.jpg\" alt=\"\" width=\"144\" height=\"117\" \/>Je vous souhaite la bienvenue sur le site du Lyc\u00e9e \u00ab Jean Bart \u00bb.<\/p>\n<p>Il est con\u00e7u pour \u00eatre facilement utilisable par tous, \u00e9l\u00e8ves, parents et personnels du Lyc\u00e9e; mais aussi par tous ceux qui souhaitent se renseigner sur l&rsquo;\u00e9tablissement, sa structure, ses formations et ses atouts.<\/p>\n<p>Plac\u00e9 au centre ville de Dunkerque, tout proche de la mer, facilement accessible, le Lyc\u00e9e a \u00e9t\u00e9 inaugur\u00e9 en 1958 sur un site qui abritait de longue date un \u00e9tablissement scolaire. \u00c9tendu sur 5 hectares en partie arbor\u00e9s, disposant d\u2019un gymnase, d\u2019une piste d\u2019athl\u00e9tisme et d\u2019un internat de 150 places (gar\u00e7ons et filles), l&rsquo;\u00e9tablissement offre une large palette de formations pour pr\u00e9parer au baccalaur\u00e9at comme pour la poursuite d\u2019\u00e9tudes apr\u00e8s le bac.<\/p>\n<p>A l\u2019issue de la Seconde G\u00e9n\u00e9rale et Technologique, les \u00e9l\u00e8ves peuvent choisir parmi les diff\u00e9rentes sp\u00e9cialit\u00e9s de Premi\u00e8re G\u00e9n\u00e9rale ou de la Premi\u00e8re Technologique STMG.<\/p>\n<p>Le Lyc\u00e9e a fait le choix d&rsquo;un rayonnement international, sportif et scientifique.<\/p>\n<p>D\u00e8s la Seconde, les sections europ\u00e9ennes Anglais Allemand et Espagnol en DNL \u00ab Histoire-G\u00e9ographie \u00bb sont propos\u00e9es \u00e0 nos \u00e9l\u00e8ves, de m\u00eame que la possibilit\u00e9 d\u2019\u00e9tudier la LV3 N\u00e9erlandais, Chinois, Arabe ou Langue des Signes Fran\u00e7aise. Des voyages linguistiques sont propos\u00e9s \u00e0 nos \u00e9l\u00e8ves, notamment dans le cadre d\u2019une classe ERASMUS, ainsi que de nombreux projets dans les domaines linguistiques, litt\u00e9raires et scientifiques. Une section BFI (Bac Fran\u00e7ais international) a ouvert \u00e0 la rentr\u00e9e 2025.<\/p>\n<p>Le Lyc\u00e9e accueille \u00e9galement des \u00e9l\u00e8ves sportifs de diff\u00e9rentes disciplines : sections sportives en volley-ball et judo, sections \u00ab\u00a0sports \u00e9tudes\u00a0\u00bb en football, natation, voile et handball, le p\u00f4le excellence handball des Hauts de France, et le p\u00f4le espoir natation et voile.<\/p>\n<p>Apr\u00e8s le baccalaur\u00e9at les poursuites d\u2019\u00e9tudes sont nombreuses : BTS SIO (Service Informatique aux Organisations) ou NDRC (N\u00e9gociation, Digitalisation Relation Clients), mais aussi Classes Pr\u00e9paratoires aux grandes \u00e9coles : ECG (\u00c9conomique voie G\u00e9n\u00e9rale : option HGG ou option ESH) ou scientifiques : MPSI et PCSI en premi\u00e8re ann\u00e9e (Math\u00e9matiques Physique Sciences de l\u2019Ing\u00e9nieur ou Physique Chimie Sciences de l\u2019Ing\u00e9nieur) puis en seconde ann\u00e9e PC* (physique Chimie), MP (Math\u00e9matiques Physique), et PSI (Physique Sciences de l\u2019Ing\u00e9nieur). Un PPPE (Parcours Pr\u00e9paratoire au Professorat des Ecoles) en Licence 1, 2 et 3 et en partenariat avec l&rsquo;ULCO et l&rsquo;INSPE de Gravelines est \u00e9galement propos\u00e9 (arr\u00eat de la L1 en 2026).<\/p>\n<p>Par sa situation g\u00e9ographique, par la diversit\u00e9 des formations propos\u00e9es, comme par le dynamisme et l\u2019implication des \u00e9quipes d\u2019enseignants et de personnels, le Lyc\u00e9e Jean Bart a pour ambition la r\u00e9ussite de chacun de ses \u00e9l\u00e8ves..<\/p>\n<p>Samuel VALMALLE<br \/>\nProviseur.<\/p>\n","protected":false},"excerpt":{"rendered":"<p>Bienvenue au Lyc\u00e9e Jean Bart Je vous souhaite la bienvenue sur le site du Lyc\u00e9e \u00ab Jean Bart \u00bb. Il est con\u00e7u pour \u00eatre facilement utilisable par tous, \u00e9l\u00e8ves, parents et personnels du Lyc\u00e9e; mais aussi par tous ceux qui souhaitent se renseigner sur l&rsquo;\u00e9tablissement, sa structure, ses formations et ses atouts. Plac\u00e9 au centre [&hellip;]<\/p>\n","protected":false},"author":1,"featured_media":0,"parent":0,"menu_order":0,"comment_status":"closed","ping_status":"closed","template":"","meta":{"ocean_post_layout":"right-sidebar","ocean_both_sidebars_style":"","ocean_both_sidebars_content_width":0,"ocean_both_sidebars_sidebars_width":0,"ocean_sidebar":"0","ocean_second_sidebar":"0","ocean_disable_margins":"enable","ocean_add_body_class":"","ocean_shortcode_before_top_bar":"","ocean_shortcode_after_top_bar":"","ocean_shortcode_before_header":"","ocean_shortcode_after_header":"","ocean_has_shortcode":"","ocean_shortcode_after_title":"","ocean_shortcode_before_footer_widgets":"","ocean_shortcode_after_footer_widgets":"","ocean_shortcode_before_footer_bottom":"","ocean_shortcode_after_footer_bottom":"","ocean_display_top_bar":"default","ocean_display_header":"default","ocean_header_style":"","ocean_center_header_left_menu":"0","ocean_custom_header_template":"0","ocean_custom_logo":0,"ocean_custom_retina_logo":0,"ocean_custom_logo_max_width":0,"ocean_custom_logo_tablet_max_width":0,"ocean_custom_logo_mobile_max_width":0,"ocean_custom_logo_max_height":0,"ocean_custom_logo_tablet_max_height":0,"ocean_custom_logo_mobile_max_height":0,"ocean_header_custom_menu":"2","ocean_menu_typo_font_family":"0","ocean_menu_typo_font_subset":"","ocean_menu_typo_font_size":0,"ocean_menu_typo_font_size_tablet":0,"ocean_menu_typo_font_size_mobile":0,"ocean_menu_typo_font_size_unit":"px","ocean_menu_typo_font_weight":"","ocean_menu_typo_font_weight_tablet":"","ocean_menu_typo_font_weight_mobile":"","ocean_menu_typo_transform":"","ocean_menu_typo_transform_tablet":"","ocean_menu_typo_transform_mobile":"","ocean_menu_typo_line_height":0,"ocean_menu_typo_line_height_tablet":0,"ocean_menu_typo_line_height_mobile":0,"ocean_menu_typo_line_height_unit":"","ocean_menu_typo_spacing":0,"ocean_menu_typo_spacing_tablet":0,"ocean_menu_typo_spacing_mobile":0,"ocean_menu_typo_spacing_unit":"","ocean_menu_link_color":"","ocean_menu_link_color_hover":"","ocean_menu_link_color_active":"","ocean_menu_link_background":"","ocean_menu_link_hover_background":"","ocean_menu_link_active_background":"","ocean_menu_social_links_bg":"","ocean_menu_social_hover_links_bg":"","ocean_menu_social_links_color":"","ocean_menu_social_hover_links_color":"","ocean_disable_title":"on","ocean_disable_heading":"default","ocean_post_title":"","ocean_post_subheading":"","ocean_post_title_style":"","ocean_post_title_background_color":"","ocean_post_title_background":0,"ocean_post_title_bg_image_position":"","ocean_post_title_bg_image_attachment":"","ocean_post_title_bg_image_repeat":"","ocean_post_title_bg_image_size":"","ocean_post_title_height":0,"ocean_post_title_bg_overlay":0.5,"ocean_post_title_bg_overlay_color":"","ocean_disable_breadcrumbs":"default","ocean_breadcrumbs_color":"","ocean_breadcrumbs_separator_color":"","ocean_breadcrumbs_links_color":"","ocean_breadcrumbs_links_hover_color":"","ocean_display_footer_widgets":"default","ocean_display_footer_bottom":"default","ocean_custom_footer_template":"0","footnotes":""},"_links":{"self":[{"href":"https:\/\/www.lyceejeanbart.fr\/index.php\/wp-json\/wp\/v2\/pages\/609"}],"collection":[{"href":"https:\/\/www.lyceejeanbart.fr\/index.php\/wp-json\/wp\/v2\/pages"}],"about":[{"href":"https:\/\/www.lyceejeanbart.fr\/index.php\/wp-json\/wp\/v2\/types\/page"}],"author":[{"embeddable":true,"href":"https:\/\/www.lyceejeanbart.fr\/index.php\/wp-json\/wp\/v2\/users\/1"}],"replies":[{"embeddable":true,"href":"https:\/\/www.lyceejeanbart.fr\/index.php\/wp-json\/wp\/v2\/comments?post=609"}],"version-history":[{"count":29,"href":"https:\/\/www.lyceejeanbart.fr\/index.php\/wp-json\/wp\/v2\/pages\/609\/revisions"}],"predecessor-version":[{"id":8487,"href":"https:\/\/www.lyceejeanbart.fr\/index.php\/wp-json\/wp\/v2\/pages\/609\/revisions\/8487"}],"wp:attachment":[{"href":"https:\/\/www.lyceejeanbart.fr\/index.php\/wp-json\/wp\/v2\/media?parent=609"}],"curies":[{"name":"wp","href":"https:\/\/api.w.org\/{rel}","templated":true}]}}