{"id":6347,"date":"2023-06-22T10:15:50","date_gmt":"2023-06-22T08:15:50","guid":{"rendered":"https:\/\/www.lyceejeanbart.fr\/?page_id=6347"},"modified":"2023-07-02T09:25:34","modified_gmt":"2023-07-02T07:25:34","slug":"inscription-en-classe-de-seconde","status":"publish","type":"page","link":"https:\/\/www.lyceejeanbart.fr\/index.php\/inscription-en-classe-de-seconde\/","title":{"rendered":"Inscription en classe de Seconde"},"content":{"rendered":"<h1 style=\"text-align: center;\">Inscription en classe de Seconde : que faut-il faire ?<\/h1>\n<h4 style=\"text-align: center;\">Votre enfant est en classe de 3<sup>\u00e8me<\/sup> et va entrer en classe de Seconde au Lyc\u00e9e G\u00e9n\u00e9ral et\u00a0Technologique.<\/h4>\n<p>&nbsp;<\/p>\n<p>Le mardi 27 juin, \u00e0 partir de 14h30, vous pourrez acc\u00e9der au r\u00e9sultat d\u2019affectation de votre enfant sur le\u00a0<a title=\"Acc\u00e9dez au portail Scolarit\u00e9-Services de votre acad\u00e9mie\" role=\"link\" href=\"https:\/\/teleservices.education.gouv.fr\/\" target=\"_blank\" rel=\"noopener\" data-entity-type=\"node\" data-entity-uuid=\"f18c8753-c8de-4143-8220-ed31def95ca6\">portail Scolarit\u00e9-Services<\/a>\u00a0\u00e0 l\u2019aide de votre compte EduConnect ou de votre compte FranceConnect.<\/p>\n<p>Si votre enfant est affect\u00e9 au lyc\u00e9e Jean Bart, vous pourrez proc\u00e9der \u00e0 son inscription. Celle-ci s\u2019effectuera en deux \u00e9tapes :<\/p>\n<h3>Etape 1 : inscription en ligne<\/h3>\n<p>Depuis la page vous donnant le r\u00e9sultat d\u2019affectation, vous pourrez directement proc\u00e9der \u00e0 son inscription en ligne.<\/p>\n<p>Vous aurez la possibilit\u00e9 :<\/p>\n<ul>\n<li>d\u2019exprimer les souhaits de votre enfant pour les enseignements optionnels ;<\/li>\n<li>de v\u00e9rifier et de compl\u00e9ter leurs informations administratives et celles de votre enfant ;<\/li>\n<li>de prendre connaissance de la liste des documents compl\u00e9mentaires \u00e0 transmettre au lyc\u00e9e, certains d\u2019entre eux peuvent \u00eatre t\u00e9l\u00e9charg\u00e9s.<\/li>\n<\/ul>\n<p>Durant la campagne d\u2019inscription, du mardi 27 juin au jeudi 6 juillet 2023, l\u2019acc\u00e8s au service en ligne est possible 24 heures sur 24, depuis tout appareil (smartphone, tablette ou ordinateur) connect\u00e9 \u00e0 internet. Cette connexion est s\u00e9curis\u00e9e par un identifiant et un mot de passe (identiques \u00e0 ceux utilis\u00e9s pour se connecter aux services Orientation et Affectation apr\u00e8s la 3e, mais aussi Bourse).<\/p>\n<p>Les familles qui n\u2019ont pas la possibilit\u00e9 d\u2019effectuer cette d\u00e9marche en ligne pourront se rapprocher du secr\u00e9tariat de scolarit\u00e9 (Mme Colombier) du lyc\u00e9e Jean Bart pour un accompagnement sp\u00e9cifique.<\/p>\n<p>A la fin de la proc\u00e9dure (apr\u00e8s la validation de l\u2019inscription), vous pourrez consulter diff\u00e9rents documents concernant :<\/p>\n<ul>\n<li style=\"list-style-type: none;\">\n<ul>\n<li>la candidature en classe Euro anglais,<\/li>\n<li>la candidature en classe ERASMUS +,<\/li>\n<li>la carte G\u00e9n\u00e9ration #HDF,<\/li>\n<li>la coop\u00e9rative du lyc\u00e9e (location de manuels scolaires),<\/li>\n<li>la bourse nationale du lyc\u00e9e.<\/li>\n<\/ul>\n<\/li>\n<\/ul>\n<h3>Etape 2 : confirmation d\u2019inscription au lyc\u00e9e<\/h3>\n<p>Afin de confirmer l\u2019inscription en ligne, vous voudrez bien vous pr\u00e9senter au lyc\u00e9e Jean Bart muni des \u00e9l\u00e9ments suivants :<\/p>\n<ul>\n<li style=\"list-style-type: none;\">\n<ul>\n<li>une photo r\u00e9cente, obligatoire pour la carte de lyc\u00e9en,<\/li>\n<li>un ch\u00e8que de 10\u20ac pour la Maison Des Lyc\u00e9ens (MDL),<\/li>\n<li>un ch\u00e8que de 36,50\u20ac (10 repas) pour le restaurant scolaire,<\/li>\n<li>un RIB, en cas de remboursements.<\/li>\n<\/ul>\n<\/li>\n<\/ul>\n<p>Deux cr\u00e9neaux d\u2019accueil vous sont propos\u00e9s :<\/p>\n<ul>\n<li>coll\u00e8ges Guilleminot, Westhoek, Robespierre et Boris Vian : le\u00a0<strong>vendredi 30 juin, entre 12h et 18h<\/strong>,<\/li>\n<li>coll\u00e8ges Deconinck, Cobergher, Looweg et Van Hecke : le<strong>\u00a0lundi 3 juillet, entre 9h et 14h<\/strong>.<\/li>\n<\/ul>\n<p>Les \u00e9l\u00e8ves provenant d\u2019autres coll\u00e8ges choisiront parmi les deux cr\u00e9neaux propos\u00e9s pour confirmer leur inscription num\u00e9rique.<\/p>\n<p>L\u2019inscription de votre enfant sera effective d\u00e8s que les deux \u00e9tapes pr\u00e9c\u00e9dentes se seront d\u00e9roul\u00e9es correctement.<\/p>\n","protected":false},"excerpt":{"rendered":"<p>Inscription en classe de Seconde : que faut-il faire ? Votre enfant est en classe de 3\u00e8me et va entrer en classe de Seconde au Lyc\u00e9e G\u00e9n\u00e9ral et\u00a0Technologique. &nbsp; Le mardi 27 juin, \u00e0 partir de 14h30, vous pourrez acc\u00e9der au r\u00e9sultat d\u2019affectation de votre enfant sur le\u00a0portail Scolarit\u00e9-Services\u00a0\u00e0 l\u2019aide de votre compte EduConnect ou [&hellip;]<\/p>\n","protected":false},"author":4,"featured_media":0,"parent":0,"menu_order":0,"comment_status":"closed","ping_status":"closed","template":"","meta":{"ocean_post_layout":"","ocean_both_sidebars_style":"","ocean_both_sidebars_content_width":0,"ocean_both_sidebars_sidebars_width":0,"ocean_sidebar":"0","ocean_second_sidebar":"0","ocean_disable_margins":"enable","ocean_add_body_class":"","ocean_shortcode_before_top_bar":"","ocean_shortcode_after_top_bar":"","ocean_shortcode_before_header":"","ocean_shortcode_after_header":"","ocean_has_shortcode":"","ocean_shortcode_after_title":"","ocean_shortcode_before_footer_widgets":"","ocean_shortcode_after_footer_widgets":"","ocean_shortcode_before_footer_bottom":"","ocean_shortcode_after_footer_bottom":"","ocean_display_top_bar":"default","ocean_display_header":"default","ocean_header_style":"","ocean_center_header_left_menu":"0","ocean_custom_header_template":"0","ocean_custom_logo":0,"ocean_custom_retina_logo":0,"ocean_custom_logo_max_width":0,"ocean_custom_logo_tablet_max_width":0,"ocean_custom_logo_mobile_max_width":0,"ocean_custom_logo_max_height":0,"ocean_custom_logo_tablet_max_height":0,"ocean_custom_logo_mobile_max_height":0,"ocean_header_custom_menu":"0","ocean_menu_typo_font_family":"0","ocean_menu_typo_font_subset":"","ocean_menu_typo_font_size":0,"ocean_menu_typo_font_size_tablet":0,"ocean_menu_typo_font_size_mobile":0,"ocean_menu_typo_font_size_unit":"px","ocean_menu_typo_font_weight":"","ocean_menu_typo_font_weight_tablet":"","ocean_menu_typo_font_weight_mobile":"","ocean_menu_typo_transform":"","ocean_menu_typo_transform_tablet":"","ocean_menu_typo_transform_mobile":"","ocean_menu_typo_line_height":0,"ocean_menu_typo_line_height_tablet":0,"ocean_menu_typo_line_height_mobile":0,"ocean_menu_typo_line_height_unit":"","ocean_menu_typo_spacing":0,"ocean_menu_typo_spacing_tablet":0,"ocean_menu_typo_spacing_mobile":0,"ocean_menu_typo_spacing_unit":"","ocean_menu_link_color":"","ocean_menu_link_color_hover":"","ocean_menu_link_color_active":"","ocean_menu_link_background":"","ocean_menu_link_hover_background":"","ocean_menu_link_active_background":"","ocean_menu_social_links_bg":"","ocean_menu_social_hover_links_bg":"","ocean_menu_social_links_color":"","ocean_menu_social_hover_links_color":"","ocean_disable_title":"default","ocean_disable_heading":"default","ocean_post_title":"","ocean_post_subheading":"","ocean_post_title_style":"","ocean_post_title_background_color":"","ocean_post_title_background":0,"ocean_post_title_bg_image_position":"","ocean_post_title_bg_image_attachment":"","ocean_post_title_bg_image_repeat":"","ocean_post_title_bg_image_size":"","ocean_post_title_height":0,"ocean_post_title_bg_overlay":0.5,"ocean_post_title_bg_overlay_color":"","ocean_disable_breadcrumbs":"default","ocean_breadcrumbs_color":"","ocean_breadcrumbs_separator_color":"","ocean_breadcrumbs_links_color":"","ocean_breadcrumbs_links_hover_color":"","ocean_display_footer_widgets":"default","ocean_display_footer_bottom":"default","ocean_custom_footer_template":"0","footnotes":""},"_links":{"self":[{"href":"https:\/\/www.lyceejeanbart.fr\/index.php\/wp-json\/wp\/v2\/pages\/6347"}],"collection":[{"href":"https:\/\/www.lyceejeanbart.fr\/index.php\/wp-json\/wp\/v2\/pages"}],"about":[{"href":"https:\/\/www.lyceejeanbart.fr\/index.php\/wp-json\/wp\/v2\/types\/page"}],"author":[{"embeddable":true,"href":"https:\/\/www.lyceejeanbart.fr\/index.php\/wp-json\/wp\/v2\/users\/4"}],"replies":[{"embeddable":true,"href":"https:\/\/www.lyceejeanbart.fr\/index.php\/wp-json\/wp\/v2\/comments?post=6347"}],"version-history":[{"count":10,"href":"https:\/\/www.lyceejeanbart.fr\/index.php\/wp-json\/wp\/v2\/pages\/6347\/revisions"}],"predecessor-version":[{"id":6413,"href":"https:\/\/www.lyceejeanbart.fr\/index.php\/wp-json\/wp\/v2\/pages\/6347\/revisions\/6413"}],"wp:attachment":[{"href":"https:\/\/www.lyceejeanbart.fr\/index.php\/wp-json\/wp\/v2\/media?parent=6347"}],"curies":[{"name":"wp","href":"https:\/\/api.w.org\/{rel}","templated":true}]}}