{"id":7163,"date":"2024-06-30T12:28:44","date_gmt":"2024-06-30T10:28:44","guid":{"rendered":"https:\/\/www.lyceejeanbart.fr\/?page_id=7163"},"modified":"2025-01-23T15:28:25","modified_gmt":"2025-01-23T14:28:25","slug":"vos-livres-pour-12-e-par-an","status":"publish","type":"page","link":"https:\/\/www.lyceejeanbart.fr\/index.php\/vie-lyceenne\/vos-livres-pour-12-e-par-an\/","title":{"rendered":"Vos livres, pour 12\u00a0\u20ac par an (et une caution)"},"content":{"rendered":"<p><img fetchpriority=\"high\" decoding=\"async\" class=\"aligncenter wp-image-7797 size-large\" src=\"https:\/\/www.lyceejeanbart.fr\/wp-content\/uploads\/2025\/01\/ccc2025_page-1024x724.png\" alt=\"\" width=\"1024\" height=\"724\" srcset=\"https:\/\/www.lyceejeanbart.fr\/wp-content\/uploads\/2025\/01\/ccc2025_page-1024x724.png 1024w, https:\/\/www.lyceejeanbart.fr\/wp-content\/uploads\/2025\/01\/ccc2025_page-300x212.png 300w, https:\/\/www.lyceejeanbart.fr\/wp-content\/uploads\/2025\/01\/ccc2025_page-768x543.png 768w, https:\/\/www.lyceejeanbart.fr\/wp-content\/uploads\/2025\/01\/ccc2025_page.png 1123w\" sizes=\"(max-width: 1024px) 100vw, 1024px\" \/><\/p>\n<p>Avec la coop\u00e9rative scolaire du lyc\u00e9e Jean Bart, vous pouvez emprunter les livres n\u00e9cessaires, en d\u00e9pensant 12 \u20ac par an, entre la seconde et la terminale.<\/p>\n<p><a href=\"https:\/\/www.lyceejeanbart.fr\/wp-content\/uploads\/2025\/01\/depliant2025.pdf\">T\u00e9l\u00e9chargez le document complet<img decoding=\"async\" class=\"alignnone size-full wp-image-7800\" src=\"https:\/\/www.lyceejeanbart.fr\/wp-content\/uploads\/2025\/01\/QR.png\" alt=\"\" width=\"264\" height=\"264\" srcset=\"https:\/\/www.lyceejeanbart.fr\/wp-content\/uploads\/2025\/01\/QR.png 264w, https:\/\/www.lyceejeanbart.fr\/wp-content\/uploads\/2025\/01\/QR-150x150.png 150w\" sizes=\"(max-width: 264px) 100vw, 264px\" \/><\/a><\/p>\n","protected":false},"excerpt":{"rendered":"<p>Avec la coop\u00e9rative scolaire du lyc\u00e9e Jean Bart, vous pouvez emprunter les livres n\u00e9cessaires, en d\u00e9pensant 12 \u20ac par an, entre la seconde et la terminale. T\u00e9l\u00e9chargez le document complet<\/p>\n","protected":false},"author":15,"featured_media":7166,"parent":896,"menu_order":0,"comment_status":"closed","ping_status":"closed","template":"","meta":{"ocean_post_layout":"","ocean_both_sidebars_style":"","ocean_both_sidebars_content_width":0,"ocean_both_sidebars_sidebars_width":0,"ocean_sidebar":"","ocean_second_sidebar":"","ocean_disable_margins":"enable","ocean_add_body_class":"","ocean_shortcode_before_top_bar":"","ocean_shortcode_after_top_bar":"","ocean_shortcode_before_header":"","ocean_shortcode_after_header":"","ocean_has_shortcode":"","ocean_shortcode_after_title":"","ocean_shortcode_before_footer_widgets":"","ocean_shortcode_after_footer_widgets":"","ocean_shortcode_before_footer_bottom":"","ocean_shortcode_after_footer_bottom":"","ocean_display_top_bar":"default","ocean_display_header":"default","ocean_header_style":"","ocean_center_header_left_menu":"","ocean_custom_header_template":"","ocean_custom_logo":0,"ocean_custom_retina_logo":0,"ocean_custom_logo_max_width":0,"ocean_custom_logo_tablet_max_width":0,"ocean_custom_logo_mobile_max_width":0,"ocean_custom_logo_max_height":0,"ocean_custom_logo_tablet_max_height":0,"ocean_custom_logo_mobile_max_height":0,"ocean_header_custom_menu":"","ocean_menu_typo_font_family":"","ocean_menu_typo_font_subset":"","ocean_menu_typo_font_size":0,"ocean_menu_typo_font_size_tablet":0,"ocean_menu_typo_font_size_mobile":0,"ocean_menu_typo_font_size_unit":"px","ocean_menu_typo_font_weight":"","ocean_menu_typo_font_weight_tablet":"","ocean_menu_typo_font_weight_mobile":"","ocean_menu_typo_transform":"","ocean_menu_typo_transform_tablet":"","ocean_menu_typo_transform_mobile":"","ocean_menu_typo_line_height":0,"ocean_menu_typo_line_height_tablet":0,"ocean_menu_typo_line_height_mobile":0,"ocean_menu_typo_line_height_unit":"","ocean_menu_typo_spacing":0,"ocean_menu_typo_spacing_tablet":0,"ocean_menu_typo_spacing_mobile":0,"ocean_menu_typo_spacing_unit":"","ocean_menu_link_color":"","ocean_menu_link_color_hover":"","ocean_menu_link_color_active":"","ocean_menu_link_background":"","ocean_menu_link_hover_background":"","ocean_menu_link_active_background":"","ocean_menu_social_links_bg":"","ocean_menu_social_hover_links_bg":"","ocean_menu_social_links_color":"","ocean_menu_social_hover_links_color":"","ocean_disable_title":"default","ocean_disable_heading":"default","ocean_post_title":"","ocean_post_subheading":"","ocean_post_title_style":"","ocean_post_title_background_color":"","ocean_post_title_background":0,"ocean_post_title_bg_image_position":"","ocean_post_title_bg_image_attachment":"","ocean_post_title_bg_image_repeat":"","ocean_post_title_bg_image_size":"","ocean_post_title_height":0,"ocean_post_title_bg_overlay":0.5,"ocean_post_title_bg_overlay_color":"","ocean_disable_breadcrumbs":"default","ocean_breadcrumbs_color":"","ocean_breadcrumbs_separator_color":"","ocean_breadcrumbs_links_color":"","ocean_breadcrumbs_links_hover_color":"","ocean_display_footer_widgets":"default","ocean_display_footer_bottom":"default","ocean_custom_footer_template":"","footnotes":""},"_links":{"self":[{"href":"https:\/\/www.lyceejeanbart.fr\/index.php\/wp-json\/wp\/v2\/pages\/7163"}],"collection":[{"href":"https:\/\/www.lyceejeanbart.fr\/index.php\/wp-json\/wp\/v2\/pages"}],"about":[{"href":"https:\/\/www.lyceejeanbart.fr\/index.php\/wp-json\/wp\/v2\/types\/page"}],"author":[{"embeddable":true,"href":"https:\/\/www.lyceejeanbart.fr\/index.php\/wp-json\/wp\/v2\/users\/15"}],"replies":[{"embeddable":true,"href":"https:\/\/www.lyceejeanbart.fr\/index.php\/wp-json\/wp\/v2\/comments?post=7163"}],"version-history":[{"count":8,"href":"https:\/\/www.lyceejeanbart.fr\/index.php\/wp-json\/wp\/v2\/pages\/7163\/revisions"}],"predecessor-version":[{"id":7804,"href":"https:\/\/www.lyceejeanbart.fr\/index.php\/wp-json\/wp\/v2\/pages\/7163\/revisions\/7804"}],"up":[{"embeddable":true,"href":"https:\/\/www.lyceejeanbart.fr\/index.php\/wp-json\/wp\/v2\/pages\/896"}],"wp:featuredmedia":[{"embeddable":true,"href":"https:\/\/www.lyceejeanbart.fr\/index.php\/wp-json\/wp\/v2\/media\/7166"}],"wp:attachment":[{"href":"https:\/\/www.lyceejeanbart.fr\/index.php\/wp-json\/wp\/v2\/media?parent=7163"}],"curies":[{"name":"wp","href":"https:\/\/api.w.org\/{rel}","templated":true}]}}