{"id":7843,"date":"2025-02-24T14:44:07","date_gmt":"2025-02-24T13:44:07","guid":{"rendered":"https:\/\/www.lyceejeanbart.fr\/?page_id=7843"},"modified":"2026-01-28T17:41:03","modified_gmt":"2026-01-28T16:41:03","slug":"le-baccalaureat-francais-international-bfi","status":"publish","type":"page","link":"https:\/\/www.lyceejeanbart.fr\/index.php\/le-baccalaureat-francais-international-bfi\/","title":{"rendered":"Le Baccalaur\u00e9at Fran\u00e7ais International (BFI)"},"content":{"rendered":"<table style=\"height: 208px; width: 100%; border-collapse: collapse;\">\n<tbody>\n<tr>\n<td style=\"background-color: #bcd2d4; width: 80%;\" colspan=\"2\">\n<h1>Niveau : Seconde, Premi\u00e8re et Terminale (rentr\u00e9e 2026)<\/h1>\n<\/td>\n<\/tr>\n<tr style=\"height: 24px;\">\n<td style=\"height: 24px; width: 28.7823%; text-align: center; vertical-align: middle;\"><a href=\"https:\/\/www.lyceejeanbart.fr\/wp-content\/uploads\/2025\/02\/Logo-BFI.jpg\"><img fetchpriority=\"high\" decoding=\"async\" class=\"alignnone wp-image-7882 size-full\" src=\"https:\/\/www.lyceejeanbart.fr\/wp-content\/uploads\/2025\/02\/Logo-BFI.jpg\" alt=\"\" width=\"364\" height=\"190\" srcset=\"https:\/\/www.lyceejeanbart.fr\/wp-content\/uploads\/2025\/02\/Logo-BFI.jpg 364w, https:\/\/www.lyceejeanbart.fr\/wp-content\/uploads\/2025\/02\/Logo-BFI-300x157.jpg 300w\" sizes=\"(max-width: 364px) 100vw, 364px\" \/><\/a><\/td>\n<td style=\"width: 51.2177%; vertical-align: middle;\">&nbsp;<\/p>\n<p align=\"justify\">Fort de son ouverture \u00e0 l\u2019international, le lyc\u00e9e Jean Bart a l\u2019honneur de s&rsquo;\u00eatre vu confier l\u2019ouverture d\u2019une section internationale britannique et d\u2019un BAC FRAN\u00c7AIS INTERNATIONAL depuis la rentr\u00e9e 2025.<\/p>\n<p align=\"justify\">Il s\u2019agit d\u2019un cursus d\u2019excellence qui vise le <strong>bilinguisme<\/strong> en fin de terminale (<strong>niveau C2<\/strong> du CECRL) et une culture approfondie du monde anglophone. Le BFI est un baccalaur\u00e9at g\u00e9n\u00e9ral, mention bac fran\u00e7ais international.<\/p>\n<p align=\"justify\">Cette formation constitue\u00a0un <strong>atout consid\u00e9rable pour toute activit\u00e9 professionnelle<\/strong>, m\u00eame scientifique, exigeant en France une connaissance approfondie de deux langues et de deux cultures.<\/p>\n<p align=\"justify\">Le\u00a0BFI\u00a0est\u00a0un <strong>indicateur fort de la r\u00e9ussite scolaire et de l\u2019engagement d\u2019un \u00e9l\u00e8ve<\/strong>, futur \u00e9tudiant, qui a d\u00e9montr\u00e9 sa capacit\u00e9 \u00e0 atteindre des objectifs acad\u00e9miques au-del\u00e0 du baccalaur\u00e9at g\u00e9n\u00e9ral. C\u2019est un dipl\u00f4me tr\u00e8s pris\u00e9 dans la constitution du dossier Parcours Sup.<\/p>\n<p><a href=\"https:\/\/eduscol.education.fr\/3043\/baccalaureat-francais-international-bfi\" target=\"_blank\" rel=\"noopener\">Lien<\/a> vers les instructions officielles sur le site EDUSCOL<\/td>\n<\/tr>\n<tr style=\"height: 24px;\">\n<td style=\"height: 24px; width: 28.7823%; text-align: center;\"><\/td>\n<td style=\"width: 51.2177%;\"><\/td>\n<\/tr>\n<tr>\n<td style=\"width: 28.7823%; text-align: center; background-color: #cbeaf2; vertical-align: middle;\"><img decoding=\"async\" class=\"aligncenter wp-image-2824\" src=\"https:\/\/www.lyceejeanbart.fr\/wp-content\/uploads\/2021\/03\/atouts-3.jpg\" alt=\"\" width=\"215\" height=\"108\" srcset=\"https:\/\/www.lyceejeanbart.fr\/wp-content\/uploads\/2021\/03\/atouts-3.jpg 591w, https:\/\/www.lyceejeanbart.fr\/wp-content\/uploads\/2021\/03\/atouts-3-300x150.jpg 300w\" sizes=\"(max-width: 215px) 100vw, 215px\" \/><\/td>\n<td style=\"width: 51.2177%; background-color: #cbeaf2; vertical-align: middle;\">\n<h3>Comment candidater ?<\/h3>\n<h5>SECTION INTERNATIONALE : SECONDE<\/h5>\n<ul>\n<li>un <a href=\"https:\/\/www.lyceejeanbart.fr\/wp-content\/uploads\/2025\/12\/DOSSIER-BFI-SECONDES.pdf\">dossier \u00e0 t\u00e9l\u00e9charger<\/a><\/li>\n<li>un test \u00e9crit de 2h le 25 mars 2026 \u00e0 9h00<\/li>\n<li>un entretien oral en avril 2026<\/li>\n<\/ul>\n<h5>BFI : PREMIERE<\/h5>\n<ul>\n<li>un <a href=\"https:\/\/www.lyceejeanbart.fr\/wp-content\/uploads\/2026\/01\/DOSSIER-BFI-PREMIERES.pdf\">dossier \u00e0 t\u00e9l\u00e9charger<\/a><\/li>\n<li>un test \u00e9crit de 2h le 25 mars 2026 \u00e0 9h00<\/li>\n<li>un entretien oral en avril 2026<\/li>\n<\/ul>\n<\/td>\n<\/tr>\n<\/tbody>\n<\/table>\n<p>&nbsp;<\/p>\n<p>&nbsp;<\/p>\n","protected":false},"excerpt":{"rendered":"<p>Niveau : Seconde, Premi\u00e8re et Terminale (rentr\u00e9e 2026) &nbsp; Fort de son ouverture \u00e0 l\u2019international, le lyc\u00e9e Jean Bart a l\u2019honneur de s&rsquo;\u00eatre vu confier l\u2019ouverture d\u2019une section internationale britannique et d\u2019un BAC FRAN\u00c7AIS INTERNATIONAL depuis la rentr\u00e9e 2025. Il s\u2019agit d\u2019un cursus d\u2019excellence qui vise le bilinguisme en fin de terminale (niveau C2 du [&hellip;]<\/p>\n","protected":false},"author":4,"featured_media":0,"parent":0,"menu_order":0,"comment_status":"closed","ping_status":"closed","template":"","meta":{"ocean_post_layout":"","ocean_both_sidebars_style":"","ocean_both_sidebars_content_width":0,"ocean_both_sidebars_sidebars_width":0,"ocean_sidebar":"0","ocean_second_sidebar":"0","ocean_disable_margins":"enable","ocean_add_body_class":"","ocean_shortcode_before_top_bar":"","ocean_shortcode_after_top_bar":"","ocean_shortcode_before_header":"","ocean_shortcode_after_header":"","ocean_has_shortcode":"","ocean_shortcode_after_title":"","ocean_shortcode_before_footer_widgets":"","ocean_shortcode_after_footer_widgets":"","ocean_shortcode_before_footer_bottom":"","ocean_shortcode_after_footer_bottom":"","ocean_display_top_bar":"default","ocean_display_header":"default","ocean_header_style":"","ocean_center_header_left_menu":"0","ocean_custom_header_template":"0","ocean_custom_logo":0,"ocean_custom_retina_logo":0,"ocean_custom_logo_max_width":0,"ocean_custom_logo_tablet_max_width":0,"ocean_custom_logo_mobile_max_width":0,"ocean_custom_logo_max_height":0,"ocean_custom_logo_tablet_max_height":0,"ocean_custom_logo_mobile_max_height":0,"ocean_header_custom_menu":"0","ocean_menu_typo_font_family":"0","ocean_menu_typo_font_subset":"","ocean_menu_typo_font_size":0,"ocean_menu_typo_font_size_tablet":0,"ocean_menu_typo_font_size_mobile":0,"ocean_menu_typo_font_size_unit":"px","ocean_menu_typo_font_weight":"","ocean_menu_typo_font_weight_tablet":"","ocean_menu_typo_font_weight_mobile":"","ocean_menu_typo_transform":"","ocean_menu_typo_transform_tablet":"","ocean_menu_typo_transform_mobile":"","ocean_menu_typo_line_height":0,"ocean_menu_typo_line_height_tablet":0,"ocean_menu_typo_line_height_mobile":0,"ocean_menu_typo_line_height_unit":"","ocean_menu_typo_spacing":0,"ocean_menu_typo_spacing_tablet":0,"ocean_menu_typo_spacing_mobile":0,"ocean_menu_typo_spacing_unit":"","ocean_menu_link_color":"","ocean_menu_link_color_hover":"","ocean_menu_link_color_active":"","ocean_menu_link_background":"","ocean_menu_link_hover_background":"","ocean_menu_link_active_background":"","ocean_menu_social_links_bg":"","ocean_menu_social_hover_links_bg":"","ocean_menu_social_links_color":"","ocean_menu_social_hover_links_color":"","ocean_disable_title":"default","ocean_disable_heading":"default","ocean_post_title":"","ocean_post_subheading":"","ocean_post_title_style":"","ocean_post_title_background_color":"","ocean_post_title_background":0,"ocean_post_title_bg_image_position":"","ocean_post_title_bg_image_attachment":"","ocean_post_title_bg_image_repeat":"","ocean_post_title_bg_image_size":"","ocean_post_title_height":0,"ocean_post_title_bg_overlay":0.5,"ocean_post_title_bg_overlay_color":"","ocean_disable_breadcrumbs":"default","ocean_breadcrumbs_color":"","ocean_breadcrumbs_separator_color":"","ocean_breadcrumbs_links_color":"","ocean_breadcrumbs_links_hover_color":"","ocean_display_footer_widgets":"default","ocean_display_footer_bottom":"default","ocean_custom_footer_template":"0","footnotes":""},"_links":{"self":[{"href":"https:\/\/www.lyceejeanbart.fr\/index.php\/wp-json\/wp\/v2\/pages\/7843"}],"collection":[{"href":"https:\/\/www.lyceejeanbart.fr\/index.php\/wp-json\/wp\/v2\/pages"}],"about":[{"href":"https:\/\/www.lyceejeanbart.fr\/index.php\/wp-json\/wp\/v2\/types\/page"}],"author":[{"embeddable":true,"href":"https:\/\/www.lyceejeanbart.fr\/index.php\/wp-json\/wp\/v2\/users\/4"}],"replies":[{"embeddable":true,"href":"https:\/\/www.lyceejeanbart.fr\/index.php\/wp-json\/wp\/v2\/comments?post=7843"}],"version-history":[{"count":24,"href":"https:\/\/www.lyceejeanbart.fr\/index.php\/wp-json\/wp\/v2\/pages\/7843\/revisions"}],"predecessor-version":[{"id":8502,"href":"https:\/\/www.lyceejeanbart.fr\/index.php\/wp-json\/wp\/v2\/pages\/7843\/revisions\/8502"}],"wp:attachment":[{"href":"https:\/\/www.lyceejeanbart.fr\/index.php\/wp-json\/wp\/v2\/media?parent=7843"}],"curies":[{"name":"wp","href":"https:\/\/api.w.org\/{rel}","templated":true}]}}