{"id":891,"date":"2020-10-13T08:45:24","date_gmt":"2020-10-13T06:45:24","guid":{"rendered":"http:\/\/lyceejeanbart.fr\/?page_id=891"},"modified":"2022-09-12T19:34:26","modified_gmt":"2022-09-12T17:34:26","slug":"paiement","status":"publish","type":"page","link":"https:\/\/www.lyceejeanbart.fr\/index.php\/paiement\/","title":{"rendered":"Paiement en ligne"},"content":{"rendered":"<h1><strong>Une facilit\u00e9 de paiement\u00a0 <\/strong><\/h1>\n<p>Il est possible pour les \u00e9l\u00e8ves et les personnels d\u2019effectuer directement deux types d\u2019op\u00e9rations via un site s\u00e9curis\u00e9 sur internet :<\/p>\n<ul>\n<li>cr\u00e9diter son badge de passage au self<\/li>\n<li>r\u00e9gler sa facture de demi-pension ou d\u2019internat<\/li>\n<\/ul>\n<h3><strong>Pour commencer<\/strong><\/h3>\n<p>Se connecter au site <a href=\"https:\/\/espacenumerique.turbo-self.com\/Connexion.aspx?id=1255\" target=\"_blank\" rel=\"noopener\">TurboSelf<\/a> du lyc\u00e9e<\/p>\n<table style=\"width: 100%; border-collapse: collapse;\">\n<tbody>\n<tr>\n<td style=\"width: 50%; vertical-align: top;\">\n<h3><strong>Vous poss\u00e9dez votre identifiant de connexion<\/strong><\/h3>\n<ul>\n<li>Saisir votre identifiant de connexion et votre mot de passe communiqu\u00e9s par mail<\/li>\n<li>Suivre les instructions propos\u00e9es \u00e0 l\u2019\u00e9cran<\/li>\n<\/ul>\n<\/td>\n<td style=\"width: 50%; vertical-align: top;\">\n<h3><strong>Vous ne poss\u00e9dez pas votre identifiant de connexion<\/strong><\/h3>\n<ul>\n<li>Cliquer sur \u00ab Demande de cr\u00e9ation de compte \u00bb<\/li>\n<li>Saisir les 5 derniers chiffres indiqu\u00e9s sur le dessus de votre badge d\u2019acc\u00e8s au self : Carte N\u00b0 1255-0XXXX ou sur votre facture trimestrielle Carte N\u00b0XXXX<\/li>\n<li>Saisir une adresse mail valide sur laquelle vos identifiant et mot de passe vous seront adress\u00e9s sous 48 H<\/li>\n<li>A r\u00e9ception, suivre la proc\u00e9dure classique indiqu\u00e9e ci-dessus<\/li>\n<\/ul>\n<\/td>\n<\/tr>\n<tr>\n<td style=\"width: 50%; vertical-align: top;\" colspan=\"2\">\n<h3><strong>A noter<\/strong><\/h3>\n<ul>\n<li>Les comptes ne sont cr\u00e9dit\u00e9s qu\u2019en diff\u00e9r\u00e9 le lendemain matin apr\u00e8s 8 heures, suite \u00e0 la synchronisation quotidienne des modules.<\/li>\n<li>Vos identifiants et mot de passe vous garantissent la bonne affectation des sommes vers\u00e9es.<\/li>\n<li>Un re\u00e7u vous est adress\u00e9 par mail.<\/li>\n<\/ul>\n<\/td>\n<\/tr>\n<\/tbody>\n<\/table>\n","protected":false},"excerpt":{"rendered":"<p>Une facilit\u00e9 de paiement\u00a0 Il est possible pour les \u00e9l\u00e8ves et les personnels d\u2019effectuer directement deux types d\u2019op\u00e9rations via un site s\u00e9curis\u00e9 sur internet : cr\u00e9diter son badge de passage au self r\u00e9gler sa facture de demi-pension ou d\u2019internat Pour commencer Se connecter au site TurboSelf du lyc\u00e9e Vous poss\u00e9dez votre identifiant de connexion Saisir [&hellip;]<\/p>\n","protected":false},"author":1,"featured_media":0,"parent":0,"menu_order":0,"comment_status":"closed","ping_status":"closed","template":"","meta":{"ocean_post_layout":"","ocean_both_sidebars_style":"","ocean_both_sidebars_content_width":0,"ocean_both_sidebars_sidebars_width":0,"ocean_sidebar":"0","ocean_second_sidebar":"0","ocean_disable_margins":"enable","ocean_add_body_class":"","ocean_shortcode_before_top_bar":"","ocean_shortcode_after_top_bar":"","ocean_shortcode_before_header":"","ocean_shortcode_after_header":"","ocean_has_shortcode":"","ocean_shortcode_after_title":"","ocean_shortcode_before_footer_widgets":"","ocean_shortcode_after_footer_widgets":"","ocean_shortcode_before_footer_bottom":"","ocean_shortcode_after_footer_bottom":"","ocean_display_top_bar":"default","ocean_display_header":"default","ocean_header_style":"","ocean_center_header_left_menu":"0","ocean_custom_header_template":"0","ocean_custom_logo":0,"ocean_custom_retina_logo":0,"ocean_custom_logo_max_width":0,"ocean_custom_logo_tablet_max_width":0,"ocean_custom_logo_mobile_max_width":0,"ocean_custom_logo_max_height":0,"ocean_custom_logo_tablet_max_height":0,"ocean_custom_logo_mobile_max_height":0,"ocean_header_custom_menu":"0","ocean_menu_typo_font_family":"0","ocean_menu_typo_font_subset":"","ocean_menu_typo_font_size":0,"ocean_menu_typo_font_size_tablet":0,"ocean_menu_typo_font_size_mobile":0,"ocean_menu_typo_font_size_unit":"px","ocean_menu_typo_font_weight":"","ocean_menu_typo_font_weight_tablet":"","ocean_menu_typo_font_weight_mobile":"","ocean_menu_typo_transform":"","ocean_menu_typo_transform_tablet":"","ocean_menu_typo_transform_mobile":"","ocean_menu_typo_line_height":0,"ocean_menu_typo_line_height_tablet":0,"ocean_menu_typo_line_height_mobile":0,"ocean_menu_typo_line_height_unit":"","ocean_menu_typo_spacing":0,"ocean_menu_typo_spacing_tablet":0,"ocean_menu_typo_spacing_mobile":0,"ocean_menu_typo_spacing_unit":"","ocean_menu_link_color":"","ocean_menu_link_color_hover":"","ocean_menu_link_color_active":"","ocean_menu_link_background":"","ocean_menu_link_hover_background":"","ocean_menu_link_active_background":"","ocean_menu_social_links_bg":"","ocean_menu_social_hover_links_bg":"","ocean_menu_social_links_color":"","ocean_menu_social_hover_links_color":"","ocean_disable_title":"default","ocean_disable_heading":"default","ocean_post_title":"","ocean_post_subheading":"","ocean_post_title_style":"","ocean_post_title_background_color":"","ocean_post_title_background":0,"ocean_post_title_bg_image_position":"","ocean_post_title_bg_image_attachment":"","ocean_post_title_bg_image_repeat":"","ocean_post_title_bg_image_size":"","ocean_post_title_height":0,"ocean_post_title_bg_overlay":0.5,"ocean_post_title_bg_overlay_color":"","ocean_disable_breadcrumbs":"default","ocean_breadcrumbs_color":"","ocean_breadcrumbs_separator_color":"","ocean_breadcrumbs_links_color":"","ocean_breadcrumbs_links_hover_color":"","ocean_display_footer_widgets":"default","ocean_display_footer_bottom":"default","ocean_custom_footer_template":"0","footnotes":""},"_links":{"self":[{"href":"https:\/\/www.lyceejeanbart.fr\/index.php\/wp-json\/wp\/v2\/pages\/891"}],"collection":[{"href":"https:\/\/www.lyceejeanbart.fr\/index.php\/wp-json\/wp\/v2\/pages"}],"about":[{"href":"https:\/\/www.lyceejeanbart.fr\/index.php\/wp-json\/wp\/v2\/types\/page"}],"author":[{"embeddable":true,"href":"https:\/\/www.lyceejeanbart.fr\/index.php\/wp-json\/wp\/v2\/users\/1"}],"replies":[{"embeddable":true,"href":"https:\/\/www.lyceejeanbart.fr\/index.php\/wp-json\/wp\/v2\/comments?post=891"}],"version-history":[{"count":14,"href":"https:\/\/www.lyceejeanbart.fr\/index.php\/wp-json\/wp\/v2\/pages\/891\/revisions"}],"predecessor-version":[{"id":5316,"href":"https:\/\/www.lyceejeanbart.fr\/index.php\/wp-json\/wp\/v2\/pages\/891\/revisions\/5316"}],"wp:attachment":[{"href":"https:\/\/www.lyceejeanbart.fr\/index.php\/wp-json\/wp\/v2\/media?parent=891"}],"curies":[{"name":"wp","href":"https:\/\/api.w.org\/{rel}","templated":true}]}}