{"id":898,"date":"2020-10-13T09:06:02","date_gmt":"2020-10-13T07:06:02","guid":{"rendered":"http:\/\/lyceejeanbart.fr\/?page_id=898"},"modified":"2025-09-03T09:47:28","modified_gmt":"2025-09-03T07:47:28","slug":"cooperative","status":"publish","type":"page","link":"https:\/\/www.lyceejeanbart.fr\/index.php\/cooperative\/","title":{"rendered":"Coop\u00e9rative"},"content":{"rendered":"<h1 class=\"spip\">Pour tous les \u00e9l\u00e8ves<\/h1>\n<p>Vous munir\u00a0:<\/p>\n<ul class=\"spip\">\n<li><strong><strong>Suite \u00e0 la mise en place de la carte <b style=\"font-size: large; color: #800000;\">\u00ab <a href=\"https:\/\/generation.hautsdefrance.fr\/\">GENERATION HDF<\/a> \u00bb<\/b><\/strong><\/strong><strong>, il sera n\u00e9cessaire de pr\u00e9senter une pi\u00e8ce d\u2019identit\u00e9 pour la location des manuels scolaires.<\/strong><\/li>\n<li>Pr\u00e9voir un ch\u00e8que de 55 euros en cas de probl\u00e8me technique.<i><\/i><\/li>\n<li>d\u2019un ch\u00e8que ou d\u2019esp\u00e8ces de 12 \u20ac (adh\u00e9sion \u00e0 notre coop\u00e9rative),<\/li>\n<li>de votre carte \u00ab\u00a0<span style=\"color: #0000ff;\"><a style=\"color: #0000ff;\" href=\"https:\/\/generation.hautsdefrance.fr\/\" target=\"_blank\" rel=\"noopener\">G\u00e9n\u00e9ration HDF<\/a><\/span> \u00bb du Conseil R\u00e9gional ou d\u2019un ch\u00e8que de 55 \u20ac pour la location annuelle de vos manuels.<\/li>\n<\/ul>\n<p><img decoding=\"async\" class=\"alignleft\" src=\"https:\/\/www.lyceejeanbart.fr\/wp-content\/uploads\/2022\/09\/qr-code-generation-hdf.png\" \/>Si lors du retrait, vous n\u2019avez toujours pas re\u00e7u votre carte \u00ab <span style=\"color: #0000ff;\"><a style=\"color: #0000ff;\" href=\"https:\/\/generation.hautsdefrance.fr\/\" target=\"_blank\" rel=\"noopener\">G\u00e9n\u00e9ration HDF<\/a><\/span>\u00a0\u00bb, sachez qu\u2019il vous sera possible de d\u00e9poser un ch\u00e8que de 55\u20ac qui sera mis en attente de votre carte \u00ab\u00a0<span style=\"color: #0000ff;\"><a style=\"color: #0000ff;\" href=\"https:\/\/generation.hautsdefrance.fr\/\" target=\"_blank\" rel=\"noopener\">G\u00e9n\u00e9ration HDF<\/a><\/span>\u00a0\u00bb et ce jusqu\u2019aux vacances de la Toussaint. Pass\u00e9 ce d\u00e9lai, les ch\u00e8ques seront encaiss\u00e9s.<\/p>\n<h2 class=\"spip\">Pour les\u00a0<i>NOUVEAUX<\/i>\u00a0\u00e9l\u00e8ves<\/h2>\n<p><i>(1re rentr\u00e9e au lyc\u00e9e Jean Bart)<\/i>\u00a0; Vous munir\u00a0:<\/p>\n<ul class=\"spip\">\n<li>d\u2019un ch\u00e8que (ou esp\u00e8ces) de 70 \u20ac correspondant au cautionnement de vos manuels. Ce ch\u00e8que sera encaiss\u00e9 et la somme vous sera restitu\u00e9e lorsque l\u2019\u00e9l\u00e8ve quittera l\u2019\u00e9tablissement,<br class=\"autobr\" \/>Et comme tous les \u00e9l\u00e8ves\u00a0:<\/li>\n<li>de 12 \u20ac en esp\u00e8ces ou cumulable sur le \u00ab ch\u00e8que-caution \u00bb (soit 82 \u20ac) repr\u00e9sentant l\u2019adh\u00e9sion annuelle \u00e0 notre coop\u00e9rative,<\/li>\n<li>de 55 \u20ac pr\u00e9lev\u00e9s sur votre carte \u00ab\u00a0<span style=\"color: #0000ff;\"><a style=\"color: #0000ff;\" href=\"https:\/\/generation.hautsdefrance.fr\/\" target=\"_blank\" rel=\"noopener\">G\u00e9n\u00e9ration HDF<\/a><\/span>\u00a0\u00bbdu conseil r\u00e9gional correspondant \u00e0 la location annuelle des manuels. Si lors du retrait, vous n\u2019avez toujours pas re\u00e7u votre carte \u00ab\u00a0<span style=\"color: #0000ff;\"><a style=\"color: #0000ff;\" href=\"https:\/\/generation.hautsdefrance.fr\/\" target=\"_blank\" rel=\"noopener\">G\u00e9n\u00e9ration HDF<\/a><\/span> \u00bb, sachez qu\u2019il vous sera possible de d\u00e9poser un ch\u00e8que de 55 \u20ac qui sera mis en attente de votre carte \u00ab\u00a0<span style=\"color: #0000ff;\"><a style=\"color: #0000ff;\" href=\"https:\/\/generation.hautsdefrance.fr\/\" target=\"_blank\" rel=\"noopener\">G\u00e9n\u00e9ration HDF<\/a><\/span>\u00a0\u00bbet ce jusqu\u2019aux vacances de la Toussaint. Pass\u00e9 ce d\u00e9lai, les ch\u00e8ques seront encaiss\u00e9s.<\/li>\n<\/ul>\n<p>Les ch\u00e8ques sont \u00e0 libeller au nom de \u00ab\u00a0Coop\u00e9rative du Lyc\u00e9e Jean Bart\u00a0\u00bb<\/p>\n<p><i>Pensez donc \u00e0 envoyer votre demande de carte \u00ab\u00a0<span style=\"color: #0000ff;\"><a style=\"color: #0000ff;\" href=\"https:\/\/generation.hautsdefrance.fr\/\" target=\"_blank\" rel=\"noopener\">G\u00e9n\u00e9ration HDF<\/a><\/span>\u00a0\u00bbd\u00e8s fin Juin\u00a0!<\/i><\/p>\n<p>Si, malgr\u00e9 cela, elle ne vous \u00e9tait pas parvenue \u00e0 la rentr\u00e9e, rappelez vite le num\u00e9ro vert suivant :<\/p>\n<p>N\u00b0\u00a0vert 0 800 026 080\u00a0: Services et appels gratuits<\/p>\n<p align=\"center\"><span style=\"font-size: 14pt;\"><i><strong>N\u2019OUBLIEZ PAS DE RAMENER LES LIVRES !<\/strong><\/i><\/span><\/p>\n<h2 class=\"spip\">NON RENDUS<\/h2>\n<p>Ils vous seront imm\u00e9diatement factur\u00e9s et emp\u00eacheront toute nouvelle adh\u00e9sion \u00e0 notre coop\u00e9rative.<br class=\"autobr\" \/>Ce message s\u2019adresse \u00e9galement aux \u00e9l\u00e8ves redoublant leur classe<br class=\"autobr\" \/>et qui doivent imp\u00e9rativement rendre leurs livres<br class=\"autobr\" \/>afin de pouvoir s\u2019acquitter de leur prochaine location annuelle.<\/p>\n<h2 class=\"spip\">SOYEZ VIGILANTS AVEC VOS MANUELS\u00a0!<\/h2>\n<p>Ne les pr\u00eatez pas\u00a0! La plupart des pertes d\u00e9coulent de ces pr\u00eats entre \u00e9l\u00e8ves\u2026.<\/p>\n<h2 class=\"spip\">ET VEILLER A LES RECOUVRIR POUR MIEUX LES PR\u00c9SERVER\u00a0!<\/h2>\n<p>Enfin, sachez que la coop\u00e9rative est une association travaillant uniquement avec des\u00a0<strong>b\u00e9n\u00e9voles<\/strong>. Nous assurons donc des\u00a0<strong>permanences r\u00e9guli\u00e8res lors du premier trimestre<\/strong>. Celles-ci doivent s\u2019afficher sur vos\u00a0<strong>\u00e9crans-infos\u00a0<\/strong>dans tout le lyc\u00e9e, ainsi que sur ce site.<\/p>\n<p><i>Votre Coop\u00e9rative JEAN BART<\/i><\/p>\n<p>Voyez aussi notre <a href=\"https:\/\/www.lyceejeanbart.fr\/index.php\/vie-lyceenne\/vos-livres-pour-12-e-par-an\/\">d\u00e9pliant pour l&rsquo;ann\u00e9e 2025\/2026<\/a><img decoding=\"async\" class=\"alignnone size-full wp-image-7169\" src=\"https:\/\/www.lyceejeanbart.fr\/wp-content\/uploads\/2024\/06\/flyer_jb.png\" alt=\"lien vers https:\/\/www.lyceejeanbart.fr\/wp-content\/uploads\/2024\/06\/depliant-1.pdf\" width=\"123\" height=\"123\" \/><\/p>\n","protected":false},"excerpt":{"rendered":"<p>Pour tous les \u00e9l\u00e8ves Vous munir\u00a0: Suite \u00e0 la mise en place de la carte \u00ab GENERATION HDF \u00bb, il sera n\u00e9cessaire de pr\u00e9senter une pi\u00e8ce d\u2019identit\u00e9 pour la location des manuels scolaires. Pr\u00e9voir un ch\u00e8que de 55 euros en cas de probl\u00e8me technique. d\u2019un ch\u00e8que ou d\u2019esp\u00e8ces de 12 \u20ac (adh\u00e9sion \u00e0 notre coop\u00e9rative), [&hellip;]<\/p>\n","protected":false},"author":1,"featured_media":0,"parent":0,"menu_order":0,"comment_status":"closed","ping_status":"closed","template":"","meta":{"ocean_post_layout":"","ocean_both_sidebars_style":"","ocean_both_sidebars_content_width":0,"ocean_both_sidebars_sidebars_width":0,"ocean_sidebar":"0","ocean_second_sidebar":"0","ocean_disable_margins":"enable","ocean_add_body_class":"","ocean_shortcode_before_top_bar":"","ocean_shortcode_after_top_bar":"","ocean_shortcode_before_header":"","ocean_shortcode_after_header":"","ocean_has_shortcode":"","ocean_shortcode_after_title":"","ocean_shortcode_before_footer_widgets":"","ocean_shortcode_after_footer_widgets":"","ocean_shortcode_before_footer_bottom":"","ocean_shortcode_after_footer_bottom":"","ocean_display_top_bar":"default","ocean_display_header":"default","ocean_header_style":"","ocean_center_header_left_menu":"0","ocean_custom_header_template":"0","ocean_custom_logo":0,"ocean_custom_retina_logo":0,"ocean_custom_logo_max_width":0,"ocean_custom_logo_tablet_max_width":0,"ocean_custom_logo_mobile_max_width":0,"ocean_custom_logo_max_height":0,"ocean_custom_logo_tablet_max_height":0,"ocean_custom_logo_mobile_max_height":0,"ocean_header_custom_menu":"0","ocean_menu_typo_font_family":"0","ocean_menu_typo_font_subset":"","ocean_menu_typo_font_size":0,"ocean_menu_typo_font_size_tablet":0,"ocean_menu_typo_font_size_mobile":0,"ocean_menu_typo_font_size_unit":"px","ocean_menu_typo_font_weight":"","ocean_menu_typo_font_weight_tablet":"","ocean_menu_typo_font_weight_mobile":"","ocean_menu_typo_transform":"","ocean_menu_typo_transform_tablet":"","ocean_menu_typo_transform_mobile":"","ocean_menu_typo_line_height":0,"ocean_menu_typo_line_height_tablet":0,"ocean_menu_typo_line_height_mobile":0,"ocean_menu_typo_line_height_unit":"","ocean_menu_typo_spacing":0,"ocean_menu_typo_spacing_tablet":0,"ocean_menu_typo_spacing_mobile":0,"ocean_menu_typo_spacing_unit":"","ocean_menu_link_color":"","ocean_menu_link_color_hover":"","ocean_menu_link_color_active":"","ocean_menu_link_background":"","ocean_menu_link_hover_background":"","ocean_menu_link_active_background":"","ocean_menu_social_links_bg":"","ocean_menu_social_hover_links_bg":"","ocean_menu_social_links_color":"","ocean_menu_social_hover_links_color":"","ocean_disable_title":"default","ocean_disable_heading":"default","ocean_post_title":"","ocean_post_subheading":"","ocean_post_title_style":"","ocean_post_title_background_color":"","ocean_post_title_background":0,"ocean_post_title_bg_image_position":"","ocean_post_title_bg_image_attachment":"","ocean_post_title_bg_image_repeat":"","ocean_post_title_bg_image_size":"","ocean_post_title_height":0,"ocean_post_title_bg_overlay":0.5,"ocean_post_title_bg_overlay_color":"","ocean_disable_breadcrumbs":"default","ocean_breadcrumbs_color":"","ocean_breadcrumbs_separator_color":"","ocean_breadcrumbs_links_color":"","ocean_breadcrumbs_links_hover_color":"","ocean_display_footer_widgets":"default","ocean_display_footer_bottom":"default","ocean_custom_footer_template":"0","footnotes":""},"_links":{"self":[{"href":"https:\/\/www.lyceejeanbart.fr\/index.php\/wp-json\/wp\/v2\/pages\/898"}],"collection":[{"href":"https:\/\/www.lyceejeanbart.fr\/index.php\/wp-json\/wp\/v2\/pages"}],"about":[{"href":"https:\/\/www.lyceejeanbart.fr\/index.php\/wp-json\/wp\/v2\/types\/page"}],"author":[{"embeddable":true,"href":"https:\/\/www.lyceejeanbart.fr\/index.php\/wp-json\/wp\/v2\/users\/1"}],"replies":[{"embeddable":true,"href":"https:\/\/www.lyceejeanbart.fr\/index.php\/wp-json\/wp\/v2\/comments?post=898"}],"version-history":[{"count":18,"href":"https:\/\/www.lyceejeanbart.fr\/index.php\/wp-json\/wp\/v2\/pages\/898\/revisions"}],"predecessor-version":[{"id":8088,"href":"https:\/\/www.lyceejeanbart.fr\/index.php\/wp-json\/wp\/v2\/pages\/898\/revisions\/8088"}],"wp:attachment":[{"href":"https:\/\/www.lyceejeanbart.fr\/index.php\/wp-json\/wp\/v2\/media?parent=898"}],"curies":[{"name":"wp","href":"https:\/\/api.w.org\/{rel}","templated":true}]}}