{"id":900,"date":"2020-10-13T09:06:14","date_gmt":"2020-10-13T07:06:14","guid":{"rendered":"http:\/\/lyceejeanbart.fr\/?page_id=900"},"modified":"2026-01-28T17:48:43","modified_gmt":"2026-01-28T16:48:43","slug":"assistante-sociale","status":"publish","type":"page","link":"https:\/\/www.lyceejeanbart.fr\/index.php\/assistante-sociale\/","title":{"rendered":"Assistant(e) sociale"},"content":{"rendered":"<p>Il est probable qu\u2019au cours de l\u2019ann\u00e9e scolaire, votre enfant ou vous-m\u00eame puissiez b\u00e9n\u00e9ficier de l\u2019intervention d\u2019un Assistant Social du service social en faveur des \u00e9l\u00e8ves.<br \/>\nMais savez-vous quel est son travail en milieu scolaire\u00a0?<br \/>\nIl accueille, \u00e9coute, oriente, informe et accompagne les \u00e9l\u00e8ves tout au long de leur parcours scolaire, en lien avec vous, parents, et tous les membres de l\u2019\u00e9quipe \u00e9ducative.<br \/>\nIl participe, dans le cadre de ses missions, \u00e0 l\u2019\u00e9panouissement de l\u2019\u00e9l\u00e8ve en cette p\u00e9riode particuli\u00e8re qu\u2019est l\u2019adolescence, afin de le soutenir dans ses projets scolaires et personnels.<br \/>\nIl rencontre votre enfant \u00e0 sa demande ou sur orientation de l\u2019\u00e9quipe \u00e9ducative, en proposant des entretiens individuels et\/ou familiaux, au sein de l\u2019\u00e9tablissement ou \u00e0 votre domicile. Ceux-ci sont confidentiels, l\u2019Assistant de Service Social est soumis au secret professionnel.<br \/>\nEn tant que parents, vous pouvez vous-m\u00eames solliciter l\u2019Assistant de Service Social si vous avez des inqui\u00e9tudes pour votre adolescent : signe de mal-\u00eatre, d\u2019isolement, de d\u00e9motivation scolaire, s\u2019il b\u00e9n\u00e9ficie d\u2019un parcours scolaire adapt\u00e9, s\u2019il pr\u00e9sente un handicap, si vous rencontrez des difficult\u00e9s familiales, relationnelles avec lui, si vous avez des difficult\u00e9s financi\u00e8res\u2026<\/p>\n<table style=\"border-collapse: collapse; width: 100%; height: 47px;\">\n<tbody>\n<tr style=\"height: 24px; background-color: #000000;\">\n<td style=\"width: 33.3333%; height: 23px; text-align: center;\"><span style=\"color: #999999;\">Mardi<\/span><\/td>\n<td style=\"width: 33.3333%; height: 23px; text-align: center;\"><span style=\"color: #999999;\">Jeudi<\/span><\/td>\n<td style=\"width: 33.3333%; height: 23px; text-align: center;\"><span style=\"color: #999999;\">Vendredi<\/span><\/td>\n<\/tr>\n<tr style=\"height: 24px; background-color: #9c9c9c;\">\n<td style=\"width: 33.3333%; height: 24px; text-align: center;\"><\/td>\n<td style=\"width: 33.3333%; height: 24px; text-align: center;\"><\/td>\n<td style=\"width: 33.3333%; height: 24px; text-align: center;\"><\/td>\n<\/tr>\n<\/tbody>\n<\/table>\n<p>&nbsp;<\/p>\n<p align=\"center\"><span style=\"color: #800000;\"><span style=\"font-family: Palatino Linotype, serif;\"><span style=\"font-size: large;\"><i><b>Contact<\/b><\/i><\/span><\/span><\/span><\/p>\n<h3 align=\"center\"><span style=\"font-family: georgia, palatino, serif;\"><span style=\"font-size: medium;\">Une assistante sociale sera nomm\u00e9e \u00e0 compter du 01 f\u00e9vrier !<\/span><\/span><\/h3>\n<p align=\"center\"><em><span style=\"color: #333333; font-family: georgia, palatino, serif;\"><span style=\"font-size: large;\">Lieux d&rsquo;intervention :<\/span><\/span><\/em><\/p>\n<p align=\"center\"><span style=\"color: #333333; font-family: georgia, palatino, serif;\"><span style=\"font-size: medium;\">Lyc\u00e9e Jean BART &#8211; DUNKERQUE<\/span><\/span><\/p>\n<p align=\"center\"><span style=\"color: #333333; font-family: georgia, palatino, serif;\"><span style=\"font-size: medium;\">Coll\u00e8ge GUILLEMINOT &#8211; DUNKERQUE<\/span><\/span><\/p>\n<p align=\"center\"><span style=\"color: #333333; font-family: georgia, palatino, serif;\"><span style=\"font-size: medium;\">Coll\u00e8ge Maxence VAN DER MEERSCH &#8211; CAPPELLE LA GRANDE<\/span><\/span><\/p>\n<p style=\"text-align: left;\" align=\"center\"><strong>Documents joint:<\/strong><\/p>\n<p style=\"text-align: left;\" align=\"center\"><span style=\"color: #0000ff;\"><a style=\"color: #0000ff;\" href=\"http:\/\/www.lyceejeanbart.fr\/wp-content\/uploads\/2021\/01\/Assistant_sociale.pdf\">assistant social<\/a><\/span><\/p>\n","protected":false},"excerpt":{"rendered":"<p>Il est probable qu\u2019au cours de l\u2019ann\u00e9e scolaire, votre enfant ou vous-m\u00eame puissiez b\u00e9n\u00e9ficier de l\u2019intervention d\u2019un Assistant Social du service social en faveur des \u00e9l\u00e8ves. Mais savez-vous quel est son travail en milieu scolaire\u00a0? Il accueille, \u00e9coute, oriente, informe et accompagne les \u00e9l\u00e8ves tout au long de leur parcours scolaire, en lien avec vous, [&hellip;]<\/p>\n","protected":false},"author":1,"featured_media":0,"parent":0,"menu_order":0,"comment_status":"closed","ping_status":"closed","template":"","meta":{"ocean_post_layout":"","ocean_both_sidebars_style":"","ocean_both_sidebars_content_width":0,"ocean_both_sidebars_sidebars_width":0,"ocean_sidebar":"0","ocean_second_sidebar":"0","ocean_disable_margins":"enable","ocean_add_body_class":"","ocean_shortcode_before_top_bar":"","ocean_shortcode_after_top_bar":"","ocean_shortcode_before_header":"","ocean_shortcode_after_header":"","ocean_has_shortcode":"","ocean_shortcode_after_title":"","ocean_shortcode_before_footer_widgets":"","ocean_shortcode_after_footer_widgets":"","ocean_shortcode_before_footer_bottom":"","ocean_shortcode_after_footer_bottom":"","ocean_display_top_bar":"default","ocean_display_header":"default","ocean_header_style":"","ocean_center_header_left_menu":"0","ocean_custom_header_template":"0","ocean_custom_logo":0,"ocean_custom_retina_logo":0,"ocean_custom_logo_max_width":0,"ocean_custom_logo_tablet_max_width":0,"ocean_custom_logo_mobile_max_width":0,"ocean_custom_logo_max_height":0,"ocean_custom_logo_tablet_max_height":0,"ocean_custom_logo_mobile_max_height":0,"ocean_header_custom_menu":"0","ocean_menu_typo_font_family":"0","ocean_menu_typo_font_subset":"","ocean_menu_typo_font_size":0,"ocean_menu_typo_font_size_tablet":0,"ocean_menu_typo_font_size_mobile":0,"ocean_menu_typo_font_size_unit":"px","ocean_menu_typo_font_weight":"","ocean_menu_typo_font_weight_tablet":"","ocean_menu_typo_font_weight_mobile":"","ocean_menu_typo_transform":"","ocean_menu_typo_transform_tablet":"","ocean_menu_typo_transform_mobile":"","ocean_menu_typo_line_height":0,"ocean_menu_typo_line_height_tablet":0,"ocean_menu_typo_line_height_mobile":0,"ocean_menu_typo_line_height_unit":"","ocean_menu_typo_spacing":0,"ocean_menu_typo_spacing_tablet":0,"ocean_menu_typo_spacing_mobile":0,"ocean_menu_typo_spacing_unit":"","ocean_menu_link_color":"","ocean_menu_link_color_hover":"","ocean_menu_link_color_active":"","ocean_menu_link_background":"","ocean_menu_link_hover_background":"","ocean_menu_link_active_background":"","ocean_menu_social_links_bg":"","ocean_menu_social_hover_links_bg":"","ocean_menu_social_links_color":"","ocean_menu_social_hover_links_color":"","ocean_disable_title":"default","ocean_disable_heading":"default","ocean_post_title":"","ocean_post_subheading":"","ocean_post_title_style":"","ocean_post_title_background_color":"","ocean_post_title_background":0,"ocean_post_title_bg_image_position":"","ocean_post_title_bg_image_attachment":"","ocean_post_title_bg_image_repeat":"","ocean_post_title_bg_image_size":"","ocean_post_title_height":0,"ocean_post_title_bg_overlay":0.5,"ocean_post_title_bg_overlay_color":"","ocean_disable_breadcrumbs":"default","ocean_breadcrumbs_color":"","ocean_breadcrumbs_separator_color":"","ocean_breadcrumbs_links_color":"","ocean_breadcrumbs_links_hover_color":"","ocean_display_footer_widgets":"default","ocean_display_footer_bottom":"default","ocean_custom_footer_template":"0","footnotes":""},"_links":{"self":[{"href":"https:\/\/www.lyceejeanbart.fr\/index.php\/wp-json\/wp\/v2\/pages\/900"}],"collection":[{"href":"https:\/\/www.lyceejeanbart.fr\/index.php\/wp-json\/wp\/v2\/pages"}],"about":[{"href":"https:\/\/www.lyceejeanbart.fr\/index.php\/wp-json\/wp\/v2\/types\/page"}],"author":[{"embeddable":true,"href":"https:\/\/www.lyceejeanbart.fr\/index.php\/wp-json\/wp\/v2\/users\/1"}],"replies":[{"embeddable":true,"href":"https:\/\/www.lyceejeanbart.fr\/index.php\/wp-json\/wp\/v2\/comments?post=900"}],"version-history":[{"count":16,"href":"https:\/\/www.lyceejeanbart.fr\/index.php\/wp-json\/wp\/v2\/pages\/900\/revisions"}],"predecessor-version":[{"id":8514,"href":"https:\/\/www.lyceejeanbart.fr\/index.php\/wp-json\/wp\/v2\/pages\/900\/revisions\/8514"}],"wp:attachment":[{"href":"https:\/\/www.lyceejeanbart.fr\/index.php\/wp-json\/wp\/v2\/media?parent=900"}],"curies":[{"name":"wp","href":"https:\/\/api.w.org\/{rel}","templated":true}]}}