{"id":902,"date":"2020-10-13T09:06:24","date_gmt":"2020-10-13T07:06:24","guid":{"rendered":"http:\/\/lyceejeanbart.fr\/?page_id=902"},"modified":"2025-09-09T15:43:50","modified_gmt":"2025-09-09T13:43:50","slug":"internat","status":"publish","type":"page","link":"https:\/\/www.lyceejeanbart.fr\/index.php\/internat\/","title":{"rendered":"Internat"},"content":{"rendered":"<p>L\u2019internat du lyc\u00e9e Jean Bart est un lieu de vie et d\u2019\u00e9tude destin\u00e9 \u00e0 favoriser la r\u00e9ussite scolaire et l\u2019\u00e9panouissement personnel des \u00e9l\u00e8ves.<\/p>\n<p>Dot\u00e9 d\u2019une capacit\u00e9 de 170 places, il accueille les \u00e9l\u00e8ves du lyc\u00e9e Jean Bart, filles et gar\u00e7ons, qu\u2019ils soient lyc\u00e9ens, \u00e9tudiants de classe pr\u00e9paratoire ou de BTS, ainsi que quelques sportifs d\u2019autres \u00e9tablissements.<\/p>\n<p><strong>CRIT\u00c8RES D\u2019ADMISSION A L\u2019INTERNAT<\/strong><\/p>\n<p>Vouloir int\u00e9grer une classe sportive (de la Seconde \u00e0 la Terminale) ou une classe post-baccalaur\u00e9at et r\u00e9pondre \u00e0 des crit\u00e8res sociaux, g\u00e9ographiques, familiaux, scolaires.<\/p>\n<p>L\u2019inscription engage l\u2019\u00e9l\u00e8ve pour la dur\u00e9e de l\u2019ann\u00e9e scolaire. Toute demande de changement de qualit\u00e9 doit \u00eatre adress\u00e9e au chef d\u2019\u00e9tablissement et fera l\u2019objet d\u2019un examen au cas par cas.<\/p>\n<p>Il est souhaitable que chaque interne donne le nom et les coordonn\u00e9es d&rsquo;un adulte-relais de proximit\u00e9 au moment de son inscription.<\/p>\n<p>Lors de l\u2019admission et du d\u00e9part de l\u2019internat, un \u00e9tat des lieux de la chambre est dress\u00e9 conjointement par l\u2019\u00e9tablissement, l\u2019\u00e9l\u00e8ve et son responsable l\u00e9gal.<\/p>\n<p><strong>D\u00c9MARCHES<\/strong><\/p>\n<p><u>El\u00e8ve non sportif :<\/u> l\u2019\u00e9l\u00e8ve remplit le \u00ab dossier unique d\u2019admission en internat \u00bb (\u00e0 demander \u00e0 son \u00e9tablissement) ; le lyc\u00e9e Jean Bart doit recevoir le dossier avant fin mai ; la r\u00e9ponse de place \u00e0 l\u2019internat est communiqu\u00e9e fin juin.<\/p>\n<p><u>El\u00e8ve sportif (classe \u00e0 horaires am\u00e9nag\u00e9s, sections sportives, P\u00f4les) :<\/u> l\u2019\u00e9l\u00e8ve fait sa demande de place \u00e0 l\u2019internat dans le dossier de demande d\u2019entr\u00e9e en sport-\u00e9tude qu\u2019il remet au lyc\u00e9e : r\u00e9ponse mi-juin (commission sportive).<\/p>\n<p><u>El\u00e8ve post-bac :<\/u> l\u2019\u00e9l\u00e8ve fait appara\u00eetre sa demande de place \u00e0 l\u2019internat dans Parcoursup\u2019.<\/p>\n<p><strong>TARIFS<\/strong><\/p>\n<p>Le r\u00e9gime est celui du forfait, le prix de l\u2019internat d\u00e9pend du statut de l\u2019\u00e9l\u00e8ve (sportif, non-sportif, pr\u00e9-bac, post-bac). Tout trimestre commenc\u00e9 est d\u00fb.<\/p>\n<p>Ceci comprend\u00a0: les repas (petit-d\u00e9jeuner, d\u00e9jeuner, collation, d\u00eener) et la nuit\u00e9e.<\/p>\n<p>Le paiement de l\u2019internat est forfaitaire et r\u00e9glable par p\u00e9riode et d\u2019avance, par ch\u00e8que, en esp\u00e8ces, par t\u00e9l\u00e9paiement sur le site <span style=\"color: #0000ff;\"><a class=\"moz-txt-link-freetext\" style=\"color: #0000ff;\" href=\"https:\/\/teleservices.education.gouv.fr\/\" target=\"_blank\" rel=\"noopener\">https:\/\/teleservices.education.gouv.fr\/<\/a><\/span> ou par virement bancaire. Les factures sont envoy\u00e9es par mail au responsable financier en fin du 1er mois ou d\u00e9but du 2\u00e8me mois du trimestre en cours, le t\u00e9l\u00e9paiement n&rsquo;est accessible qu&rsquo;apr\u00e8s r\u00e9ception des factures.<\/p>\n<p>Diverses aides sont possibles\u00a0; il faut en faire la demande (contacter l\u2019assistant social de l\u2019\u00e9tablissement).<\/p>\n<p>Tarifs de l\u2019ann\u00e9e scolaire 2025\/2026<\/p>\n<p><img fetchpriority=\"high\" decoding=\"async\" class=\"aligncenter wp-image-8125 size-large\" src=\"https:\/\/www.lyceejeanbart.fr\/wp-content\/uploads\/2025\/09\/TARIF-2025-2026-1-1-724x1024.png\" alt=\"\" width=\"724\" height=\"1024\" srcset=\"https:\/\/www.lyceejeanbart.fr\/wp-content\/uploads\/2025\/09\/TARIF-2025-2026-1-1-724x1024.png 724w, https:\/\/www.lyceejeanbart.fr\/wp-content\/uploads\/2025\/09\/TARIF-2025-2026-1-1-212x300.png 212w, https:\/\/www.lyceejeanbart.fr\/wp-content\/uploads\/2025\/09\/TARIF-2025-2026-1-1-768x1086.png 768w, https:\/\/www.lyceejeanbart.fr\/wp-content\/uploads\/2025\/09\/TARIF-2025-2026-1-1-1086x1536.png 1086w, https:\/\/www.lyceejeanbart.fr\/wp-content\/uploads\/2025\/09\/TARIF-2025-2026-1-1-1448x2048.png 1448w, https:\/\/www.lyceejeanbart.fr\/wp-content\/uploads\/2025\/09\/TARIF-2025-2026-1-1.png 1654w\" sizes=\"(max-width: 724px) 100vw, 724px\" \/><\/p>\n<p><strong>L\u2019ENCADREMENT \u2013 L\u2019ASSISTANCE M\u00c9DICALE<\/strong><\/p>\n<p>De 18 heures \u00e0 8 heures, 1 ma\u00eetre\/1 ma\u00eetresse d\u2019internat assure la surveillance \u00e0 chaque \u00e9tage, un Conseiller Principal D\u2019\u00c9ducation encadre l\u2019\u00e9quipe des ma\u00eetres d\u2019internat\u00a0; une infirmi\u00e8re traite les priorit\u00e9s m\u00e9dicales, toujours en lien avec les parents.<br \/>\nCONTACTER LE LYC\u00c9E 03 28 24 40 40<\/p>\n<p><strong>RYTHME DE L\u2019INTERNAT<\/strong><\/p>\n<p>Ouverture dimanche : \u00e0 partir de 20h00<\/p>\n<p>L\u2019accueil du dimanche soir est ouvert \u00e0 tous les internes qui en font la demande en d\u00e9but d\u2019ann\u00e9e. Ensuite, pour tout changement, pr\u00e9sence exceptionnelle ou absence le dimanche, il appartient \u00e0 la famille ou \u00e0 l\u2019\u00e9l\u00e8ve majeur d\u2019avertir de son absence, aupr\u00e8s des services de vie scolaire avant le vendredi 17h ou sinon, exclusivement par t\u00e9l\u00e9phone au standard du Lyc\u00e9e (03 28 24 40 40) le dimanche m\u00eame entre 20h et 21h. Tout autre moyen de communication ne pourra garantir l\u2019arriv\u00e9e de l\u2019information aux services du Lyc\u00e9e<\/p>\n<p>Toute la semaine\u00a0: pr\u00e9sence en journ\u00e9e interdite\u00a0; acc\u00e8s \u00e0 l\u2019internat \u00e0 partir de 18h00 uniquement<\/p>\n<p>Mercredi\u00a0: acc\u00e8s \u00e0 partir de 12h30<\/p>\n<p>Fermeture samedi\u00a0: \u00e0 8h00<\/p>\n<p>L\u2019internat est ferm\u00e9 le week-end, les veilles de jours f\u00e9ri\u00e9s et pendant les vacances.<\/p>\n<p>Obligation de pr\u00e9sence \u00e0 chaque repas (matin, midi, soir)\u00a0;<\/p>\n<p>Chaque soir, d\u00e8s 18h00 (19h00 pour les Post-Bac et le mercredi, pour tous)<\/p>\n<p>Pas de sortie autoris\u00e9e apr\u00e8s le repas du soir<\/p>\n<p>Les internes n\u2019ayant pas cours le samedi repartent le vendredi\u00a0; les autres quittent le samedi matin (affaires d\u00e9pos\u00e9es au bureau des surveillants pour 8h00).<\/p>\n<ul>\n<li>\u00c9TUDE OBLIGATOIRE de 19h45 \u00e0 21h (Pr\u00e9-bac uniquement).<\/li>\n<li>INSTALLATION en chambre double ; pas d\u2019\u00e9tage mixte.<\/li>\n<li>\u00c9QUIPEMENTS COLLECTIFS salle informatique, Wi-Fi, foyer avec t\u00e9l\u00e9vision, baby-foot et ping-pong, terrains de sport.<\/li>\n<\/ul>\n<p><strong>QUELQUES INFORMATIONS PRATIQUES<\/strong><\/p>\n<p>Le mat\u00e9riel \u00e0 apporter :<\/p>\n<ul>\n<li>La literie (\u00e0 changer r\u00e9guli\u00e8rement) : drap housse (attention, certains matelas font 210cm), couette avec housse de couette, oreiller avec taie ;<\/li>\n<li>Le linge de toilette et les v\u00eatements de la semaine ;<\/li>\n<li>1 bloc-tiroirs plastique (pour ranger les cours) ;<\/li>\n<li>1 lampe de bureau (conforme aux normes \u00e9lectriques en vigueur) ;<\/li>\n<li>1 ou 2 cadenas (casier de journ\u00e9e pour les lyc\u00e9ens sportifs)<\/li>\n<\/ul>\n<p>Pour diff\u00e9rentes raisons (s\u00e9curit\u00e9, mesures anti-vol, incompatibilit\u00e9 avec le contexte scolaire), il n\u2019est pas autoris\u00e9 d\u2019amener des appareils \u00e9lectriques (sauf rasoirs et s\u00e8che-cheveux) , des cha\u00eenes hi-fi, des consoles de jeux, des objets de valeur, des objets dangereux\u2026<\/p>\n<p><img decoding=\"async\" class=\"size-medium wp-image-1261 alignleft\" src=\"https:\/\/www.lyceejeanbart.fr\/wp-content\/uploads\/2021\/02\/IMG_20210202_143937-225x300.jpg\" alt=\"\" width=\"225\" height=\"300\" srcset=\"https:\/\/www.lyceejeanbart.fr\/wp-content\/uploads\/2021\/02\/IMG_20210202_143937-225x300.jpg 225w, https:\/\/www.lyceejeanbart.fr\/wp-content\/uploads\/2021\/02\/IMG_20210202_143937-768x1024.jpg 768w, https:\/\/www.lyceejeanbart.fr\/wp-content\/uploads\/2021\/02\/IMG_20210202_143937-1152x1536.jpg 1152w, https:\/\/www.lyceejeanbart.fr\/wp-content\/uploads\/2021\/02\/IMG_20210202_143937-1536x2048.jpg 1536w, https:\/\/www.lyceejeanbart.fr\/wp-content\/uploads\/2021\/02\/IMG_20210202_143937-scaled.jpg 1920w\" sizes=\"(max-width: 225px) 100vw, 225px\" \/><img decoding=\"async\" class=\"size-medium wp-image-1260 alignleft\" src=\"https:\/\/www.lyceejeanbart.fr\/wp-content\/uploads\/2021\/02\/IMG_20210202_143931-225x300.jpg\" alt=\"\" width=\"225\" height=\"300\" srcset=\"https:\/\/www.lyceejeanbart.fr\/wp-content\/uploads\/2021\/02\/IMG_20210202_143931-225x300.jpg 225w, https:\/\/www.lyceejeanbart.fr\/wp-content\/uploads\/2021\/02\/IMG_20210202_143931-768x1024.jpg 768w, https:\/\/www.lyceejeanbart.fr\/wp-content\/uploads\/2021\/02\/IMG_20210202_143931-1152x1536.jpg 1152w, https:\/\/www.lyceejeanbart.fr\/wp-content\/uploads\/2021\/02\/IMG_20210202_143931-1536x2048.jpg 1536w, https:\/\/www.lyceejeanbart.fr\/wp-content\/uploads\/2021\/02\/IMG_20210202_143931-scaled.jpg 1920w\" sizes=\"(max-width: 225px) 100vw, 225px\" \/><img loading=\"lazy\" decoding=\"async\" class=\"size-medium wp-image-1259 alignleft\" src=\"https:\/\/www.lyceejeanbart.fr\/wp-content\/uploads\/2021\/02\/IMG_20210202_143923-225x300.jpg\" alt=\"\" width=\"225\" height=\"300\" srcset=\"https:\/\/www.lyceejeanbart.fr\/wp-content\/uploads\/2021\/02\/IMG_20210202_143923-225x300.jpg 225w, https:\/\/www.lyceejeanbart.fr\/wp-content\/uploads\/2021\/02\/IMG_20210202_143923-768x1024.jpg 768w, https:\/\/www.lyceejeanbart.fr\/wp-content\/uploads\/2021\/02\/IMG_20210202_143923-1152x1536.jpg 1152w, https:\/\/www.lyceejeanbart.fr\/wp-content\/uploads\/2021\/02\/IMG_20210202_143923-1536x2048.jpg 1536w, https:\/\/www.lyceejeanbart.fr\/wp-content\/uploads\/2021\/02\/IMG_20210202_143923-scaled.jpg 1920w\" sizes=\"(max-width: 225px) 100vw, 225px\" \/><img loading=\"lazy\" decoding=\"async\" class=\"size-medium wp-image-1258 alignleft\" src=\"https:\/\/www.lyceejeanbart.fr\/wp-content\/uploads\/2021\/02\/IMG_20210202_143904-1-225x300.jpg\" alt=\"\" width=\"225\" height=\"300\" srcset=\"https:\/\/www.lyceejeanbart.fr\/wp-content\/uploads\/2021\/02\/IMG_20210202_143904-1-225x300.jpg 225w, https:\/\/www.lyceejeanbart.fr\/wp-content\/uploads\/2021\/02\/IMG_20210202_143904-1-768x1024.jpg 768w, https:\/\/www.lyceejeanbart.fr\/wp-content\/uploads\/2021\/02\/IMG_20210202_143904-1-1152x1536.jpg 1152w, https:\/\/www.lyceejeanbart.fr\/wp-content\/uploads\/2021\/02\/IMG_20210202_143904-1-1536x2048.jpg 1536w, https:\/\/www.lyceejeanbart.fr\/wp-content\/uploads\/2021\/02\/IMG_20210202_143904-1-scaled.jpg 1920w\" sizes=\"(max-width: 225px) 100vw, 225px\" \/><\/p>\n<p>&nbsp;<\/p>\n<p>&nbsp;<\/p>\n<p>&nbsp;<\/p>\n<p>&nbsp;<\/p>\n<p>&nbsp;<\/p>\n<p>&nbsp;<\/p>\n<p>&nbsp;<\/p>\n","protected":false},"excerpt":{"rendered":"<p>L\u2019internat du lyc\u00e9e Jean Bart est un lieu de vie et d\u2019\u00e9tude destin\u00e9 \u00e0 favoriser la r\u00e9ussite scolaire et l\u2019\u00e9panouissement personnel des \u00e9l\u00e8ves. Dot\u00e9 d\u2019une capacit\u00e9 de 170 places, il accueille les \u00e9l\u00e8ves du lyc\u00e9e Jean Bart, filles et gar\u00e7ons, qu\u2019ils soient lyc\u00e9ens, \u00e9tudiants de classe pr\u00e9paratoire ou de BTS, ainsi que quelques sportifs d\u2019autres [&hellip;]<\/p>\n","protected":false},"author":1,"featured_media":0,"parent":0,"menu_order":0,"comment_status":"closed","ping_status":"closed","template":"","meta":{"ocean_post_layout":"","ocean_both_sidebars_style":"","ocean_both_sidebars_content_width":0,"ocean_both_sidebars_sidebars_width":0,"ocean_sidebar":"0","ocean_second_sidebar":"0","ocean_disable_margins":"enable","ocean_add_body_class":"","ocean_shortcode_before_top_bar":"","ocean_shortcode_after_top_bar":"","ocean_shortcode_before_header":"","ocean_shortcode_after_header":"","ocean_has_shortcode":"","ocean_shortcode_after_title":"","ocean_shortcode_before_footer_widgets":"","ocean_shortcode_after_footer_widgets":"","ocean_shortcode_before_footer_bottom":"","ocean_shortcode_after_footer_bottom":"","ocean_display_top_bar":"default","ocean_display_header":"default","ocean_header_style":"","ocean_center_header_left_menu":"0","ocean_custom_header_template":"0","ocean_custom_logo":0,"ocean_custom_retina_logo":0,"ocean_custom_logo_max_width":0,"ocean_custom_logo_tablet_max_width":0,"ocean_custom_logo_mobile_max_width":0,"ocean_custom_logo_max_height":0,"ocean_custom_logo_tablet_max_height":0,"ocean_custom_logo_mobile_max_height":0,"ocean_header_custom_menu":"0","ocean_menu_typo_font_family":"0","ocean_menu_typo_font_subset":"","ocean_menu_typo_font_size":0,"ocean_menu_typo_font_size_tablet":0,"ocean_menu_typo_font_size_mobile":0,"ocean_menu_typo_font_size_unit":"px","ocean_menu_typo_font_weight":"","ocean_menu_typo_font_weight_tablet":"","ocean_menu_typo_font_weight_mobile":"","ocean_menu_typo_transform":"","ocean_menu_typo_transform_tablet":"","ocean_menu_typo_transform_mobile":"","ocean_menu_typo_line_height":0,"ocean_menu_typo_line_height_tablet":0,"ocean_menu_typo_line_height_mobile":0,"ocean_menu_typo_line_height_unit":"","ocean_menu_typo_spacing":0,"ocean_menu_typo_spacing_tablet":0,"ocean_menu_typo_spacing_mobile":0,"ocean_menu_typo_spacing_unit":"","ocean_menu_link_color":"","ocean_menu_link_color_hover":"","ocean_menu_link_color_active":"","ocean_menu_link_background":"","ocean_menu_link_hover_background":"","ocean_menu_link_active_background":"","ocean_menu_social_links_bg":"","ocean_menu_social_hover_links_bg":"","ocean_menu_social_links_color":"","ocean_menu_social_hover_links_color":"","ocean_disable_title":"default","ocean_disable_heading":"default","ocean_post_title":"","ocean_post_subheading":"","ocean_post_title_style":"","ocean_post_title_background_color":"","ocean_post_title_background":0,"ocean_post_title_bg_image_position":"","ocean_post_title_bg_image_attachment":"","ocean_post_title_bg_image_repeat":"","ocean_post_title_bg_image_size":"","ocean_post_title_height":0,"ocean_post_title_bg_overlay":0.5,"ocean_post_title_bg_overlay_color":"","ocean_disable_breadcrumbs":"default","ocean_breadcrumbs_color":"","ocean_breadcrumbs_separator_color":"","ocean_breadcrumbs_links_color":"","ocean_breadcrumbs_links_hover_color":"","ocean_display_footer_widgets":"default","ocean_display_footer_bottom":"default","ocean_custom_footer_template":"0","footnotes":""},"_links":{"self":[{"href":"https:\/\/www.lyceejeanbart.fr\/index.php\/wp-json\/wp\/v2\/pages\/902"}],"collection":[{"href":"https:\/\/www.lyceejeanbart.fr\/index.php\/wp-json\/wp\/v2\/pages"}],"about":[{"href":"https:\/\/www.lyceejeanbart.fr\/index.php\/wp-json\/wp\/v2\/types\/page"}],"author":[{"embeddable":true,"href":"https:\/\/www.lyceejeanbart.fr\/index.php\/wp-json\/wp\/v2\/users\/1"}],"replies":[{"embeddable":true,"href":"https:\/\/www.lyceejeanbart.fr\/index.php\/wp-json\/wp\/v2\/comments?post=902"}],"version-history":[{"count":37,"href":"https:\/\/www.lyceejeanbart.fr\/index.php\/wp-json\/wp\/v2\/pages\/902\/revisions"}],"predecessor-version":[{"id":8126,"href":"https:\/\/www.lyceejeanbart.fr\/index.php\/wp-json\/wp\/v2\/pages\/902\/revisions\/8126"}],"wp:attachment":[{"href":"https:\/\/www.lyceejeanbart.fr\/index.php\/wp-json\/wp\/v2\/media?parent=902"}],"curies":[{"name":"wp","href":"https:\/\/api.w.org\/{rel}","templated":true}]}}