{"id":912,"date":"2020-10-13T09:11:19","date_gmt":"2020-10-13T07:11:19","guid":{"rendered":"http:\/\/lyceejeanbart.fr\/?page_id=912"},"modified":"2026-01-20T17:00:16","modified_gmt":"2026-01-20T16:00:16","slug":"section-sportive","status":"publish","type":"page","link":"https:\/\/www.lyceejeanbart.fr\/index.php\/section-sportive\/","title":{"rendered":"Inscriptions en sections sportives"},"content":{"rendered":"<p>Les dossiers de demande d&rsquo;inscription en sections sportives pour la prochaine rentr\u00e9e 2026-2027 sont\u00a0 disponibles via les liens ci-dessous. Toutes les informations pratiques y sont d\u00e9taill\u00e9es : documents \u00e0 fournir, date des \u00e9preuves de s\u00e9lections, date de retour des dossiers.<\/p>\n<ul style=\"list-style-type: circle;\">\n<li>Aviron <a href=\"https:\/\/www.lyceejeanbart.fr\/wp-content\/uploads\/2026\/01\/DOSSIER-CANDIDATURE-AVIRON.pdf\">DOSSIER CANDIDATURE AVIRON 2026<\/a><\/li>\n<li>Football <a href=\"https:\/\/www.lyceejeanbart.fr\/wp-content\/uploads\/2026\/01\/DOSSIER-CANDIDATURE-FOOTBALL.pdf\">DOSSIER CANDIDATURE FOOTBALL 2026<\/a><\/li>\n<li>Judo <a href=\"https:\/\/www.lyceejeanbart.fr\/wp-content\/uploads\/2026\/01\/DOSSIER-CANDIDATURE-JUDO.pdf\">DOSSIER CANDIDATURE JUDO 2026<\/a><\/li>\n<li>Handball <a href=\"https:\/\/www.lyceejeanbart.fr\/wp-content\/uploads\/2026\/01\/DOSSIER-CANDIDATURE-HANDBALL.pdf\">DOSSIER CANDIDATURE HANDBALL 2026<\/a><\/li>\n<li>Natation <a href=\"https:\/\/www.lyceejeanbart.fr\/wp-content\/uploads\/2026\/01\/DOSSIER-CANDIDATURE-NATATION.pdf\">DOSSIER CANDIDATURE NATATION 2026<\/a><\/li>\n<li>Voile <a href=\"https:\/\/www.lyceejeanbart.fr\/wp-content\/uploads\/2026\/01\/DOSSIER-CANDIDATURE-VOILE.pdf\">DOSSIER CANDIDATURE VOILE 2026<\/a><\/li>\n<li>Volley-ball <a href=\"https:\/\/www.lyceejeanbart.fr\/wp-content\/uploads\/2026\/01\/DOSSIER-CANDIDATURE-VOLLEY-BALL.pdf\">DOSSIER CANDIDATURE VOLLEY-BALL 2026<\/a><\/li>\n<\/ul>\n<p>Retour du dossier au plus tard le <strong>25 mars 2026, d\u00e9lai de rigueur<\/strong><\/p>\n<p>Pour toute <strong>question administrative<\/strong>, vous pouvez contacter Mme Colombier en appelant le standard du lyc\u00e9e (03 28 24 40 40).<\/p>\n","protected":false},"excerpt":{"rendered":"<p>Les dossiers de demande d&rsquo;inscription en sections sportives pour la prochaine rentr\u00e9e 2026-2027 sont\u00a0 disponibles via les liens ci-dessous. Toutes les informations pratiques y sont d\u00e9taill\u00e9es : documents \u00e0 fournir, date des \u00e9preuves de s\u00e9lections, date de retour des dossiers. Aviron DOSSIER CANDIDATURE AVIRON 2026 Football DOSSIER CANDIDATURE FOOTBALL 2026 Judo DOSSIER CANDIDATURE JUDO 2026 [&hellip;]<\/p>\n","protected":false},"author":1,"featured_media":0,"parent":0,"menu_order":0,"comment_status":"closed","ping_status":"closed","template":"","meta":{"ocean_post_layout":"","ocean_both_sidebars_style":"","ocean_both_sidebars_content_width":0,"ocean_both_sidebars_sidebars_width":0,"ocean_sidebar":"0","ocean_second_sidebar":"0","ocean_disable_margins":"enable","ocean_add_body_class":"","ocean_shortcode_before_top_bar":"","ocean_shortcode_after_top_bar":"","ocean_shortcode_before_header":"","ocean_shortcode_after_header":"","ocean_has_shortcode":"","ocean_shortcode_after_title":"","ocean_shortcode_before_footer_widgets":"","ocean_shortcode_after_footer_widgets":"","ocean_shortcode_before_footer_bottom":"","ocean_shortcode_after_footer_bottom":"","ocean_display_top_bar":"default","ocean_display_header":"default","ocean_header_style":"","ocean_center_header_left_menu":"0","ocean_custom_header_template":"0","ocean_custom_logo":0,"ocean_custom_retina_logo":0,"ocean_custom_logo_max_width":0,"ocean_custom_logo_tablet_max_width":0,"ocean_custom_logo_mobile_max_width":0,"ocean_custom_logo_max_height":0,"ocean_custom_logo_tablet_max_height":0,"ocean_custom_logo_mobile_max_height":0,"ocean_header_custom_menu":"0","ocean_menu_typo_font_family":"0","ocean_menu_typo_font_subset":"","ocean_menu_typo_font_size":0,"ocean_menu_typo_font_size_tablet":0,"ocean_menu_typo_font_size_mobile":0,"ocean_menu_typo_font_size_unit":"px","ocean_menu_typo_font_weight":"","ocean_menu_typo_font_weight_tablet":"","ocean_menu_typo_font_weight_mobile":"","ocean_menu_typo_transform":"","ocean_menu_typo_transform_tablet":"","ocean_menu_typo_transform_mobile":"","ocean_menu_typo_line_height":0,"ocean_menu_typo_line_height_tablet":0,"ocean_menu_typo_line_height_mobile":0,"ocean_menu_typo_line_height_unit":"","ocean_menu_typo_spacing":0,"ocean_menu_typo_spacing_tablet":0,"ocean_menu_typo_spacing_mobile":0,"ocean_menu_typo_spacing_unit":"","ocean_menu_link_color":"","ocean_menu_link_color_hover":"","ocean_menu_link_color_active":"","ocean_menu_link_background":"","ocean_menu_link_hover_background":"","ocean_menu_link_active_background":"","ocean_menu_social_links_bg":"","ocean_menu_social_hover_links_bg":"","ocean_menu_social_links_color":"","ocean_menu_social_hover_links_color":"","ocean_disable_title":"default","ocean_disable_heading":"default","ocean_post_title":"","ocean_post_subheading":"","ocean_post_title_style":"","ocean_post_title_background_color":"","ocean_post_title_background":0,"ocean_post_title_bg_image_position":"","ocean_post_title_bg_image_attachment":"","ocean_post_title_bg_image_repeat":"","ocean_post_title_bg_image_size":"","ocean_post_title_height":0,"ocean_post_title_bg_overlay":0.5,"ocean_post_title_bg_overlay_color":"","ocean_disable_breadcrumbs":"default","ocean_breadcrumbs_color":"","ocean_breadcrumbs_separator_color":"#000000","ocean_breadcrumbs_links_color":"","ocean_breadcrumbs_links_hover_color":"","ocean_display_footer_widgets":"default","ocean_display_footer_bottom":"default","ocean_custom_footer_template":"0","footnotes":""},"_links":{"self":[{"href":"https:\/\/www.lyceejeanbart.fr\/index.php\/wp-json\/wp\/v2\/pages\/912"}],"collection":[{"href":"https:\/\/www.lyceejeanbart.fr\/index.php\/wp-json\/wp\/v2\/pages"}],"about":[{"href":"https:\/\/www.lyceejeanbart.fr\/index.php\/wp-json\/wp\/v2\/types\/page"}],"author":[{"embeddable":true,"href":"https:\/\/www.lyceejeanbart.fr\/index.php\/wp-json\/wp\/v2\/users\/1"}],"replies":[{"embeddable":true,"href":"https:\/\/www.lyceejeanbart.fr\/index.php\/wp-json\/wp\/v2\/comments?post=912"}],"version-history":[{"count":86,"href":"https:\/\/www.lyceejeanbart.fr\/index.php\/wp-json\/wp\/v2\/pages\/912\/revisions"}],"predecessor-version":[{"id":8476,"href":"https:\/\/www.lyceejeanbart.fr\/index.php\/wp-json\/wp\/v2\/pages\/912\/revisions\/8476"}],"wp:attachment":[{"href":"https:\/\/www.lyceejeanbart.fr\/index.php\/wp-json\/wp\/v2\/media?parent=912"}],"curies":[{"name":"wp","href":"https:\/\/api.w.org\/{rel}","templated":true}]}}